{"id":2928,"date":"2025-03-27T06:17:19","date_gmt":"2025-03-27T06:17:19","guid":{"rendered":"https:\/\/theperfumebottles.com\/?post_type=product&#038;p=2928"},"modified":"2026-01-06T14:12:06","modified_gmt":"2026-01-06T06:12:06","slug":"luxury-crystal-perfume-bottles-with-marble-caps-30ml-50ml-100ml","status":"publish","type":"product","link":"https:\/\/theperfumebottles.com\/ro\/produs\/luxury-crystal-perfume-bottles-with-marble-caps-30ml-50ml-100ml\/","title":{"rendered":"Sticlu\u021be de parfum de lux din cristal cu capace din marmur\u0103 | 30ml\/50ml\/100ml"},"content":{"rendered":"<h2>Seria Marble Sphere: Sticle de parfum de cristal de lux pentru branding premium de parfumuri<\/h2>\n<p>\u00cembun\u0103t\u0103\u021be\u0219te-\u021bi linia de parfumuri cu seria Marble Sphere, o colec\u021bie de sticle de parfum de cea mai bun\u0103 calitate care \u00eembin\u0103 precizia geometric\u0103 cu elegan\u021ba artistic\u0103. Concepute pentru branduri exigente care caut\u0103 solu\u021bii unice de ambalare, aceste sticle de parfum din cristal combin\u0103 rafinamentul minimalist cu elemente de design \u00eendr\u0103zne\u021be pentru a captiva consumatorii.<\/p>\n<table style=\"border-collapse: collapse;margin-left: auto;margin-right: auto;width: 162.03pt\" border=\"0\" width=\"216\" cellspacing=\"0\" cellpadding=\"0\">\n<tbody>\n<tr style=\"height: 13.50pt\">\n<td style=\"height: 13.50pt;width: 54.00pt\" width=\"72\" height=\"18\">\n<p><figure id=\"attachment_2932\" aria-describedby=\"caption-attachment-2932\" style=\"width: 300px\" class=\"wp-caption aligncenter\"><img fetchpriority=\"high\" decoding=\"async\" class=\"size-medium wp-image-2932\" src=\"https:\/\/theperfumebottles.com\/wp-content\/uploads\/2025\/03\/perfume-bottles-GK0501-300x300.webp\" alt=\"Sticle de parfum de cristal de lux cu capace de marmur\u0103\" width=\"300\" height=\"300\" srcset=\"https:\/\/theperfumebottles.com\/wp-content\/uploads\/2025\/03\/perfume-bottles-GK0501-300x300.webp 300w, https:\/\/theperfumebottles.com\/wp-content\/uploads\/2025\/03\/perfume-bottles-GK0501-150x150.webp 150w, https:\/\/theperfumebottles.com\/wp-content\/uploads\/2025\/03\/perfume-bottles-GK0501-768x768.webp 768w, https:\/\/theperfumebottles.com\/wp-content\/uploads\/2025\/03\/perfume-bottles-GK0501-12x12.webp 12w, https:\/\/theperfumebottles.com\/wp-content\/uploads\/2025\/03\/perfume-bottles-GK0501-600x600.webp 600w, https:\/\/theperfumebottles.com\/wp-content\/uploads\/2025\/03\/perfume-bottles-GK0501-100x100.webp 100w, https:\/\/theperfumebottles.com\/wp-content\/uploads\/2025\/03\/perfume-bottles-GK0501.webp 1000w\" sizes=\"(max-width: 300px) 100vw, 300px\" \/><figcaption id=\"caption-attachment-2932\" class=\"wp-caption-text\">30ml\/PbGK0501<\/figcaption><\/figure><\/td>\n<td style=\"width: 54.00pt\" width=\"72\">\n<p><figure id=\"attachment_2933\" aria-describedby=\"caption-attachment-2933\" style=\"width: 300px\" class=\"wp-caption aligncenter\"><img decoding=\"async\" class=\"size-medium wp-image-2933\" src=\"https:\/\/theperfumebottles.com\/wp-content\/uploads\/2025\/03\/perfume-bottles-GK0502-300x300.webp\" alt=\"Sticle de parfum de cristal de lux cu capace de marmur\u0103\" width=\"300\" height=\"300\" srcset=\"https:\/\/theperfumebottles.com\/wp-content\/uploads\/2025\/03\/perfume-bottles-GK0502-300x300.webp 300w, https:\/\/theperfumebottles.com\/wp-content\/uploads\/2025\/03\/perfume-bottles-GK0502-150x150.webp 150w, https:\/\/theperfumebottles.com\/wp-content\/uploads\/2025\/03\/perfume-bottles-GK0502-768x768.webp 768w, https:\/\/theperfumebottles.com\/wp-content\/uploads\/2025\/03\/perfume-bottles-GK0502-12x12.webp 12w, https:\/\/theperfumebottles.com\/wp-content\/uploads\/2025\/03\/perfume-bottles-GK0502-600x600.webp 600w, https:\/\/theperfumebottles.com\/wp-content\/uploads\/2025\/03\/perfume-bottles-GK0502-100x100.webp 100w, https:\/\/theperfumebottles.com\/wp-content\/uploads\/2025\/03\/perfume-bottles-GK0502.webp 1000w\" sizes=\"(max-width: 300px) 100vw, 300px\" \/><figcaption id=\"caption-attachment-2933\" class=\"wp-caption-text\">50ml\/PbGK0502<\/figcaption><\/figure><\/td>\n<td style=\"width: 54.00pt\" width=\"72\">\n<p><figure id=\"attachment_2934\" aria-describedby=\"caption-attachment-2934\" style=\"width: 300px\" class=\"wp-caption aligncenter\"><img decoding=\"async\" class=\"size-medium wp-image-2934\" src=\"https:\/\/theperfumebottles.com\/wp-content\/uploads\/2025\/03\/perfume-bottles-GK0503-300x300.webp\" alt=\"Sticle de parfum de cristal de lux cu capace de marmur\u0103\" width=\"300\" height=\"300\" srcset=\"https:\/\/theperfumebottles.com\/wp-content\/uploads\/2025\/03\/perfume-bottles-GK0503-300x300.webp 300w, https:\/\/theperfumebottles.com\/wp-content\/uploads\/2025\/03\/perfume-bottles-GK0503-150x150.webp 150w, https:\/\/theperfumebottles.com\/wp-content\/uploads\/2025\/03\/perfume-bottles-GK0503-768x768.webp 768w, https:\/\/theperfumebottles.com\/wp-content\/uploads\/2025\/03\/perfume-bottles-GK0503-12x12.webp 12w, https:\/\/theperfumebottles.com\/wp-content\/uploads\/2025\/03\/perfume-bottles-GK0503-600x600.webp 600w, https:\/\/theperfumebottles.com\/wp-content\/uploads\/2025\/03\/perfume-bottles-GK0503-100x100.webp 100w, https:\/\/theperfumebottles.com\/wp-content\/uploads\/2025\/03\/perfume-bottles-GK0503.webp 1000w\" sizes=\"(max-width: 300px) 100vw, 300px\" \/><figcaption id=\"caption-attachment-2934\" class=\"wp-caption-text\">100ml\/PbGK0503<\/figcaption><\/figure><\/td>\n<\/tr>\n<\/tbody>\n<\/table>\n<h2>Specifica\u021bii cheie<\/h2>\n<div class=\"hyc-common-markdown__table-wrapper\">\n<table>\n<thead>\n<tr>\n<th>Model<\/th>\n<th>Capacitate<\/th>\n<th>Dimensiuni<\/th>\n<th>Material<\/th>\n<th>Tipul de etan\u0219are<\/th>\n<\/tr>\n<\/thead>\n<tbody>\n<tr>\n<td>PB-GK0501<\/td>\n<td>30 ml<\/td>\n<td>37\u00d737\u00d776 mm, calibru 15 mm<\/td>\n<td>Sticl\u0103 de cristal<\/td>\n<td>Pulverizare de sus<\/td>\n<\/tr>\n<tr>\n<td>PB-GK0502<\/td>\n<td>50 ml<\/td>\n<td>41\u00d741\u00d785 mm, calibru 15 mm<\/td>\n<td>Sticl\u0103 de cristal<\/td>\n<td>Pulverizare de sus<\/td>\n<\/tr>\n<tr>\n<td>PB-GK0503<\/td>\n<td>100 ml<\/td>\n<td>52\u00d752\u00d7130 mm, calibru 15 mm<\/td>\n<td>Sticl\u0103 de cristal<\/td>\n<td>Pulverizare de sus<\/td>\n<\/tr>\n<\/tbody>\n<\/table>\n<\/div>\n<h2>De ce s\u0103 alege\u021bi seria Marble Sphere?<\/h2>\n<h3>Pentru proprietarii de m\u0103rci \u0219i comercian\u021bi<\/h3>\n<p>Aceste sticlu\u021be de parfum goale sunt concepute pentru a satisface cerin\u021bele partenerilor produc\u0103tori vrac \u0219i ale m\u0103rcilor de ni\u0219\u0103. Atomizorul cu l\u0103\u021bimea de 15 mm asigur\u0103 o dispersie lin\u0103 a parfumului, \u00een timp ce designul modular permite modific\u0103ri personalizate:<\/p>\n<ul>\n<li>\u200b<strong>Form\u0103 de sticl\u0103<\/strong>Ajusta\u021bi stilul um\u0103rului, finisajul g\u00e2tului sau grosimea bazei.<\/li>\n<li>\u200b<strong>Tratamente de suprafa\u021b\u0103<\/strong>Opteaz\u0103 pentru texturi mate, culori gradient sau serigrafie.<\/li>\n<li>\u200b<strong>Personalizarea \u0219epcii<\/strong>Finisaje mate\/lucioase, spirale personalizate sau gravuri cu inscrip\u021bia con\u021bin\u0103toare.<\/li>\n<\/ul>\n<h3>Aplica\u021bii versatile<\/h3>\n<p>Perfect pentru ambalarea parfumurilor de lux, a coloniei \u00een edi\u021bie limitat\u0103 sau a mostrelor de parfumuri artizanale. Elegan\u021ba sticlei cristaline, combinat\u0103 cu capacele inspirate din marmur\u0103, asigur\u0103 c\u0103 produsul dumneavoastr\u0103 iese \u00een eviden\u021b\u0103 pe rafturi \u0219i \u00een colec\u021biile personale.<\/p>\n<h2>Ridic\u0103-\u021bi brandul cu m\u0103iestrie de neegalat<\/h2>\n<p>Seria Marble Sphere nu se rezum\u0103 doar la recipiente, ci \u0219i la pove\u0219ti. Fiecare sticl\u0103 reflect\u0103 o armonie \u00eentre geometria modern\u0103 \u0219i m\u0103iestria atemporal\u0103, ceea ce o face un must-have pentru brandurile care prioritizeaz\u0103 excelen\u021ba \u00een branding.<\/p>\n<p><strong>Comand\u0103 \u00een vrac \u0219i oferte personalizate disponibile<\/strong><br \/>\nContacta\u021bi-ne ast\u0103zi pentru a transforma sticlele dumneavoastr\u0103 goale \u00een obiecte de lux de marc\u0103!<\/p>","protected":false},"excerpt":{"rendered":"<p>Descoperi\u021bi sticlu\u021be de parfum din cristal cu capace artistice din marmur\u0103. Perfecte pentru m\u0103rci de parfumuri de lux. Personalizare \u00een vrac, 3 dimensiuni \u0219i solu\u021bii elegante de branding.<\/p>","protected":false},"featured_media":2934,"comment_status":"open","ping_status":"closed","template":"","meta":{"_acf_changed":false,"site-sidebar-layout":"default","site-content-layout":"","ast-site-content-layout":"default","site-content-style":"default","site-sidebar-style":"default","ast-global-header-display":"","ast-banner-title-visibility":"","ast-main-header-display":"","ast-hfb-above-header-display":"","ast-hfb-below-header-display":"","ast-hfb-mobile-header-display":"","site-post-title":"","ast-breadcrumbs-content":"","ast-featured-img":"","footer-sml-layout":"","ast-disable-related-posts":"","theme-transparent-header-meta":"default","adv-header-id-meta":"","stick-header-meta":"","header-above-stick-meta":"","header-main-stick-meta":"","header-below-stick-meta":"","astra-migrate-meta-layouts":"set","ast-page-background-enabled":"default","ast-page-background-meta":{"desktop":{"background-color":"var(--ast-global-color-5)","background-image":"","background-repeat":"repeat","background-position":"center center","background-size":"auto","background-attachment":"scroll","background-type":"","background-media":"","overlay-type":"","overlay-color":"","overlay-opacity":"","overlay-gradient":""},"tablet":{"background-color":"","background-image":"","background-repeat":"repeat","background-position":"center center","background-size":"auto","background-attachment":"scroll","background-type":"","background-media":"","overlay-type":"","overlay-color":"","overlay-opacity":"","overlay-gradient":""},"mobile":{"background-color":"","background-image":"","background-repeat":"repeat","background-position":"center center","background-size":"auto","background-attachment":"scroll","background-type":"","background-media":"","overlay-type":"","overlay-color":"","overlay-opacity":"","overlay-gradient":""}},"ast-content-background-meta":{"desktop":{"background-color":"var(--ast-global-color-4)","background-image":"","background-repeat":"repeat","background-position":"center center","background-size":"auto","background-attachment":"scroll","background-type":"","background-media":"","overlay-type":"","overlay-color":"","overlay-opacity":"","overlay-gradient":""},"tablet":{"background-color":"var(--ast-global-color-4)","background-image":"","background-repeat":"repeat","background-position":"center center","background-size":"auto","background-attachment":"scroll","background-type":"","background-media":"","overlay-type":"","overlay-color":"","overlay-opacity":"","overlay-gradient":""},"mobile":{"background-color":"var(--ast-global-color-4)","background-image":"","background-repeat":"repeat","background-position":"center center","background-size":"auto","background-attachment":"scroll","background-type":"","background-media":"","overlay-type":"","overlay-color":"","overlay-opacity":"","overlay-gradient":""}}},"product_brand":[],"product_cat":[72,91,41],"product_tag":[],"class_list":{"0":"post-2928","1":"product","2":"type-product","3":"status-publish","4":"has-post-thumbnail","6":"product_cat-cosmetic-packaging","7":"product_cat-custom-perfume-bottles","8":"product_cat-perfume-bottles","9":"desktop-align-left","10":"tablet-align-left","11":"mobile-align-left","13":"first","14":"instock","15":"shipping-taxable","16":"product-type-simple"},"acf":[],"jetpack_sharing_enabled":true,"_links":{"self":[{"href":"https:\/\/theperfumebottles.com\/ro\/wp-json\/wp\/v2\/product\/2928","targetHints":{"allow":["GET"]}}],"collection":[{"href":"https:\/\/theperfumebottles.com\/ro\/wp-json\/wp\/v2\/product"}],"about":[{"href":"https:\/\/theperfumebottles.com\/ro\/wp-json\/wp\/v2\/types\/product"}],"replies":[{"embeddable":true,"href":"https:\/\/theperfumebottles.com\/ro\/wp-json\/wp\/v2\/comments?post=2928"}],"wp:featuredmedia":[{"embeddable":true,"href":"https:\/\/theperfumebottles.com\/ro\/wp-json\/wp\/v2\/media\/2934"}],"wp:attachment":[{"href":"https:\/\/theperfumebottles.com\/ro\/wp-json\/wp\/v2\/media?parent=2928"}],"wp:term":[{"taxonomy":"product_brand","embeddable":true,"href":"https:\/\/theperfumebottles.com\/ro\/wp-json\/wp\/v2\/product_brand?post=2928"},{"taxonomy":"product_cat","embeddable":true,"href":"https:\/\/theperfumebottles.com\/ro\/wp-json\/wp\/v2\/product_cat?post=2928"},{"taxonomy":"product_tag","embeddable":true,"href":"https:\/\/theperfumebottles.com\/ro\/wp-json\/wp\/v2\/product_tag?post=2928"}],"curies":[{"name":"wp","href":"https:\/\/api.w.org\/{rel}","templated":true}]}}