{"id":2943,"date":"2025-04-01T07:30:00","date_gmt":"2025-04-01T07:30:00","guid":{"rendered":"https:\/\/theperfumebottles.com\/?post_type=product&#038;p=2943"},"modified":"2025-04-18T01:46:50","modified_gmt":"2025-04-18T01:46:50","slug":"30ml-50ml-100ml-perfume-empty-spray-bottles-with-spherical-caps","status":"publish","type":"product","link":"https:\/\/theperfumebottles.com\/ro\/produs\/30ml-50ml-100ml-perfume-empty-spray-bottles-with-spherical-caps\/","title":{"rendered":"Sticle de parfum goale cu pulverizator de 30 ml, 50 ml \u0219i 100 ml, cu capace sferice"},"content":{"rendered":"<p>Seria noastr\u0103 de sticle de parfum GK07 este at\u00e2t artistic\u0103, c\u00e2t \u0219i practic\u0103, potrivit\u0103 pentru diverse m\u0103rci, iar op\u021biunile de personalizare sporesc farmecul m\u0103rcii.<\/p>\n<h2>Specifica\u021bii cheie<\/h2>\n<div class=\"hyc-common-markdown__table-wrapper\">\n<table>\n<thead>\n<tr>\n<th>Model<\/th>\n<th>Capacitate<\/th>\n<th>Dimensiuni (\u00ce*L)<\/th>\n<th>Op\u021biuni de culoare pentru capac<\/th>\n<th>Func\u021bii personalizabile<\/th>\n<\/tr>\n<\/thead>\n<tbody>\n<tr>\n<td>PB-GK0701<\/td>\n<td>30 ml<\/td>\n<td>38 * 89 mm<\/td>\n<td>Alb\/Negru\/Albastru<\/td>\n<td>Ro\u0219u, violet, verde etc.<\/td>\n<\/tr>\n<tr>\n<td>PB-GK0702<\/td>\n<td>50 ml<\/td>\n<td>42 * 98 mm<\/td>\n<td>Alb\/Negru\/Albastru<\/td>\n<td>Logo-uri gravate, sticl\u0103 gradient\u0103<\/td>\n<\/tr>\n<tr>\n<td>PB-GK0703<\/td>\n<td>100 ml<\/td>\n<td>48 * 130 mm<\/td>\n<td>Alb\/Negru\/Albastru<\/td>\n<td>Textur\u0103 \u00eenghe\u021bat\u0103, efecte de marmur\u0103<\/td>\n<\/tr>\n<\/tbody>\n<\/table>\n<\/div>\n<p><em>Toate modelele au sigilii cu filet, calibru de 15 mm \u0219i forme rotunde de sticl\u0103.<\/em><\/p>\n<h2>Personalizare pentru branding unic<\/h2>\n<p>Transform\u0103 sticlele de parfum goale \u00een capodopere povestitoare:<\/p>\n<ul>\n<li>\u200b<strong>Detalii gravate<\/strong>Ad\u0103uga\u021bi permanen\u021b\u0103 cu logo-uri sau modele gravate cu laser.<\/li>\n<li>\u200b<strong>Flexibilitate a culorilor<\/strong>Opteaz\u0103 pentru o sticl\u0103 de parfum feminin\u0103 \u00eendr\u0103znea\u021b\u0103 sau pentru finisaje subtile \u00eentunecate.<\/li>\n<li>\u200b<strong>Solu\u021bii de ambalare \u00een vrac<\/strong>Ideal pentru m\u0103rcile care au nevoie de recipiente coezive, cu volum mare.<\/li>\n<\/ul>\n<h2>De ce s\u0103 alege\u021bi aceste sticlu\u021be de parfum?<\/h2>\n<p>Concepute pentru m\u0103rci de lux \u0219i produc\u0103tori de m\u0103rci private, aceste sticle atomizatoare \u00eembin\u0103 elegan\u021ba cu caracterul practic. Sticla cristalin\u0103 \u0219i designul capacului cu sfer\u0103 \u00eembun\u0103t\u0103\u021besc experien\u021bele de despachetare, \u00een timp ce op\u021biunile de personalizare (gravur\u0103, efecte de gradient) asigur\u0103 c\u0103 parfumul t\u0103u iese \u00een eviden\u021b\u0103.<\/p>\n<p><strong>Ideal pentru<\/strong>:<\/p>\n<ul>\n<li>M\u0103rci de parfumuri de lux<\/li>\n<li>Creatori de colonii de ni\u0219\u0103<\/li>\n<li>Seturi cadou personalizate sau edi\u021bii limitate<\/li>\n<\/ul>\n<p><strong>Comenzi \u00een vrac \u0219i asisten\u021b\u0103 OEM<\/strong>\u00cen calitate de produc\u0103tor de \u00eencredere de ambalaje din sticl\u0103, oferim pre\u021buri competitive \u00een vrac \u0219i solu\u021bii de branding personalizate. L\u0103sa\u021bi parfumul dumneavoastr\u0103 s\u0103 str\u0103luceasc\u0103 \u00een sticle care \u00eentruchipeaz\u0103 elegan\u021ba - contacta\u021bi-ne pentru a v\u0103 crea ast\u0103zi sticlele goale cu pulverizator de parfum.<\/p>","protected":false},"excerpt":{"rendered":"<p>\u00cembun\u0103t\u0103\u021be\u0219te-\u021bi brandingul parfumurilor cu sticle de parfum personalizate pentru femei \u0219i sticle de pulverizare goale premium. Disponibile comenzi \u00een vrac, din sticl\u0103 cristalin\u0103, modele gravate.<\/p>","protected":false},"featured_media":2945,"comment_status":"open","ping_status":"closed","template":"","meta":{"_acf_changed":false,"site-sidebar-layout":"default","site-content-layout":"","ast-site-content-layout":"default","site-content-style":"default","site-sidebar-style":"default","ast-global-header-display":"","ast-banner-title-visibility":"","ast-main-header-display":"","ast-hfb-above-header-display":"","ast-hfb-below-header-display":"","ast-hfb-mobile-header-display":"","site-post-title":"","ast-breadcrumbs-content":"","ast-featured-img":"","footer-sml-layout":"","ast-disable-related-posts":"","theme-transparent-header-meta":"default","adv-header-id-meta":"","stick-header-meta":"","header-above-stick-meta":"","header-main-stick-meta":"","header-below-stick-meta":"","astra-migrate-meta-layouts":"set","ast-page-background-enabled":"default","ast-page-background-meta":{"desktop":{"background-color":"var(--ast-global-color-5)","background-image":"","background-repeat":"repeat","background-position":"center center","background-size":"auto","background-attachment":"scroll","background-type":"","background-media":"","overlay-type":"","overlay-color":"","overlay-opacity":"","overlay-gradient":""},"tablet":{"background-color":"","background-image":"","background-repeat":"repeat","background-position":"center center","background-size":"auto","background-attachment":"scroll","background-type":"","background-media":"","overlay-type":"","overlay-color":"","overlay-opacity":"","overlay-gradient":""},"mobile":{"background-color":"","background-image":"","background-repeat":"repeat","background-position":"center center","background-size":"auto","background-attachment":"scroll","background-type":"","background-media":"","overlay-type":"","overlay-color":"","overlay-opacity":"","overlay-gradient":""}},"ast-content-background-meta":{"desktop":{"background-color":"var(--ast-global-color-4)","background-image":"","background-repeat":"repeat","background-position":"center center","background-size":"auto","background-attachment":"scroll","background-type":"","background-media":"","overlay-type":"","overlay-color":"","overlay-opacity":"","overlay-gradient":""},"tablet":{"background-color":"var(--ast-global-color-4)","background-image":"","background-repeat":"repeat","background-position":"center center","background-size":"auto","background-attachment":"scroll","background-type":"","background-media":"","overlay-type":"","overlay-color":"","overlay-opacity":"","overlay-gradient":""},"mobile":{"background-color":"var(--ast-global-color-4)","background-image":"","background-repeat":"repeat","background-position":"center center","background-size":"auto","background-attachment":"scroll","background-type":"","background-media":"","overlay-type":"","overlay-color":"","overlay-opacity":"","overlay-gradient":""}}},"product_brand":[],"product_cat":[72,91,41],"product_tag":[],"class_list":{"0":"post-2943","1":"product","2":"type-product","3":"status-publish","4":"has-post-thumbnail","6":"product_cat-cosmetic-packaging","7":"product_cat-custom-perfume-bottles","8":"product_cat-perfume-bottles","9":"desktop-align-left","10":"tablet-align-left","11":"mobile-align-left","13":"first","14":"instock","15":"shipping-taxable","16":"product-type-simple"},"acf":[],"jetpack_sharing_enabled":true,"_links":{"self":[{"href":"https:\/\/theperfumebottles.com\/ro\/wp-json\/wp\/v2\/product\/2943","targetHints":{"allow":["GET"]}}],"collection":[{"href":"https:\/\/theperfumebottles.com\/ro\/wp-json\/wp\/v2\/product"}],"about":[{"href":"https:\/\/theperfumebottles.com\/ro\/wp-json\/wp\/v2\/types\/product"}],"replies":[{"embeddable":true,"href":"https:\/\/theperfumebottles.com\/ro\/wp-json\/wp\/v2\/comments?post=2943"}],"wp:featuredmedia":[{"embeddable":true,"href":"https:\/\/theperfumebottles.com\/ro\/wp-json\/wp\/v2\/media\/2945"}],"wp:attachment":[{"href":"https:\/\/theperfumebottles.com\/ro\/wp-json\/wp\/v2\/media?parent=2943"}],"wp:term":[{"taxonomy":"product_brand","embeddable":true,"href":"https:\/\/theperfumebottles.com\/ro\/wp-json\/wp\/v2\/product_brand?post=2943"},{"taxonomy":"product_cat","embeddable":true,"href":"https:\/\/theperfumebottles.com\/ro\/wp-json\/wp\/v2\/product_cat?post=2943"},{"taxonomy":"product_tag","embeddable":true,"href":"https:\/\/theperfumebottles.com\/ro\/wp-json\/wp\/v2\/product_tag?post=2943"}],"curies":[{"name":"wp","href":"https:\/\/api.w.org\/{rel}","templated":true}]}}