{"id":2963,"date":"2025-04-03T06:36:47","date_gmt":"2025-04-03T06:36:47","guid":{"rendered":"https:\/\/theperfumebottles.com\/?post_type=product&#038;p=2963"},"modified":"2025-05-30T10:52:58","modified_gmt":"2025-05-30T02:52:58","slug":"empty-refillable-perfume-bottles-leakproof-glass-perfume-refillable-bottles","status":"publish","type":"product","link":"https:\/\/theperfumebottles.com\/ro\/produs\/empty-refillable-perfume-bottles-leakproof-glass-perfume-refillable-bottles\/","title":{"rendered":"Sticle de parfum din sticl\u0103 re\u00eenc\u0103rcabile goale de 2 ml, 3 ml, 5 ml, 10 ml"},"content":{"rendered":"<p>Cre\u0103m flacoane re\u00eenc\u0103rcabile elegante, practice \u0219i ecologice pentru brandurile angajate \u00een sustenabilitate. Fie c\u0103 este vorba de o m\u0103rime de c\u0103l\u0103torie, o m\u0103rime de prob\u0103 sau o versiune co-branded, acest flacon de parfum din sticl\u0103 v\u0103 va face parfumul s\u0103 str\u0103luceasc\u0103, protej\u00e2nd \u00een acela\u0219i timp planeta.<\/p>\n<h2>Specifica\u021bii tehnice<\/h2>\n<div class=\"hyc-common-markdown__table-wrapper\">\n<table>\n<thead>\n<tr>\n<th>Capacitate<\/th>\n<th>\u00cen\u0103l\u021bimea sticlei<\/th>\n<th>Diametru interior<\/th>\n<th>Cantitatea de ambalare<\/th>\n<th>Dimensiunea cartonului (cm)<\/th>\n<\/tr>\n<\/thead>\n<tbody>\n<tr>\n<td>2ml<\/td>\n<td>30mm<\/td>\n<td>6,5 mm<\/td>\n<td>4,830<\/td>\n<td>45.5x29x29<\/td>\n<\/tr>\n<tr>\n<td>3ml<\/td>\n<td>40mm<\/td>\n<td>6,5 mm<\/td>\n<td>3,450<\/td>\n<td>45.5x29x29<\/td>\n<\/tr>\n<tr>\n<td>5 ml<\/td>\n<td>55mm<\/td>\n<td>6,5 mm<\/td>\n<td>2,760<\/td>\n<td>45.5x29x29<\/td>\n<\/tr>\n<tr>\n<td>10 ml<\/td>\n<td>100mm<\/td>\n<td>6,5 mm<\/td>\n<td>2,277<\/td>\n<td>49x30x33.5<\/td>\n<\/tr>\n<\/tbody>\n<\/table>\n<\/div>\n<h2>De ce s\u0103 alege\u021bi sticlele noastre de sticl\u0103 pentru parfumuri re\u00eenc\u0103rcabile?<\/h2>\n<ul>\n<li><strong>O sticl\u0103 pentru utiliz\u0103ri multiple:<\/strong> poate con\u021bine parfum\/cologne\/ulei esen\u021bial.<\/li>\n<li><strong>Eco-Friendly \u0219i rentabil:<\/strong> Carte de conturi ecologic\u0103: reutilizarea reduce de\u0219eurile de ambalaj 300%.<\/li>\n<li><strong>Avantaj comercial:<\/strong> pre\u021b cu ridicata + livrare global\u0103 sigur\u0103, avem grij\u0103 de fiecare comand\u0103 ca de o oper\u0103 de art\u0103.<\/li>\n<\/ul>\n<h2>Personalizarea \u0219i beneficiile comenzilor \u00een vrac<\/h2>\n<ul>\n<li><strong>Op\u021biuni de personalizare:<\/strong> textura delicat\u0103 a serigrafiei, me\u0219te\u0219ugul rafinat al gravurii cu laser sau creativitatea creativ\u0103 a etichetelor autocolante.<\/li>\n<li><strong>Comand\u0103 \u00een vrac pentru mai mult\u0103 valoare:<\/strong> cooperare pe volume mari, pre\u021buri mai bune - permite\u021bi fiec\u0103rei investi\u021bii s\u0103 se transforme \u00eentr-un salt \u00een valoarea m\u0103rcii<\/li>\n<li><strong>Livrare global\u0103:<\/strong> Ambalare sigur\u0103, etan\u0219\u0103, pentru un transport \u00een siguran\u021b\u0103.<\/li>\n<\/ul>\n<p>C\u0103uta\u021bi un produc\u0103tor de \u00eencredere? Contacta\u021bi-ne pentru a comanda sticle goale de parfum re\u00eenc\u0103rcabile adaptate viziunii dvs. de brand!<\/p>","protected":false},"excerpt":{"rendered":"<p>Descoperi\u021bi sticle goale de parfum re\u00eenc\u0103rcabile premium pentru comenzi de c\u0103l\u0103torie \u0219i \u00een vrac. Sticlu\u021be de parfum personalizate, re\u00eenc\u0103rcabile, cu design etan\u0219.<\/p>","protected":false},"featured_media":2966,"comment_status":"open","ping_status":"closed","template":"","meta":{"_acf_changed":false,"site-sidebar-layout":"default","site-content-layout":"","ast-site-content-layout":"default","site-content-style":"default","site-sidebar-style":"default","ast-global-header-display":"","ast-banner-title-visibility":"","ast-main-header-display":"","ast-hfb-above-header-display":"","ast-hfb-below-header-display":"","ast-hfb-mobile-header-display":"","site-post-title":"","ast-breadcrumbs-content":"","ast-featured-img":"","footer-sml-layout":"","ast-disable-related-posts":"","theme-transparent-header-meta":"default","adv-header-id-meta":"","stick-header-meta":"","header-above-stick-meta":"","header-main-stick-meta":"","header-below-stick-meta":"","astra-migrate-meta-layouts":"set","ast-page-background-enabled":"default","ast-page-background-meta":{"desktop":{"background-color":"var(--ast-global-color-5)","background-image":"","background-repeat":"repeat","background-position":"center center","background-size":"auto","background-attachment":"scroll","background-type":"","background-media":"","overlay-type":"","overlay-color":"","overlay-opacity":"","overlay-gradient":""},"tablet":{"background-color":"","background-image":"","background-repeat":"repeat","background-position":"center center","background-size":"auto","background-attachment":"scroll","background-type":"","background-media":"","overlay-type":"","overlay-color":"","overlay-opacity":"","overlay-gradient":""},"mobile":{"background-color":"","background-image":"","background-repeat":"repeat","background-position":"center center","background-size":"auto","background-attachment":"scroll","background-type":"","background-media":"","overlay-type":"","overlay-color":"","overlay-opacity":"","overlay-gradient":""}},"ast-content-background-meta":{"desktop":{"background-color":"var(--ast-global-color-4)","background-image":"","background-repeat":"repeat","background-position":"center center","background-size":"auto","background-attachment":"scroll","background-type":"","background-media":"","overlay-type":"","overlay-color":"","overlay-opacity":"","overlay-gradient":""},"tablet":{"background-color":"var(--ast-global-color-4)","background-image":"","background-repeat":"repeat","background-position":"center center","background-size":"auto","background-attachment":"scroll","background-type":"","background-media":"","overlay-type":"","overlay-color":"","overlay-opacity":"","overlay-gradient":""},"mobile":{"background-color":"var(--ast-global-color-4)","background-image":"","background-repeat":"repeat","background-position":"center center","background-size":"auto","background-attachment":"scroll","background-type":"","background-media":"","overlay-type":"","overlay-color":"","overlay-opacity":"","overlay-gradient":""}}},"product_brand":[],"product_cat":[72,91,74,41,90],"product_tag":[],"class_list":{"0":"post-2963","1":"product","2":"type-product","3":"status-publish","4":"has-post-thumbnail","6":"product_cat-cosmetic-packaging","7":"product_cat-custom-perfume-bottles","8":"product_cat-mini-perfume-bottles","9":"product_cat-perfume-bottles","10":"product_cat-refillable-perfume-bottles","11":"desktop-align-left","12":"tablet-align-left","13":"mobile-align-left","15":"first","16":"instock","17":"shipping-taxable","18":"product-type-simple"},"acf":[],"jetpack_sharing_enabled":true,"_links":{"self":[{"href":"https:\/\/theperfumebottles.com\/ro\/wp-json\/wp\/v2\/product\/2963","targetHints":{"allow":["GET"]}}],"collection":[{"href":"https:\/\/theperfumebottles.com\/ro\/wp-json\/wp\/v2\/product"}],"about":[{"href":"https:\/\/theperfumebottles.com\/ro\/wp-json\/wp\/v2\/types\/product"}],"replies":[{"embeddable":true,"href":"https:\/\/theperfumebottles.com\/ro\/wp-json\/wp\/v2\/comments?post=2963"}],"wp:featuredmedia":[{"embeddable":true,"href":"https:\/\/theperfumebottles.com\/ro\/wp-json\/wp\/v2\/media\/2966"}],"wp:attachment":[{"href":"https:\/\/theperfumebottles.com\/ro\/wp-json\/wp\/v2\/media?parent=2963"}],"wp:term":[{"taxonomy":"product_brand","embeddable":true,"href":"https:\/\/theperfumebottles.com\/ro\/wp-json\/wp\/v2\/product_brand?post=2963"},{"taxonomy":"product_cat","embeddable":true,"href":"https:\/\/theperfumebottles.com\/ro\/wp-json\/wp\/v2\/product_cat?post=2963"},{"taxonomy":"product_tag","embeddable":true,"href":"https:\/\/theperfumebottles.com\/ro\/wp-json\/wp\/v2\/product_tag?post=2963"}],"curies":[{"name":"wp","href":"https:\/\/api.w.org\/{rel}","templated":true}]}}