{"id":2990,"date":"2025-04-08T04:01:41","date_gmt":"2025-04-08T04:01:41","guid":{"rendered":"https:\/\/theperfumebottles.com\/?post_type=product&#038;p=2990"},"modified":"2026-04-01T11:39:35","modified_gmt":"2026-04-01T03:39:35","slug":"small-refillable-perfume-bottles-gold-accent-glass-perfume-bottle","status":"publish","type":"product","link":"https:\/\/theperfumebottles.com\/ro\/produs\/small-refillable-perfume-bottles-gold-accent-glass-perfume-bottle\/","title":{"rendered":"Sticlu\u021be mici de parfum re\u00eenc\u0103rcabile cu accente aurii"},"content":{"rendered":"<h2>Refillable Perfume Bottles: Luxury Meets Sustainability<\/h2>\n<p>Ridica\u021bi-v\u0103 brandingul parfumurilor cu sticlu\u021bele noastre mici de parfum re\u00eenc\u0103rcabile \u2013 fuziunea suprem\u0103 \u00eentre opulen\u021b\u0103 \u0219i design ecologic. \u00cen calitate de produc\u0103tor de \u00eencredere de sticlu\u021be de parfum din sticl\u0103 premium, oferim colec\u021bii de sticlu\u021be de parfum aurii care redefinesc ambalajele de lux pentru brandurile exigente.<\/p>\n<h2>De ce s\u0103 alege\u021bi sticlele noastre de parfum re\u00eenc\u0103rcabile?<\/h2>\n<p>1. \u200b<strong>Regalitate cu marc\u0103 personalizat\u0103<\/strong><br \/>\n\u00cencoroneaz\u0103-\u021bi parfumul cu sticla noastr\u0103 de parfum vintage \u00een form\u0103 de coroan\u0103, placat\u0103 cu aur de 24K \u0219i cu capace t\u0103iate cu cristale. Perfect\u0103 pentru imprimarea personalizat\u0103 a logo-urilor \u0219i ajust\u0103ri de culoare.<\/p>\n<p>2. \u200b<strong>Performan\u021b\u0103 preg\u0103tit\u0103 pentru c\u0103l\u0103torii<\/strong><br \/>\nTrece f\u0103r\u0103 efort controalele de securitate din avion cu tehnologia de atomizare etan\u0219\u0103. Rezist\u0103 la temperaturi de la -20\u00b0C la 40\u00b0C - ideal pentru parfumurile de c\u0103l\u0103torie.<\/p>\n<p>3. \u200b<strong>Versatilitate multifunc\u021bional\u0103<\/strong><br \/>\nDincolo de parfum, se poate folosi \u0219i ca spray de protec\u021bie solar\u0103, toner sau ap\u0103 de machiaj. Patru forme unice de sticle de sticl\u0103 (capacitate de 50 ml) se potrivesc oric\u0103rei linii de produse.<\/p>\n<h2>Specifica\u021bii cheie<\/h2>\n<table style=\"border-collapse: collapse; width: 80%; margin-left: auto; margin-right: auto;\" border=\"0\" width=\"80%\" cellspacing=\"0\" cellpadding=\"0\">\n<tbody>\n<tr style=\"height: 13.50pt;\">\n<td class=\"et3\" style=\"height: 13.50pt; width: 95.25pt;\" width=\"127\" height=\"18\">Stil<\/td>\n<td class=\"et3\" style=\"width: 65.25pt;\" width=\"87\">Capacitate<\/td>\n<td class=\"et3\" style=\"width: 89.25pt;\" width=\"119\">\u00cen\u0103l\u021bime total\u0103<\/td>\n<td class=\"et3\" style=\"width: 84.00pt;\" width=\"112\">\u00cen\u0103l\u021bimea corpului<\/td>\n<td class=\"et3\" style=\"width: 54.00pt;\" width=\"72\">L\u0103\u0163ime<\/td>\n<td class=\"et3\" style=\"width: 171.75pt;\" width=\"229\">Caracteristic\u0103 special\u0103<\/td>\n<\/tr>\n<tr style=\"height: 13.50pt;\">\n<td class=\"et4\" style=\"height: 13.50pt; width: 95.25pt;\" width=\"127\" height=\"18\">P\u0103trat<\/td>\n<td class=\"et4\" style=\"width: 65.25pt;\" width=\"87\">30 ml<\/td>\n<td class=\"et4\" style=\"width: 89.25pt;\" width=\"119\">87 mm<\/td>\n<td class=\"et4\" style=\"width: 84.00pt;\" width=\"112\">58 mm<\/td>\n<td class=\"et4\" style=\"width: 54.00pt;\" width=\"72\">38 mm<\/td>\n<td class=\"et4\" style=\"width: 171.75pt;\" width=\"229\">Profil geometric modern<\/td>\n<\/tr>\n<tr style=\"height: 13.50pt;\">\n<td class=\"et4\" style=\"height: 13.50pt; width: 95.25pt;\" width=\"127\" height=\"18\">Oval<\/td>\n<td class=\"et4\" style=\"width: 65.25pt;\" width=\"87\">50 ml<\/td>\n<td class=\"et4\" style=\"width: 89.25pt;\" width=\"119\">130 mm<\/td>\n<td class=\"et4\" style=\"width: 84.00pt;\" width=\"112\">98 mm<\/td>\n<td class=\"et4\" style=\"width: 54.00pt;\" width=\"72\">67 mm<\/td>\n<td class=\"et4\" style=\"width: 171.75pt;\" width=\"229\">Design ergonomic al m\u00e2nerului<\/td>\n<\/tr>\n<tr style=\"height: 13.50pt;\">\n<td class=\"et4\" style=\"height: 13.50pt; width: 95.25pt;\" width=\"127\" height=\"18\">Runda clasic\u0103<\/td>\n<td class=\"et2\">50 ml<\/td>\n<td class=\"et4\" style=\"width: 89.25pt;\" width=\"119\">106 mm<\/td>\n<td class=\"et4\" style=\"width: 84.00pt;\" width=\"112\">75 mm<\/td>\n<td class=\"et4\" style=\"width: 54.00pt;\" width=\"72\">48 mm<\/td>\n<td class=\"et4\" style=\"width: 171.75pt;\" width=\"229\">Estetic\u0103 luxoas\u0103 atemporal\u0103<\/td>\n<\/tr>\n<tr style=\"height: 13.50pt;\">\n<td class=\"et4\" style=\"height: 13.50pt; width: 95.25pt;\" width=\"127\" height=\"18\">Coroan\u0103 vintage<\/td>\n<td class=\"et4\" style=\"width: 65.25pt;\" width=\"87\">60 ml<\/td>\n<td class=\"et4\" style=\"width: 89.25pt;\" width=\"119\">96 mm<\/td>\n<td class=\"et4\" style=\"width: 84.00pt;\" width=\"112\">64 mm<\/td>\n<td class=\"et4\" style=\"width: 54.00pt;\" width=\"72\">60 mm<\/td>\n<td class=\"et4\" style=\"width: 171.75pt;\" width=\"229\">Capac regal cu cristal<\/td>\n<\/tr>\n<\/tbody>\n<\/table>\n<h2>Ideal pentru:<\/h2>\n<ul>\n<li>Reproiectarea ambalajelor parfumurilor de lux<\/li>\n<li>Colec\u021bii de colonie cu sticl\u0103 aurie<\/li>\n<li>Seturi cadou \u00een edi\u021bie limitat\u0103<\/li>\n<li>Linii de \u00eengrijire a pielii cu marc\u0103 privat\u0103<\/li>\n<\/ul>\n<p>Creeaz\u0103-\u021bi ast\u0103zi experien\u021ba parfumat\u0103 special\u0103 \u2013 contacteaz\u0103-ne pentru a discuta despre nevoile tale legate de sticlele de parfum re\u00eenc\u0103rcabile personalizate.<\/p>","protected":false},"excerpt":{"rendered":"<p>Sticlu\u021be de parfum mici, re\u00eenc\u0103rcabile, premium, cu accente aurii \u0219i capace de cristal. Ambalaje de lux personalizabile pentru m\u0103rci de parfumuri. Ecologice \u0219i sigure pentru c\u0103l\u0103torii.<\/p>","protected":false},"featured_media":2992,"comment_status":"open","ping_status":"closed","template":"","meta":{"_acf_changed":false,"site-sidebar-layout":"default","site-content-layout":"","ast-site-content-layout":"default","site-content-style":"default","site-sidebar-style":"default","ast-global-header-display":"","ast-banner-title-visibility":"","ast-main-header-display":"","ast-hfb-above-header-display":"","ast-hfb-below-header-display":"","ast-hfb-mobile-header-display":"","site-post-title":"","ast-breadcrumbs-content":"","ast-featured-img":"","footer-sml-layout":"","ast-disable-related-posts":"","theme-transparent-header-meta":"default","adv-header-id-meta":"","stick-header-meta":"","header-above-stick-meta":"","header-main-stick-meta":"","header-below-stick-meta":"","astra-migrate-meta-layouts":"set","ast-page-background-enabled":"default","ast-page-background-meta":{"desktop":{"background-color":"var(--ast-global-color-5)","background-image":"","background-repeat":"repeat","background-position":"center center","background-size":"auto","background-attachment":"scroll","background-type":"","background-media":"","overlay-type":"","overlay-color":"","overlay-opacity":"","overlay-gradient":""},"tablet":{"background-color":"","background-image":"","background-repeat":"repeat","background-position":"center center","background-size":"auto","background-attachment":"scroll","background-type":"","background-media":"","overlay-type":"","overlay-color":"","overlay-opacity":"","overlay-gradient":""},"mobile":{"background-color":"","background-image":"","background-repeat":"repeat","background-position":"center center","background-size":"auto","background-attachment":"scroll","background-type":"","background-media":"","overlay-type":"","overlay-color":"","overlay-opacity":"","overlay-gradient":""}},"ast-content-background-meta":{"desktop":{"background-color":"var(--ast-global-color-4)","background-image":"","background-repeat":"repeat","background-position":"center center","background-size":"auto","background-attachment":"scroll","background-type":"","background-media":"","overlay-type":"","overlay-color":"","overlay-opacity":"","overlay-gradient":""},"tablet":{"background-color":"var(--ast-global-color-4)","background-image":"","background-repeat":"repeat","background-position":"center center","background-size":"auto","background-attachment":"scroll","background-type":"","background-media":"","overlay-type":"","overlay-color":"","overlay-opacity":"","overlay-gradient":""},"mobile":{"background-color":"var(--ast-global-color-4)","background-image":"","background-repeat":"repeat","background-position":"center center","background-size":"auto","background-attachment":"scroll","background-type":"","background-media":"","overlay-type":"","overlay-color":"","overlay-opacity":"","overlay-gradient":""}}},"product_brand":[],"product_cat":[90,72,41],"product_tag":[],"class_list":{"0":"post-2990","1":"product","2":"type-product","3":"status-publish","4":"has-post-thumbnail","6":"product_cat-refillable-perfume-bottles","7":"product_cat-cosmetic-packaging","8":"product_cat-perfume-bottles","9":"desktop-align-left","10":"tablet-align-left","11":"mobile-align-left","13":"first","14":"instock","15":"shipping-taxable","16":"product-type-simple"},"acf":[],"jetpack_sharing_enabled":true,"_links":{"self":[{"href":"https:\/\/theperfumebottles.com\/ro\/wp-json\/wp\/v2\/product\/2990","targetHints":{"allow":["GET"]}}],"collection":[{"href":"https:\/\/theperfumebottles.com\/ro\/wp-json\/wp\/v2\/product"}],"about":[{"href":"https:\/\/theperfumebottles.com\/ro\/wp-json\/wp\/v2\/types\/product"}],"replies":[{"embeddable":true,"href":"https:\/\/theperfumebottles.com\/ro\/wp-json\/wp\/v2\/comments?post=2990"}],"wp:featuredmedia":[{"embeddable":true,"href":"https:\/\/theperfumebottles.com\/ro\/wp-json\/wp\/v2\/media\/2992"}],"wp:attachment":[{"href":"https:\/\/theperfumebottles.com\/ro\/wp-json\/wp\/v2\/media?parent=2990"}],"wp:term":[{"taxonomy":"product_brand","embeddable":true,"href":"https:\/\/theperfumebottles.com\/ro\/wp-json\/wp\/v2\/product_brand?post=2990"},{"taxonomy":"product_cat","embeddable":true,"href":"https:\/\/theperfumebottles.com\/ro\/wp-json\/wp\/v2\/product_cat?post=2990"},{"taxonomy":"product_tag","embeddable":true,"href":"https:\/\/theperfumebottles.com\/ro\/wp-json\/wp\/v2\/product_tag?post=2990"}],"curies":[{"name":"wp","href":"https:\/\/api.w.org\/{rel}","templated":true}]}}