{"id":3000,"date":"2025-04-08T09:27:23","date_gmt":"2025-04-08T09:27:23","guid":{"rendered":"https:\/\/theperfumebottles.com\/?post_type=product&#038;p=3000"},"modified":"2025-05-29T10:10:19","modified_gmt":"2025-05-29T02:10:19","slug":"mountain-base-golden-perfume-bottles-most-unique-luxury-fragrance-packaging","status":"publish","type":"product","link":"https:\/\/theperfumebottles.com\/ro\/produs\/mountain-base-golden-perfume-bottles-most-unique-luxury-fragrance-packaging\/","title":{"rendered":"Sticlu\u021be de parfum Mountain-Base Golden \u2013 Cel mai unic ambalaj de parfumuri de lux"},"content":{"rendered":"<p>Conceput\u0103 pentru brandurile care doresc s\u0103 fac\u0103 o impresie de neuitat, seria de sticle de parfum aurii combin\u0103 o estetic\u0103 izbitoare cu personalizarea premium pentru a amplifica prestigiul brandului dumneavoastr\u0103.<\/p>\n<table style=\"border-collapse: collapse;margin-left: auto;margin-right: auto;width: 162.03pt\" border=\"0\" width=\"216\" cellspacing=\"0\" cellpadding=\"0\">\n<tbody>\n<tr style=\"height: 13.50pt\">\n<td style=\"height: 13.50pt;width: 54.00pt\" width=\"72\" height=\"18\">\n<p><figure id=\"attachment_3004\" aria-describedby=\"caption-attachment-3004\" style=\"width: 300px\" class=\"wp-caption aligncenter\"><img fetchpriority=\"high\" decoding=\"async\" class=\"size-medium wp-image-3004\" src=\"https:\/\/theperfumebottles.com\/wp-content\/uploads\/2025\/04\/golden-perfume-bottle-HS0501-300x300.webp\" alt=\"sticl\u0103 de parfum aurie\" width=\"300\" height=\"300\" srcset=\"https:\/\/theperfumebottles.com\/wp-content\/uploads\/2025\/04\/golden-perfume-bottle-HS0501-300x300.webp 300w, https:\/\/theperfumebottles.com\/wp-content\/uploads\/2025\/04\/golden-perfume-bottle-HS0501-150x150.webp 150w, https:\/\/theperfumebottles.com\/wp-content\/uploads\/2025\/04\/golden-perfume-bottle-HS0501-768x768.webp 768w, https:\/\/theperfumebottles.com\/wp-content\/uploads\/2025\/04\/golden-perfume-bottle-HS0501-12x12.webp 12w, https:\/\/theperfumebottles.com\/wp-content\/uploads\/2025\/04\/golden-perfume-bottle-HS0501-600x600.webp 600w, https:\/\/theperfumebottles.com\/wp-content\/uploads\/2025\/04\/golden-perfume-bottle-HS0501-100x100.webp 100w, https:\/\/theperfumebottles.com\/wp-content\/uploads\/2025\/04\/golden-perfume-bottle-HS0501.webp 1000w\" sizes=\"(max-width: 300px) 100vw, 300px\" \/><figcaption id=\"caption-attachment-3004\" class=\"wp-caption-text\">30ml PB-HS0501<\/figcaption><\/figure><\/td>\n<td style=\"width: 54.00pt\" width=\"72\">\n<p><figure id=\"attachment_3005\" aria-describedby=\"caption-attachment-3005\" style=\"width: 300px\" class=\"wp-caption aligncenter\"><img decoding=\"async\" class=\"size-medium wp-image-3005\" src=\"https:\/\/theperfumebottles.com\/wp-content\/uploads\/2025\/04\/golden-perfume-bottle-HS0502-300x300.webp\" alt=\"sticl\u0103 de parfum aurie\" width=\"300\" height=\"300\" srcset=\"https:\/\/theperfumebottles.com\/wp-content\/uploads\/2025\/04\/golden-perfume-bottle-HS0502-300x300.webp 300w, https:\/\/theperfumebottles.com\/wp-content\/uploads\/2025\/04\/golden-perfume-bottle-HS0502-150x150.webp 150w, https:\/\/theperfumebottles.com\/wp-content\/uploads\/2025\/04\/golden-perfume-bottle-HS0502-768x768.webp 768w, https:\/\/theperfumebottles.com\/wp-content\/uploads\/2025\/04\/golden-perfume-bottle-HS0502-12x12.webp 12w, https:\/\/theperfumebottles.com\/wp-content\/uploads\/2025\/04\/golden-perfume-bottle-HS0502-600x600.webp 600w, https:\/\/theperfumebottles.com\/wp-content\/uploads\/2025\/04\/golden-perfume-bottle-HS0502-100x100.webp 100w, https:\/\/theperfumebottles.com\/wp-content\/uploads\/2025\/04\/golden-perfume-bottle-HS0502.webp 1000w\" sizes=\"(max-width: 300px) 100vw, 300px\" \/><figcaption id=\"caption-attachment-3005\" class=\"wp-caption-text\">50ml PB-HS0502<\/figcaption><\/figure><\/td>\n<td style=\"width: 54.00pt\" width=\"72\">\n<p><figure id=\"attachment_3006\" aria-describedby=\"caption-attachment-3006\" style=\"width: 300px\" class=\"wp-caption aligncenter\"><img decoding=\"async\" class=\"size-medium wp-image-3006\" src=\"https:\/\/theperfumebottles.com\/wp-content\/uploads\/2025\/04\/golden-perfume-bottle-HS0503-300x300.webp\" alt=\"sticl\u0103 de parfum aurie\" width=\"300\" height=\"300\" srcset=\"https:\/\/theperfumebottles.com\/wp-content\/uploads\/2025\/04\/golden-perfume-bottle-HS0503-300x300.webp 300w, https:\/\/theperfumebottles.com\/wp-content\/uploads\/2025\/04\/golden-perfume-bottle-HS0503-150x150.webp 150w, https:\/\/theperfumebottles.com\/wp-content\/uploads\/2025\/04\/golden-perfume-bottle-HS0503-768x768.webp 768w, https:\/\/theperfumebottles.com\/wp-content\/uploads\/2025\/04\/golden-perfume-bottle-HS0503-12x12.webp 12w, https:\/\/theperfumebottles.com\/wp-content\/uploads\/2025\/04\/golden-perfume-bottle-HS0503-600x600.webp 600w, https:\/\/theperfumebottles.com\/wp-content\/uploads\/2025\/04\/golden-perfume-bottle-HS0503-100x100.webp 100w, https:\/\/theperfumebottles.com\/wp-content\/uploads\/2025\/04\/golden-perfume-bottle-HS0503.webp 1000w\" sizes=\"(max-width: 300px) 100vw, 300px\" \/><figcaption id=\"caption-attachment-3006\" class=\"wp-caption-text\">100ml PB-HS0503<\/figcaption><\/figure><\/td>\n<\/tr>\n<\/tbody>\n<\/table>\n<h2>Specifica\u021bii cheie dintr-o privire<\/h2>\n<div class=\"hyc-common-markdown__table-wrapper\">\n<table>\n<thead>\n<tr>\n<th>Model<\/th>\n<th>Capacitate<\/th>\n<th>Dimensiune (\u00ce*Dia)<\/th>\n<th>Material<\/th>\n<th>Design de culoare<\/th>\n<\/tr>\n<\/thead>\n<tbody>\n<tr>\n<td>PB-HS0501<\/td>\n<td>30 ml<\/td>\n<td>46 * 73 mm<\/td>\n<td>Sticl\u0103 de cristal<\/td>\n<td>Baz\u0103\/capac transparent + auriu<\/td>\n<\/tr>\n<tr>\n<td>PB-HS0502<\/td>\n<td>50 ml<\/td>\n<td>51 * 80 mm<\/td>\n<td>Sticl\u0103 de cristal<\/td>\n<td>Baz\u0103\/capac transparent + auriu<\/td>\n<\/tr>\n<tr>\n<td>PB-HS0503<\/td>\n<td>100 ml<\/td>\n<td>59 * 94 mm<\/td>\n<td>Sticl\u0103 de cristal<\/td>\n<td>Baz\u0103\/capac transparent + auriu<\/td>\n<\/tr>\n<\/tbody>\n<\/table>\n<\/div>\n<hr \/>\n<h2>De ce s\u0103 alegi aceast\u0103 serie?<\/h2>\n<ul>\n<li><strong>Adapteaz\u0103-te la diverse scenarii \u0219i ob\u021bine o expresie exclusiv\u0103 a parfumurilor:<\/strong> Indiferent dac\u0103 ave\u021bi nevoie de un recipient mic \u0219i portabil de 30 ml (1 oz), sau de unul mai mare de 50 ml (1.7 oz) sau 100 ml (3.4 oz), avem op\u021biuni de dimensiuni atente, astfel \u00eenc\u00e2t fiecare parfum s\u0103 \u00ee\u0219i g\u0103seasc\u0103 \u201ecasa\u201d potrivit\u0103.<\/li>\n<li><strong>Recipient elegant, care r\u0103spunde cu calm diverselor nevoi:<\/strong> De la parfumul clasic la apa de colonie proasp\u0103t\u0103, de la spray-ul de corp zilnic la uleiul esen\u021bial vindec\u0103tor \u2013 acesta poate transmite povestea parfumului t\u0103u \u00eentr-un mod elegant, astfel \u00eenc\u00e2t fiecare arom\u0103 are propria expresie unic\u0103.<\/li>\n<li><strong>Serviciu unic:<\/strong> De la personalizarea sticlelor de sticl\u0103 p\u00e2n\u0103 la ambalajele pentru cadouri, crea\u021bi ambalaje complete pentru parfumuri.<\/li>\n<\/ul>\n<h2>Deblocheaz\u0103 poten\u021bialul m\u0103rcii tale<\/h2>\n<p>Crea\u021bi o linie de parfumuri cu sticle verzi sau lansa\u021bi un parfum de lux cu accente aurii - ambalajele noastre de parfum din sticl\u0103 se adapteaz\u0103 viziunii dumneavoastr\u0103. Cu reduceri la comenzi \u00een vrac \u0219i asisten\u021b\u0103 dedicat\u0103 pentru conturi, suntem produc\u0103torul dumneavoastr\u0103 de \u00eencredere pentru sticle de parfum remarcabile.<\/p>\n<p><strong><a href=\"https:\/\/theperfumebottles.com\/ro\/contact\/\">Creeaz\u0103-\u021bi designul personalizat acum<\/a><br \/>\n<\/strong><\/p>","protected":false},"excerpt":{"rendered":"<p>Sticlu\u021be de parfum aurii cu baze inspirate din peisajele montane - cel mai unic ambalaj de parfumuri de lux. Sticlu\u021be de cristal personalizabile pentru m\u0103rci premium.<\/p>","protected":false},"featured_media":3006,"comment_status":"open","ping_status":"closed","template":"","meta":{"_acf_changed":false,"site-sidebar-layout":"default","site-content-layout":"","ast-site-content-layout":"default","site-content-style":"default","site-sidebar-style":"default","ast-global-header-display":"","ast-banner-title-visibility":"","ast-main-header-display":"","ast-hfb-above-header-display":"","ast-hfb-below-header-display":"","ast-hfb-mobile-header-display":"","site-post-title":"","ast-breadcrumbs-content":"","ast-featured-img":"","footer-sml-layout":"","ast-disable-related-posts":"","theme-transparent-header-meta":"default","adv-header-id-meta":"","stick-header-meta":"","header-above-stick-meta":"","header-main-stick-meta":"","header-below-stick-meta":"","astra-migrate-meta-layouts":"set","ast-page-background-enabled":"default","ast-page-background-meta":{"desktop":{"background-color":"var(--ast-global-color-5)","background-image":"","background-repeat":"repeat","background-position":"center center","background-size":"auto","background-attachment":"scroll","background-type":"","background-media":"","overlay-type":"","overlay-color":"","overlay-opacity":"","overlay-gradient":""},"tablet":{"background-color":"","background-image":"","background-repeat":"repeat","background-position":"center center","background-size":"auto","background-attachment":"scroll","background-type":"","background-media":"","overlay-type":"","overlay-color":"","overlay-opacity":"","overlay-gradient":""},"mobile":{"background-color":"","background-image":"","background-repeat":"repeat","background-position":"center center","background-size":"auto","background-attachment":"scroll","background-type":"","background-media":"","overlay-type":"","overlay-color":"","overlay-opacity":"","overlay-gradient":""}},"ast-content-background-meta":{"desktop":{"background-color":"var(--ast-global-color-4)","background-image":"","background-repeat":"repeat","background-position":"center center","background-size":"auto","background-attachment":"scroll","background-type":"","background-media":"","overlay-type":"","overlay-color":"","overlay-opacity":"","overlay-gradient":""},"tablet":{"background-color":"var(--ast-global-color-4)","background-image":"","background-repeat":"repeat","background-position":"center center","background-size":"auto","background-attachment":"scroll","background-type":"","background-media":"","overlay-type":"","overlay-color":"","overlay-opacity":"","overlay-gradient":""},"mobile":{"background-color":"var(--ast-global-color-4)","background-image":"","background-repeat":"repeat","background-position":"center center","background-size":"auto","background-attachment":"scroll","background-type":"","background-media":"","overlay-type":"","overlay-color":"","overlay-opacity":"","overlay-gradient":""}}},"product_brand":[],"product_cat":[72,91,41],"product_tag":[],"class_list":{"0":"post-3000","1":"product","2":"type-product","3":"status-publish","4":"has-post-thumbnail","6":"product_cat-cosmetic-packaging","7":"product_cat-custom-perfume-bottles","8":"product_cat-perfume-bottles","9":"desktop-align-left","10":"tablet-align-left","11":"mobile-align-left","13":"first","14":"instock","15":"shipping-taxable","16":"product-type-simple"},"acf":[],"jetpack_sharing_enabled":true,"_links":{"self":[{"href":"https:\/\/theperfumebottles.com\/ro\/wp-json\/wp\/v2\/product\/3000","targetHints":{"allow":["GET"]}}],"collection":[{"href":"https:\/\/theperfumebottles.com\/ro\/wp-json\/wp\/v2\/product"}],"about":[{"href":"https:\/\/theperfumebottles.com\/ro\/wp-json\/wp\/v2\/types\/product"}],"replies":[{"embeddable":true,"href":"https:\/\/theperfumebottles.com\/ro\/wp-json\/wp\/v2\/comments?post=3000"}],"wp:featuredmedia":[{"embeddable":true,"href":"https:\/\/theperfumebottles.com\/ro\/wp-json\/wp\/v2\/media\/3006"}],"wp:attachment":[{"href":"https:\/\/theperfumebottles.com\/ro\/wp-json\/wp\/v2\/media?parent=3000"}],"wp:term":[{"taxonomy":"product_brand","embeddable":true,"href":"https:\/\/theperfumebottles.com\/ro\/wp-json\/wp\/v2\/product_brand?post=3000"},{"taxonomy":"product_cat","embeddable":true,"href":"https:\/\/theperfumebottles.com\/ro\/wp-json\/wp\/v2\/product_cat?post=3000"},{"taxonomy":"product_tag","embeddable":true,"href":"https:\/\/theperfumebottles.com\/ro\/wp-json\/wp\/v2\/product_tag?post=3000"}],"curies":[{"name":"wp","href":"https:\/\/api.w.org\/{rel}","templated":true}]}}