{"id":3081,"date":"2025-04-16T09:14:49","date_gmt":"2025-04-16T09:14:49","guid":{"rendered":"https:\/\/theperfumebottles.com\/?post_type=product&#038;p=3081"},"modified":"2026-04-07T15:47:10","modified_gmt":"2026-04-07T07:47:10","slug":"1-oz-30-ml-perfume-bottle-with-customizable-design","status":"publish","type":"product","link":"https:\/\/theperfumebottles.com\/ro\/produs\/1-oz-30-ml-perfume-bottle-with-customizable-design\/","title":{"rendered":"Sticl\u0103 de parfum de 30 ml cu design personalizabil, 30 ml"},"content":{"rendered":"<p>Ast\u0103zi, v\u0103 recomand\u0103m o excelent\u0103 sticl\u0103 de parfum YX06 de 30 ml. Sticla de parfum de 30 ml con\u021bine un element de design esen\u021bial, care folose\u0219te sticl\u0103 ultra-clar\u0103 pentru forma sa dreptunghiular\u0103 \u0219i se combin\u0103 cu o duz\u0103 de pulverizare cromat\u0103 argintie care creeaz\u0103 un efect subtil de lux.<\/p>\n<h2>Specifica\u021bii cheie<\/h2>\n<div>\n<table class=\"aligncenter\" style=\"border-collapse: collapse; width: 524.27pt;\" border=\"0\" width=\"699\" cellspacing=\"0\" cellpadding=\"0\">\n<tbody>\n<tr style=\"height: 13.50pt;\">\n<td style=\"height: 13.50pt; width: 96.75pt;\" width=\"129\" height=\"18\">Caracteristic\u0103<\/td>\n<td style=\"width: 427.50pt;\" width=\"570\">Detalii<\/td>\n<\/tr>\n<tr style=\"height: 13.50pt;\">\n<td style=\"height: 13.50pt;\" height=\"18\">Model<\/td>\n<td>PB-YX06<\/td>\n<\/tr>\n<tr style=\"height: 13.50pt;\">\n<td style=\"height: 13.50pt;\" height=\"18\">Capacitate<\/td>\n<td>30 ml (1 oz)<\/td>\n<\/tr>\n<tr style=\"height: 13.50pt;\">\n<td style=\"height: 13.50pt;\" height=\"18\">Dimensiuni<\/td>\n<td>37 \u00d7 25 \u00d7 95 mm<\/td>\n<\/tr>\n<tr style=\"height: 13.50pt;\">\n<td style=\"height: 13.50pt;\" height=\"18\">Op\u021biuni de suprafa\u021b\u0103<\/td>\n<td>Sticl\u0103 mat\u0103, serigrafie, \u0219tan\u021bare la cald, modele de culori personalizate<\/td>\n<\/tr>\n<tr style=\"height: 13.50pt;\">\n<td style=\"height: 13.50pt;\" height=\"18\">Certific\u0103ri<\/td>\n<td>ISO, CE, REACH, BSCI, MSDS<\/td>\n<\/tr>\n<tr style=\"height: 13.50pt;\">\n<td style=\"height: 13.50pt;\" height=\"18\">Ambalaj<\/td>\n<td>Cartonuri personalizabile sau pale\u021bi din lemn pentru comenzi \u00een vrac<\/td>\n<\/tr>\n<tr style=\"height: 13.50pt;\">\n<td style=\"height: 13.50pt;\" height=\"18\">Perioada de gra\u0163ie<\/td>\n<td>7\u201315 zile (stoc); 30\u201345 zile (personalizat)<\/td>\n<\/tr>\n<\/tbody>\n<\/table>\n<\/div>\n<h2>Despre comenzile \u00een vrac<\/h2>\n<p>Indiferent dac\u0103 trebuie s\u0103 achizi\u021biona\u021bi 500 sau 50.000 de buc\u0103\u021bi, v\u0103 putem oferi op\u021biuni de ambalare flexibile \u0219i diverse \u0219i putem asigura livrare rapid\u0103. Produsele din stoc pot fi expediate \u00een termen de 1 p\u00e2n\u0103 la 2 s\u0103pt\u0103m\u00e2ni, iar produsele personalizate sunt de obicei livrate \u00een termen de 30 p\u00e2n\u0103 la 45 de zile pentru a ne asigura c\u0103 comanda este finalizat\u0103 la timp.<\/p>\n<h2>Sugestii de personalizare a sticlelor de parfum de 28 ml<\/h2>\n<ul>\n<li>Varia\u021bii de propor\u021bii p\u0103trate: Crea\u021bi noi modele de produse prin dezvoltarea de forme de sticle care includ recipiente \u00eenalte, \u00eenguste \u0219i scurte, p\u0103trate, care \u00ee\u0219i men\u021bin valoarea estetic\u0103 pe \u00eentreaga linie de produse.<\/li>\n<li>Capac magnetic pentru sticl\u0103: Capacul sticlei are un design de etan\u0219are magnetic\u0103 sigur, care ofer\u0103 utilizatorilor o suprafa\u021b\u0103 continu\u0103, \u00eembun\u0103t\u0103\u021bind astfel interac\u021biunea acestora cu produsul.<\/li>\n<li>Personalizare avansat\u0103 a pulverizatorului: Duza de pulverizare permite utilizatorilor s\u0103 \u00eei schimbe culoarea \u0219i forma \u0219i s\u0103 ajusteze modelul de pulverizare p\u00e2n\u0103 c\u00e2nd ob\u021bin rezultatele dorite.<\/li>\n<\/ul>","protected":false},"excerpt":{"rendered":"<p>Descoperi\u021bi sticlu\u021be elegante de parfum de 30 ml (1 oz) cu designuri personalizabile, op\u021biuni de v\u00e2nzare en-gros \u0219i livrare rapid\u0103. Perfecte pentru m\u0103rci \u0219i furnizori de parfumuri.<\/p>","protected":false},"featured_media":3082,"comment_status":"open","ping_status":"closed","template":"","meta":{"_acf_changed":false,"site-sidebar-layout":"default","site-content-layout":"","ast-site-content-layout":"default","site-content-style":"default","site-sidebar-style":"default","ast-global-header-display":"","ast-banner-title-visibility":"","ast-main-header-display":"","ast-hfb-above-header-display":"","ast-hfb-below-header-display":"","ast-hfb-mobile-header-display":"","site-post-title":"","ast-breadcrumbs-content":"","ast-featured-img":"","footer-sml-layout":"","ast-disable-related-posts":"","theme-transparent-header-meta":"default","adv-header-id-meta":"","stick-header-meta":"","header-above-stick-meta":"","header-main-stick-meta":"","header-below-stick-meta":"","astra-migrate-meta-layouts":"set","ast-page-background-enabled":"default","ast-page-background-meta":{"desktop":{"background-color":"var(--ast-global-color-5)","background-image":"","background-repeat":"repeat","background-position":"center center","background-size":"auto","background-attachment":"scroll","background-type":"","background-media":"","overlay-type":"","overlay-color":"","overlay-opacity":"","overlay-gradient":""},"tablet":{"background-color":"","background-image":"","background-repeat":"repeat","background-position":"center center","background-size":"auto","background-attachment":"scroll","background-type":"","background-media":"","overlay-type":"","overlay-color":"","overlay-opacity":"","overlay-gradient":""},"mobile":{"background-color":"","background-image":"","background-repeat":"repeat","background-position":"center center","background-size":"auto","background-attachment":"scroll","background-type":"","background-media":"","overlay-type":"","overlay-color":"","overlay-opacity":"","overlay-gradient":""}},"ast-content-background-meta":{"desktop":{"background-color":"var(--ast-global-color-4)","background-image":"","background-repeat":"repeat","background-position":"center center","background-size":"auto","background-attachment":"scroll","background-type":"","background-media":"","overlay-type":"","overlay-color":"","overlay-opacity":"","overlay-gradient":""},"tablet":{"background-color":"var(--ast-global-color-4)","background-image":"","background-repeat":"repeat","background-position":"center center","background-size":"auto","background-attachment":"scroll","background-type":"","background-media":"","overlay-type":"","overlay-color":"","overlay-opacity":"","overlay-gradient":""},"mobile":{"background-color":"var(--ast-global-color-4)","background-image":"","background-repeat":"repeat","background-position":"center center","background-size":"auto","background-attachment":"scroll","background-type":"","background-media":"","overlay-type":"","overlay-color":"","overlay-opacity":"","overlay-gradient":""}}},"product_brand":[],"product_cat":[91,72,41],"product_tag":[],"class_list":{"0":"post-3081","1":"product","2":"type-product","3":"status-publish","4":"has-post-thumbnail","6":"product_cat-custom-perfume-bottles","7":"product_cat-cosmetic-packaging","8":"product_cat-perfume-bottles","9":"desktop-align-left","10":"tablet-align-left","11":"mobile-align-left","13":"first","14":"instock","15":"shipping-taxable","16":"product-type-simple"},"acf":[],"jetpack_sharing_enabled":true,"_links":{"self":[{"href":"https:\/\/theperfumebottles.com\/ro\/wp-json\/wp\/v2\/product\/3081","targetHints":{"allow":["GET"]}}],"collection":[{"href":"https:\/\/theperfumebottles.com\/ro\/wp-json\/wp\/v2\/product"}],"about":[{"href":"https:\/\/theperfumebottles.com\/ro\/wp-json\/wp\/v2\/types\/product"}],"replies":[{"embeddable":true,"href":"https:\/\/theperfumebottles.com\/ro\/wp-json\/wp\/v2\/comments?post=3081"}],"wp:featuredmedia":[{"embeddable":true,"href":"https:\/\/theperfumebottles.com\/ro\/wp-json\/wp\/v2\/media\/3082"}],"wp:attachment":[{"href":"https:\/\/theperfumebottles.com\/ro\/wp-json\/wp\/v2\/media?parent=3081"}],"wp:term":[{"taxonomy":"product_brand","embeddable":true,"href":"https:\/\/theperfumebottles.com\/ro\/wp-json\/wp\/v2\/product_brand?post=3081"},{"taxonomy":"product_cat","embeddable":true,"href":"https:\/\/theperfumebottles.com\/ro\/wp-json\/wp\/v2\/product_cat?post=3081"},{"taxonomy":"product_tag","embeddable":true,"href":"https:\/\/theperfumebottles.com\/ro\/wp-json\/wp\/v2\/product_tag?post=3081"}],"curies":[{"name":"wp","href":"https:\/\/api.w.org\/{rel}","templated":true}]}}