{"id":3099,"date":"2025-04-18T07:05:07","date_gmt":"2025-04-18T07:05:07","guid":{"rendered":"https:\/\/theperfumebottles.com\/?post_type=product&#038;p=3099"},"modified":"2025-05-28T19:24:10","modified_gmt":"2025-05-28T11:24:10","slug":"custom-100ml-cool-perfume-bottles-aftershave-bottles-for-wholesale","status":"publish","type":"product","link":"https:\/\/theperfumebottles.com\/ro\/produs\/custom-100ml-cool-perfume-bottles-aftershave-bottles-for-wholesale\/","title":{"rendered":"Sticle de parfum personalizate de 100 ml \u0219i sticle de dup\u0103 ras pentru v\u00e2nzare en-gros"},"content":{"rendered":"<p>Sticlu\u021bele noastre dreptunghiulare de parfum \u00eembin\u0103 marginile ascu\u021bite cu accente metalice fluide - duzele de pulverizare aurii contrasteaz\u0103 cu g\u00e2turile elegante din sticl\u0103, cre\u00e2nd o dram\u0103 de refrac\u021bie a luminii care \u00eentruchipeaz\u0103 o estetic\u0103 de ultim\u0103 genera\u021bie.<\/p>\n<h2><strong>Specifica\u021bii<\/strong><\/h2>\n<table>\n<thead>\n<tr>\n<th><strong>Caracteristic\u0103<\/strong><\/th>\n<th><strong>Detalii<\/strong><\/th>\n<\/tr>\n<\/thead>\n<tbody>\n<tr>\n<td><strong>Model<\/strong><\/td>\n<td>PB-YX08<\/td>\n<\/tr>\n<tr>\n<td><strong>Form\u0103<\/strong><\/td>\n<td>Dreptunghiular<\/td>\n<\/tr>\n<tr>\n<td><strong>Capacitate<\/strong><\/td>\n<td>100 ml (3,4 oz)<\/td>\n<\/tr>\n<tr>\n<td><strong>Top<\/strong><\/td>\n<td>Capac sferic cu duz\u0103 de pulverizare<\/td>\n<\/tr>\n<tr>\n<td><strong>Dimensiuni<\/strong><\/td>\n<td>55 mm (l\u0103\u021bime) \u00d7 30 mm (ad\u00e2ncime) \u00d7 118 mm (\u00een\u0103l\u021bime)<\/td>\n<\/tr>\n<tr>\n<td><strong>Op\u021biuni de suprafa\u021b\u0103<\/strong><\/td>\n<td>Sablare, serigrafie, aurire, pulverizare, embosare, lustruire, decalcomanii<\/td>\n<\/tr>\n<tr>\n<td><strong>Certific\u0103ri<\/strong><\/td>\n<td>CE, ISO, BSCI, REACH<\/td>\n<\/tr>\n<tr>\n<td><strong>Op\u021biuni de ambalare<\/strong><\/td>\n<td>Pale\u021bi de lemn, cutii de carton sau ambalaje personalizate<\/td>\n<\/tr>\n<\/tbody>\n<\/table>\n<h2>Sfaturi pentru ambalare:<\/h2>\n<p>Un brand a folosit aceast\u0103 sticl\u0103 ca recipient pentru noul s\u0103u aftershave. Prin ad\u0103ugarea unui finisaj negru mat \u0219i a unei relief\u0103ri aurii, au creat o estetic\u0103 elegant\u0103 \u0219i \u00eendr\u0103znea\u021b\u0103, ceea ce le-a sporit vizibilitatea \u00een c\u0103ut\u0103rile online. Durabilitatea acestor sticle \u0219i certificarea CE le-au permis s\u0103 intre rapid pe pia\u021ba european\u0103.<\/p>","protected":false},"excerpt":{"rendered":"<p>Descoper\u0103 sticlu\u021be de parfum \u0219i aftershave de 100 ml pentru afacerea ta cu parfumuri. Personalizeaz\u0103 designurile, comenzi rapide en-gros \u0219i certific\u0103ri globale.<\/p>","protected":false},"featured_media":3101,"comment_status":"open","ping_status":"closed","template":"","meta":{"_acf_changed":false,"site-sidebar-layout":"default","site-content-layout":"","ast-site-content-layout":"default","site-content-style":"default","site-sidebar-style":"default","ast-global-header-display":"","ast-banner-title-visibility":"","ast-main-header-display":"","ast-hfb-above-header-display":"","ast-hfb-below-header-display":"","ast-hfb-mobile-header-display":"","site-post-title":"","ast-breadcrumbs-content":"","ast-featured-img":"","footer-sml-layout":"","ast-disable-related-posts":"","theme-transparent-header-meta":"default","adv-header-id-meta":"","stick-header-meta":"","header-above-stick-meta":"","header-main-stick-meta":"","header-below-stick-meta":"","astra-migrate-meta-layouts":"set","ast-page-background-enabled":"default","ast-page-background-meta":{"desktop":{"background-color":"var(--ast-global-color-5)","background-image":"","background-repeat":"repeat","background-position":"center center","background-size":"auto","background-attachment":"scroll","background-type":"","background-media":"","overlay-type":"","overlay-color":"","overlay-opacity":"","overlay-gradient":""},"tablet":{"background-color":"","background-image":"","background-repeat":"repeat","background-position":"center center","background-size":"auto","background-attachment":"scroll","background-type":"","background-media":"","overlay-type":"","overlay-color":"","overlay-opacity":"","overlay-gradient":""},"mobile":{"background-color":"","background-image":"","background-repeat":"repeat","background-position":"center center","background-size":"auto","background-attachment":"scroll","background-type":"","background-media":"","overlay-type":"","overlay-color":"","overlay-opacity":"","overlay-gradient":""}},"ast-content-background-meta":{"desktop":{"background-color":"var(--ast-global-color-4)","background-image":"","background-repeat":"repeat","background-position":"center center","background-size":"auto","background-attachment":"scroll","background-type":"","background-media":"","overlay-type":"","overlay-color":"","overlay-opacity":"","overlay-gradient":""},"tablet":{"background-color":"var(--ast-global-color-4)","background-image":"","background-repeat":"repeat","background-position":"center center","background-size":"auto","background-attachment":"scroll","background-type":"","background-media":"","overlay-type":"","overlay-color":"","overlay-opacity":"","overlay-gradient":""},"mobile":{"background-color":"var(--ast-global-color-4)","background-image":"","background-repeat":"repeat","background-position":"center center","background-size":"auto","background-attachment":"scroll","background-type":"","background-media":"","overlay-type":"","overlay-color":"","overlay-opacity":"","overlay-gradient":""}}},"product_brand":[],"product_cat":[72,91],"product_tag":[],"class_list":{"0":"post-3099","1":"product","2":"type-product","3":"status-publish","4":"has-post-thumbnail","6":"product_cat-cosmetic-packaging","7":"product_cat-custom-perfume-bottles","8":"desktop-align-left","9":"tablet-align-left","10":"mobile-align-left","12":"first","13":"instock","14":"shipping-taxable","15":"product-type-simple"},"acf":[],"jetpack_sharing_enabled":true,"_links":{"self":[{"href":"https:\/\/theperfumebottles.com\/ro\/wp-json\/wp\/v2\/product\/3099","targetHints":{"allow":["GET"]}}],"collection":[{"href":"https:\/\/theperfumebottles.com\/ro\/wp-json\/wp\/v2\/product"}],"about":[{"href":"https:\/\/theperfumebottles.com\/ro\/wp-json\/wp\/v2\/types\/product"}],"replies":[{"embeddable":true,"href":"https:\/\/theperfumebottles.com\/ro\/wp-json\/wp\/v2\/comments?post=3099"}],"wp:featuredmedia":[{"embeddable":true,"href":"https:\/\/theperfumebottles.com\/ro\/wp-json\/wp\/v2\/media\/3101"}],"wp:attachment":[{"href":"https:\/\/theperfumebottles.com\/ro\/wp-json\/wp\/v2\/media?parent=3099"}],"wp:term":[{"taxonomy":"product_brand","embeddable":true,"href":"https:\/\/theperfumebottles.com\/ro\/wp-json\/wp\/v2\/product_brand?post=3099"},{"taxonomy":"product_cat","embeddable":true,"href":"https:\/\/theperfumebottles.com\/ro\/wp-json\/wp\/v2\/product_cat?post=3099"},{"taxonomy":"product_tag","embeddable":true,"href":"https:\/\/theperfumebottles.com\/ro\/wp-json\/wp\/v2\/product_tag?post=3099"}],"curies":[{"name":"wp","href":"https:\/\/api.w.org\/{rel}","templated":true}]}}