{"id":3139,"date":"2025-04-22T09:35:30","date_gmt":"2025-04-22T09:35:30","guid":{"rendered":"https:\/\/theperfumebottles.com\/?post_type=product&#038;p=3139"},"modified":"2026-01-04T09:16:43","modified_gmt":"2026-01-04T01:16:43","slug":"30ml-45ml-small-glass-perfume-bottles-portable-fragrance-bottle-solutions","status":"publish","type":"product","link":"https:\/\/theperfumebottles.com\/ro\/produs\/30ml-45ml-small-glass-perfume-bottles-portable-fragrance-bottle-solutions\/","title":{"rendered":"Sticlu\u021be mici de parfum din sticl\u0103 de 30 ml \u0219i 45 ml \u2013 Solu\u021bii portabile pentru sticle de parfum"},"content":{"rendered":"<p>Fie c\u0103 sunte\u021bi \u00een c\u0103utarea unui design portabil al sticlei de parfum sau dori\u021bi s\u0103 crea\u021bi un aspect impresionant cu o sticl\u0103 compact\u0103 de parfum, seria noastr\u0103 PB-YX15 va fi alegerea dvs. de top.<\/p>\n<figure id=\"attachment_3144\" aria-describedby=\"caption-attachment-3144\" style=\"width: 500px\" class=\"wp-caption aligncenter\"><img fetchpriority=\"high\" decoding=\"async\" class=\"wp-image-3144\" src=\"https:\/\/theperfumebottles.com\/wp-content\/uploads\/2025\/04\/small-glass-perfume-bottles-YX15-details.webp\" alt=\"sticlu\u021be mici de parfum din sticl\u0103\" width=\"500\" height=\"500\" srcset=\"https:\/\/theperfumebottles.com\/wp-content\/uploads\/2025\/04\/small-glass-perfume-bottles-YX15-details.webp 800w, https:\/\/theperfumebottles.com\/wp-content\/uploads\/2025\/04\/small-glass-perfume-bottles-YX15-details-300x300.webp 300w, https:\/\/theperfumebottles.com\/wp-content\/uploads\/2025\/04\/small-glass-perfume-bottles-YX15-details-150x150.webp 150w, https:\/\/theperfumebottles.com\/wp-content\/uploads\/2025\/04\/small-glass-perfume-bottles-YX15-details-768x768.webp 768w, https:\/\/theperfumebottles.com\/wp-content\/uploads\/2025\/04\/small-glass-perfume-bottles-YX15-details-12x12.webp 12w, https:\/\/theperfumebottles.com\/wp-content\/uploads\/2025\/04\/small-glass-perfume-bottles-YX15-details-600x600.webp 600w, https:\/\/theperfumebottles.com\/wp-content\/uploads\/2025\/04\/small-glass-perfume-bottles-YX15-details-100x100.webp 100w\" sizes=\"(max-width: 500px) 100vw, 500px\" \/><figcaption id=\"caption-attachment-3144\" class=\"wp-caption-text\">YX15 flacon de parfum portabil<\/figcaption><\/figure>\n<h2>Specifica\u021bii<\/h2>\n<table style=\"border-collapse: collapse;margin-left: auto;margin-right: auto;width: 80%\" border=\"0\" width=\"80%\" cellspacing=\"0\" cellpadding=\"0\">\n<tbody>\n<tr style=\"height: 13.50pt\">\n<td style=\"height: 13.50pt;width: 72.00pt\" width=\"96\" height=\"18\">Model<\/td>\n<td style=\"width: 65.25pt\" width=\"87\">Capacitate<\/td>\n<td style=\"width: 76.50pt\" width=\"102\">Dimensiune<\/td>\n<td style=\"width: 59.25pt\" width=\"79\">Calibru<\/td>\n<td style=\"width: 79.50pt\" width=\"106\">Culoarea sticlei<\/td>\n<td style=\"width: 92.25pt\" width=\"123\">Op\u021biuni de pompare<\/td>\n<\/tr>\n<tr style=\"height: 13.50pt\">\n<td style=\"height: 13.50pt\" height=\"18\">PB-YX1501<\/td>\n<td>30 ml<\/td>\n<td>38 * 38 * 80 mm<\/td>\n<td>15 mm<\/td>\n<td>Transparent<\/td>\n<td>Aur, Argint<\/td>\n<\/tr>\n<tr style=\"height: 13.50pt\">\n<td style=\"height: 13.50pt\" height=\"18\">PB-YX1502<\/td>\n<td>45ml<\/td>\n<td>38 * 38 * 116 mm<\/td>\n<td>15 mm<\/td>\n<td>Transparent<\/td>\n<td>Aur, Argint<\/td>\n<\/tr>\n<\/tbody>\n<\/table>\n<h2>Schimb de cazuri reale:<\/h2>\n<p>Un client care conduce o marc\u0103 de parfumuri de tip boutique a reajustat stilul general de ambalare dup\u0103 ce a trecut la sticla noastr\u0103 mic\u0103 de sticl\u0103. Ghici\u021bi ce s-a \u00eent\u00e2mplat? Nu numai c\u0103 brandul arat\u0103 mai elegant, dar \u0219i v\u00e2nz\u0103rile au crescut cu aproape 30% \u00een c\u00e2teva luni!<\/p>\n<p>Dac\u0103 dori\u021bi ca produsul dvs. s\u0103 nu fie doar utilizat, ci \u0219i \"colec\u021bionat\" \u0219i \"expus\", atunci \u00eencerca\u021bi seria PB-YX15. Nu este doar o sticl\u0103 de parfum, ci \u0219i o experien\u021b\u0103 minunat\u0103 pe care oamenii sunt dispu\u0219i s\u0103 \u0219i-o aminteasc\u0103.<\/p>","protected":false},"excerpt":{"rendered":"<p>Explora\u021bi sticlele noastre de parfum din sticl\u0103 mici \u0219i elegante. Solu\u021bii portabile pentru sticle de parfum care sunt perfecte pentru nevoile dvs. de afaceri.<\/p>","protected":false},"featured_media":3140,"comment_status":"open","ping_status":"closed","template":"","meta":{"_acf_changed":false,"site-sidebar-layout":"default","site-content-layout":"","ast-site-content-layout":"default","site-content-style":"default","site-sidebar-style":"default","ast-global-header-display":"","ast-banner-title-visibility":"","ast-main-header-display":"","ast-hfb-above-header-display":"","ast-hfb-below-header-display":"","ast-hfb-mobile-header-display":"","site-post-title":"","ast-breadcrumbs-content":"","ast-featured-img":"","footer-sml-layout":"","ast-disable-related-posts":"","theme-transparent-header-meta":"default","adv-header-id-meta":"","stick-header-meta":"","header-above-stick-meta":"","header-main-stick-meta":"","header-below-stick-meta":"","astra-migrate-meta-layouts":"set","ast-page-background-enabled":"default","ast-page-background-meta":{"desktop":{"background-color":"var(--ast-global-color-5)","background-image":"","background-repeat":"repeat","background-position":"center center","background-size":"auto","background-attachment":"scroll","background-type":"","background-media":"","overlay-type":"","overlay-color":"","overlay-opacity":"","overlay-gradient":""},"tablet":{"background-color":"","background-image":"","background-repeat":"repeat","background-position":"center center","background-size":"auto","background-attachment":"scroll","background-type":"","background-media":"","overlay-type":"","overlay-color":"","overlay-opacity":"","overlay-gradient":""},"mobile":{"background-color":"","background-image":"","background-repeat":"repeat","background-position":"center center","background-size":"auto","background-attachment":"scroll","background-type":"","background-media":"","overlay-type":"","overlay-color":"","overlay-opacity":"","overlay-gradient":""}},"ast-content-background-meta":{"desktop":{"background-color":"var(--ast-global-color-4)","background-image":"","background-repeat":"repeat","background-position":"center center","background-size":"auto","background-attachment":"scroll","background-type":"","background-media":"","overlay-type":"","overlay-color":"","overlay-opacity":"","overlay-gradient":""},"tablet":{"background-color":"var(--ast-global-color-4)","background-image":"","background-repeat":"repeat","background-position":"center center","background-size":"auto","background-attachment":"scroll","background-type":"","background-media":"","overlay-type":"","overlay-color":"","overlay-opacity":"","overlay-gradient":""},"mobile":{"background-color":"var(--ast-global-color-4)","background-image":"","background-repeat":"repeat","background-position":"center center","background-size":"auto","background-attachment":"scroll","background-type":"","background-media":"","overlay-type":"","overlay-color":"","overlay-opacity":"","overlay-gradient":""}}},"product_brand":[],"product_cat":[72,91,41],"product_tag":[],"class_list":{"0":"post-3139","1":"product","2":"type-product","3":"status-publish","4":"has-post-thumbnail","6":"product_cat-cosmetic-packaging","7":"product_cat-custom-perfume-bottles","8":"product_cat-perfume-bottles","9":"desktop-align-left","10":"tablet-align-left","11":"mobile-align-left","13":"first","14":"instock","15":"shipping-taxable","16":"product-type-simple"},"acf":[],"jetpack_sharing_enabled":true,"_links":{"self":[{"href":"https:\/\/theperfumebottles.com\/ro\/wp-json\/wp\/v2\/product\/3139","targetHints":{"allow":["GET"]}}],"collection":[{"href":"https:\/\/theperfumebottles.com\/ro\/wp-json\/wp\/v2\/product"}],"about":[{"href":"https:\/\/theperfumebottles.com\/ro\/wp-json\/wp\/v2\/types\/product"}],"replies":[{"embeddable":true,"href":"https:\/\/theperfumebottles.com\/ro\/wp-json\/wp\/v2\/comments?post=3139"}],"wp:featuredmedia":[{"embeddable":true,"href":"https:\/\/theperfumebottles.com\/ro\/wp-json\/wp\/v2\/media\/3140"}],"wp:attachment":[{"href":"https:\/\/theperfumebottles.com\/ro\/wp-json\/wp\/v2\/media?parent=3139"}],"wp:term":[{"taxonomy":"product_brand","embeddable":true,"href":"https:\/\/theperfumebottles.com\/ro\/wp-json\/wp\/v2\/product_brand?post=3139"},{"taxonomy":"product_cat","embeddable":true,"href":"https:\/\/theperfumebottles.com\/ro\/wp-json\/wp\/v2\/product_cat?post=3139"},{"taxonomy":"product_tag","embeddable":true,"href":"https:\/\/theperfumebottles.com\/ro\/wp-json\/wp\/v2\/product_tag?post=3139"}],"curies":[{"name":"wp","href":"https:\/\/api.w.org\/{rel}","templated":true}]}}