{"id":3145,"date":"2025-04-24T05:57:06","date_gmt":"2025-04-24T05:57:06","guid":{"rendered":"https:\/\/theperfumebottles.com\/?post_type=product&#038;p=3145"},"modified":"2026-04-06T15:10:24","modified_gmt":"2026-04-06T07:10:24","slug":"crimped-fancy-perfume-bottles-wholesale","status":"publish","type":"product","link":"https:\/\/theperfumebottles.com\/ro\/produs\/crimped-fancy-perfume-bottles-wholesale\/","title":{"rendered":"Sticle de parfum fancy sertizate de 50 ml 100 ml pentru v\u00e2nzare en-gros"},"content":{"rendered":"<p>Aceste sticle de parfum elegante, en-gros, prezint\u0103 un design puternic, sub form\u0103 de coloan\u0103 p\u0103trat\u0103, care folose\u0219te sticl\u0103 transparent\u0103 ca material de construc\u021bie. P\u0103r\u021bile laterale sunt \u00eempodobite cu caneluri verticale \u0219i un panou ad\u00e2nc \u00een form\u0103 de U, \u00een timp ce capacele sunt realizate din metal rotund, lucios, auriu sau argintiu.<\/p>\n<figure id=\"attachment_3146\" aria-describedby=\"caption-attachment-3146\" style=\"width: 500px\" class=\"wp-caption aligncenter\"><img fetchpriority=\"high\" decoding=\"async\" class=\"wp-image-3146\" src=\"https:\/\/theperfumebottles.com\/wp-content\/uploads\/2025\/04\/crimp-perfume-bottles-yx16-pb.webp\" alt=\"sticle de parfum sertizate\" width=\"500\" height=\"500\" srcset=\"https:\/\/theperfumebottles.com\/wp-content\/uploads\/2025\/04\/crimp-perfume-bottles-yx16-pb.webp 1000w, https:\/\/theperfumebottles.com\/wp-content\/uploads\/2025\/04\/crimp-perfume-bottles-yx16-pb-300x300.webp 300w, https:\/\/theperfumebottles.com\/wp-content\/uploads\/2025\/04\/crimp-perfume-bottles-yx16-pb-150x150.webp 150w, https:\/\/theperfumebottles.com\/wp-content\/uploads\/2025\/04\/crimp-perfume-bottles-yx16-pb-768x768.webp 768w, https:\/\/theperfumebottles.com\/wp-content\/uploads\/2025\/04\/crimp-perfume-bottles-yx16-pb-12x12.webp 12w, https:\/\/theperfumebottles.com\/wp-content\/uploads\/2025\/04\/crimp-perfume-bottles-yx16-pb-600x600.webp 600w, https:\/\/theperfumebottles.com\/wp-content\/uploads\/2025\/04\/crimp-perfume-bottles-yx16-pb-100x100.webp 100w\" sizes=\"(max-width: 500px) 100vw, 500px\" \/><figcaption id=\"caption-attachment-3146\" class=\"wp-caption-text\">sticle de parfum elegante en-gros<\/figcaption><\/figure>\n<h2>Specifica\u021bii cheie<\/h2>\n<figure id=\"attachment_3148\" aria-describedby=\"caption-attachment-3148\" style=\"width: 500px\" class=\"wp-caption aligncenter\"><img decoding=\"async\" class=\"wp-image-3148\" src=\"https:\/\/theperfumebottles.com\/wp-content\/uploads\/2025\/04\/fancy-perfume-bottles-wholesale-yx16-shape.webp\" alt=\"sticle de parfum elegante en-gros\" width=\"500\" height=\"500\" srcset=\"https:\/\/theperfumebottles.com\/wp-content\/uploads\/2025\/04\/fancy-perfume-bottles-wholesale-yx16-shape.webp 1000w, https:\/\/theperfumebottles.com\/wp-content\/uploads\/2025\/04\/fancy-perfume-bottles-wholesale-yx16-shape-300x300.webp 300w, https:\/\/theperfumebottles.com\/wp-content\/uploads\/2025\/04\/fancy-perfume-bottles-wholesale-yx16-shape-150x150.webp 150w, https:\/\/theperfumebottles.com\/wp-content\/uploads\/2025\/04\/fancy-perfume-bottles-wholesale-yx16-shape-768x768.webp 768w, https:\/\/theperfumebottles.com\/wp-content\/uploads\/2025\/04\/fancy-perfume-bottles-wholesale-yx16-shape-12x12.webp 12w, https:\/\/theperfumebottles.com\/wp-content\/uploads\/2025\/04\/fancy-perfume-bottles-wholesale-yx16-shape-600x600.webp 600w, https:\/\/theperfumebottles.com\/wp-content\/uploads\/2025\/04\/fancy-perfume-bottles-wholesale-yx16-shape-100x100.webp 100w\" sizes=\"(max-width: 500px) 100vw, 500px\" \/><figcaption id=\"caption-attachment-3148\" class=\"wp-caption-text\">sticl\u0103 de parfum cu g\u00e2t sertizat<\/figcaption><\/figure>\n<table>\n<thead>\n<tr>\n<th>Specifica\u021bii<\/th>\n<th>PB-YX1601<\/th>\n<th>PB-YX1602<\/th>\n<\/tr>\n<\/thead>\n<tbody>\n<tr>\n<td>Capacitate<\/td>\n<td>50 ml<\/td>\n<td>100 ml<\/td>\n<\/tr>\n<tr>\n<td>Dimensiune<\/td>\n<td>38*38*80 mm<\/td>\n<td>38*38*116 mm<\/td>\n<\/tr>\n<tr>\n<td>Calibru<\/td>\n<td>15 mm<\/td>\n<td>15 mm<\/td>\n<\/tr>\n<tr>\n<td>Culoarea sticlei<\/td>\n<td>Transparent<\/td>\n<td>Transparent<\/td>\n<\/tr>\n<tr>\n<td>Pompa<\/td>\n<td>Aur, Argint, Negru<\/td>\n<td>Aur, Argint, Negru<\/td>\n<\/tr>\n<tr>\n<td>Tipul de etan\u0219are<\/td>\n<td>G\u00e2tul sertizat<\/td>\n<td>G\u00e2tul sertizat<\/td>\n<\/tr>\n<\/tbody>\n<\/table>\n<h2>Poveste de succes: Comand\u0103 personalizat\u0103 de la un brand european de mod\u0103 de lux<\/h2>\n<p>O cas\u0103 de mod\u0103 italian\u0103 a selectat sticlu\u021bele noastre de parfum p\u0103trate, cu sertizare, \u00eempreun\u0103 cu crea\u021bia lor special\u0103 de parfum, care avea un capac placat cu aur de 18K \u0219i un corp din sticl\u0103 gri fumurie. Designul personalizat al sticlei de parfum a avut un mare succes, deoarece aspectul s\u0103u de lux i-a permis s\u0103 se v\u00e2nd\u0103 cu 40% mai mult dec\u00e2t produsele din liniile anterioare, \u00een timp ce forma sa distinctiv\u0103 a devenit un element principal de design care a generat cu 300% mai mult interes pe re\u021belele sociale \u00eenainte ca produsul s\u0103 fie pus \u00een v\u00e2nzare. Baz\u00e2ndu-se pe acest succes, brandul a plasat o comand\u0103 suplimentar\u0103 de 250.000 de sticlu\u021be pentru noua sa linie de parfumuri unisex \u0219i colabor\u0103ri artistice \u00een edi\u021bie limitat\u0103.<\/p>\n<h2>Sugestii de personalizare a sticlelor de parfum cu sertizare<\/h2>\n<ul>\n<li>Material \u0219i finisaj capac: Oferim diferite op\u021biuni de capace metalice, cu patru stiluri de finisaj diferite, inclusiv modele mat \u0219i lucioase, cioc\u0103nite \u0219i incrustate cu cristale.<\/li>\n<li>Varia\u021bii de textur\u0103 \u0219i model: Utilizatorii pot crea diverse modele de panouri laterale prin intermediul a trei op\u021biuni de design, care includ modele te\u0219ite \u0219i modele geometrice \u0219i o combina\u021bie de elemente frontale netede \u0219i elemente laterale texturate.<\/li>\n<li>Modele de caneluri \u00een U: Utilizatorii pot crea modele personalizate de caneluri \u00een U prin intermediul a trei op\u021biuni de design disponibile, care includ modele \u00een form\u0103 de V \u0219i forme ondulate, precum \u0219i modele geometrice specifice utilizate de marca lor.<\/li>\n<\/ul>","protected":false},"excerpt":{"rendered":"<p>Sticle de parfum elegante de \u00eenalt\u0103 calitate, en-gros, cu finisaj texturat din sticl\u0103. Sticlele de parfum sertizate asigur\u0103 o etan\u0219are sigur\u0103. Pre\u021buri directe din fabric\u0103 disponibile.<\/p>","protected":false},"featured_media":3147,"comment_status":"open","ping_status":"closed","template":"","meta":{"_acf_changed":false,"site-sidebar-layout":"default","site-content-layout":"","ast-site-content-layout":"default","site-content-style":"default","site-sidebar-style":"default","ast-global-header-display":"","ast-banner-title-visibility":"","ast-main-header-display":"","ast-hfb-above-header-display":"","ast-hfb-below-header-display":"","ast-hfb-mobile-header-display":"","site-post-title":"","ast-breadcrumbs-content":"","ast-featured-img":"","footer-sml-layout":"","ast-disable-related-posts":"","theme-transparent-header-meta":"default","adv-header-id-meta":"","stick-header-meta":"","header-above-stick-meta":"","header-main-stick-meta":"","header-below-stick-meta":"","astra-migrate-meta-layouts":"set","ast-page-background-enabled":"default","ast-page-background-meta":{"desktop":{"background-color":"var(--ast-global-color-5)","background-image":"","background-repeat":"repeat","background-position":"center center","background-size":"auto","background-attachment":"scroll","background-type":"","background-media":"","overlay-type":"","overlay-color":"","overlay-opacity":"","overlay-gradient":""},"tablet":{"background-color":"","background-image":"","background-repeat":"repeat","background-position":"center center","background-size":"auto","background-attachment":"scroll","background-type":"","background-media":"","overlay-type":"","overlay-color":"","overlay-opacity":"","overlay-gradient":""},"mobile":{"background-color":"","background-image":"","background-repeat":"repeat","background-position":"center center","background-size":"auto","background-attachment":"scroll","background-type":"","background-media":"","overlay-type":"","overlay-color":"","overlay-opacity":"","overlay-gradient":""}},"ast-content-background-meta":{"desktop":{"background-color":"var(--ast-global-color-4)","background-image":"","background-repeat":"repeat","background-position":"center center","background-size":"auto","background-attachment":"scroll","background-type":"","background-media":"","overlay-type":"","overlay-color":"","overlay-opacity":"","overlay-gradient":""},"tablet":{"background-color":"var(--ast-global-color-4)","background-image":"","background-repeat":"repeat","background-position":"center center","background-size":"auto","background-attachment":"scroll","background-type":"","background-media":"","overlay-type":"","overlay-color":"","overlay-opacity":"","overlay-gradient":""},"mobile":{"background-color":"var(--ast-global-color-4)","background-image":"","background-repeat":"repeat","background-position":"center center","background-size":"auto","background-attachment":"scroll","background-type":"","background-media":"","overlay-type":"","overlay-color":"","overlay-opacity":"","overlay-gradient":""}}},"product_brand":[],"product_cat":[91,72,41],"product_tag":[],"class_list":{"0":"post-3145","1":"product","2":"type-product","3":"status-publish","4":"has-post-thumbnail","6":"product_cat-custom-perfume-bottles","7":"product_cat-cosmetic-packaging","8":"product_cat-perfume-bottles","9":"desktop-align-left","10":"tablet-align-left","11":"mobile-align-left","13":"first","14":"instock","15":"shipping-taxable","16":"product-type-simple"},"acf":[],"jetpack_sharing_enabled":true,"_links":{"self":[{"href":"https:\/\/theperfumebottles.com\/ro\/wp-json\/wp\/v2\/product\/3145","targetHints":{"allow":["GET"]}}],"collection":[{"href":"https:\/\/theperfumebottles.com\/ro\/wp-json\/wp\/v2\/product"}],"about":[{"href":"https:\/\/theperfumebottles.com\/ro\/wp-json\/wp\/v2\/types\/product"}],"replies":[{"embeddable":true,"href":"https:\/\/theperfumebottles.com\/ro\/wp-json\/wp\/v2\/comments?post=3145"}],"wp:featuredmedia":[{"embeddable":true,"href":"https:\/\/theperfumebottles.com\/ro\/wp-json\/wp\/v2\/media\/3147"}],"wp:attachment":[{"href":"https:\/\/theperfumebottles.com\/ro\/wp-json\/wp\/v2\/media?parent=3145"}],"wp:term":[{"taxonomy":"product_brand","embeddable":true,"href":"https:\/\/theperfumebottles.com\/ro\/wp-json\/wp\/v2\/product_brand?post=3145"},{"taxonomy":"product_cat","embeddable":true,"href":"https:\/\/theperfumebottles.com\/ro\/wp-json\/wp\/v2\/product_cat?post=3145"},{"taxonomy":"product_tag","embeddable":true,"href":"https:\/\/theperfumebottles.com\/ro\/wp-json\/wp\/v2\/product_tag?post=3145"}],"curies":[{"name":"wp","href":"https:\/\/api.w.org\/{rel}","templated":true}]}}