{"id":3212,"date":"2025-04-27T07:08:23","date_gmt":"2025-04-27T07:08:23","guid":{"rendered":"https:\/\/theperfumebottles.com\/?post_type=product&#038;p=3212"},"modified":"2025-04-27T07:08:25","modified_gmt":"2025-04-27T07:08:25","slug":"premium-circle-perfume-bottles-with-fan-shaped-caps","status":"publish","type":"product","link":"https:\/\/theperfumebottles.com\/ro\/produs\/premium-circle-perfume-bottles-with-fan-shaped-caps\/","title":{"rendered":"Sticle de parfum premium circulare cu capace \u00een form\u0103 de evantai pentru brandul t\u0103u"},"content":{"rendered":"<h2><strong>Specifica\u021bii<\/strong><\/h2>\n<table>\n<thead>\n<tr>\n<th>Model<\/th>\n<th>Capacitate<\/th>\n<th>Dimensiuni (mm)<\/th>\n<th>Culori cap de pomp\u0103<\/th>\n<th>Certific\u0103ri<\/th>\n<\/tr>\n<\/thead>\n<tbody>\n<tr>\n<td>PB-YX1901<\/td>\n<td>30 ml<\/td>\n<td>64\u00d728\u00d772<\/td>\n<td>Argint \/ Aur \/ Negru<\/td>\n<td>CE, ISO, BSCI, REACH<\/td>\n<\/tr>\n<tr>\n<td>PB-YX1902<\/td>\n<td>50 ml<\/td>\n<td>75\u00d725\u00d785<\/td>\n<td>Argint \/ Aur \/ Negru<\/td>\n<td>CE, ISO, BSCI, REACH<\/td>\n<\/tr>\n<tr>\n<td>PB-YX1903<\/td>\n<td>100 ml<\/td>\n<td>86\u00d736\u00d790<\/td>\n<td>Argint \/ Aur \/ Negru<\/td>\n<td>CE, ISO, BSCI, REACH<\/td>\n<\/tr>\n<\/tbody>\n<\/table>\n<h2>Sfaturi pentru ambalare<\/h2>\n<p>Un brand european de parfumuri de lux a lucrat recent cu noi pentru a personaliza sticla de parfum PB-YX1902 de 50 ml cu un cap de pomp\u0103 din aur roz \u0219i logo gravat. Datorit\u0103 ambalajului unic \u0219i texturii de \u00eenalt\u0103 calitate, v\u00e2nz\u0103rile sale de parfumuri au crescut cu 30% \u00een trei luni.<\/p>\n<h3>Sugestii<\/h3>\n<p>Culoare \u0219i finisaj: Ad\u0103uga\u021bi textur\u0103 metalic\u0103 sau imprimare la cald pentru a o face mai atr\u0103g\u0103toare.<\/p>\n<p>Design de etichet\u0103: Combina\u021bi cu etichetele noastre goale pentru a v\u0103 crea imaginea de marc\u0103.<\/p>\n<p>Ambalare \u00een vrac: Alege\u021bi \u00eentre pale\u021bi de lemn sau cutii ecologice pentru comenzile en-gros.<\/p>\n<p>Noi acord\u0103m prioritate cre\u0219terii afacerilor. Cu pre\u021buri en-gros \u0219i livrare rapid\u0103 (7-15 zile pentru articolele din stoc), v\u0103 pute\u021bi concentra pe parfumul parfumului dvs., iar noi vom avea grij\u0103 de ambalare.<\/p>","protected":false},"excerpt":{"rendered":"<p>Descoperi\u021bi sticlele de parfum de lux \u00een form\u0103 de cerc cu capace \u00een form\u0103 de evantai. Op\u021biuni de personalizare \u0219i en-gros \u00een vrac. Perfect pentru brandurile care caut\u0103 ambalaje premium pentru parfumuri.<\/p>","protected":false},"featured_media":3214,"comment_status":"open","ping_status":"closed","template":"","meta":{"_acf_changed":false,"site-sidebar-layout":"default","site-content-layout":"","ast-site-content-layout":"default","site-content-style":"default","site-sidebar-style":"default","ast-global-header-display":"","ast-banner-title-visibility":"","ast-main-header-display":"","ast-hfb-above-header-display":"","ast-hfb-below-header-display":"","ast-hfb-mobile-header-display":"","site-post-title":"","ast-breadcrumbs-content":"","ast-featured-img":"","footer-sml-layout":"","ast-disable-related-posts":"","theme-transparent-header-meta":"default","adv-header-id-meta":"","stick-header-meta":"","header-above-stick-meta":"","header-main-stick-meta":"","header-below-stick-meta":"","astra-migrate-meta-layouts":"set","ast-page-background-enabled":"default","ast-page-background-meta":{"desktop":{"background-color":"var(--ast-global-color-5)","background-image":"","background-repeat":"repeat","background-position":"center center","background-size":"auto","background-attachment":"scroll","background-type":"","background-media":"","overlay-type":"","overlay-color":"","overlay-opacity":"","overlay-gradient":""},"tablet":{"background-color":"","background-image":"","background-repeat":"repeat","background-position":"center center","background-size":"auto","background-attachment":"scroll","background-type":"","background-media":"","overlay-type":"","overlay-color":"","overlay-opacity":"","overlay-gradient":""},"mobile":{"background-color":"","background-image":"","background-repeat":"repeat","background-position":"center center","background-size":"auto","background-attachment":"scroll","background-type":"","background-media":"","overlay-type":"","overlay-color":"","overlay-opacity":"","overlay-gradient":""}},"ast-content-background-meta":{"desktop":{"background-color":"var(--ast-global-color-4)","background-image":"","background-repeat":"repeat","background-position":"center center","background-size":"auto","background-attachment":"scroll","background-type":"","background-media":"","overlay-type":"","overlay-color":"","overlay-opacity":"","overlay-gradient":""},"tablet":{"background-color":"var(--ast-global-color-4)","background-image":"","background-repeat":"repeat","background-position":"center center","background-size":"auto","background-attachment":"scroll","background-type":"","background-media":"","overlay-type":"","overlay-color":"","overlay-opacity":"","overlay-gradient":""},"mobile":{"background-color":"var(--ast-global-color-4)","background-image":"","background-repeat":"repeat","background-position":"center center","background-size":"auto","background-attachment":"scroll","background-type":"","background-media":"","overlay-type":"","overlay-color":"","overlay-opacity":"","overlay-gradient":""}}},"product_brand":[],"product_cat":[72,91,41],"product_tag":[],"class_list":{"0":"post-3212","1":"product","2":"type-product","3":"status-publish","4":"has-post-thumbnail","6":"product_cat-cosmetic-packaging","7":"product_cat-custom-perfume-bottles","8":"product_cat-perfume-bottles","9":"desktop-align-left","10":"tablet-align-left","11":"mobile-align-left","13":"first","14":"instock","15":"shipping-taxable","16":"product-type-simple"},"acf":[],"jetpack_sharing_enabled":true,"_links":{"self":[{"href":"https:\/\/theperfumebottles.com\/ro\/wp-json\/wp\/v2\/product\/3212","targetHints":{"allow":["GET"]}}],"collection":[{"href":"https:\/\/theperfumebottles.com\/ro\/wp-json\/wp\/v2\/product"}],"about":[{"href":"https:\/\/theperfumebottles.com\/ro\/wp-json\/wp\/v2\/types\/product"}],"replies":[{"embeddable":true,"href":"https:\/\/theperfumebottles.com\/ro\/wp-json\/wp\/v2\/comments?post=3212"}],"wp:featuredmedia":[{"embeddable":true,"href":"https:\/\/theperfumebottles.com\/ro\/wp-json\/wp\/v2\/media\/3214"}],"wp:attachment":[{"href":"https:\/\/theperfumebottles.com\/ro\/wp-json\/wp\/v2\/media?parent=3212"}],"wp:term":[{"taxonomy":"product_brand","embeddable":true,"href":"https:\/\/theperfumebottles.com\/ro\/wp-json\/wp\/v2\/product_brand?post=3212"},{"taxonomy":"product_cat","embeddable":true,"href":"https:\/\/theperfumebottles.com\/ro\/wp-json\/wp\/v2\/product_cat?post=3212"},{"taxonomy":"product_tag","embeddable":true,"href":"https:\/\/theperfumebottles.com\/ro\/wp-json\/wp\/v2\/product_tag?post=3212"}],"curies":[{"name":"wp","href":"https:\/\/api.w.org\/{rel}","templated":true}]}}