{"id":3235,"date":"2025-04-28T08:04:02","date_gmt":"2025-04-28T08:04:02","guid":{"rendered":"https:\/\/theperfumebottles.com\/?post_type=product&#038;p=3235"},"modified":"2026-04-07T14:19:18","modified_gmt":"2026-04-07T06:19:18","slug":"25ml-stylish-small-empty-perfume-bottles-for-wholesale","status":"publish","type":"product","link":"https:\/\/theperfumebottles.com\/ro\/produs\/25ml-stylish-small-empty-perfume-bottles-for-wholesale\/","title":{"rendered":"Sticle de parfum mici \u0219i elegante de 25 ml, goale, pentru v\u00e2nzare cu ridicata"},"content":{"rendered":"<p>Sticlu\u021bele de parfum mici, dreptunghiulare \u0219i goale, cu margini netede, creeaz\u0103 un aspect modern prin designul simetric. Corpul sticlei afi\u0219eaz\u0103 culoarea parfumului datorit\u0103 corpului din sticl\u0103 transparent\u0103 combinat cu baza groas\u0103, care \u00eembun\u0103t\u0103\u021be\u0219te stabilitatea. Produsul combin\u0103 un capac cilindric aerodinamic cu un pulverizator delicat, fiind potrivit pentru utilizarea zilnic\u0103 \u0219i pentru c\u0103l\u0103toriile compacte.<\/p>\n<h2>Specifica\u021bii cheie<\/h2>\n<p>&nbsp;<\/p>\n<table style=\"border-collapse: collapse; margin-left: auto; margin-right: auto; width: 80%;\" border=\"0\" width=\"80%\" cellspacing=\"0\" cellpadding=\"0\">\n<tbody>\n<tr style=\"height: 13.50pt;\">\n<td style=\"height: 13.5pt; width: 132pt; text-align: center;\" width=\"176\" height=\"18\"><strong>Model<\/strong><\/td>\n<td style=\"width: 195pt; text-align: center;\" width=\"260\">PB-YX2001<\/td>\n<\/tr>\n<tr style=\"height: 13.50pt;\">\n<td style=\"height: 13.5pt; text-align: center;\" height=\"18\"><strong>Dimensiune<\/strong><\/td>\n<td style=\"text-align: center;\">25 ml<\/td>\n<\/tr>\n<tr style=\"height: 13.50pt;\">\n<td style=\"height: 13.5pt; text-align: center;\" height=\"18\"><strong>Dimensiune<\/strong><\/td>\n<td style=\"text-align: center;\">32\u00d720\u00d775 mm<\/td>\n<\/tr>\n<tr style=\"height: 13.50pt;\">\n<td style=\"height: 13.5pt; text-align: center;\" height=\"18\"><strong>Calibru<\/strong><\/td>\n<td style=\"text-align: center;\">15 mm<\/td>\n<\/tr>\n<tr style=\"height: 13.50pt;\">\n<td style=\"height: 13.5pt; text-align: center;\" height=\"18\"><strong>Culori disponibile pentru pompe<\/strong><\/td>\n<td style=\"text-align: center;\">Argint, Aur, Negru<\/td>\n<\/tr>\n<tr style=\"height: 13.50pt;\">\n<td style=\"height: 13.5pt; text-align: center;\" height=\"18\"><strong>Tip de etan\u0219are<\/strong><\/td>\n<td style=\"text-align: center;\">G\u00e2tul sertizat<\/td>\n<\/tr>\n<\/tbody>\n<\/table>\n<h2>Caz de succes<\/h2>\n<p>Un brand independent de parfumuri ne-a contactat \u0219i a selectat designul sticlei noastre de parfum dreptunghiulare de 25 ml. Procesul de personalizare a sticlei a implicat aplicarea unui strat de gradient moale pe interior, care a creat un efect special ce a scos \u00een eviden\u021b\u0103 culoarea natural\u0103 a lichidului parfumat. Capacele au fost finisate personalizat \u00een dou\u0103 stiluri distincte - auriu periat \u0219i negru lucios - pentru a diferen\u021bia diferitele categorii de parfumuri. Logo-ul brandului a fost aplicat folosind o metod\u0103 precis\u0103 de serigrafie, care a oferit o aderen\u021b\u0103 superioar\u0103 la suprafa\u021b\u0103.<\/p>\n<p>Clientul a comandat produse suplimentare dup\u0103 ce a observat o cre\u0219tere de 35% a v\u00e2nz\u0103rilor de seturi cadou de prob\u0103, \u00een cele dou\u0103 luni de la lansarea lor oficial\u0103.<\/p>\n<h2>Sugestii de personalizare<\/h2>\n<p>Unul dintre clien\u021bii no\u0219tri este o companie de parfumuri de ni\u0219\u0103, care a personalizat aceste sticle pentru a comanda mostre. Au personalizat suprafa\u021ba procesului de \u0219tan\u021bare la cald \u0219i decora\u021biunea de pe g\u00e2t. Ambalajul elegant le-a \u00eembun\u0103t\u0103\u021bit imaginea m\u0103rcii, cresc\u00e2nd astfel cererile en-gros.<\/p>\n<p>De la selectarea unei pompe de pulverizare, a unui capac, p\u00e2n\u0103 la alegerea unui carton sau a unei cutii, echipa noastr\u0103 poate proiecta o solu\u021bie de ambalare care s\u0103 se potriveasc\u0103 nevoilor afacerii dumneavoastr\u0103.<\/p>","protected":false},"excerpt":{"rendered":"<p>Sticlu\u021be de parfum mici, goale, de \u00eenalt\u0103 calitate, pentru angrosi\u0219ti, livrare direct\u0103 din fabric\u0103, design personalizabil \u0219i livrare rapid\u0103. Sticlu\u021be de parfum mini, goale, vrac.<\/p>","protected":false},"featured_media":3238,"comment_status":"open","ping_status":"closed","template":"","meta":{"_acf_changed":false,"site-sidebar-layout":"default","site-content-layout":"","ast-site-content-layout":"default","site-content-style":"default","site-sidebar-style":"default","ast-global-header-display":"","ast-banner-title-visibility":"","ast-main-header-display":"","ast-hfb-above-header-display":"","ast-hfb-below-header-display":"","ast-hfb-mobile-header-display":"","site-post-title":"","ast-breadcrumbs-content":"","ast-featured-img":"","footer-sml-layout":"","ast-disable-related-posts":"","theme-transparent-header-meta":"default","adv-header-id-meta":"","stick-header-meta":"","header-above-stick-meta":"","header-main-stick-meta":"","header-below-stick-meta":"","astra-migrate-meta-layouts":"set","ast-page-background-enabled":"default","ast-page-background-meta":{"desktop":{"background-color":"var(--ast-global-color-5)","background-image":"","background-repeat":"repeat","background-position":"center center","background-size":"auto","background-attachment":"scroll","background-type":"","background-media":"","overlay-type":"","overlay-color":"","overlay-opacity":"","overlay-gradient":""},"tablet":{"background-color":"","background-image":"","background-repeat":"repeat","background-position":"center center","background-size":"auto","background-attachment":"scroll","background-type":"","background-media":"","overlay-type":"","overlay-color":"","overlay-opacity":"","overlay-gradient":""},"mobile":{"background-color":"","background-image":"","background-repeat":"repeat","background-position":"center center","background-size":"auto","background-attachment":"scroll","background-type":"","background-media":"","overlay-type":"","overlay-color":"","overlay-opacity":"","overlay-gradient":""}},"ast-content-background-meta":{"desktop":{"background-color":"var(--ast-global-color-4)","background-image":"","background-repeat":"repeat","background-position":"center center","background-size":"auto","background-attachment":"scroll","background-type":"","background-media":"","overlay-type":"","overlay-color":"","overlay-opacity":"","overlay-gradient":""},"tablet":{"background-color":"var(--ast-global-color-4)","background-image":"","background-repeat":"repeat","background-position":"center center","background-size":"auto","background-attachment":"scroll","background-type":"","background-media":"","overlay-type":"","overlay-color":"","overlay-opacity":"","overlay-gradient":""},"mobile":{"background-color":"var(--ast-global-color-4)","background-image":"","background-repeat":"repeat","background-position":"center center","background-size":"auto","background-attachment":"scroll","background-type":"","background-media":"","overlay-type":"","overlay-color":"","overlay-opacity":"","overlay-gradient":""}}},"product_brand":[],"product_cat":[74,72,41],"product_tag":[],"class_list":{"0":"post-3235","1":"product","2":"type-product","3":"status-publish","4":"has-post-thumbnail","6":"product_cat-mini-perfume-bottles","7":"product_cat-cosmetic-packaging","8":"product_cat-perfume-bottles","9":"desktop-align-left","10":"tablet-align-left","11":"mobile-align-left","13":"first","14":"instock","15":"shipping-taxable","16":"product-type-simple"},"acf":[],"jetpack_sharing_enabled":true,"_links":{"self":[{"href":"https:\/\/theperfumebottles.com\/ro\/wp-json\/wp\/v2\/product\/3235","targetHints":{"allow":["GET"]}}],"collection":[{"href":"https:\/\/theperfumebottles.com\/ro\/wp-json\/wp\/v2\/product"}],"about":[{"href":"https:\/\/theperfumebottles.com\/ro\/wp-json\/wp\/v2\/types\/product"}],"replies":[{"embeddable":true,"href":"https:\/\/theperfumebottles.com\/ro\/wp-json\/wp\/v2\/comments?post=3235"}],"wp:featuredmedia":[{"embeddable":true,"href":"https:\/\/theperfumebottles.com\/ro\/wp-json\/wp\/v2\/media\/3238"}],"wp:attachment":[{"href":"https:\/\/theperfumebottles.com\/ro\/wp-json\/wp\/v2\/media?parent=3235"}],"wp:term":[{"taxonomy":"product_brand","embeddable":true,"href":"https:\/\/theperfumebottles.com\/ro\/wp-json\/wp\/v2\/product_brand?post=3235"},{"taxonomy":"product_cat","embeddable":true,"href":"https:\/\/theperfumebottles.com\/ro\/wp-json\/wp\/v2\/product_cat?post=3235"},{"taxonomy":"product_tag","embeddable":true,"href":"https:\/\/theperfumebottles.com\/ro\/wp-json\/wp\/v2\/product_tag?post=3235"}],"curies":[{"name":"wp","href":"https:\/\/api.w.org\/{rel}","templated":true}]}}