{"id":3250,"date":"2025-04-30T09:16:37","date_gmt":"2025-04-30T09:16:37","guid":{"rendered":"https:\/\/theperfumebottles.com\/?post_type=product&#038;p=3250"},"modified":"2025-05-23T13:25:40","modified_gmt":"2025-05-23T05:25:40","slug":"minimalist-perfume-bottle-for-modern-fragrance-brands","status":"publish","type":"product","link":"https:\/\/theperfumebottles.com\/ro\/produs\/minimalist-perfume-bottle-for-modern-fragrance-brands\/","title":{"rendered":"Sticl\u0103 de parfum minimalist\u0103 de 30 ml, 50 ml, 100 ml, pentru m\u0103rci de parfumuri moderne"},"content":{"rendered":"<p>Colec\u021bia noastr\u0103 PB-YX22 de recipiente minimaliste pentru parfumuri are o form\u0103 dreptunghiular\u0103 ordonat\u0103, rotunjit\u0103. Sticla de cristal eviden\u021biaz\u0103 transparen\u021ba \u0219i puritatea materialului, dezvolt\u00e2nd un aspect elegant \u0219i stilat. Capacul dreptunghiular este oferit \u00een argintiu, auriu \u0219i negru, ceea ce include \u00een aspectul total sofisticare \u0219i varietate.<\/p>\n<table style=\"border-collapse: collapse; margin-left: auto; margin-right: auto; width: 162.03pt;\" border=\"0\" width=\"216\" cellspacing=\"0\" cellpadding=\"0\">\n<tbody>\n<tr style=\"height: 13.50pt;\">\n<td style=\"height: 13.50pt; width: 54.00pt;\" width=\"72\" height=\"18\">\n<p><figure id=\"attachment_3251\" aria-describedby=\"caption-attachment-3251\" style=\"width: 300px\" class=\"wp-caption aligncenter\"><img fetchpriority=\"high\" decoding=\"async\" class=\"wp-image-3251 size-medium\" src=\"https:\/\/theperfumebottles.com\/wp-content\/uploads\/2025\/04\/minimalist-perfume-bottle-yx2201-300x300.webp\" alt=\"sticl\u0103 de parfum minimalist\u0103\" width=\"300\" height=\"300\" srcset=\"https:\/\/theperfumebottles.com\/wp-content\/uploads\/2025\/04\/minimalist-perfume-bottle-yx2201-300x300.webp 300w, https:\/\/theperfumebottles.com\/wp-content\/uploads\/2025\/04\/minimalist-perfume-bottle-yx2201-150x150.webp 150w, https:\/\/theperfumebottles.com\/wp-content\/uploads\/2025\/04\/minimalist-perfume-bottle-yx2201-768x768.webp 768w, https:\/\/theperfumebottles.com\/wp-content\/uploads\/2025\/04\/minimalist-perfume-bottle-yx2201-12x12.webp 12w, https:\/\/theperfumebottles.com\/wp-content\/uploads\/2025\/04\/minimalist-perfume-bottle-yx2201-600x600.webp 600w, https:\/\/theperfumebottles.com\/wp-content\/uploads\/2025\/04\/minimalist-perfume-bottle-yx2201-100x100.webp 100w, https:\/\/theperfumebottles.com\/wp-content\/uploads\/2025\/04\/minimalist-perfume-bottle-yx2201.webp 1000w\" sizes=\"(max-width: 300px) 100vw, 300px\" \/><figcaption id=\"caption-attachment-3251\" class=\"wp-caption-text\">30ml PB-YX2201<\/figcaption><\/figure><\/td>\n<td style=\"width: 54.00pt;\" width=\"72\">\n<p><figure id=\"attachment_3252\" aria-describedby=\"caption-attachment-3252\" style=\"width: 300px\" class=\"wp-caption aligncenter\"><img decoding=\"async\" class=\"wp-image-3252 size-medium\" src=\"https:\/\/theperfumebottles.com\/wp-content\/uploads\/2025\/04\/minimalist-perfume-bottle-yx2202-300x300.webp\" alt=\"sticl\u0103 de parfum minimalist\u0103\" width=\"300\" height=\"300\" srcset=\"https:\/\/theperfumebottles.com\/wp-content\/uploads\/2025\/04\/minimalist-perfume-bottle-yx2202-300x300.webp 300w, https:\/\/theperfumebottles.com\/wp-content\/uploads\/2025\/04\/minimalist-perfume-bottle-yx2202-150x150.webp 150w, https:\/\/theperfumebottles.com\/wp-content\/uploads\/2025\/04\/minimalist-perfume-bottle-yx2202-768x768.webp 768w, https:\/\/theperfumebottles.com\/wp-content\/uploads\/2025\/04\/minimalist-perfume-bottle-yx2202-12x12.webp 12w, https:\/\/theperfumebottles.com\/wp-content\/uploads\/2025\/04\/minimalist-perfume-bottle-yx2202-600x600.webp 600w, https:\/\/theperfumebottles.com\/wp-content\/uploads\/2025\/04\/minimalist-perfume-bottle-yx2202-100x100.webp 100w, https:\/\/theperfumebottles.com\/wp-content\/uploads\/2025\/04\/minimalist-perfume-bottle-yx2202.webp 1000w\" sizes=\"(max-width: 300px) 100vw, 300px\" \/><figcaption id=\"caption-attachment-3252\" class=\"wp-caption-text\">50ml PB-YX2202<\/figcaption><\/figure><\/td>\n<td style=\"width: 54.00pt;\" width=\"72\">\n<p><figure id=\"attachment_3253\" aria-describedby=\"caption-attachment-3253\" style=\"width: 300px\" class=\"wp-caption aligncenter\"><img decoding=\"async\" class=\"wp-image-3253 size-medium\" src=\"https:\/\/theperfumebottles.com\/wp-content\/uploads\/2025\/04\/minimalist-perfume-bottle-YX2203-300x300.webp\" alt=\"sticl\u0103 de parfum minimalist\u0103\" width=\"300\" height=\"300\" srcset=\"https:\/\/theperfumebottles.com\/wp-content\/uploads\/2025\/04\/minimalist-perfume-bottle-YX2203-300x300.webp 300w, https:\/\/theperfumebottles.com\/wp-content\/uploads\/2025\/04\/minimalist-perfume-bottle-YX2203-150x150.webp 150w, https:\/\/theperfumebottles.com\/wp-content\/uploads\/2025\/04\/minimalist-perfume-bottle-YX2203-768x768.webp 768w, https:\/\/theperfumebottles.com\/wp-content\/uploads\/2025\/04\/minimalist-perfume-bottle-YX2203-12x12.webp 12w, https:\/\/theperfumebottles.com\/wp-content\/uploads\/2025\/04\/minimalist-perfume-bottle-YX2203-600x600.webp 600w, https:\/\/theperfumebottles.com\/wp-content\/uploads\/2025\/04\/minimalist-perfume-bottle-YX2203-100x100.webp 100w, https:\/\/theperfumebottles.com\/wp-content\/uploads\/2025\/04\/minimalist-perfume-bottle-YX2203.webp 1000w\" sizes=\"(max-width: 300px) 100vw, 300px\" \/><figcaption id=\"caption-attachment-3253\" class=\"wp-caption-text\">100ml PB-YX2203<\/figcaption><\/figure><\/td>\n<\/tr>\n<\/tbody>\n<\/table>\n<h2>Specifica\u021bii cheie<\/h2>\n<table style=\"border-collapse: collapse; width: 80%; margin-left: auto; margin-right: auto;\" border=\"0\" width=\"80%\" cellspacing=\"0\" cellpadding=\"0\">\n<tbody>\n<tr style=\"height: 13.50pt;\">\n<td style=\"height: 13.50pt; width: 98.25pt;\" width=\"131\" height=\"18\"><strong>Model<\/strong><\/td>\n<td style=\"width: 110.25pt;\" width=\"147\"><strong>PB-YX2201<\/strong><\/td>\n<td style=\"width: 111.75pt;\" width=\"149\"><strong>PB-YX2202<\/strong><\/td>\n<td style=\"width: 108.00pt;\" width=\"144\"><strong>PB-YX2203<\/strong><\/td>\n<\/tr>\n<tr style=\"height: 13.50pt;\">\n<td style=\"height: 13.50pt;\" height=\"18\"><strong>Capacitate<\/strong><\/td>\n<td>30 ml<\/td>\n<td>50 ml<\/td>\n<td>100 ml<\/td>\n<\/tr>\n<tr style=\"height: 13.50pt;\">\n<td style=\"height: 13.50pt;\" height=\"18\"><strong>Dimensiuni<\/strong><\/td>\n<td>56 x 28 x 70 mm<\/td>\n<td>63 x 31 x 79 mm<\/td>\n<td>76 x 38 x 98 mm<\/td>\n<\/tr>\n<tr style=\"height: 13.50pt;\">\n<td style=\"height: 13.50pt;\" height=\"18\"><strong>Diametrul capacului<\/strong><\/td>\n<td class=\"et2\" colspan=\"3\">15 mm<\/td>\n<\/tr>\n<tr style=\"height: 13.50pt;\">\n<td style=\"height: 13.50pt;\" height=\"18\"><strong>Op\u021biuni de culoare pentru capac<\/strong><\/td>\n<td class=\"et2\" colspan=\"3\">Argint, Aur, Negru<\/td>\n<\/tr>\n<tr style=\"height: 13.50pt;\">\n<td style=\"height: 13.50pt;\" height=\"18\"><strong>Tip de etan\u0219are<\/strong><\/td>\n<td class=\"et2\" colspan=\"3\">G\u00e2tul sertizat<\/td>\n<\/tr>\n<\/tbody>\n<\/table>\n<h2>Idei de ambalare a produselor:<\/h2>\n<p>Un start-up european de parfumuri ne-a abordat pentru a dezvolta o serie de parfumuri minimaliste pentru tinerii care sunt preocupa\u021bi de mediu. Am personalizat o sticl\u0103 de sticl\u0103 de 50 ml cu o suprafa\u021b\u0103 mat\u0103 \u0219i un ambalaj de produs de baz\u0103, din carton, ecologic. \u00cen consecin\u021b\u0103, produsul a primit un feedback favorabil din partea consumatorilor, care au aplaudat \"stilul simplu\" \u0219i \"senza\u021bia de lux\", precum \u0219i pre\u021bul s\u0103u competitiv.<\/p>\n<h3>Sfaturi de personalizare:<\/h3>\n<ul>\n<li><strong>Finisaje<\/strong>: Finisajele mate \u0219i lucioase ale sticlei pot include o rat\u0103 estetic\u0103 de interes pentru produsul dumneavoastr\u0103.<\/li>\n<li><strong>Sigl\u0103<\/strong>: Gravarea cu laser sau \u0219tan\u021barea la cald pot conferi produsului dvs. un aspect premium.<\/li>\n<li><strong>Cutii<\/strong>: De la cutii de baz\u0103 la seturi cadou de lux, ideale pentru retail \u0219i cump\u0103r\u0103turi.<\/li>\n<li><strong>Public \u021bint\u0103<\/strong>: Layout-urile gotice pot atrage o anumit\u0103 pia\u021b\u0103 de ni\u0219\u0103, layout-urile minimaliste au tendin\u021ba de a atrage un public mai larg.<\/li>\n<\/ul>","protected":false},"excerpt":{"rendered":"<p>Localiza\u021bi sticle de parfum minimal premium pentru branduri de parfum contemporan. Cump\u0103ra\u021bi cu ridicata sticle de parfum moderne \u0219i \u00eembun\u0103t\u0103\u021bi\u021bi-v\u0103 ast\u0103zi ambalajul produsului.<\/p>","protected":false},"featured_media":3252,"comment_status":"open","ping_status":"closed","template":"","meta":{"_acf_changed":false,"site-sidebar-layout":"default","site-content-layout":"","ast-site-content-layout":"default","site-content-style":"default","site-sidebar-style":"default","ast-global-header-display":"","ast-banner-title-visibility":"","ast-main-header-display":"","ast-hfb-above-header-display":"","ast-hfb-below-header-display":"","ast-hfb-mobile-header-display":"","site-post-title":"","ast-breadcrumbs-content":"","ast-featured-img":"","footer-sml-layout":"","ast-disable-related-posts":"","theme-transparent-header-meta":"default","adv-header-id-meta":"","stick-header-meta":"","header-above-stick-meta":"","header-main-stick-meta":"","header-below-stick-meta":"","astra-migrate-meta-layouts":"set","ast-page-background-enabled":"default","ast-page-background-meta":{"desktop":{"background-color":"var(--ast-global-color-5)","background-image":"","background-repeat":"repeat","background-position":"center center","background-size":"auto","background-attachment":"scroll","background-type":"","background-media":"","overlay-type":"","overlay-color":"","overlay-opacity":"","overlay-gradient":""},"tablet":{"background-color":"","background-image":"","background-repeat":"repeat","background-position":"center center","background-size":"auto","background-attachment":"scroll","background-type":"","background-media":"","overlay-type":"","overlay-color":"","overlay-opacity":"","overlay-gradient":""},"mobile":{"background-color":"","background-image":"","background-repeat":"repeat","background-position":"center center","background-size":"auto","background-attachment":"scroll","background-type":"","background-media":"","overlay-type":"","overlay-color":"","overlay-opacity":"","overlay-gradient":""}},"ast-content-background-meta":{"desktop":{"background-color":"var(--ast-global-color-4)","background-image":"","background-repeat":"repeat","background-position":"center center","background-size":"auto","background-attachment":"scroll","background-type":"","background-media":"","overlay-type":"","overlay-color":"","overlay-opacity":"","overlay-gradient":""},"tablet":{"background-color":"var(--ast-global-color-4)","background-image":"","background-repeat":"repeat","background-position":"center center","background-size":"auto","background-attachment":"scroll","background-type":"","background-media":"","overlay-type":"","overlay-color":"","overlay-opacity":"","overlay-gradient":""},"mobile":{"background-color":"var(--ast-global-color-4)","background-image":"","background-repeat":"repeat","background-position":"center center","background-size":"auto","background-attachment":"scroll","background-type":"","background-media":"","overlay-type":"","overlay-color":"","overlay-opacity":"","overlay-gradient":""}}},"product_brand":[],"product_cat":[72,91,41],"product_tag":[],"class_list":{"0":"post-3250","1":"product","2":"type-product","3":"status-publish","4":"has-post-thumbnail","6":"product_cat-cosmetic-packaging","7":"product_cat-custom-perfume-bottles","8":"product_cat-perfume-bottles","9":"desktop-align-left","10":"tablet-align-left","11":"mobile-align-left","13":"first","14":"instock","15":"shipping-taxable","16":"product-type-simple"},"acf":[],"jetpack_sharing_enabled":true,"_links":{"self":[{"href":"https:\/\/theperfumebottles.com\/ro\/wp-json\/wp\/v2\/product\/3250","targetHints":{"allow":["GET"]}}],"collection":[{"href":"https:\/\/theperfumebottles.com\/ro\/wp-json\/wp\/v2\/product"}],"about":[{"href":"https:\/\/theperfumebottles.com\/ro\/wp-json\/wp\/v2\/types\/product"}],"replies":[{"embeddable":true,"href":"https:\/\/theperfumebottles.com\/ro\/wp-json\/wp\/v2\/comments?post=3250"}],"wp:featuredmedia":[{"embeddable":true,"href":"https:\/\/theperfumebottles.com\/ro\/wp-json\/wp\/v2\/media\/3252"}],"wp:attachment":[{"href":"https:\/\/theperfumebottles.com\/ro\/wp-json\/wp\/v2\/media?parent=3250"}],"wp:term":[{"taxonomy":"product_brand","embeddable":true,"href":"https:\/\/theperfumebottles.com\/ro\/wp-json\/wp\/v2\/product_brand?post=3250"},{"taxonomy":"product_cat","embeddable":true,"href":"https:\/\/theperfumebottles.com\/ro\/wp-json\/wp\/v2\/product_cat?post=3250"},{"taxonomy":"product_tag","embeddable":true,"href":"https:\/\/theperfumebottles.com\/ro\/wp-json\/wp\/v2\/product_tag?post=3250"}],"curies":[{"name":"wp","href":"https:\/\/api.w.org\/{rel}","templated":true}]}}