{"id":3300,"date":"2025-05-12T06:03:14","date_gmt":"2025-05-12T06:03:14","guid":{"rendered":"https:\/\/theperfumebottles.com\/?post_type=product&#038;p=3300"},"modified":"2025-05-23T11:48:09","modified_gmt":"2025-05-23T03:48:09","slug":"55ml-portable-perfume-bottles-with-diamond-cap","status":"publish","type":"product","link":"https:\/\/theperfumebottles.com\/ro\/produs\/55ml-portable-perfume-bottles-with-diamond-cap\/","title":{"rendered":"Sticl\u0103 de parfum portabil\u0103 de 55 ml cu capac cu diamant"},"content":{"rendered":"<p>Sticle de parfum mobile premium de 55 ml pentru parfumuri high-end. Dispozi\u021bii reglabile ale spa\u021biilor de sticl\u0103, comenzi \u00een vrac \u0219i ambalaje simplificate - perfecte pentru m\u0103rci de parfumuri \u0219i angrosi\u0219ti. Sticla noastr\u0103 portabil\u0103 de parfum PB-YZ05 este mai mult dec\u00e2t un simplu ambalaj de produs; este un starter de conversa\u021bie.<\/p>\n<p>Femeilor moderne le place din ce \u00een ce mai mult s\u0103 poarte parfum cu ele. Ele pot purta \u00eentotdeauna parfumul lor preferat. Fie c\u0103 este vorba de un parfum proasp\u0103t \u0219i elegant sau de o ap\u0103 de colonie bogat\u0103, putem personaliza flaconul pentru a se potrivi stilului m\u0103rcii dvs. Comenzile \u00een vrac pot reduce costurile f\u0103r\u0103 a compromite calitatea.<\/p>\n<figure id=\"attachment_3296\" aria-describedby=\"caption-attachment-3296\" style=\"width: 500px\" class=\"wp-caption aligncenter\"><img fetchpriority=\"high\" decoding=\"async\" class=\"wp-image-3296\" src=\"https:\/\/theperfumebottles.com\/wp-content\/uploads\/2025\/05\/portable-perfume-bottle-yz05pb.webp\" alt=\"sticl\u0103 de parfum portabil\u0103\" width=\"500\" height=\"500\" srcset=\"https:\/\/theperfumebottles.com\/wp-content\/uploads\/2025\/05\/portable-perfume-bottle-yz05pb.webp 1000w, https:\/\/theperfumebottles.com\/wp-content\/uploads\/2025\/05\/portable-perfume-bottle-yz05pb-300x300.webp 300w, https:\/\/theperfumebottles.com\/wp-content\/uploads\/2025\/05\/portable-perfume-bottle-yz05pb-150x150.webp 150w, https:\/\/theperfumebottles.com\/wp-content\/uploads\/2025\/05\/portable-perfume-bottle-yz05pb-768x768.webp 768w, https:\/\/theperfumebottles.com\/wp-content\/uploads\/2025\/05\/portable-perfume-bottle-yz05pb-12x12.webp 12w, https:\/\/theperfumebottles.com\/wp-content\/uploads\/2025\/05\/portable-perfume-bottle-yz05pb-600x600.webp 600w, https:\/\/theperfumebottles.com\/wp-content\/uploads\/2025\/05\/portable-perfume-bottle-yz05pb-100x100.webp 100w\" sizes=\"(max-width: 500px) 100vw, 500px\" \/><figcaption id=\"caption-attachment-3296\" class=\"wp-caption-text\">Sticl\u0103 de parfum portabil\u0103 de 55 ml<\/figcaption><\/figure>\n<h2>Specifica\u021bii cheie<\/h2>\n<p>&nbsp;<\/p>\n<table style=\"border-collapse: collapse; margin-left: auto; margin-right: auto; width: 80%;\" border=\"0\" width=\"80%\" cellspacing=\"0\" cellpadding=\"0\">\n<tbody>\n<tr style=\"height: 13.50pt;\">\n<td style=\"height: 13.50pt; width: 102.00pt;\" width=\"136\" height=\"18\"><strong>Model<\/strong><\/td>\n<td style=\"width: 219.00pt;\" width=\"292\">PB-YZ05<\/td>\n<\/tr>\n<tr style=\"height: 13.50pt;\">\n<td style=\"height: 13.50pt;\" height=\"18\"><strong>Capacitate<\/strong><\/td>\n<td>55ml<\/td>\n<\/tr>\n<tr style=\"height: 13.50pt;\">\n<td style=\"height: 13.50pt;\" height=\"18\"><strong>Dimensiuni<\/strong><\/td>\n<td>40mm (diametru) x 102mm (\u00een\u0103l\u021bime)<\/td>\n<\/tr>\n<tr style=\"height: 13.50pt;\">\n<td style=\"height: 13.50pt;\" height=\"18\"><strong>Calibru<\/strong><\/td>\n<td>15 mm<\/td>\n<\/tr>\n<tr style=\"height: 13.50pt;\">\n<td style=\"height: 13.50pt;\" height=\"18\"><strong>Material<\/strong><\/td>\n<td>Sticl\u0103 de cristal, capac acrilic, accente metalice<\/td>\n<\/tr>\n<tr style=\"height: 13.50pt;\">\n<td style=\"height: 13.50pt;\" height=\"18\"><strong>Tipul de etan\u0219are<\/strong><\/td>\n<td>G\u00e2t de sertizare + pulverizator<\/td>\n<\/tr>\n<tr style=\"height: 13.50pt;\">\n<td style=\"height: 13.50pt;\" height=\"18\"><strong>Culoare<\/strong><\/td>\n<td>personalizabil<\/td>\n<\/tr>\n<\/tbody>\n<\/table>\n<h2>Ambalajul produsului Case:<\/h2>\n<p>O anumit\u0103 marc\u0103 de parfum de ni\u0219\u0103 de \u00eenalt\u0103 calitate a personalizat flaconul nostru portabil de parfum spray de 55 ml cu etichete autocolante, o pomp\u0103 aurie \u0219i modele de um\u0103r, care se potriveau stilului s\u0103u de \"sofisticare str\u0103lucitoare\" \u0219i au condus la dezvoltarea v\u00e2nz\u0103rilor de 32% pe parcursul sezonului de vacan\u021b\u0103.<\/p>\n<h3>Indicatori de personalizare:<\/h3>\n<ul>\n<li>Ad\u0103uga\u021bi logo-ul m\u0103rcii dvs. pe sticl\u0103 \u0219i capac pentru a spori recunoa\u0219terea m\u0103rcii.<\/li>\n<li>Culoarea capacului trebuie s\u0103 se potriveasc\u0103 cu parfumul (de exemplu, roz pentru un parfum de trandafiri).<\/li>\n<li>Atunci c\u00e2nd comanda\u021bi en-gros, \u00eel pute\u021bi combina cu o pung\u0103 de catifea pentru a crea un ambalaj estetic premium pentru produse.<\/li>\n<li>Cupla\u021bi-l cu un set de testare a uleiurilor parfumate pentru a crea un set cadou. Nu vinde\u021bi doar parfum; oferi\u021bi o experien\u021b\u0103 de buzunar!<\/li>\n<\/ul>","protected":false},"excerpt":{"rendered":"<p>Sticle de parfum portabile premium de 55 ml pentru parfumuri de lux. Modele de sticl\u0103 personalizabile, comenzi \u00een vrac \u0219i ambalaje elegante - ideale pentru m\u0103rci de parfumuri \u0219i angrosi\u0219ti.<\/p>","protected":false},"featured_media":3295,"comment_status":"open","ping_status":"closed","template":"","meta":{"_acf_changed":false,"site-sidebar-layout":"default","site-content-layout":"","ast-site-content-layout":"default","site-content-style":"default","site-sidebar-style":"default","ast-global-header-display":"","ast-banner-title-visibility":"","ast-main-header-display":"","ast-hfb-above-header-display":"","ast-hfb-below-header-display":"","ast-hfb-mobile-header-display":"","site-post-title":"","ast-breadcrumbs-content":"","ast-featured-img":"","footer-sml-layout":"","ast-disable-related-posts":"","theme-transparent-header-meta":"default","adv-header-id-meta":"","stick-header-meta":"","header-above-stick-meta":"","header-main-stick-meta":"","header-below-stick-meta":"","astra-migrate-meta-layouts":"set","ast-page-background-enabled":"default","ast-page-background-meta":{"desktop":{"background-color":"var(--ast-global-color-5)","background-image":"","background-repeat":"repeat","background-position":"center center","background-size":"auto","background-attachment":"scroll","background-type":"","background-media":"","overlay-type":"","overlay-color":"","overlay-opacity":"","overlay-gradient":""},"tablet":{"background-color":"","background-image":"","background-repeat":"repeat","background-position":"center center","background-size":"auto","background-attachment":"scroll","background-type":"","background-media":"","overlay-type":"","overlay-color":"","overlay-opacity":"","overlay-gradient":""},"mobile":{"background-color":"","background-image":"","background-repeat":"repeat","background-position":"center center","background-size":"auto","background-attachment":"scroll","background-type":"","background-media":"","overlay-type":"","overlay-color":"","overlay-opacity":"","overlay-gradient":""}},"ast-content-background-meta":{"desktop":{"background-color":"var(--ast-global-color-4)","background-image":"","background-repeat":"repeat","background-position":"center center","background-size":"auto","background-attachment":"scroll","background-type":"","background-media":"","overlay-type":"","overlay-color":"","overlay-opacity":"","overlay-gradient":""},"tablet":{"background-color":"var(--ast-global-color-4)","background-image":"","background-repeat":"repeat","background-position":"center center","background-size":"auto","background-attachment":"scroll","background-type":"","background-media":"","overlay-type":"","overlay-color":"","overlay-opacity":"","overlay-gradient":""},"mobile":{"background-color":"var(--ast-global-color-4)","background-image":"","background-repeat":"repeat","background-position":"center center","background-size":"auto","background-attachment":"scroll","background-type":"","background-media":"","overlay-type":"","overlay-color":"","overlay-opacity":"","overlay-gradient":""}}},"product_brand":[],"product_cat":[72,91,41],"product_tag":[],"class_list":{"0":"post-3300","1":"product","2":"type-product","3":"status-publish","4":"has-post-thumbnail","6":"product_cat-cosmetic-packaging","7":"product_cat-custom-perfume-bottles","8":"product_cat-perfume-bottles","9":"desktop-align-left","10":"tablet-align-left","11":"mobile-align-left","13":"first","14":"instock","15":"shipping-taxable","16":"product-type-simple"},"acf":[],"jetpack_sharing_enabled":true,"_links":{"self":[{"href":"https:\/\/theperfumebottles.com\/ro\/wp-json\/wp\/v2\/product\/3300","targetHints":{"allow":["GET"]}}],"collection":[{"href":"https:\/\/theperfumebottles.com\/ro\/wp-json\/wp\/v2\/product"}],"about":[{"href":"https:\/\/theperfumebottles.com\/ro\/wp-json\/wp\/v2\/types\/product"}],"replies":[{"embeddable":true,"href":"https:\/\/theperfumebottles.com\/ro\/wp-json\/wp\/v2\/comments?post=3300"}],"wp:featuredmedia":[{"embeddable":true,"href":"https:\/\/theperfumebottles.com\/ro\/wp-json\/wp\/v2\/media\/3295"}],"wp:attachment":[{"href":"https:\/\/theperfumebottles.com\/ro\/wp-json\/wp\/v2\/media?parent=3300"}],"wp:term":[{"taxonomy":"product_brand","embeddable":true,"href":"https:\/\/theperfumebottles.com\/ro\/wp-json\/wp\/v2\/product_brand?post=3300"},{"taxonomy":"product_cat","embeddable":true,"href":"https:\/\/theperfumebottles.com\/ro\/wp-json\/wp\/v2\/product_cat?post=3300"},{"taxonomy":"product_tag","embeddable":true,"href":"https:\/\/theperfumebottles.com\/ro\/wp-json\/wp\/v2\/product_tag?post=3300"}],"curies":[{"name":"wp","href":"https:\/\/api.w.org\/{rel}","templated":true}]}}