{"id":3325,"date":"2025-05-14T03:26:10","date_gmt":"2025-05-14T03:26:10","guid":{"rendered":"https:\/\/theperfumebottles.com\/?post_type=product&#038;p=3325"},"modified":"2025-05-23T10:54:00","modified_gmt":"2025-05-23T02:54:00","slug":"premium-perfume-bottles-recyclable-modern-fragrance-bottle-set","status":"publish","type":"product","link":"https:\/\/theperfumebottles.com\/ro\/produs\/premium-perfume-bottles-recyclable-modern-fragrance-bottle-set\/","title":{"rendered":"Set de sticle de parfum reciclabile de 50 ml 100 ml pentru m\u0103rci de parfumuri"},"content":{"rendered":"<p>Setul nostru de flacoane de parfum PB-YZ06 este o combina\u021bie perfect\u0103 de sustenabilitate, stil \u0219i practicitate. Setul nostru de flacoane de parfum PB-YZ06 combin\u0103 sustenabilitatea, moda \u0219i practicitatea. Potrivit pentru ambalarea parfumurilor, apei de colonie, a apelor florale sau a produselor din uleiuri esen\u021biale etc. \u00cen plus, op\u021biunile noastre de personalizare complet\u0103 v\u0103 pot exprima pe deplin creativitatea.<\/p>\n<figure id=\"attachment_3330\" aria-describedby=\"caption-attachment-3330\" style=\"width: 500px\" class=\"wp-caption aligncenter\"><img fetchpriority=\"high\" decoding=\"async\" class=\"wp-image-3330\" src=\"https:\/\/theperfumebottles.com\/wp-content\/uploads\/2025\/05\/perfume-bottles-recyclable-pbyz06.webp\" alt=\"Sticle parfum premium reciclabile | Set modern de sticlu\u021be parfum\" width=\"500\" height=\"500\" srcset=\"https:\/\/theperfumebottles.com\/wp-content\/uploads\/2025\/05\/perfume-bottles-recyclable-pbyz06.webp 1000w, https:\/\/theperfumebottles.com\/wp-content\/uploads\/2025\/05\/perfume-bottles-recyclable-pbyz06-300x300.webp 300w, https:\/\/theperfumebottles.com\/wp-content\/uploads\/2025\/05\/perfume-bottles-recyclable-pbyz06-150x150.webp 150w, https:\/\/theperfumebottles.com\/wp-content\/uploads\/2025\/05\/perfume-bottles-recyclable-pbyz06-768x768.webp 768w, https:\/\/theperfumebottles.com\/wp-content\/uploads\/2025\/05\/perfume-bottles-recyclable-pbyz06-12x12.webp 12w, https:\/\/theperfumebottles.com\/wp-content\/uploads\/2025\/05\/perfume-bottles-recyclable-pbyz06-600x600.webp 600w, https:\/\/theperfumebottles.com\/wp-content\/uploads\/2025\/05\/perfume-bottles-recyclable-pbyz06-100x100.webp 100w\" sizes=\"(max-width: 500px) 100vw, 500px\" \/><figcaption id=\"caption-attachment-3330\" class=\"wp-caption-text\">Set Premium de Sticlu\u021be Parfum<\/figcaption><\/figure>\n<h2>Specifica\u021bii cheie<\/h2>\n<table border=\"0\" width=\"80%\" cellspacing=\"0\" cellpadding=\"0\">\n<tbody>\n<tr>\n<td width=\"96\" height=\"18\">Model<\/td>\n<td width=\"93\">Capacitate<\/td>\n<td width=\"104\">Dimensiunea sticlei<\/td>\n<td width=\"128\">Material<\/td>\n<td width=\"211\">Tipul de etan\u0219are<\/td>\n<td width=\"225\">Op\u021biuni de culoare<\/td>\n<\/tr>\n<tr>\n<td height=\"18\">PB-YZ0601<\/td>\n<td>50 ml<\/td>\n<td>47 * 81mm<\/td>\n<td>Sticl\u0103 de cristal<\/td>\n<td>G\u00e2t cu \u00eencre\u021bire 15mm + Pulverizator<\/td>\n<td>Transparent + Argintiu\/Roz<\/td>\n<\/tr>\n<tr>\n<td height=\"18\">PB-YZ0602<\/td>\n<td>100 ml<\/td>\n<td>59 * 103mm<\/td>\n<td>Sticl\u0103 de cristal<\/td>\n<td>G\u00e2t cu \u00eencre\u021bire 15mm + Pulverizator<\/td>\n<td>Transparent + Argintiu\/Negru<\/td>\n<\/tr>\n<\/tbody>\n<\/table>\n<h2>Sugestii de ambalare<\/h2>\n<p>Brandul independent Bloom &amp; Mist \u0219i-a lansat colec\u021bia de parfumuri unisex cu flaconul nostru PB-YZ0601 (50 ml). Au personalizat capacele cu o finisare auriu roz \u0219i au ad\u0103ugat o etichet\u0103 minimalist\u0103, ceea ce a contribuit la o cre\u0219tere a v\u00e2nz\u0103rilor cu 27% \u00een primul trimestru.<\/p>\n<h2>Sfaturi de personalizare:<\/h2>\n<p>Alege\u021bi culorile m\u0103rcii dvs.: Atunci c\u00e2nd comanda\u021bi en-gros, culorile capacelor ar trebui s\u0103 se potriveasc\u0103 cu identitatea m\u0103rcii dvs.<\/p>\n<p>Capace: Aceste flacoane de parfum pot fi asociate cu capace metalice cu pulverizator pentru un aspect luxos.<\/p>\n<p>Finisaje: Alege\u021bi un finisaj mat pentru un aspect minimalist.<\/p>\n<h2>De ce s\u0103 alege\u021bi sticlele noastre de parfum?<\/h2>\n<p>Indiferent dac\u0103 ave\u021bi nevoie de flacoane de parfum simple pentru o comand\u0103 mic\u0103 sau de ambalaje cosmetice personalizate en-gros, seturile noastre versatile de flacoane de parfum v\u0103 ofer\u0103 tot ce ave\u021bi nevoie: livrare rapid\u0103, durabilitate \u0219i multe altele.<\/p>\n<p>Ave\u021bi nevoie de ajutor? V\u0103 vom ghida de la design la livrare! Comanda\u021bi ast\u0103zi setul dvs. de flacoane de parfum returnabile \u2014 beneficia\u021bi de reduceri en-gros la comenzile comerciale en-gros!<\/p>","protected":false},"excerpt":{"rendered":"<p>Ridica\u021bi la un nivel superior brandul dumneavoastr\u0103 de parfumuri cu setul nostru de flacoane. Flacoane de parfum elegante, personalizabile \u0219i reciclabile pentru parfumuri de dam\u0103, ap\u0103 de colonie pentru b\u0103rba\u021bi \u0219i uleiuri aromatice.<\/p>","protected":false},"featured_media":3333,"comment_status":"open","ping_status":"closed","template":"","meta":{"_acf_changed":false,"site-sidebar-layout":"default","site-content-layout":"","ast-site-content-layout":"default","site-content-style":"default","site-sidebar-style":"default","ast-global-header-display":"","ast-banner-title-visibility":"","ast-main-header-display":"","ast-hfb-above-header-display":"","ast-hfb-below-header-display":"","ast-hfb-mobile-header-display":"","site-post-title":"","ast-breadcrumbs-content":"","ast-featured-img":"","footer-sml-layout":"","ast-disable-related-posts":"","theme-transparent-header-meta":"default","adv-header-id-meta":"","stick-header-meta":"","header-above-stick-meta":"","header-main-stick-meta":"","header-below-stick-meta":"","astra-migrate-meta-layouts":"set","ast-page-background-enabled":"default","ast-page-background-meta":{"desktop":{"background-color":"var(--ast-global-color-5)","background-image":"","background-repeat":"repeat","background-position":"center center","background-size":"auto","background-attachment":"scroll","background-type":"","background-media":"","overlay-type":"","overlay-color":"","overlay-opacity":"","overlay-gradient":""},"tablet":{"background-color":"","background-image":"","background-repeat":"repeat","background-position":"center center","background-size":"auto","background-attachment":"scroll","background-type":"","background-media":"","overlay-type":"","overlay-color":"","overlay-opacity":"","overlay-gradient":""},"mobile":{"background-color":"","background-image":"","background-repeat":"repeat","background-position":"center center","background-size":"auto","background-attachment":"scroll","background-type":"","background-media":"","overlay-type":"","overlay-color":"","overlay-opacity":"","overlay-gradient":""}},"ast-content-background-meta":{"desktop":{"background-color":"var(--ast-global-color-4)","background-image":"","background-repeat":"repeat","background-position":"center center","background-size":"auto","background-attachment":"scroll","background-type":"","background-media":"","overlay-type":"","overlay-color":"","overlay-opacity":"","overlay-gradient":""},"tablet":{"background-color":"var(--ast-global-color-4)","background-image":"","background-repeat":"repeat","background-position":"center center","background-size":"auto","background-attachment":"scroll","background-type":"","background-media":"","overlay-type":"","overlay-color":"","overlay-opacity":"","overlay-gradient":""},"mobile":{"background-color":"var(--ast-global-color-4)","background-image":"","background-repeat":"repeat","background-position":"center center","background-size":"auto","background-attachment":"scroll","background-type":"","background-media":"","overlay-type":"","overlay-color":"","overlay-opacity":"","overlay-gradient":""}}},"product_brand":[],"product_cat":[72,91,37,41],"product_tag":[],"class_list":{"0":"post-3325","1":"product","2":"type-product","3":"status-publish","4":"has-post-thumbnail","6":"product_cat-cosmetic-packaging","7":"product_cat-custom-perfume-bottles","8":"product_cat-uncategorized","9":"product_cat-perfume-bottles","10":"desktop-align-left","11":"tablet-align-left","12":"mobile-align-left","14":"first","15":"instock","16":"shipping-taxable","17":"product-type-simple"},"acf":[],"jetpack_sharing_enabled":true,"_links":{"self":[{"href":"https:\/\/theperfumebottles.com\/ro\/wp-json\/wp\/v2\/product\/3325","targetHints":{"allow":["GET"]}}],"collection":[{"href":"https:\/\/theperfumebottles.com\/ro\/wp-json\/wp\/v2\/product"}],"about":[{"href":"https:\/\/theperfumebottles.com\/ro\/wp-json\/wp\/v2\/types\/product"}],"replies":[{"embeddable":true,"href":"https:\/\/theperfumebottles.com\/ro\/wp-json\/wp\/v2\/comments?post=3325"}],"wp:featuredmedia":[{"embeddable":true,"href":"https:\/\/theperfumebottles.com\/ro\/wp-json\/wp\/v2\/media\/3333"}],"wp:attachment":[{"href":"https:\/\/theperfumebottles.com\/ro\/wp-json\/wp\/v2\/media?parent=3325"}],"wp:term":[{"taxonomy":"product_brand","embeddable":true,"href":"https:\/\/theperfumebottles.com\/ro\/wp-json\/wp\/v2\/product_brand?post=3325"},{"taxonomy":"product_cat","embeddable":true,"href":"https:\/\/theperfumebottles.com\/ro\/wp-json\/wp\/v2\/product_cat?post=3325"},{"taxonomy":"product_tag","embeddable":true,"href":"https:\/\/theperfumebottles.com\/ro\/wp-json\/wp\/v2\/product_tag?post=3325"}],"curies":[{"name":"wp","href":"https:\/\/api.w.org\/{rel}","templated":true}]}}