{"id":3409,"date":"2025-05-23T18:00:18","date_gmt":"2025-05-23T10:00:18","guid":{"rendered":"https:\/\/theperfumebottles.com\/?post_type=product&#038;p=3409"},"modified":"2025-05-26T13:33:07","modified_gmt":"2025-05-26T05:33:07","slug":"10ml-20ml-30ml-refillable-fragrance-bottle-travel-cologne-bottle","status":"publish","type":"product","link":"https:\/\/theperfumebottles.com\/ro\/produs\/10ml-20ml-30ml-refillable-fragrance-bottle-travel-cologne-bottle\/","title":{"rendered":"Sticl\u0103 de parfum re\u00eenc\u0103rcabil\u0103 de 10 ml, 20 ml, 30 ml \u0219i sticl\u0103 de colonie de c\u0103l\u0103torie"},"content":{"rendered":"<p>Sunte\u021bi, de asemenea, \u00een c\u0103utarea unui recipient care s\u0103 poat\u0103 transporta parfumul \u0219i s\u0103 transmit\u0103 sufletul brandului? Imagina\u021bi-v\u0103: atunci c\u00e2nd clientul deschide u\u0219or flaconul dvs. de parfum re\u00eenc\u0103rcabil, textura delicat\u0103 a sticlei curge \u00eentre degete, iar lichidul chihlimbar se toarn\u0103 ca m\u0103tasea, iar fiecare pic\u0103tur\u0103 spune povestea brandului dvs.<\/p>\n<h2>\nSpecifica\u021bii cheie<\/h2>\n<table style=\"border-collapse: collapse;margin-left: auto;margin-right: auto;width: 80%\" border=\"0\" width=\"80%\" cellspacing=\"0\" cellpadding=\"0\">\n<tbody>\n<tr style=\"height: 13.50pt\">\n<td style=\"height: 13.50pt;width: 109.50pt\" width=\"146\" height=\"18\"><strong>Capacitate<\/strong><\/td>\n<td style=\"width: 194.25pt\" width=\"259\">10ml, 20ml, 30ml<\/td>\n<\/tr>\n<tr style=\"height: 13.50pt\">\n<td style=\"height: 13.50pt\" height=\"18\"><strong>Material<\/strong><\/td>\n<td>Sticl\u0103 de cristal, capac metalic<\/td>\n<\/tr>\n<tr style=\"height: 13.50pt\">\n<td style=\"height: 13.50pt\" height=\"18\"><strong>Sigilare<\/strong><\/td>\n<td>g\u00e2t cu \u0219urub + duz\u0103 de pulverizare<\/td>\n<\/tr>\n<tr style=\"height: 13.50pt\">\n<td style=\"height: 13.50pt\" height=\"18\"><strong>Culoare<\/strong><\/td>\n<td>Complet personalizabil<\/td>\n<\/tr>\n<tr style=\"height: 13.50pt\">\n<td style=\"height: 13.50pt\" height=\"18\"><strong>Form\u0103<\/strong><\/td>\n<td>Cilindric<\/td>\n<\/tr>\n<tr style=\"height: 13.50pt\">\n<td style=\"height: 13.50pt\" height=\"18\"><strong>Tipul de ambalaj<\/strong><\/td>\n<td>Ambalaje cosmetice reciclabile<\/td>\n<\/tr>\n<\/tbody>\n<\/table>\n<p><img fetchpriority=\"high\" decoding=\"async\" class=\"wp-image-3402\" src=\"https:\/\/theperfumebottles.com\/wp-content\/uploads\/2025\/05\/travel-cologne-bottle-rb3020.webp\" alt=\"sticl\u0103 de colonie de c\u0103l\u0103torie\" width=\"451\" height=\"451\" srcset=\"https:\/\/theperfumebottles.com\/wp-content\/uploads\/2025\/05\/travel-cologne-bottle-rb3020.webp 1000w, https:\/\/theperfumebottles.com\/wp-content\/uploads\/2025\/05\/travel-cologne-bottle-rb3020-300x300.webp 300w, https:\/\/theperfumebottles.com\/wp-content\/uploads\/2025\/05\/travel-cologne-bottle-rb3020-150x150.webp 150w, https:\/\/theperfumebottles.com\/wp-content\/uploads\/2025\/05\/travel-cologne-bottle-rb3020-768x768.webp 768w, https:\/\/theperfumebottles.com\/wp-content\/uploads\/2025\/05\/travel-cologne-bottle-rb3020-12x12.webp 12w, https:\/\/theperfumebottles.com\/wp-content\/uploads\/2025\/05\/travel-cologne-bottle-rb3020-600x600.webp 600w, https:\/\/theperfumebottles.com\/wp-content\/uploads\/2025\/05\/travel-cologne-bottle-rb3020-100x100.webp 100w\" sizes=\"(max-width: 451px) 100vw, 451px\" \/><\/p>\n<p>&nbsp;<\/p>\n<h2>Poveste de succes \u0219i sfaturi de personalizare<\/h2>\n<p>Un brand de produse de \u00eengrijire a pielii cu care am colaborat \u0219i-a sporit reten\u021bia clien\u021bilor cu 40% folosind aceste flacoane de parfum din sticl\u0103 ca mostre de c\u0103l\u0103torie. Oferind flacoane de parfum re\u00eenc\u0103rcabile, au redus de\u0219eurile \u0219i au \u00eencurajat achizi\u021biile repetate.<\/p>\n<h2>Sfaturi de personalizare<\/h2>\n<ul>\n<li><strong>Flexibilitate de proiectare<\/strong>: Ad\u0103uga\u021bi logo-ul dvs. prin gravare sau color blocking pentru a crea un aspect specific m\u0103rcii.<\/li>\n<li><strong>Comenzi \u00een vrac<\/strong>: Comanda\u021bi en-gros pentru a v\u0103 aproviziona cu sticle de prob\u0103 pentru evenimente sau v\u00e2nzare cu am\u0103nuntul.<\/li>\n<li><strong>Marginea ecologic\u0103<\/strong>: Eviden\u021bia\u021bi sticla reciclabil\u0103 \u0219i designul portabil \u00een marketingul dvs. pentru a atrage consumatorii con\u0219tien\u021bi.<\/li>\n<\/ul>\n<h2>Las\u0103 frumuse\u021bea parfumului s\u0103 fie v\u0103zut\u0103 cu adev\u0103rat<\/h2>\n<p>Sunte\u021bi, de asemenea, \u00een c\u0103utarea unui recipient care s\u0103 poat\u0103 transporta parfumul \u0219i s\u0103 transmit\u0103 sufletul brandului? Imagina\u021bi-v\u0103: atunci c\u00e2nd clientul deschide u\u0219or flaconul de parfum, textura delicat\u0103 a sticlei curge printre degete, iar lichidul de culoarea chihlimbarului se toarn\u0103 ca m\u0103tasea, iar fiecare pic\u0103tur\u0103 spune povestea brandului dumneavoastr\u0103.<\/p>\n<p>Suntem con\u0219tien\u021bi de faptul c\u0103 consumatorii moderni cump\u0103r\u0103 nu numai parfum, ci \u0219i o experien\u021b\u0103 imersiv\u0103. Uit\u0103-te-<\/p>\n<blockquote><p>Designul rezistent la scurgeri face c\u0103l\u0103toria de afaceri elegant\u0103 \u0219i calm\u0103<\/p>\n<p>Capacul magnetic al sticlei interpreteaz\u0103 rafinamentul esteticii orientale<\/p>\n<p>Textura mat\u0103 eviden\u021biaz\u0103 senza\u021bia de high-end discret<\/p><\/blockquote>\n<p>Aceste detalii sunt revelatoare \u00een t\u0103cere: Acesta nu este un recipient mediocru, ci o oper\u0103 de art\u0103 ambulant\u0103.<\/p>\n<h2>\u00cencepe\u021bi cu ideea dvs.<\/h2>\n<p>Ave\u021bi nevoie de un designer dedicat care s\u0103 v\u0103 ajute s\u0103 crea\u021bi un punct memorabil? De la curbura sticlei la efectele de lumin\u0103 \u0219i umbr\u0103, echipa noastr\u0103 va sculpta fiecare detaliu ca pe o oper\u0103 de art\u0103. V\u0103 aminti\u021bi de clientul care dorea s\u0103 creeze conceptul de \"P\u0103dure sub clar de lun\u0103\"? Am folosit sticl\u0103 gradient + logo luminos pentru a face ca brandul ei s\u0103 ias\u0103 \u00een eviden\u021b\u0103 la expozi\u021bie.<\/p>\n<h3>\u00cen acest moment, trebuie doar s\u0103-mi spui:<\/h3>\n<p>Ce fel de temperament de brand v\u0103 a\u0219tepta\u021bi s\u0103 transmite\u021bi?<\/p>\n<p>Ce tip de experien\u021b\u0103 tactil\u0103 prefer\u0103 grupul \u021bint\u0103 de clien\u021bi?<\/p>\n<p>P.S. Nu ne crede\u021bi doar pe cuv\u00e2nt. \u00cencerca\u021bi mai \u00eent\u00e2i un lot de prob\u0103 - pentru c\u0103 un design excelent \u00eencepe cu o prim\u0103 impresie excelent\u0103.<\/p>","protected":false},"excerpt":{"rendered":"<p>Actualiza\u021bi-v\u0103 marca cu sticlele noastre de parfum re\u00eenc\u0103rcabile \u0219i sticlele de ap\u0103 de colonie de c\u0103l\u0103torie. Sticle de parfum din sticl\u0103 personalizate \u00een modele mici, portabile pentru comenzi en-gros sau \u00een vrac.<\/p>","protected":false},"featured_media":3399,"comment_status":"open","ping_status":"closed","template":"","meta":{"_acf_changed":false,"site-sidebar-layout":"default","site-content-layout":"","ast-site-content-layout":"default","site-content-style":"default","site-sidebar-style":"default","ast-global-header-display":"","ast-banner-title-visibility":"","ast-main-header-display":"","ast-hfb-above-header-display":"","ast-hfb-below-header-display":"","ast-hfb-mobile-header-display":"","site-post-title":"","ast-breadcrumbs-content":"","ast-featured-img":"","footer-sml-layout":"","ast-disable-related-posts":"","theme-transparent-header-meta":"default","adv-header-id-meta":"","stick-header-meta":"","header-above-stick-meta":"","header-main-stick-meta":"","header-below-stick-meta":"","astra-migrate-meta-layouts":"set","ast-page-background-enabled":"default","ast-page-background-meta":{"desktop":{"background-color":"var(--ast-global-color-5)","background-image":"","background-repeat":"repeat","background-position":"center center","background-size":"auto","background-attachment":"scroll","background-type":"","background-media":"","overlay-type":"","overlay-color":"","overlay-opacity":"","overlay-gradient":""},"tablet":{"background-color":"","background-image":"","background-repeat":"repeat","background-position":"center center","background-size":"auto","background-attachment":"scroll","background-type":"","background-media":"","overlay-type":"","overlay-color":"","overlay-opacity":"","overlay-gradient":""},"mobile":{"background-color":"","background-image":"","background-repeat":"repeat","background-position":"center center","background-size":"auto","background-attachment":"scroll","background-type":"","background-media":"","overlay-type":"","overlay-color":"","overlay-opacity":"","overlay-gradient":""}},"ast-content-background-meta":{"desktop":{"background-color":"var(--ast-global-color-4)","background-image":"","background-repeat":"repeat","background-position":"center center","background-size":"auto","background-attachment":"scroll","background-type":"","background-media":"","overlay-type":"","overlay-color":"","overlay-opacity":"","overlay-gradient":""},"tablet":{"background-color":"var(--ast-global-color-4)","background-image":"","background-repeat":"repeat","background-position":"center center","background-size":"auto","background-attachment":"scroll","background-type":"","background-media":"","overlay-type":"","overlay-color":"","overlay-opacity":"","overlay-gradient":""},"mobile":{"background-color":"var(--ast-global-color-4)","background-image":"","background-repeat":"repeat","background-position":"center center","background-size":"auto","background-attachment":"scroll","background-type":"","background-media":"","overlay-type":"","overlay-color":"","overlay-opacity":"","overlay-gradient":""}}},"product_brand":[],"product_cat":[72,74,90,41],"product_tag":[],"class_list":{"0":"post-3409","1":"product","2":"type-product","3":"status-publish","4":"has-post-thumbnail","6":"product_cat-cosmetic-packaging","7":"product_cat-mini-perfume-bottles","8":"product_cat-refillable-perfume-bottles","9":"product_cat-perfume-bottles","10":"desktop-align-left","11":"tablet-align-left","12":"mobile-align-left","14":"first","15":"instock","16":"shipping-taxable","17":"product-type-simple"},"acf":[],"jetpack_sharing_enabled":true,"_links":{"self":[{"href":"https:\/\/theperfumebottles.com\/ro\/wp-json\/wp\/v2\/product\/3409","targetHints":{"allow":["GET"]}}],"collection":[{"href":"https:\/\/theperfumebottles.com\/ro\/wp-json\/wp\/v2\/product"}],"about":[{"href":"https:\/\/theperfumebottles.com\/ro\/wp-json\/wp\/v2\/types\/product"}],"replies":[{"embeddable":true,"href":"https:\/\/theperfumebottles.com\/ro\/wp-json\/wp\/v2\/comments?post=3409"}],"wp:featuredmedia":[{"embeddable":true,"href":"https:\/\/theperfumebottles.com\/ro\/wp-json\/wp\/v2\/media\/3399"}],"wp:attachment":[{"href":"https:\/\/theperfumebottles.com\/ro\/wp-json\/wp\/v2\/media?parent=3409"}],"wp:term":[{"taxonomy":"product_brand","embeddable":true,"href":"https:\/\/theperfumebottles.com\/ro\/wp-json\/wp\/v2\/product_brand?post=3409"},{"taxonomy":"product_cat","embeddable":true,"href":"https:\/\/theperfumebottles.com\/ro\/wp-json\/wp\/v2\/product_cat?post=3409"},{"taxonomy":"product_tag","embeddable":true,"href":"https:\/\/theperfumebottles.com\/ro\/wp-json\/wp\/v2\/product_tag?post=3409"}],"curies":[{"name":"wp","href":"https:\/\/api.w.org\/{rel}","templated":true}]}}