{"id":3430,"date":"2025-05-26T14:39:30","date_gmt":"2025-05-26T06:39:30","guid":{"rendered":"https:\/\/theperfumebottles.com\/?post_type=product&#038;p=3430"},"modified":"2026-03-30T09:49:23","modified_gmt":"2026-03-30T01:49:23","slug":"50ml-1-7oz-perfume-bottle-for-custom-brand-packaging","status":"publish","type":"product","link":"https:\/\/theperfumebottles.com\/ro\/produs\/50ml-1-7oz-perfume-bottle-for-custom-brand-packaging\/","title":{"rendered":"Sticl\u0103 de parfum de 50 ml \/ 1,7 oz pentru ambalare personalizat\u0103 a m\u0103rcii"},"content":{"rendered":"<p>Imagina\u021bi-v\u0103 o sticl\u0103 de parfum care nu con\u021bine doar parfumul semn\u0103turii dvs., ci \u00eentruchipeaz\u0103 esen\u021ba m\u0103rcii dvs. Modelul nostru PB-YZ0801 flacon de parfum de 1,7 oz (flacon de ap\u0103 de colonie de 50 ml) este conceput pentru brandurile care solicit\u0103 at\u00e2t sofisticare, c\u00e2t \u0219i func\u021bionalitate. Fie c\u0103 lansa\u021bi o linie de lux sau ave\u021bi nevoie de ambalaje cosmetice en-gros, aceast\u0103 sticl\u0103 este p\u00e2nza dvs.<\/p>\n<h2>Specifica\u021bii cheie<\/h2>\n<table style=\"border-collapse: collapse; margin-left: auto; margin-right: auto; width: 80%;\" border=\"0\" width=\"80%\" cellspacing=\"0\" cellpadding=\"0\">\n<tbody>\n<tr style=\"height: 13.50pt;\">\n<td style=\"height: 13.50pt; width: 93.75pt;\" width=\"125\" height=\"18\"><strong>Model<\/strong><\/td>\n<td style=\"width: 222.00pt;\" width=\"296\">PB-YZ0801<\/td>\n<\/tr>\n<tr style=\"height: 13.50pt;\">\n<td style=\"height: 13.50pt;\" height=\"18\"><strong>Capacitate<\/strong><\/td>\n<td style=\"width: 222.00pt;\" width=\"296\">50ml \/ 1.7oz<\/td>\n<\/tr>\n<tr style=\"height: 13.50pt;\">\n<td style=\"height: 13.50pt;\" height=\"18\"><strong>Dimensiuni<\/strong><\/td>\n<td>43 x 96mm<\/td>\n<\/tr>\n<tr style=\"height: 13.50pt;\">\n<td style=\"height: 13.50pt;\" height=\"18\"><strong>Diametrul g\u00e2tului<\/strong><\/td>\n<td>15 mm<\/td>\n<\/tr>\n<tr style=\"height: 13.50pt;\">\n<td style=\"height: 13.50pt;\" height=\"18\"><strong>Form\u0103<\/strong><\/td>\n<td>Cilindric cu um\u0103r \u00eenclinat<\/td>\n<\/tr>\n<tr style=\"height: 13.50pt;\">\n<td style=\"height: 13.50pt;\" height=\"18\"><strong>\u00cenchidere<\/strong><\/td>\n<td>Spray + tub de imersie<\/td>\n<\/tr>\n<tr style=\"height: 13.50pt;\">\n<td style=\"height: 13.50pt;\" height=\"18\"><strong>Material<\/strong><\/td>\n<td>Sticl\u0103 sodo-calcoas\u0103 de \u00eenalt\u0103 alb\u0103<\/td>\n<\/tr>\n<tr style=\"height: 13.50pt;\">\n<td style=\"height: 13.50pt;\" height=\"18\"><strong>Op\u021biuni de culoare<\/strong><\/td>\n<td>Complet personalizabil<\/td>\n<\/tr>\n<\/tbody>\n<\/table>\n<h2>Caz de ambalare<\/h2>\n<p>Un brand de parfumuri \u00een ascensiune avea nevoie de un flacon de parfum din sticl\u0103 \u00eendr\u0103zne\u021b, dar minimalist, pentru colonia lor \"Midnight Bloom\". Prin alegerea flaconului nostru de parfum de 50 ml cu o nuan\u021b\u0103 violet\u0103 profund\u0103 \u0219i capac de aur roz, au observat o cre\u0219tere de 40% \u00een solicit\u0103rile clien\u021bilor. \"Sticlele de sticl\u0103 se sim\u021beau ca ni\u0219te bijuterii\", a declarat designerul lor principal. \"A f\u0103cut ca parfumul nostru s\u0103 se simt\u0103 ca o mo\u0219tenire\".<\/p>\n<h2>Sfaturi personalizate<\/h2>\n<ul>\n<li><strong>Culoare personalizat\u0103<\/strong>: Alege\u021bi o culoare care reflect\u0103 vibra\u021bia brandului dvs. (de exemplu, albastru cobalt pentru lini\u0219te, rubin pentru pasiune, ro\u0219u, alb, negru, orice).<\/li>\n<li><strong>Finisaj personalizat<\/strong>: Crea\u021bi o not\u0103 personal\u0103 - cum ar fi gravarea cu laser, autocolantele sau decora\u021biunile de pe g\u00e2tul sticlei.<\/li>\n<li><strong>Comand\u0103 \u00een vrac<\/strong>: Ave\u021bi nevoie de sticle de prob\u0103 pentru a testa aspectul \u00eenainte de a v\u0103 angaja? Oferim pre\u021buri en-gros pentru comenzi \u00een vrac.<\/li>\n<\/ul>\n<p>Sunte\u021bi gata s\u0103 comanda\u021bi? Haide\u021bi s\u0103 proiect\u0103m o sticl\u0103 care s\u0103 \u00eentoarc\u0103 privirile \u0219i s\u0103 creeze loialitate.<\/p>\n<p>P.S. Nu ne crede\u021bi doar pe cuv\u00e2nt. \u00cencerca\u021bi o sticl\u0103 de prob\u0103 ast\u0103zi \u0219i vede\u021bi de ce proprietarii de afaceri aviza\u021bi \u00ee\u0219i personalizeaz\u0103 propriile sticle de parfum din sticl\u0103. Urm\u0103toarea dvs. idee mare merit\u0103 un recipient pe m\u0103sura ambi\u021biei sale.<\/p>","protected":false},"excerpt":{"rendered":"<p data-spm-anchor-id=\"5176.28103460.0.i4.59d21db8X86Wee\">Descoperi\u021bi sticla noastr\u0103 de parfum de 1,7 oz (sticl\u0103 de ap\u0103 de colonie de 50 ml) - design de sticl\u0103 premium pentru m\u0103rci. Culori personalizate, op\u021biuni en-gros \u0219i ambalaje u\u0219or de transportat.<\/p>","protected":false},"featured_media":3433,"comment_status":"open","ping_status":"closed","template":"","meta":{"_acf_changed":false,"site-sidebar-layout":"default","site-content-layout":"","ast-site-content-layout":"default","site-content-style":"default","site-sidebar-style":"default","ast-global-header-display":"","ast-banner-title-visibility":"","ast-main-header-display":"","ast-hfb-above-header-display":"","ast-hfb-below-header-display":"","ast-hfb-mobile-header-display":"","site-post-title":"","ast-breadcrumbs-content":"","ast-featured-img":"","footer-sml-layout":"","ast-disable-related-posts":"","theme-transparent-header-meta":"default","adv-header-id-meta":"","stick-header-meta":"","header-above-stick-meta":"","header-main-stick-meta":"","header-below-stick-meta":"","astra-migrate-meta-layouts":"set","ast-page-background-enabled":"default","ast-page-background-meta":{"desktop":{"background-color":"var(--ast-global-color-5)","background-image":"","background-repeat":"repeat","background-position":"center center","background-size":"auto","background-attachment":"scroll","background-type":"","background-media":"","overlay-type":"","overlay-color":"","overlay-opacity":"","overlay-gradient":""},"tablet":{"background-color":"","background-image":"","background-repeat":"repeat","background-position":"center center","background-size":"auto","background-attachment":"scroll","background-type":"","background-media":"","overlay-type":"","overlay-color":"","overlay-opacity":"","overlay-gradient":""},"mobile":{"background-color":"","background-image":"","background-repeat":"repeat","background-position":"center center","background-size":"auto","background-attachment":"scroll","background-type":"","background-media":"","overlay-type":"","overlay-color":"","overlay-opacity":"","overlay-gradient":""}},"ast-content-background-meta":{"desktop":{"background-color":"var(--ast-global-color-4)","background-image":"","background-repeat":"repeat","background-position":"center center","background-size":"auto","background-attachment":"scroll","background-type":"","background-media":"","overlay-type":"","overlay-color":"","overlay-opacity":"","overlay-gradient":""},"tablet":{"background-color":"var(--ast-global-color-4)","background-image":"","background-repeat":"repeat","background-position":"center center","background-size":"auto","background-attachment":"scroll","background-type":"","background-media":"","overlay-type":"","overlay-color":"","overlay-opacity":"","overlay-gradient":""},"mobile":{"background-color":"var(--ast-global-color-4)","background-image":"","background-repeat":"repeat","background-position":"center center","background-size":"auto","background-attachment":"scroll","background-type":"","background-media":"","overlay-type":"","overlay-color":"","overlay-opacity":"","overlay-gradient":""}}},"product_brand":[],"product_cat":[91,72,41],"product_tag":[],"class_list":{"0":"post-3430","1":"product","2":"type-product","3":"status-publish","4":"has-post-thumbnail","6":"product_cat-custom-perfume-bottles","7":"product_cat-cosmetic-packaging","8":"product_cat-perfume-bottles","9":"desktop-align-left","10":"tablet-align-left","11":"mobile-align-left","13":"first","14":"instock","15":"shipping-taxable","16":"product-type-simple"},"acf":[],"jetpack_sharing_enabled":true,"_links":{"self":[{"href":"https:\/\/theperfumebottles.com\/ro\/wp-json\/wp\/v2\/product\/3430","targetHints":{"allow":["GET"]}}],"collection":[{"href":"https:\/\/theperfumebottles.com\/ro\/wp-json\/wp\/v2\/product"}],"about":[{"href":"https:\/\/theperfumebottles.com\/ro\/wp-json\/wp\/v2\/types\/product"}],"replies":[{"embeddable":true,"href":"https:\/\/theperfumebottles.com\/ro\/wp-json\/wp\/v2\/comments?post=3430"}],"wp:featuredmedia":[{"embeddable":true,"href":"https:\/\/theperfumebottles.com\/ro\/wp-json\/wp\/v2\/media\/3433"}],"wp:attachment":[{"href":"https:\/\/theperfumebottles.com\/ro\/wp-json\/wp\/v2\/media?parent=3430"}],"wp:term":[{"taxonomy":"product_brand","embeddable":true,"href":"https:\/\/theperfumebottles.com\/ro\/wp-json\/wp\/v2\/product_brand?post=3430"},{"taxonomy":"product_cat","embeddable":true,"href":"https:\/\/theperfumebottles.com\/ro\/wp-json\/wp\/v2\/product_cat?post=3430"},{"taxonomy":"product_tag","embeddable":true,"href":"https:\/\/theperfumebottles.com\/ro\/wp-json\/wp\/v2\/product_tag?post=3430"}],"curies":[{"name":"wp","href":"https:\/\/api.w.org\/{rel}","templated":true}]}}