{"id":3581,"date":"2025-06-02T12:00:15","date_gmt":"2025-06-02T04:00:15","guid":{"rendered":"https:\/\/theperfumebottles.com\/?post_type=product&#038;p=3581"},"modified":"2025-06-11T18:36:26","modified_gmt":"2025-06-11T10:36:26","slug":"50ml-100ml-luxury-glass-perfume-decanters-with-gold-lids","status":"publish","type":"product","link":"https:\/\/theperfumebottles.com\/ro\/produs\/50ml-100ml-luxury-glass-perfume-decanters-with-gold-lids\/","title":{"rendered":"Decantoare de parfum din sticl\u0103 de lux de 50 ml 100 ml cu capace aurii"},"content":{"rendered":"<p>Dac\u0103 sunte\u021bi \u00een c\u0103utarea unui decantor de parfum care va face ca parfumul brandului dvs. s\u0103 r\u0103m\u00e2n\u0103 \u00een mintea clien\u021bilor dvs. pentru o lung\u0103 perioad\u0103 de timp, arunca\u021bi o privire la PB-YZ0901 \u0219i PB-YZ0902. Acestea combin\u0103 ingenios frumuse\u021bea clasic\u0103 cu caracterul practic modern \u0219i sunt special concepute pentru brandurile care doresc s\u0103 lase o impresie profund\u0103.<\/p>\n<h2>Specifica\u021bii cheie<\/h2>\n<table style=\"border-collapse: collapse;margin-left: auto;margin-right: auto;width: 90%\" border=\"0\" width=\"90%\" cellspacing=\"0\" cellpadding=\"0\">\n<tbody>\n<tr style=\"height: 13.50pt\">\n<td style=\"height: 13.50pt;width: 96.00pt\" width=\"128\" height=\"18\"><strong>Model<\/strong><\/td>\n<td style=\"width: 75.75pt\" width=\"101\"><strong>Capacitate<\/strong><\/td>\n<td style=\"width: 99.00pt\" width=\"132\">Dimensiuni (mm)<\/td>\n<td style=\"width: 95.25pt\" width=\"127\">Diametrul g\u00e2tului<\/td>\n<td style=\"width: 160.50pt\" width=\"214\">Metoda de etan\u0219are<\/td>\n<td style=\"width: 90.75pt\" width=\"121\">Material<\/td>\n<td style=\"width: 90.75pt\" width=\"121\">Op\u021biuni de culoare<\/td>\n<\/tr>\n<tr style=\"height: 13.50pt\">\n<td style=\"height: 13.50pt\" height=\"18\">PB-YZ0901<\/td>\n<td>50 ml<\/td>\n<td>43 x 77<\/td>\n<td>15 mm<\/td>\n<td>G\u00e2t cu fixare prin presare + atomizor<\/td>\n<td>Sticl\u0103 de cristal<\/td>\n<td>Personalizabil<\/td>\n<\/tr>\n<tr style=\"height: 13.50pt\">\n<td style=\"height: 13.50pt\" height=\"18\">PB-YZ0902<\/td>\n<td>100 ml<\/td>\n<td>52 x 93<\/td>\n<td>15 mm<\/td>\n<td>G\u00e2t cu fixare prin presare + atomizor<\/td>\n<td>Sticl\u0103 de cristal<\/td>\n<td>Personalizabil<\/td>\n<\/tr>\n<\/tbody>\n<\/table>\n<h2>Poveste de succes: Saltul unui brand c\u0103tre lux<\/h2>\n<p>O marc\u0103 european\u0103 de parfumuri a ales PB-YZ0901 pentru colec\u021bia lor edi\u021bie limitat\u0103. Prin \u00eenlocuirea sticlelor vechi de plastic cu decantoare de parfum din sticl\u0103 cu capace gravate, au \u00eenregistrat o cre\u0219tere de 40% a v\u00e2nz\u0103rilor de seturi cadou. De ce? Ambalajul nu con\u021binea doar parfumul, ci spunea o poveste despre m\u0103iestrie.<\/p>\n<h2>Sfat pro pentru personalizare:<\/h2>\n<ul>\n<li><strong>Pentru parfumuri pentru b\u0103rba\u021bi<\/strong>: Opta\u021bi pentru \u0219epci marine \u0219i logo-uri minimaliste.<\/li>\n<li><strong>Pentru liniile pentru femei<\/strong>: Asocia\u021bi \u0219epci roz cu accente aurii.<\/li>\n<li><strong>Pentru cadouri<\/strong>: Ad\u0103uga\u021bi o pung\u0103 de m\u0103tase la ambalajul sticlei dvs. de parfum - transform\u0103 un produs \u00eentr-un cadou.<\/li>\n<\/ul>\n<h2>De ce func\u021bioneaz\u0103 acest lucru pentru dvs.<\/h2>\n<p>Vinde\u021bi mai mult dec\u00e2t un simplu parfum, vinde\u021bi o experien\u021b\u0103 de neuitat. Aceste flacoane de sticl\u0103 nu sunt doar recipiente pentru depozitarea parfumurilor, ci \u0219i suporturi pentru amplificarea farmecului lor, f\u0103c\u00e2nd ca fiecare pic\u0103tur\u0103 de parfum s\u0103 emane o str\u0103lucire \u0219i mai fermec\u0103toare. Imagina\u021bi-v\u0103 un client care deschide o cutie neagr\u0103 mat\u0103 pentru a g\u0103si un decantor cristalin care capteaz\u0103 lumina. Acesta nu este doar un ambalaj; este un moment.<\/p>\n<p>Ave\u021bi nevoie de ajutor s\u0103 v\u0103 decide\u021bi? Haide\u021bi s\u0103 cre\u0103m \u00eempreun\u0103 ceva de neuitat.<\/p>\n<p>P.S. Nu l\u0103sa\u021bi concuren\u021bii s\u0103 v\u0103 fure lumina reflectoarelor. Parfumul t\u0103u are nevoie de o sticl\u0103 de top care s\u0103 strige: \"Acesta este luxul\". Hai s\u0103-l facem al t\u0103u.<\/p>","protected":false},"excerpt":{"rendered":"<p>Ridica\u021bi-v\u0103 brandul cu decantoare elegante de parfum din sticl\u0103 \u0219i ambalaje premium pentru sticle. Alege\u021bi de la produc\u0103tor pentru solu\u021bii de parfumare de nivel superior.<\/p>","protected":false},"featured_media":3585,"comment_status":"open","ping_status":"closed","template":"","meta":{"_acf_changed":false,"site-sidebar-layout":"default","site-content-layout":"","ast-site-content-layout":"default","site-content-style":"default","site-sidebar-style":"default","ast-global-header-display":"","ast-banner-title-visibility":"","ast-main-header-display":"","ast-hfb-above-header-display":"","ast-hfb-below-header-display":"","ast-hfb-mobile-header-display":"","site-post-title":"","ast-breadcrumbs-content":"","ast-featured-img":"","footer-sml-layout":"","ast-disable-related-posts":"","theme-transparent-header-meta":"default","adv-header-id-meta":"","stick-header-meta":"","header-above-stick-meta":"","header-main-stick-meta":"","header-below-stick-meta":"","astra-migrate-meta-layouts":"set","ast-page-background-enabled":"default","ast-page-background-meta":{"desktop":{"background-color":"var(--ast-global-color-5)","background-image":"","background-repeat":"repeat","background-position":"center center","background-size":"auto","background-attachment":"scroll","background-type":"","background-media":"","overlay-type":"","overlay-color":"","overlay-opacity":"","overlay-gradient":""},"tablet":{"background-color":"","background-image":"","background-repeat":"repeat","background-position":"center center","background-size":"auto","background-attachment":"scroll","background-type":"","background-media":"","overlay-type":"","overlay-color":"","overlay-opacity":"","overlay-gradient":""},"mobile":{"background-color":"","background-image":"","background-repeat":"repeat","background-position":"center center","background-size":"auto","background-attachment":"scroll","background-type":"","background-media":"","overlay-type":"","overlay-color":"","overlay-opacity":"","overlay-gradient":""}},"ast-content-background-meta":{"desktop":{"background-color":"var(--ast-global-color-4)","background-image":"","background-repeat":"repeat","background-position":"center center","background-size":"auto","background-attachment":"scroll","background-type":"","background-media":"","overlay-type":"","overlay-color":"","overlay-opacity":"","overlay-gradient":""},"tablet":{"background-color":"var(--ast-global-color-4)","background-image":"","background-repeat":"repeat","background-position":"center center","background-size":"auto","background-attachment":"scroll","background-type":"","background-media":"","overlay-type":"","overlay-color":"","overlay-opacity":"","overlay-gradient":""},"mobile":{"background-color":"var(--ast-global-color-4)","background-image":"","background-repeat":"repeat","background-position":"center center","background-size":"auto","background-attachment":"scroll","background-type":"","background-media":"","overlay-type":"","overlay-color":"","overlay-opacity":"","overlay-gradient":""}}},"product_brand":[],"product_cat":[72,91,37,41],"product_tag":[89],"class_list":{"0":"post-3581","1":"product","2":"type-product","3":"status-publish","4":"has-post-thumbnail","6":"product_cat-cosmetic-packaging","7":"product_cat-custom-perfume-bottles","8":"product_cat-uncategorized","9":"product_cat-perfume-bottles","10":"product_tag-perfume-bottle","11":"desktop-align-left","12":"tablet-align-left","13":"mobile-align-left","15":"first","16":"instock","17":"shipping-taxable","18":"product-type-simple"},"acf":[],"jetpack_sharing_enabled":true,"_links":{"self":[{"href":"https:\/\/theperfumebottles.com\/ro\/wp-json\/wp\/v2\/product\/3581","targetHints":{"allow":["GET"]}}],"collection":[{"href":"https:\/\/theperfumebottles.com\/ro\/wp-json\/wp\/v2\/product"}],"about":[{"href":"https:\/\/theperfumebottles.com\/ro\/wp-json\/wp\/v2\/types\/product"}],"replies":[{"embeddable":true,"href":"https:\/\/theperfumebottles.com\/ro\/wp-json\/wp\/v2\/comments?post=3581"}],"wp:featuredmedia":[{"embeddable":true,"href":"https:\/\/theperfumebottles.com\/ro\/wp-json\/wp\/v2\/media\/3585"}],"wp:attachment":[{"href":"https:\/\/theperfumebottles.com\/ro\/wp-json\/wp\/v2\/media?parent=3581"}],"wp:term":[{"taxonomy":"product_brand","embeddable":true,"href":"https:\/\/theperfumebottles.com\/ro\/wp-json\/wp\/v2\/product_brand?post=3581"},{"taxonomy":"product_cat","embeddable":true,"href":"https:\/\/theperfumebottles.com\/ro\/wp-json\/wp\/v2\/product_cat?post=3581"},{"taxonomy":"product_tag","embeddable":true,"href":"https:\/\/theperfumebottles.com\/ro\/wp-json\/wp\/v2\/product_tag?post=3581"}],"curies":[{"name":"wp","href":"https:\/\/api.w.org\/{rel}","templated":true}]}}