{"id":3596,"date":"2025-06-04T10:01:33","date_gmt":"2025-06-04T02:01:33","guid":{"rendered":"https:\/\/theperfumebottles.com\/?post_type=product&#038;p=3596"},"modified":"2026-05-05T13:37:17","modified_gmt":"2026-05-05T05:37:17","slug":"fancy-perfume-bottles-for-vials-wholesale","status":"publish","type":"product","link":"https:\/\/theperfumebottles.com\/ro\/produs\/fancy-perfume-bottles-for-vials-wholesale\/","title":{"rendered":"Sticle de parfum elegante de 30 ml, 55 ml, 100 ml, pentru flacoane, en-gros"},"content":{"rendered":"<p>Aceste sticlu\u021be de parfum elegante afi\u0219eaz\u0103 un design prin corpul lor cilindric, care se termin\u0103 cu o baz\u0103 transparent\u0103 cu un model unic de textur\u0103 radiant\u0103. Fabricate din sticl\u0103 ultra-clar\u0103, sunt disponibile \u00een mai multe dimensiuni \u0219i cu capace op\u021bionale aurii, negre sau negre.<\/p>\n<h2>Specifica\u021bii cheie<\/h2>\n<table style=\"border-collapse: collapse; width: 80%; margin-left: auto; margin-right: auto;\" border=\"0\" width=\"432\" cellspacing=\"0\" cellpadding=\"0\">\n<tbody>\n<tr style=\"height: 13.50pt;\">\n<td class=\"et2\" style=\"height: 13.5pt; width: 54pt; text-align: center;\" width=\"72\" height=\"18\">Model<\/td>\n<td class=\"et2\" style=\"width: 54pt; text-align: center;\" width=\"72\">Capacitate (ml)<\/td>\n<td class=\"et2\" style=\"width: 54pt; text-align: center;\" width=\"72\">Dimensiuni (mm)<\/td>\n<td class=\"et2\" style=\"width: 54pt; text-align: center;\" width=\"72\">Diametrul capacului<\/td>\n<td class=\"et2\" style=\"width: 54pt; text-align: center;\" width=\"72\">Tip de \u00eenchidere<\/td>\n<td class=\"et2\" style=\"width: 54pt; text-align: center;\" width=\"72\">Material<\/td>\n<\/tr>\n<tr style=\"height: 13.50pt;\">\n<td class=\"et2\" style=\"height: 13.5pt; text-align: center;\" height=\"18\">PB-YZ1101<\/td>\n<td class=\"et2\" style=\"text-align: center;\">30<\/td>\n<td class=\"et2\" style=\"text-align: center;\">45 x 76<\/td>\n<td class=\"et2\" style=\"text-align: center;\" rowspan=\"3\">15 mm<\/td>\n<td class=\"et2\" style=\"text-align: center;\" rowspan=\"3\">G\u00e2t sertizat + pulverizator<\/td>\n<td class=\"et2\" style=\"text-align: center;\" rowspan=\"3\">Sticl\u0103 de cristal<\/td>\n<\/tr>\n<tr style=\"height: 13.50pt;\">\n<td class=\"et2\" style=\"height: 13.5pt; text-align: center;\" height=\"18\">PB-YZ1102<\/td>\n<td class=\"et2\" style=\"text-align: center;\">55<\/td>\n<td class=\"et2\" style=\"text-align: center;\">46 x 91,4<\/td>\n<\/tr>\n<tr style=\"height: 13.50pt;\">\n<td class=\"et2\" style=\"height: 13.5pt; text-align: center;\" height=\"18\">PB-YZ1103<\/td>\n<td class=\"et2\" style=\"text-align: center;\">100<\/td>\n<td class=\"et2\" style=\"text-align: center;\">45 x 126<\/td>\n<\/tr>\n<\/tbody>\n<\/table>\n<h2>Poveste de succes<\/h2>\n<p>O marc\u0103 de parfumuri de ni\u0219\u0103 din Orientul Mijlociu a selectat sticlele noastre de parfum elegante, care vin cu un capac auriu \u0219i afi\u0219eaz\u0103 o panglic\u0103 aurie prin serigrafie. Elementul de design de baz\u0103 al produsului a devenit principalul element de design semn\u0103tur\u0103 al m\u0103rcii. Marca a raportat o cre\u0219tere de 30% a notoriet\u0103\u021bii m\u0103rcii, rezultat\u0103 din ambalajul produsului \u0219i materialele de \u00eenalt\u0103 calitate, deoarece a crescut pre\u021bul noului s\u0103u parfum de oud cu 60% prin utilizarea de materiale premium. Marca a atins o etap\u0103 important\u0103, care a determinat solicitarea unei livr\u0103ri suplimentare de 200.000 de sticle de parfum pentru a-\u0219i sus\u021bine produc\u021bia viitoare de uleiuri esen\u021biale \u0219i parfumuri solide.<\/p>\n<h2>Op\u021biuni de personalizare en-gros pentru flacoane de parfum<\/h2>\n<ul>\n<li>Design p\u0103trat sau poliedric: Designul (baz\u0103 texturat\u0103 + sticl\u0103 transparent\u0103) permite utilizatorilor s\u0103 creeze o suprafa\u021b\u0103 p\u0103trat\u0103 sau poliedric\u0103 prin intermediul designului s\u0103u din dou\u0103 p\u0103r\u021bi.<\/li>\n<li>Capac magnetic: Produsul include o etan\u0219are magnetic\u0103 care ofer\u0103 utilizatorilor o experien\u021b\u0103 pl\u0103cut\u0103 \u0219i f\u0103r\u0103 probleme \u00een timpul utiliz\u0103rii.<\/li>\n<li>Textur\u0103 \u0219i culoare personalizat\u0103 a bazei: Ofer\u0103 o varietate de texturi interne ale bazei (geometrice, marmur\u0103, cristal) \u0219i permite selectarea unor baze din sticl\u0103 de diferite culori.<\/li>\n<\/ul>","protected":false},"excerpt":{"rendered":"<p>Shop fancy perfume bottles and high-quality perfume vials wholesale\u2014ideal for luxury fragrance brands seeking elegant, eye-catching packaging. Free samples.<\/p>","protected":false},"featured_media":3601,"comment_status":"open","ping_status":"closed","template":"","meta":{"_acf_changed":false,"site-sidebar-layout":"default","site-content-layout":"","ast-site-content-layout":"default","site-content-style":"default","site-sidebar-style":"default","ast-global-header-display":"","ast-banner-title-visibility":"","ast-main-header-display":"","ast-hfb-above-header-display":"","ast-hfb-below-header-display":"","ast-hfb-mobile-header-display":"","site-post-title":"","ast-breadcrumbs-content":"","ast-featured-img":"","footer-sml-layout":"","ast-disable-related-posts":"","theme-transparent-header-meta":"default","adv-header-id-meta":"","stick-header-meta":"","header-above-stick-meta":"","header-main-stick-meta":"","header-below-stick-meta":"","astra-migrate-meta-layouts":"set","ast-page-background-enabled":"default","ast-page-background-meta":{"desktop":{"background-color":"var(--ast-global-color-5)","background-image":"","background-repeat":"repeat","background-position":"center center","background-size":"auto","background-attachment":"scroll","background-type":"","background-media":"","overlay-type":"","overlay-color":"","overlay-opacity":"","overlay-gradient":""},"tablet":{"background-color":"","background-image":"","background-repeat":"repeat","background-position":"center center","background-size":"auto","background-attachment":"scroll","background-type":"","background-media":"","overlay-type":"","overlay-color":"","overlay-opacity":"","overlay-gradient":""},"mobile":{"background-color":"","background-image":"","background-repeat":"repeat","background-position":"center center","background-size":"auto","background-attachment":"scroll","background-type":"","background-media":"","overlay-type":"","overlay-color":"","overlay-opacity":"","overlay-gradient":""}},"ast-content-background-meta":{"desktop":{"background-color":"var(--ast-global-color-4)","background-image":"","background-repeat":"repeat","background-position":"center center","background-size":"auto","background-attachment":"scroll","background-type":"","background-media":"","overlay-type":"","overlay-color":"","overlay-opacity":"","overlay-gradient":""},"tablet":{"background-color":"var(--ast-global-color-4)","background-image":"","background-repeat":"repeat","background-position":"center center","background-size":"auto","background-attachment":"scroll","background-type":"","background-media":"","overlay-type":"","overlay-color":"","overlay-opacity":"","overlay-gradient":""},"mobile":{"background-color":"var(--ast-global-color-4)","background-image":"","background-repeat":"repeat","background-position":"center center","background-size":"auto","background-attachment":"scroll","background-type":"","background-media":"","overlay-type":"","overlay-color":"","overlay-opacity":"","overlay-gradient":""}}},"product_brand":[],"product_cat":[91,72,41],"product_tag":[49],"class_list":{"0":"post-3596","1":"product","2":"type-product","3":"status-publish","4":"has-post-thumbnail","6":"product_cat-custom-perfume-bottles","7":"product_cat-cosmetic-packaging","8":"product_cat-perfume-bottles","9":"product_tag-perfume-bottles","10":"desktop-align-left","11":"tablet-align-left","12":"mobile-align-left","14":"first","15":"instock","16":"shipping-taxable","17":"product-type-simple"},"acf":[],"jetpack_sharing_enabled":true,"_links":{"self":[{"href":"https:\/\/theperfumebottles.com\/ro\/wp-json\/wp\/v2\/product\/3596","targetHints":{"allow":["GET"]}}],"collection":[{"href":"https:\/\/theperfumebottles.com\/ro\/wp-json\/wp\/v2\/product"}],"about":[{"href":"https:\/\/theperfumebottles.com\/ro\/wp-json\/wp\/v2\/types\/product"}],"replies":[{"embeddable":true,"href":"https:\/\/theperfumebottles.com\/ro\/wp-json\/wp\/v2\/comments?post=3596"}],"wp:featuredmedia":[{"embeddable":true,"href":"https:\/\/theperfumebottles.com\/ro\/wp-json\/wp\/v2\/media\/3601"}],"wp:attachment":[{"href":"https:\/\/theperfumebottles.com\/ro\/wp-json\/wp\/v2\/media?parent=3596"}],"wp:term":[{"taxonomy":"product_brand","embeddable":true,"href":"https:\/\/theperfumebottles.com\/ro\/wp-json\/wp\/v2\/product_brand?post=3596"},{"taxonomy":"product_cat","embeddable":true,"href":"https:\/\/theperfumebottles.com\/ro\/wp-json\/wp\/v2\/product_cat?post=3596"},{"taxonomy":"product_tag","embeddable":true,"href":"https:\/\/theperfumebottles.com\/ro\/wp-json\/wp\/v2\/product_tag?post=3596"}],"curies":[{"name":"wp","href":"https:\/\/api.w.org\/{rel}","templated":true}]}}