{"id":3752,"date":"2025-06-09T10:25:03","date_gmt":"2025-06-09T02:25:03","guid":{"rendered":"https:\/\/theperfumebottles.com\/?post_type=product&#038;p=3752"},"modified":"2025-09-05T12:01:54","modified_gmt":"2025-09-05T04:01:54","slug":"30ml-50ml-100ml-perfume-containers-wholesale","status":"publish","type":"product","link":"https:\/\/theperfumebottles.com\/ro\/produs\/30ml-50ml-100ml-perfume-containers-wholesale\/","title":{"rendered":"Recipiente de parfum 30ml 50ml 100ml en-gros"},"content":{"rendered":"<p>C\u0103uta\u021bi un interesant parfum containere en-gros? Oferim sticle de sticl\u0103 de 30ml\/50ml\/100ml cu un design de \u00eenalt\u0103 valoare, rezistent la scurgeri, variind de la stiluri minimaliste la cele luxoase! \u00cen calitate de exper\u021bi \u00een containere de parfum en-gros, folosim m\u0103iestrie profesional\u0103 pentru a v\u0103 proteja visul de parfum \u0219i pentru a v\u0103 face sticla de parfum protagonistul \u00een obiectivul consumatorului!<\/p>\n<h2>Specifica\u021bii cheie<\/h2>\n<table style=\"border-collapse: collapseautomargin-left: auto; margin-right: auto; ;width: 80% margin-left:;\" border=\"0\" width=\"80%\" cellspacing=\"0\" cellpadding=\"0\">\n<tbody>\n<tr style=\"height: 13.50pt;\">\n<td style=\"height: 13.50pt; width: 105.75pt;\" width=\"141\" height=\"18\">Caracteristic\u0103<\/td>\n<td style=\"width: 261.75pt;\" width=\"349\">Descriere<\/td>\n<\/tr>\n<tr style=\"height: 13.50pt;\">\n<td style=\"height: 13.50pt;\" height=\"18\">Modele<\/td>\n<td>PB-YZ1401 \/ PB-YZ1402 \/ PB-YZ1403<\/td>\n<\/tr>\n<tr style=\"height: 25.50pt;\">\n<td style=\"height: 25.50pt;\" height=\"34\">Capacitate<\/td>\n<td>30ml \/ 50ml \/ 100ml<\/td>\n<\/tr>\n<tr style=\"height: 13.50pt;\">\n<td style=\"height: 13.50pt;\" height=\"18\">Form\u0103<\/td>\n<td>Cilindric<\/td>\n<\/tr>\n<tr style=\"height: 13.50pt;\">\n<td style=\"height: 13.50pt;\" height=\"18\">Dimensiuni<\/td>\n<td>32x98mm \/ 32x122mm \/ 40x167mm<\/td>\n<\/tr>\n<tr style=\"height: 13.50pt;\">\n<td style=\"height: 13.50pt;\" height=\"18\">Diametrul g\u00e2tului<\/td>\n<td>18mm<\/td>\n<\/tr>\n<tr style=\"height: 13.50pt;\">\n<td style=\"height: 13.50pt;\" height=\"18\">Tip de \u00eenchidere<\/td>\n<td>g\u00e2t\u0103 rostogolit\u0103 + pom spray<\/td>\n<\/tr>\n<tr style=\"height: 13.50pt;\">\n<td style=\"height: 13.50pt;\" height=\"18\">Material<\/td>\n<td>Sticl\u0103 de cristal<\/td>\n<\/tr>\n<tr style=\"height: 13.50pt;\">\n<td style=\"height: 13.50pt;\" height=\"18\">Culoarea capacului<\/td>\n<td>Personalizabil<\/td>\n<\/tr>\n<tr style=\"height: 13.50pt;\">\n<td style=\"height: 13.50pt;\" height=\"18\">Ideal pentru<\/td>\n<td>Parfumuri, parfumuri, ambalaje cosmetice<\/td>\n<\/tr>\n<\/tbody>\n<\/table>\n<h2>Poveste de succes din lumea real\u0103<\/h2>\n<p>Un brand de parfumuri din California se preg\u0103tea s\u0103 lanseze primul s\u0103u parfum unisex. \u00ce\u0219i doreau ceva elegant, dar nu prea ostentativ - ceva care s\u0103 atrag\u0103 aten\u021bia \u00een timpul campaniei lor de cadouri pentru influenceri.Au ales modelul PB-YZ1401 (30 ml) cu capace argintii \u0219i logo gravat personalizat. De asemenea, au creat un set cadou cu toate cele trei dimensiuni.Rezultatul? Produsul lor a fost prezentat pe mai multe conturi Instagram cu peste 100K de urm\u0103ritori. Clien\u021bilor le-a pl\u0103cut aspectul curat \u0219i senza\u021bia de \"lux f\u0103r\u0103 supratax\u0103\".<\/p>\n<p>\u00cen concluzie: sticla potrivit\u0103 de parfum i-a ajutat s\u0103 fie mult mai puternici dec\u00e2t ei.<\/p>\n<h2>Sfaturi de personalizare pentru marca dvs.<\/h2>\n<p>Dac\u0103 dori\u021bi ca parfumul dvs. s\u0103 ias\u0103 \u00een eviden\u021b\u0103:<\/p>\n<ul>\n<li>Ad\u0103uga\u021bi numele sau logo-ul m\u0103rcii dvs. utiliz\u00e2nd gravarea cu laser sau imprimarea prin serigrafie.<\/li>\n<li>Alege\u021bi culori unice pentru capace, care s\u0103 se alinieze cu paleta m\u0103rcii dvs.<\/li>\n<li>Oferi\u021bi un set cadou \u00een format de c\u0103l\u0103torie cu toate cele trei dimensiuni - este perfect pentru e\u0219antionare \u0219i atragerea clien\u021bilor.<\/li>\n<\/ul>\n<p>&nbsp;<\/p>","protected":false},"excerpt":{"rendered":"<p>Descoperi\u021bi cu ridicata recipiente elegante pentru parfumuri - perfecte pentru orice sticl\u0103 de parfum. Ideal pentru brandurile de frumuse\u021be care caut\u0103 solu\u021bii de ambalare elegante \u0219i colorate.<\/p>","protected":false},"featured_media":3754,"comment_status":"closed","ping_status":"closed","template":"","meta":{"_acf_changed":false,"site-sidebar-layout":"default","site-content-layout":"","ast-site-content-layout":"default","site-content-style":"default","site-sidebar-style":"default","ast-global-header-display":"","ast-banner-title-visibility":"","ast-main-header-display":"","ast-hfb-above-header-display":"","ast-hfb-below-header-display":"","ast-hfb-mobile-header-display":"","site-post-title":"","ast-breadcrumbs-content":"","ast-featured-img":"","footer-sml-layout":"","ast-disable-related-posts":"","theme-transparent-header-meta":"default","adv-header-id-meta":"","stick-header-meta":"","header-above-stick-meta":"","header-main-stick-meta":"","header-below-stick-meta":"","astra-migrate-meta-layouts":"set","ast-page-background-enabled":"default","ast-page-background-meta":{"desktop":{"background-color":"var(--ast-global-color-5)","background-image":"","background-repeat":"repeat","background-position":"center center","background-size":"auto","background-attachment":"scroll","background-type":"","background-media":"","overlay-type":"","overlay-color":"","overlay-opacity":"","overlay-gradient":""},"tablet":{"background-color":"","background-image":"","background-repeat":"repeat","background-position":"center center","background-size":"auto","background-attachment":"scroll","background-type":"","background-media":"","overlay-type":"","overlay-color":"","overlay-opacity":"","overlay-gradient":""},"mobile":{"background-color":"","background-image":"","background-repeat":"repeat","background-position":"center center","background-size":"auto","background-attachment":"scroll","background-type":"","background-media":"","overlay-type":"","overlay-color":"","overlay-opacity":"","overlay-gradient":""}},"ast-content-background-meta":{"desktop":{"background-color":"var(--ast-global-color-4)","background-image":"","background-repeat":"repeat","background-position":"center center","background-size":"auto","background-attachment":"scroll","background-type":"","background-media":"","overlay-type":"","overlay-color":"","overlay-opacity":"","overlay-gradient":""},"tablet":{"background-color":"var(--ast-global-color-4)","background-image":"","background-repeat":"repeat","background-position":"center center","background-size":"auto","background-attachment":"scroll","background-type":"","background-media":"","overlay-type":"","overlay-color":"","overlay-opacity":"","overlay-gradient":""},"mobile":{"background-color":"var(--ast-global-color-4)","background-image":"","background-repeat":"repeat","background-position":"center center","background-size":"auto","background-attachment":"scroll","background-type":"","background-media":"","overlay-type":"","overlay-color":"","overlay-opacity":"","overlay-gradient":""}}},"product_brand":[],"product_cat":[72,91,41,37],"product_tag":[102,101],"class_list":{"0":"post-3752","1":"product","2":"type-product","3":"status-publish","4":"has-post-thumbnail","6":"product_cat-cosmetic-packaging","7":"product_cat-custom-perfume-bottles","8":"product_cat-perfume-bottles","9":"product_cat-uncategorized","10":"product_tag-bottle-of-perfume","11":"product_tag-perfume-containers-wholesale","12":"desktop-align-left","13":"tablet-align-left","14":"mobile-align-left","16":"first","17":"instock","18":"shipping-taxable","19":"product-type-simple"},"acf":[],"jetpack_sharing_enabled":true,"_links":{"self":[{"href":"https:\/\/theperfumebottles.com\/ro\/wp-json\/wp\/v2\/product\/3752","targetHints":{"allow":["GET"]}}],"collection":[{"href":"https:\/\/theperfumebottles.com\/ro\/wp-json\/wp\/v2\/product"}],"about":[{"href":"https:\/\/theperfumebottles.com\/ro\/wp-json\/wp\/v2\/types\/product"}],"replies":[{"embeddable":true,"href":"https:\/\/theperfumebottles.com\/ro\/wp-json\/wp\/v2\/comments?post=3752"}],"wp:featuredmedia":[{"embeddable":true,"href":"https:\/\/theperfumebottles.com\/ro\/wp-json\/wp\/v2\/media\/3754"}],"wp:attachment":[{"href":"https:\/\/theperfumebottles.com\/ro\/wp-json\/wp\/v2\/media?parent=3752"}],"wp:term":[{"taxonomy":"product_brand","embeddable":true,"href":"https:\/\/theperfumebottles.com\/ro\/wp-json\/wp\/v2\/product_brand?post=3752"},{"taxonomy":"product_cat","embeddable":true,"href":"https:\/\/theperfumebottles.com\/ro\/wp-json\/wp\/v2\/product_cat?post=3752"},{"taxonomy":"product_tag","embeddable":true,"href":"https:\/\/theperfumebottles.com\/ro\/wp-json\/wp\/v2\/product_tag?post=3752"}],"curies":[{"name":"wp","href":"https:\/\/api.w.org\/{rel}","templated":true}]}}