{"id":3897,"date":"2025-06-13T17:04:32","date_gmt":"2025-06-13T09:04:32","guid":{"rendered":"https:\/\/theperfumebottles.com\/?post_type=product&#038;p=3897"},"modified":"2025-06-17T09:38:58","modified_gmt":"2025-06-17T01:38:58","slug":"elegant-perfume-beautiful-bottle-with-glass-design","status":"publish","type":"product","link":"https:\/\/theperfumebottles.com\/ro\/produs\/elegant-perfume-beautiful-bottle-with-glass-design\/","title":{"rendered":"Sticl\u0103 de parfum elegant\u0103 de 50 ml 100 ml, frumoas\u0103, cu design din sticl\u0103"},"content":{"rendered":"<p>Dac\u0103 sunte\u021bi \u00een c\u0103utarea unui parfum frumos, care \u00eembin\u0103 elegan\u021ba atemporal\u0103 cu caracterul practic modern, aceste sticle de parfum din sticl\u0103 sunt exact ceea ce ave\u021bi nevoie. Indiferent dac\u0103 lansa\u021bi o nou\u0103 linie de parfumuri sau v\u0103 moderniza\u021bi ambalajul actual, aceste sticle v\u0103 pot \u00eembun\u0103t\u0103\u021bi imaginea m\u0103rcii.<\/p>\n<h2>Specifica\u021bii cheie<\/h2>\n<table style=\"border-collapse: collapse;margin-left: auto;margin-right: auto;width: 80%\" border=\"0\" width=\"80%\" cellspacing=\"0\" cellpadding=\"0\">\n<tbody>\n<tr style=\"height: 13.50pt\">\n<td style=\"height: 13.50pt;width: 81.00pt\" width=\"108\" height=\"18\">Model<\/td>\n<td style=\"width: 70.50pt\" width=\"94\">Capacitate<\/td>\n<td style=\"width: 93.00pt\" width=\"124\">Form\u0103<\/td>\n<td style=\"width: 102.00pt\" width=\"136\">Dimensiuni (mm)<\/td>\n<td style=\"width: 102.75pt\" width=\"137\">Diametrul g\u00e2tului<\/td>\n<td style=\"width: 193.50pt\" width=\"258\">Metoda de etan\u0219are<\/td>\n<td style=\"width: 105.75pt\" width=\"141\">Material<\/td>\n<td style=\"width: 104.25pt\" width=\"139\">Culoare<\/td>\n<\/tr>\n<tr style=\"height: 13.50pt\">\n<td style=\"height: 13.50pt\" height=\"18\">PB-YZ1604<\/td>\n<td>50 ml<\/td>\n<td>Cilindric<\/td>\n<td>37 \u00d7 98<\/td>\n<td>15 mm<\/td>\n<td>G\u00e2t sertizat + pulverizator<\/td>\n<td>Sticl\u0103 de cristal<\/td>\n<td>Personalizabil<\/td>\n<\/tr>\n<tr style=\"height: 13.50pt\">\n<td style=\"height: 13.50pt\" height=\"18\">PB-YZ1605<\/td>\n<td>50 ml<\/td>\n<td>Cilindric<\/td>\n<td>32 \u00d7 137<\/td>\n<td>15 mm<\/td>\n<td>G\u00e2t sertizat + pulverizator<\/td>\n<td>Sticl\u0103 de cristal<\/td>\n<td>Personalizabil<\/td>\n<\/tr>\n<tr style=\"height: 13.50pt\">\n<td style=\"height: 13.50pt\" height=\"18\">PB-YZ1606<\/td>\n<td>100 ml<\/td>\n<td>Cilindric<\/td>\n<td>39 \u00d7 159<\/td>\n<td>15 mm<\/td>\n<td>G\u00e2t sertizat + pulverizator<\/td>\n<td>Sticl\u0103 de cristal<\/td>\n<td>Personalizabil<\/td>\n<\/tr>\n<\/tbody>\n<\/table>\n<h2>Studiu de caz real<\/h2>\n<p>O marc\u0103 de parfumuri boutique din Paris \u0219i-a lansat parfumul unisex emblematic cu aceast\u0103 sticl\u0103 superb\u0103. Au ales o nuan\u021b\u0103 delicat\u0103 de lavand\u0103, asociat\u0103 cu un capac de sticl\u0103 cu pulverizator argintiu periat \u0219i un logo minimalist al m\u0103rcii. Rezultatul? Produsul lor a ie\u0219it \u00een eviden\u021b\u0103 pe raft, a generat aten\u021bie online \u0219i a \u00eenregistrat o cre\u0219tere de 40% a comenzilor en-gros \u00een doar c\u00e2teva luni.<\/p>\n<h2>Sfaturi pentru a-\u021bi crea propria sticl\u0103 de parfum<\/h2>\n<ul>\n<li><strong>Personalizare culori:<\/strong> Alege\u021bi culoarea sticlei \u00een func\u021bie de parfum (cum ar fi roz pal pentru parfumul floral \u0219i maro \u00eenchis pentru parfumul lemnos) pentru a face aspectul \u0219i parfumul mai potrivite.<\/li>\n<li><strong>Sigla m\u0103rcii:<\/strong> Pute\u021bi serigrafia LOGO-ul sau \u00eel pute\u021bi grava cu laser pe sticl\u0103 pentru a \u00eembun\u0103t\u0103\u021bi recunoa\u0219terea m\u0103rcii.<\/li>\n<li><strong>Detalii despre material:<\/strong> Alege\u021bi capace de sticle mate\/placate electrolizat \u0219i etichete cu textur\u0103 metalic\u0103 pentru a spori senza\u021bia de lux.<\/li>\n<li><strong>Ambalaje ecologice:<\/strong> Asorteaz\u0103 cutii de h\u00e2rtie reciclabil\u0103 cu c\u0103ptu\u0219eal\u0103 personalizat\u0103 pentru a crea o imagine de brand ecologic\u0103.<\/li>\n<li><strong>Suport pentru personalizare \u00een bloc:<\/strong> Accept\u0103m comenzi mari \u0219i servicii OEM, pre\u021buri mai bune \u0219i aprovizionare stabil\u0103.<\/li>\n<\/ul>\n<h2>De ce s\u0103 alege\u021bi Minghang ca produc\u0103tor de parfumuri?<\/h2>\n<p>A alege Minghang \u00eenseamn\u0103 a alege un produc\u0103tor de parfumuri complet, care combin\u0103 profesionalismul, asigurarea calit\u0103\u021bii \u0219i personalizarea flexibil\u0103. \u00cen\u021belegem nevoile m\u0103rcilor \u0219i ritmul pie\u021bei. Nu numai c\u0103 oferim servicii complete, de la proiectare la produc\u021bie, dar folosim \u0219i materiale ecologice, control strict al calit\u0103\u021bii \u0219i pre\u021buri competitive en-gros pentru a v\u0103 ajuta s\u0103 crea\u021bi eficient produse de parfumerie unice \u0219i s\u0103 v\u0103 face\u021bi brandul s\u0103 ias\u0103 \u00een eviden\u021b\u0103 pe pia\u021b\u0103.<\/p>","protected":false},"excerpt":{"rendered":"<p>Sticl\u0103 de parfum frumoas\u0103, realizat\u0103 din sticl\u0103 premium. Design elegant de 100 ml, ambalaj pentru parfumuri cadou sau en-gros.<\/p>","protected":false},"featured_media":3903,"comment_status":"open","ping_status":"closed","template":"","meta":{"_acf_changed":false,"site-sidebar-layout":"default","site-content-layout":"","ast-site-content-layout":"default","site-content-style":"default","site-sidebar-style":"default","ast-global-header-display":"","ast-banner-title-visibility":"","ast-main-header-display":"","ast-hfb-above-header-display":"","ast-hfb-below-header-display":"","ast-hfb-mobile-header-display":"","site-post-title":"","ast-breadcrumbs-content":"","ast-featured-img":"","footer-sml-layout":"","ast-disable-related-posts":"","theme-transparent-header-meta":"default","adv-header-id-meta":"","stick-header-meta":"","header-above-stick-meta":"","header-main-stick-meta":"","header-below-stick-meta":"","astra-migrate-meta-layouts":"set","ast-page-background-enabled":"default","ast-page-background-meta":{"desktop":{"background-color":"var(--ast-global-color-5)","background-image":"","background-repeat":"repeat","background-position":"center center","background-size":"auto","background-attachment":"scroll","background-type":"","background-media":"","overlay-type":"","overlay-color":"","overlay-opacity":"","overlay-gradient":""},"tablet":{"background-color":"","background-image":"","background-repeat":"repeat","background-position":"center center","background-size":"auto","background-attachment":"scroll","background-type":"","background-media":"","overlay-type":"","overlay-color":"","overlay-opacity":"","overlay-gradient":""},"mobile":{"background-color":"","background-image":"","background-repeat":"repeat","background-position":"center center","background-size":"auto","background-attachment":"scroll","background-type":"","background-media":"","overlay-type":"","overlay-color":"","overlay-opacity":"","overlay-gradient":""}},"ast-content-background-meta":{"desktop":{"background-color":"var(--ast-global-color-4)","background-image":"","background-repeat":"repeat","background-position":"center center","background-size":"auto","background-attachment":"scroll","background-type":"","background-media":"","overlay-type":"","overlay-color":"","overlay-opacity":"","overlay-gradient":""},"tablet":{"background-color":"var(--ast-global-color-4)","background-image":"","background-repeat":"repeat","background-position":"center center","background-size":"auto","background-attachment":"scroll","background-type":"","background-media":"","overlay-type":"","overlay-color":"","overlay-opacity":"","overlay-gradient":""},"mobile":{"background-color":"var(--ast-global-color-4)","background-image":"","background-repeat":"repeat","background-position":"center center","background-size":"auto","background-attachment":"scroll","background-type":"","background-media":"","overlay-type":"","overlay-color":"","overlay-opacity":"","overlay-gradient":""}}},"product_brand":[],"product_cat":[72,91,41],"product_tag":[49],"class_list":{"0":"post-3897","1":"product","2":"type-product","3":"status-publish","4":"has-post-thumbnail","6":"product_cat-cosmetic-packaging","7":"product_cat-custom-perfume-bottles","8":"product_cat-perfume-bottles","9":"product_tag-perfume-bottles","10":"desktop-align-left","11":"tablet-align-left","12":"mobile-align-left","14":"first","15":"instock","16":"shipping-taxable","17":"product-type-simple"},"acf":[],"jetpack_sharing_enabled":true,"_links":{"self":[{"href":"https:\/\/theperfumebottles.com\/ro\/wp-json\/wp\/v2\/product\/3897","targetHints":{"allow":["GET"]}}],"collection":[{"href":"https:\/\/theperfumebottles.com\/ro\/wp-json\/wp\/v2\/product"}],"about":[{"href":"https:\/\/theperfumebottles.com\/ro\/wp-json\/wp\/v2\/types\/product"}],"replies":[{"embeddable":true,"href":"https:\/\/theperfumebottles.com\/ro\/wp-json\/wp\/v2\/comments?post=3897"}],"wp:featuredmedia":[{"embeddable":true,"href":"https:\/\/theperfumebottles.com\/ro\/wp-json\/wp\/v2\/media\/3903"}],"wp:attachment":[{"href":"https:\/\/theperfumebottles.com\/ro\/wp-json\/wp\/v2\/media?parent=3897"}],"wp:term":[{"taxonomy":"product_brand","embeddable":true,"href":"https:\/\/theperfumebottles.com\/ro\/wp-json\/wp\/v2\/product_brand?post=3897"},{"taxonomy":"product_cat","embeddable":true,"href":"https:\/\/theperfumebottles.com\/ro\/wp-json\/wp\/v2\/product_cat?post=3897"},{"taxonomy":"product_tag","embeddable":true,"href":"https:\/\/theperfumebottles.com\/ro\/wp-json\/wp\/v2\/product_tag?post=3897"}],"curies":[{"name":"wp","href":"https:\/\/api.w.org\/{rel}","templated":true}]}}