{"id":3939,"date":"2025-06-16T18:01:47","date_gmt":"2025-06-16T10:01:47","guid":{"rendered":"https:\/\/theperfumebottles.com\/?post_type=product&#038;p=3939"},"modified":"2025-06-16T18:01:48","modified_gmt":"2025-06-16T10:01:48","slug":"wholesale-miniature-perfume-bottles-custom-perfume-bottle-mini","status":"publish","type":"product","link":"https:\/\/theperfumebottles.com\/ro\/produs\/wholesale-miniature-perfume-bottles-custom-perfume-bottle-mini\/","title":{"rendered":"Sticlu\u021be de parfum miniaturale 15ml 20ml 30ml | Sticl\u0103 de parfum personalizat\u0103 mini"},"content":{"rendered":"<p>Dori\u021bi s\u0103 le oferi\u021bi clien\u021bilor dumneavoastr\u0103 o experien\u021b\u0103 olfactiv\u0103 luxoas\u0103 \u0219i portabil\u0103? Sticlele noastre miniaturale de parfum sunt perfecte! Miniatura de sticl\u0103 de parfum este elegant\u0103 \u0219i practic\u0103, ad\u0103ug\u00e2nd o not\u0103 modern\u0103 ambalajului m\u0103rcii~<\/p>\n<h2>Specifica\u021bii cheie<\/h2>\n<table style=\"border-collapse: collapse; margin-left: auto; margin-right: auto; width: 80%;\" border=\"0\" width=\"80%\" cellspacing=\"0\" cellpadding=\"0\">\n<tbody>\n<tr style=\"height: 13.50pt;\">\n<td style=\"height: 13.50pt; width: 99.75pt;\" width=\"133\" height=\"18\">Caracteristic\u0103<\/td>\n<td style=\"width: 262.50pt;\" width=\"350\">Descriere<\/td>\n<\/tr>\n<tr style=\"height: 13.50pt;\">\n<td style=\"height: 13.50pt;\" height=\"18\">Modele<\/td>\n<td>PB-YZ1601 \/ PB-YZ1602 \/ PB-YZ1603<\/td>\n<\/tr>\n<tr style=\"height: 13.50pt;\">\n<td style=\"height: 13.50pt;\" height=\"18\">Capacitate<\/td>\n<td>15ml \/ 20ml \/ 30ml<\/td>\n<\/tr>\n<tr style=\"height: 13.50pt;\">\n<td style=\"height: 13.50pt;\" height=\"18\">Form\u0103<\/td>\n<td>Cilindric<\/td>\n<\/tr>\n<tr style=\"height: 13.50pt;\">\n<td style=\"height: 13.50pt;\" height=\"18\">Dimensiuni<\/td>\n<td>25x84mm \/ 29x67mm \/ 33x98mm<\/td>\n<\/tr>\n<tr style=\"height: 13.50pt;\">\n<td style=\"height: 13.50pt;\" height=\"18\">Diametrul g\u00e2tului<\/td>\n<td>15 mm<\/td>\n<\/tr>\n<tr style=\"height: 13.50pt;\">\n<td style=\"height: 13.50pt;\" height=\"18\">Tip de \u00eenchidere<\/td>\n<td>Capac cu filet + Pomp\u0103 pulverizator<\/td>\n<\/tr>\n<tr style=\"height: 13.50pt;\">\n<td style=\"height: 13.50pt;\" height=\"18\">Material<\/td>\n<td>Sticl\u0103 de cristal<\/td>\n<\/tr>\n<tr style=\"height: 13.50pt;\">\n<td style=\"height: 13.50pt;\" height=\"18\">Culoarea capacului<\/td>\n<td>Negru mat, argintiu, auriu, acrilic transparent<\/td>\n<\/tr>\n<tr style=\"height: 13.50pt;\">\n<td style=\"height: 13.50pt;\" height=\"18\">Ideal pentru<\/td>\n<td>Esen\u021be parfum, parfumuri dimensiune de c\u0103l\u0103torie<\/td>\n<\/tr>\n<\/tbody>\n<\/table>\n<h2><strong>Cutia real\u0103 este super conving\u0103toare:<\/strong><\/h2>\n<p>Un brand boutique de parfumuri a folosit sticla noastr\u0103 de 30ml PB-YZ1603, albastru cobalt \u00eenchis, cu capac auriu \u0219i inscrip\u021bionare cu numele brandului, pentru a realiza seturi cadou pentru influenceri \u0219i VIP-uri, iar marketingul prin influenceri a devenit un succes! Toat\u0103 lumea o laud\u0103 pentru aspectul estetic \u0219i u\u0219urin\u021ba de transport~<\/p>\n<h2>Sfaturi de personalizare pentru marca dvs.<\/h2>\n<p>Dac\u0103 dori\u021bi ca parfumul dumneavoastr\u0103 s\u0103 ias\u0103 \u00een eviden\u021b\u0103, ambalajul trebuie s\u0103 fac\u0103 mai mult dec\u00e2t s\u0103 con\u021bin\u0103 parfumul \u2014 trebuie s\u0103 spun\u0103 o poveste, s\u0103 atrag\u0103 aten\u021bia \u0219i s\u0103 st\u00e2rneasc\u0103 curiozitatea.<\/p>\n<ul>\n<li><strong>Pune-\u021bi brandul \u00een prim-plan:<\/strong> Adaug\u0103-\u021bi logo-ul sau numele folosind gravarea cu laser sau serigrafia. Nu este doar decora\u021biune \u2014 este marca ta. G\u00e2nde\u0219te-te la asta ca la semnarea numelui t\u0103u pe o capodoper\u0103.<\/li>\n<li><strong>Adaug\u0103 savoare cu culorile capacelor:<\/strong> Cine spune c\u0103 capacele trebuie s\u0103 fie plictisitoare? Alege negru mat dac\u0103 \u00ee\u021bi place aspectul elegant \u0219i minimalist \u2014 sau alege roz auriu pentru o vibra\u021bie de \u201elux de top\u201d. O pat\u0103 de culoare poate schimba complet senza\u021bia sticlei tale.<\/li>\n<li><strong>G\u00e2nde\u0219te-te dincolo de o singur\u0103 dimensiune:<\/strong> Combin\u0103 15ml, 20ml \u0219i 30ml \u00eentr-o colec\u021bie gata de cadou. Este perfect pentru mostre, c\u0103l\u0103torii, cadouri de s\u0103rb\u0103tori sau pachete pentru influenceri. \u0218i sincer? Oamenilor le plac op\u021biunile.<\/li>\n<\/ul>\n<h2>Concluzie<\/h2>\n<p>Alegerea unui flacon de parfum nu este la fel de simpl\u0103 ca alegerea unui recipient. Este clar o \u201e\u00eembr\u0103care\u201d a brandului. Fie c\u0103 este vorba de o versiune de prob\u0103 de 15 ml sau de o versiune de retail de 30 ml, fiecare detaliu ascunde g\u00e2ndurile mici ale brandului. Miniatura noastr\u0103 de flacon de parfum este fabricat\u0103 din sticl\u0103 durabil\u0103 \u0219i are un design estetic pl\u0103cut, tocmai pentru a face parfumul t\u0103u cel mai atr\u0103g\u0103tor din mul\u021bime. Cu at\u00e2t de multe op\u021biuni de personalizare, nu numai c\u0103 po\u021bi alege flaconul potrivit, dar po\u021bi face ca parfumul s\u0103 \u201ecreasc\u0103\u201d cu adev\u0103rat \u00een ceea ce ar trebui s\u0103 reprezinte brandul. Haide\u021bi s\u0103 discut\u0103m cum s\u0103 v\u0103 transforma\u021bi ideile \u00een realitate \u2013 \u00eencepe\u021bi cu un flacon de parfum din sticl\u0103 personalizat \u0219i \u0219lefui\u021bi \u00eencet farmecul propriului brand.<\/p>","protected":false},"excerpt":{"rendered":"<p>Descoperi\u021bi sticlu\u021be de parfum miniaturale de \u00eenalt\u0103 calitate \u0219i op\u021biuni personalizate de sticlu\u021be de parfum mini \u2013 perfecte pentru c\u0103l\u0103torii, testare sau ambalaje de parfumuri de lux.<\/p>","protected":false},"featured_media":3901,"comment_status":"open","ping_status":"closed","template":"","meta":{"_acf_changed":false,"site-sidebar-layout":"default","site-content-layout":"","ast-site-content-layout":"default","site-content-style":"default","site-sidebar-style":"default","ast-global-header-display":"","ast-banner-title-visibility":"","ast-main-header-display":"","ast-hfb-above-header-display":"","ast-hfb-below-header-display":"","ast-hfb-mobile-header-display":"","site-post-title":"","ast-breadcrumbs-content":"","ast-featured-img":"","footer-sml-layout":"","ast-disable-related-posts":"","theme-transparent-header-meta":"default","adv-header-id-meta":"","stick-header-meta":"","header-above-stick-meta":"","header-main-stick-meta":"","header-below-stick-meta":"","astra-migrate-meta-layouts":"set","ast-page-background-enabled":"default","ast-page-background-meta":{"desktop":{"background-color":"var(--ast-global-color-5)","background-image":"","background-repeat":"repeat","background-position":"center center","background-size":"auto","background-attachment":"scroll","background-type":"","background-media":"","overlay-type":"","overlay-color":"","overlay-opacity":"","overlay-gradient":""},"tablet":{"background-color":"","background-image":"","background-repeat":"repeat","background-position":"center center","background-size":"auto","background-attachment":"scroll","background-type":"","background-media":"","overlay-type":"","overlay-color":"","overlay-opacity":"","overlay-gradient":""},"mobile":{"background-color":"","background-image":"","background-repeat":"repeat","background-position":"center center","background-size":"auto","background-attachment":"scroll","background-type":"","background-media":"","overlay-type":"","overlay-color":"","overlay-opacity":"","overlay-gradient":""}},"ast-content-background-meta":{"desktop":{"background-color":"var(--ast-global-color-4)","background-image":"","background-repeat":"repeat","background-position":"center center","background-size":"auto","background-attachment":"scroll","background-type":"","background-media":"","overlay-type":"","overlay-color":"","overlay-opacity":"","overlay-gradient":""},"tablet":{"background-color":"var(--ast-global-color-4)","background-image":"","background-repeat":"repeat","background-position":"center center","background-size":"auto","background-attachment":"scroll","background-type":"","background-media":"","overlay-type":"","overlay-color":"","overlay-opacity":"","overlay-gradient":""},"mobile":{"background-color":"var(--ast-global-color-4)","background-image":"","background-repeat":"repeat","background-position":"center center","background-size":"auto","background-attachment":"scroll","background-type":"","background-media":"","overlay-type":"","overlay-color":"","overlay-opacity":"","overlay-gradient":""}}},"product_brand":[],"product_cat":[72,91,74,41],"product_tag":[49],"class_list":{"0":"post-3939","1":"product","2":"type-product","3":"status-publish","4":"has-post-thumbnail","6":"product_cat-cosmetic-packaging","7":"product_cat-custom-perfume-bottles","8":"product_cat-mini-perfume-bottles","9":"product_cat-perfume-bottles","10":"product_tag-perfume-bottles","11":"desktop-align-left","12":"tablet-align-left","13":"mobile-align-left","15":"first","16":"instock","17":"shipping-taxable","18":"product-type-simple"},"acf":[],"jetpack_sharing_enabled":true,"_links":{"self":[{"href":"https:\/\/theperfumebottles.com\/ro\/wp-json\/wp\/v2\/product\/3939","targetHints":{"allow":["GET"]}}],"collection":[{"href":"https:\/\/theperfumebottles.com\/ro\/wp-json\/wp\/v2\/product"}],"about":[{"href":"https:\/\/theperfumebottles.com\/ro\/wp-json\/wp\/v2\/types\/product"}],"replies":[{"embeddable":true,"href":"https:\/\/theperfumebottles.com\/ro\/wp-json\/wp\/v2\/comments?post=3939"}],"wp:featuredmedia":[{"embeddable":true,"href":"https:\/\/theperfumebottles.com\/ro\/wp-json\/wp\/v2\/media\/3901"}],"wp:attachment":[{"href":"https:\/\/theperfumebottles.com\/ro\/wp-json\/wp\/v2\/media?parent=3939"}],"wp:term":[{"taxonomy":"product_brand","embeddable":true,"href":"https:\/\/theperfumebottles.com\/ro\/wp-json\/wp\/v2\/product_brand?post=3939"},{"taxonomy":"product_cat","embeddable":true,"href":"https:\/\/theperfumebottles.com\/ro\/wp-json\/wp\/v2\/product_cat?post=3939"},{"taxonomy":"product_tag","embeddable":true,"href":"https:\/\/theperfumebottles.com\/ro\/wp-json\/wp\/v2\/product_tag?post=3939"}],"curies":[{"name":"wp","href":"https:\/\/api.w.org\/{rel}","templated":true}]}}