{"id":4002,"date":"2025-06-17T18:06:19","date_gmt":"2025-06-17T10:06:19","guid":{"rendered":"https:\/\/theperfumebottles.com\/?post_type=product&#038;p=4002"},"modified":"2025-06-17T18:06:21","modified_gmt":"2025-06-17T10:06:21","slug":"wholesale-perfume-bottles-bulk-perfume-bottles-supplier","status":"publish","type":"product","link":"https:\/\/theperfumebottles.com\/ro\/produs\/wholesale-perfume-bottles-bulk-perfume-bottles-supplier\/","title":{"rendered":"Sticle de parfum en-gros de 100 ml | Sticle de parfum gravate \u00een vrac"},"content":{"rendered":"<p>C\u0103ut\u0103ri recente pentru sticle de parfum de \u00eenalt\u0103 calitate? Sticla este at\u00e2t de transparent\u0103 \u00eenc\u00e2t po\u021bi vedea reflec\u021bia ta, iar suprafa\u021ba este gravat\u0103 cu elegante modele \u00een X, eman\u00e2nd un sentiment de lux. Fie c\u0103 e\u0219ti un manager de m\u0103rc\u0103 care tocmai a lansat un nou parfum, sau un distribuitor care dore\u0219te s\u0103 \u00eembun\u0103t\u0103\u021beasc\u0103 \"\u00eempachetarea de lux\" a unui model clasic, aceast\u0103 sticl\u0103 nu doar c\u0103 poate p\u0103stra sufletul parfumului, dar \u00ee\u021bi poate ajuta \u0219i s\u0103 reduci costurile \u0219i s\u0103 \u00eembun\u0103t\u0103\u021be\u0219ti calitatea. De ce s\u0103 nu o adaugi \u00een lista ta de \"suppliers de aur\u201d?<\/p>\n<h2>Specifica\u021bii cheie<\/h2>\n<table style=\"border-collapse: collapse; margin-left: auto; margin-right: auto; width: 80%;\" border=\"0\" width=\"80%\" cellspacing=\"0\" cellpadding=\"0\">\n<tbody>\n<tr style=\"height: 13.50pt;\">\n<td style=\"height: 13.50pt; width: 61.50pt;\" width=\"82\" height=\"18\">Caracteristic\u0103<\/td>\n<td style=\"width: 175.50pt;\" width=\"234\">Detaliu<\/td>\n<\/tr>\n<tr style=\"height: 13.50pt;\">\n<td style=\"height: 13.50pt;\" height=\"18\">Capacitate<\/td>\n<td>100 ml<\/td>\n<\/tr>\n<tr style=\"height: 13.50pt;\">\n<td style=\"height: 13.50pt;\" height=\"18\">Form\u0103<\/td>\n<td>Dreptunghiular<\/td>\n<\/tr>\n<tr style=\"height: 13.50pt;\">\n<td style=\"height: 13.50pt;\" height=\"18\">Dimensiuni<\/td>\n<td>55.5 x 36.5 x 102 mm<\/td>\n<\/tr>\n<tr style=\"height: 13.50pt;\">\n<td style=\"height: 13.50pt;\" height=\"18\">Material<\/td>\n<td>Sticl\u0103 de cristal<\/td>\n<\/tr>\n<tr style=\"height: 13.50pt;\">\n<td style=\"height: 13.50pt;\" height=\"18\">Culoare<\/td>\n<td>Complet personalizabil<\/td>\n<\/tr>\n<tr style=\"height: 13.50pt;\">\n<td style=\"height: 13.50pt;\" height=\"18\">Tipul de etan\u0219are<\/td>\n<td>G\u00e2t sertizat + pulverizator<\/td>\n<\/tr>\n<tr style=\"height: 13.50pt;\">\n<td style=\"height: 13.50pt;\" height=\"18\">Folosire ideal\u0103<\/td>\n<td>Parfum, cologne<\/td>\n<\/tr>\n<\/tbody>\n<\/table>\n<h2>Caz de succes real<\/h2>\n<p>Unul dintre clien\u021bii no\u0219tri, o m\u0103rc\u0103 de parfum de specialitate, a dorit s\u0103 se disting\u0103 la o mare expozi\u021bie de cosmetice. Au ales sticla de parfum cu sticl\u0103 \u00eencrustat\u0103 personalizat\u0103 \u0219i au gravat logo-ul m\u0103rcii. Produsul final a f\u0103cut o apari\u021bie impresionant\u0103 la expunere \u0219i i-a ajutat s\u0103 ob\u021bin\u0103 mai multe comenzi. Clien\u021bii au l\u0103udat textura premium \u0219i materialele ecologice, dovedind c\u0103 \u00eempachetarea cosmetic\u0103 de \u00eenalt\u0103 calitate poate, \u00eentr-adev\u0103r, aduce \u00eembun\u0103t\u0103\u021biri semnificative.<\/p>\n<h2>Sfaturi pentru personalizare pentru a face-o a ta<\/h2>\n<p>Dore\u0219ti ca m\u0103rca ta s\u0103 str\u0103luceasc\u0103 \u00een \u00eempachetare? Iat\u0103 cum s\u0103 o faci cel mai bine:<\/p>\n<ul>\n<li>Alege o culoare solid\u0103 sau gradient care s\u0103 se potriveasc\u0103 culorii principale a m\u0103rcii tale pentru a face sticla recunoscut\u0103 instantaneu \u0219i s\u0103 str\u0103luceasc\u0103 ca un \u201crepresentant al m\u0103rcii\u201d~<\/li>\n<li>Folose\u0219te gravare cu laser sau tip\u0103rire UV pentru a \u00eenghe\u021ba impresia m\u0103rcii \u0219i a \u00ee\u021bi ridica sofisticarea la extreme!<\/li>\n<li>\u00cencearc\u0103 finisaje mat sau varia\u021bii de modele pentru a crea un aspect semnificativ pentru parfumul t\u0103u.<\/li>\n<li>Completa\u021bi-l cu \u00eempachetare ecologic\u0103 pentru a \u00eembun\u0103t\u0103\u021bi imaginea verzi a voastr\u0103.<\/li>\n<\/ul>\n<h2 data-start=\"132\" data-end=\"398\"><strong data-start=\"132\" data-end=\"189\">Gata s\u0103 \u00ee\u021bi duce m\u0103rca de parfum la urm\u0103torul nivel?<\/strong><\/h2>\n<p data-start=\"132\" data-end=\"398\">Sticla potrivit\u0103 nu face doar fa\u021ba produsului \u2014 \u00eei aduce via\u021b\u0103 m\u0103rcii. Sticlele noastre de parfum de v\u00e2nzare \u00een loturi combin\u0103 design elegant cu calitate fiabil\u0103, ajut\u00e2ndu-\u021bi mirosul s\u0103 ias\u0103 \u00een eviden\u021b\u0103 pe fiecare raft.<\/p>\n<p data-start=\"400\" data-end=\"573\">P\u0103ru de \u00eempachetare generic\u0103. Cu op\u021biunile noastre de v\u00e2nzare \u00een loturi de sticle de parfum, po\u021bi crea designuri personalizate care s\u0103 reflecte viziunea, valorile \u0219i creativitatea unic\u0103 a ta. Hai s\u0103 cre\u0103m \u00eempachetare care s\u0103 spun\u0103 povestea ta.<\/p>","protected":false},"excerpt":{"rendered":"<p>Sticle de parfum de \u00eenalt\u0103 calitate disponibile \u00een cantit\u0103\u021bi mari. Ideal pentru m\u0103rci &amp; distribuitori. Op\u021biuni personalizate, livrare rapid\u0103 \u0219i pre\u021buri direct de la fabric\u0103.<\/p>","protected":false},"featured_media":4007,"comment_status":"open","ping_status":"closed","template":"","meta":{"_acf_changed":false,"site-sidebar-layout":"default","site-content-layout":"","ast-site-content-layout":"default","site-content-style":"default","site-sidebar-style":"default","ast-global-header-display":"","ast-banner-title-visibility":"","ast-main-header-display":"","ast-hfb-above-header-display":"","ast-hfb-below-header-display":"","ast-hfb-mobile-header-display":"","site-post-title":"","ast-breadcrumbs-content":"","ast-featured-img":"","footer-sml-layout":"","ast-disable-related-posts":"","theme-transparent-header-meta":"default","adv-header-id-meta":"","stick-header-meta":"","header-above-stick-meta":"","header-main-stick-meta":"","header-below-stick-meta":"","astra-migrate-meta-layouts":"set","ast-page-background-enabled":"default","ast-page-background-meta":{"desktop":{"background-color":"var(--ast-global-color-5)","background-image":"","background-repeat":"repeat","background-position":"center center","background-size":"auto","background-attachment":"scroll","background-type":"","background-media":"","overlay-type":"","overlay-color":"","overlay-opacity":"","overlay-gradient":""},"tablet":{"background-color":"","background-image":"","background-repeat":"repeat","background-position":"center center","background-size":"auto","background-attachment":"scroll","background-type":"","background-media":"","overlay-type":"","overlay-color":"","overlay-opacity":"","overlay-gradient":""},"mobile":{"background-color":"","background-image":"","background-repeat":"repeat","background-position":"center center","background-size":"auto","background-attachment":"scroll","background-type":"","background-media":"","overlay-type":"","overlay-color":"","overlay-opacity":"","overlay-gradient":""}},"ast-content-background-meta":{"desktop":{"background-color":"var(--ast-global-color-4)","background-image":"","background-repeat":"repeat","background-position":"center center","background-size":"auto","background-attachment":"scroll","background-type":"","background-media":"","overlay-type":"","overlay-color":"","overlay-opacity":"","overlay-gradient":""},"tablet":{"background-color":"var(--ast-global-color-4)","background-image":"","background-repeat":"repeat","background-position":"center center","background-size":"auto","background-attachment":"scroll","background-type":"","background-media":"","overlay-type":"","overlay-color":"","overlay-opacity":"","overlay-gradient":""},"mobile":{"background-color":"var(--ast-global-color-4)","background-image":"","background-repeat":"repeat","background-position":"center center","background-size":"auto","background-attachment":"scroll","background-type":"","background-media":"","overlay-type":"","overlay-color":"","overlay-opacity":"","overlay-gradient":""}}},"product_brand":[],"product_cat":[72,91,41],"product_tag":[49],"class_list":{"0":"post-4002","1":"product","2":"type-product","3":"status-publish","4":"has-post-thumbnail","6":"product_cat-cosmetic-packaging","7":"product_cat-custom-perfume-bottles","8":"product_cat-perfume-bottles","9":"product_tag-perfume-bottles","10":"desktop-align-left","11":"tablet-align-left","12":"mobile-align-left","14":"first","15":"instock","16":"shipping-taxable","17":"product-type-simple"},"acf":[],"jetpack_sharing_enabled":true,"_links":{"self":[{"href":"https:\/\/theperfumebottles.com\/ro\/wp-json\/wp\/v2\/product\/4002","targetHints":{"allow":["GET"]}}],"collection":[{"href":"https:\/\/theperfumebottles.com\/ro\/wp-json\/wp\/v2\/product"}],"about":[{"href":"https:\/\/theperfumebottles.com\/ro\/wp-json\/wp\/v2\/types\/product"}],"replies":[{"embeddable":true,"href":"https:\/\/theperfumebottles.com\/ro\/wp-json\/wp\/v2\/comments?post=4002"}],"wp:featuredmedia":[{"embeddable":true,"href":"https:\/\/theperfumebottles.com\/ro\/wp-json\/wp\/v2\/media\/4007"}],"wp:attachment":[{"href":"https:\/\/theperfumebottles.com\/ro\/wp-json\/wp\/v2\/media?parent=4002"}],"wp:term":[{"taxonomy":"product_brand","embeddable":true,"href":"https:\/\/theperfumebottles.com\/ro\/wp-json\/wp\/v2\/product_brand?post=4002"},{"taxonomy":"product_cat","embeddable":true,"href":"https:\/\/theperfumebottles.com\/ro\/wp-json\/wp\/v2\/product_cat?post=4002"},{"taxonomy":"product_tag","embeddable":true,"href":"https:\/\/theperfumebottles.com\/ro\/wp-json\/wp\/v2\/product_tag?post=4002"}],"curies":[{"name":"wp","href":"https:\/\/api.w.org\/{rel}","templated":true}]}}