{"id":4018,"date":"2025-06-19T18:09:53","date_gmt":"2025-06-19T10:09:53","guid":{"rendered":"https:\/\/theperfumebottles.com\/?post_type=product&#038;p=4018"},"modified":"2025-06-19T18:09:55","modified_gmt":"2025-06-19T10:09:55","slug":"empty-amber-essential-oil-bottles-wholesale","status":"publish","type":"product","link":"https:\/\/theperfumebottles.com\/ro\/produs\/empty-amber-essential-oil-bottles-wholesale\/","title":{"rendered":"Sticle de ulei esen\u021bial goale de 50 ml 100 ml, chihlimbar, en-gros"},"content":{"rendered":"<p>Alege\u021bi-ne pentru sticle de uleiuri esen\u021biale en-gros! Sticlele goale de uleiuri esen\u021biale sunt fabricate din sticl\u0103 chihlimbarie rezistent\u0103 la UV pentru a proteja uleiurile esen\u021biale de descompunerea prin lumin\u0103. Sticla elegant\u0103 este potrivit\u0103 pentru ambalarea m\u0103rcii \u0219i permite personalizarea. Cantit\u0103\u021bile mari sunt preferate pentru a satisface nevoile dumneavoastr\u0103 de achizi\u021bii \u00een vrac!<\/p>\n<h2>Specifica\u021bii cheie<\/h2>\n<table style=\"border-collapse: collapse; margin-left: auto; margin-right: auto; width: 80%;\" border=\"0\" width=\"80%\" cellspacing=\"0\" cellpadding=\"0\">\n<tbody>\n<tr style=\"height: 13.50pt;\">\n<td style=\"height: 13.50pt; width: 122.25pt;\" width=\"163\" height=\"18\">Specifica\u021bii<\/td>\n<td style=\"width: 259.50pt;\" width=\"346\">Detalii<\/td>\n<\/tr>\n<tr style=\"height: 13.50pt;\">\n<td style=\"height: 13.50pt;\" height=\"18\">Material<\/td>\n<td>Sticl\u0103 (Chihlimbar)<\/td>\n<\/tr>\n<tr style=\"height: 13.50pt;\">\n<td style=\"height: 13.50pt;\" height=\"18\">Op\u021biuni de capacitate<\/td>\n<td>50ml \/ 100ml<\/td>\n<\/tr>\n<tr style=\"height: 13.50pt;\">\n<td style=\"height: 13.50pt;\" height=\"18\">Tipul capacului<\/td>\n<td>Capac cu filet \/ Pipet\u0103 \/ Spray<\/td>\n<\/tr>\n<tr style=\"height: 13.50pt;\">\n<td style=\"height: 13.50pt;\" height=\"18\">Form\u0103 de sticl\u0103<\/td>\n<td>Cilindric\u0103 \/ Rotund \/ P\u0103trat\u0103 (op\u021bional)<\/td>\n<\/tr>\n<tr style=\"height: 13.50pt;\">\n<td style=\"height: 13.50pt;\" height=\"18\">Utilizare<\/td>\n<td>Uleiuri esen\u021biale, uleiuri parfumate, amestecuri<\/td>\n<\/tr>\n<tr style=\"height: 13.50pt;\">\n<td style=\"height: 13.50pt;\" height=\"18\">Finisajul suprafe\u021bei<\/td>\n<td>Fin, u\u0219or de utilizat cu etichetele<\/td>\n<\/tr>\n<tr style=\"height: 13.50pt;\">\n<td style=\"height: 13.50pt;\" height=\"18\">Personalizare<\/td>\n<td>Imprimare logo, culoare, stil \u0219apc\u0103<\/td>\n<\/tr>\n<\/tbody>\n<\/table>\n<h2>Studiu de caz real<\/h2>\n<p>Unul dintre clien\u021bii no\u0219tri fideli este un mic brand de produse naturale pentru s\u0103n\u0103tate din Australia, care dorea s\u0103 lanseze o nou\u0103 gam\u0103 de spray-uri de aromaterapie. Ace\u0219tia au ales sticlele noastre de uleiuri esen\u021biale en-gros de 50 ml, cu capace personalizate de albastru cobalt \u0219i logo-uri \u00een relief.<\/p>\n<p>\u00cen \u0219ase s\u0103pt\u0103m\u00e2ni, v\u00e2nz\u0103rile lor au crescut cu 20%. Ne-au spus: \u201eSticlele fac ca produsele noastre s\u0103 par\u0103 premium f\u0103r\u0103 a ne dep\u0103\u0219i bugetul.\u201d<\/p>\n<p>Aceasta este frumuse\u021bea ambalajelor inteligente \u2013 \u0219i totul \u00eencepe cu sticla potrivit\u0103.<\/p>\n<h2>Sugestii de ambalare<\/h2>\n<p>Vrei s\u0103 personalizezi cu adev\u0103rat aceast\u0103 sticl\u0103? \u00cen\u021belegem investi\u021bia ta \u00een brandul t\u0103u, a\u0219a c\u0103 \u00ee\u021bi oferim servicii complete de personalizare pentru a te ajuta s\u0103 creezi cel mai bun aspect al ambalajului \u0219i s\u0103 ar\u0103\u021bi farmecul brandului t\u0103u!<\/p>\n<ul>\n<li><strong>Alege-\u021bi culoarea:<\/strong> Chihlimbar clasic, cu textur\u0103 de \u00eenalt\u0103 calitate. Dac\u0103 dori\u021bi un stil diferit, pute\u021bi alege finisaje verzi, albastre, roz \u0219i translucide. Fiecare dintre ele poate completa temperamentul m\u0103rcii dvs.!<\/li>\n<li><strong>Capac de sticl\u0103 cu model:<\/strong> Dac\u0103 v\u0103 place textura complet\u0103, pute\u021bi alege un capac de sticl\u0103 din metal neted; dac\u0103 dori\u021bi simplitate \u0219i discre\u021bie, un capac de sticl\u0103 din plastic mat este o alegere bun\u0103; dac\u0103 dori\u021bi o variant\u0103 natural\u0103 \u0219i ecologic\u0103, un capac de sticl\u0103 ecologic cu aspect de lemn este perfect!<\/li>\n<li><strong>Sigla m\u0103rcii:<\/strong> Vrei ca logo-ul m\u0103rcii tale s\u0103 fie deosebit de atr\u0103g\u0103tor? Sunt disponibile serigrafie, embosare \u0219i etichete autocolante. Indiferent de proces, logo-ul t\u0103u poate fi \u201ecrescut\u201d ferm pe sticl\u0103, f\u0103c\u00e2nd ca oamenii s\u0103 \u0219i-l aminteasc\u0103 dintr-o privire!<\/li>\n<\/ul>\n<h2>Rezumat<\/h2>\n<p>Indiferent dac\u0103 dori\u021bi s\u0103 comercializa\u021bi en-gros un lot de sticle de uleiuri esen\u021biale la pre\u021buri avantajoase pentru a v\u0103 lansa rapid linia de produse sau dori\u021bi s\u0103 personaliza\u021bi un set de ambalaje goale \u201ede neuitat\u201d pentru o serie existent\u0103 de uleiuri esen\u021biale, suntem dispu\u0219i s\u0103 fim \u201epartenerul dumneavoastr\u0103 din culise\u201d. De la alegerea dimensiunii la alegerea designului, de la sugestii de materiale la ajust\u0103ri de proces, dac\u0103 ave\u021bi nel\u0103muriri sau idei, nu ezita\u021bi s\u0103 ne anun\u021ba\u021bi - echipa noastr\u0103 este \u00eentotdeauna gata s\u0103 v\u0103 ajute s\u0103 transforma\u021bi \u201eforma ideal\u0103\u201d din mintea dumneavoastr\u0103 \u00eentr-o \u201esurpriz\u0103\u201d pe care clien\u021bii o pot atinge.<\/p>","protected":false},"excerpt":{"rendered":"<p>Sticle goale de uleiuri esen\u021biale de \u00eenalt\u0103 calitate, disponibile en-gros. Ideale pentru aromaterapie, uleiuri esen\u021biale \u0219i ambalaje sub marc\u0103 proprie.<\/p>","protected":false},"featured_media":4038,"comment_status":"open","ping_status":"closed","template":"","meta":{"_acf_changed":false,"site-sidebar-layout":"default","site-content-layout":"","ast-site-content-layout":"default","site-content-style":"default","site-sidebar-style":"default","ast-global-header-display":"","ast-banner-title-visibility":"","ast-main-header-display":"","ast-hfb-above-header-display":"","ast-hfb-below-header-display":"","ast-hfb-mobile-header-display":"","site-post-title":"","ast-breadcrumbs-content":"","ast-featured-img":"","footer-sml-layout":"","ast-disable-related-posts":"","theme-transparent-header-meta":"default","adv-header-id-meta":"","stick-header-meta":"","header-above-stick-meta":"","header-main-stick-meta":"","header-below-stick-meta":"","astra-migrate-meta-layouts":"set","ast-page-background-enabled":"default","ast-page-background-meta":{"desktop":{"background-color":"var(--ast-global-color-5)","background-image":"","background-repeat":"repeat","background-position":"center center","background-size":"auto","background-attachment":"scroll","background-type":"","background-media":"","overlay-type":"","overlay-color":"","overlay-opacity":"","overlay-gradient":""},"tablet":{"background-color":"","background-image":"","background-repeat":"repeat","background-position":"center center","background-size":"auto","background-attachment":"scroll","background-type":"","background-media":"","overlay-type":"","overlay-color":"","overlay-opacity":"","overlay-gradient":""},"mobile":{"background-color":"","background-image":"","background-repeat":"repeat","background-position":"center center","background-size":"auto","background-attachment":"scroll","background-type":"","background-media":"","overlay-type":"","overlay-color":"","overlay-opacity":"","overlay-gradient":""}},"ast-content-background-meta":{"desktop":{"background-color":"var(--ast-global-color-4)","background-image":"","background-repeat":"repeat","background-position":"center center","background-size":"auto","background-attachment":"scroll","background-type":"","background-media":"","overlay-type":"","overlay-color":"","overlay-opacity":"","overlay-gradient":""},"tablet":{"background-color":"var(--ast-global-color-4)","background-image":"","background-repeat":"repeat","background-position":"center center","background-size":"auto","background-attachment":"scroll","background-type":"","background-media":"","overlay-type":"","overlay-color":"","overlay-opacity":"","overlay-gradient":""},"mobile":{"background-color":"var(--ast-global-color-4)","background-image":"","background-repeat":"repeat","background-position":"center center","background-size":"auto","background-attachment":"scroll","background-type":"","background-media":"","overlay-type":"","overlay-color":"","overlay-opacity":"","overlay-gradient":""}}},"product_brand":[],"product_cat":[57,72,62],"product_tag":[],"class_list":{"0":"post-4018","1":"product","2":"type-product","3":"status-publish","4":"has-post-thumbnail","6":"product_cat-essential-oil-bottles","7":"product_cat-cosmetic-packaging","8":"product_cat-cosmetic-containers","9":"desktop-align-left","10":"tablet-align-left","11":"mobile-align-left","13":"first","14":"instock","15":"shipping-taxable","16":"product-type-simple"},"acf":[],"jetpack_sharing_enabled":true,"_links":{"self":[{"href":"https:\/\/theperfumebottles.com\/ro\/wp-json\/wp\/v2\/product\/4018","targetHints":{"allow":["GET"]}}],"collection":[{"href":"https:\/\/theperfumebottles.com\/ro\/wp-json\/wp\/v2\/product"}],"about":[{"href":"https:\/\/theperfumebottles.com\/ro\/wp-json\/wp\/v2\/types\/product"}],"replies":[{"embeddable":true,"href":"https:\/\/theperfumebottles.com\/ro\/wp-json\/wp\/v2\/comments?post=4018"}],"wp:featuredmedia":[{"embeddable":true,"href":"https:\/\/theperfumebottles.com\/ro\/wp-json\/wp\/v2\/media\/4038"}],"wp:attachment":[{"href":"https:\/\/theperfumebottles.com\/ro\/wp-json\/wp\/v2\/media?parent=4018"}],"wp:term":[{"taxonomy":"product_brand","embeddable":true,"href":"https:\/\/theperfumebottles.com\/ro\/wp-json\/wp\/v2\/product_brand?post=4018"},{"taxonomy":"product_cat","embeddable":true,"href":"https:\/\/theperfumebottles.com\/ro\/wp-json\/wp\/v2\/product_cat?post=4018"},{"taxonomy":"product_tag","embeddable":true,"href":"https:\/\/theperfumebottles.com\/ro\/wp-json\/wp\/v2\/product_tag?post=4018"}],"curies":[{"name":"wp","href":"https:\/\/api.w.org\/{rel}","templated":true}]}}