{"id":4274,"date":"2025-06-27T09:35:18","date_gmt":"2025-06-27T01:35:18","guid":{"rendered":"https:\/\/theperfumebottles.com\/?post_type=product&#038;p=4274"},"modified":"2025-06-27T09:35:20","modified_gmt":"2025-06-27T01:35:20","slug":"custom-bulk-perfume-bottles-glass-packaging-deals","status":"publish","type":"product","link":"https:\/\/theperfumebottles.com\/ro\/produs\/custom-bulk-perfume-bottles-glass-packaging-deals\/","title":{"rendered":"Sticle de parfum personalizate vrac de 30 ml, 50 ml \u0219i 100 ml \u2013 Oferte de ambalaje din sticl\u0103"},"content":{"rendered":"<p>Vrei s\u0103 comanzi sticlu\u021be de parfum vrac? Nu ai cum s\u0103 dai gre\u0219 cu sticlu\u021bele noastre de parfum goale! Calitate excelent\u0103, design simplu \u0219i elegant, doar o etichet\u0103 \u0219i ni\u0219te decora\u021biuni le vor face s\u0103 arate special. Lans\u0103ri de produse noi sau reaprovizionare, totul se face cu u\u0219urin\u021b\u0103!<\/p>\n<h2>Specifica\u021bii cheie<\/h2>\n<table style=\"border-collapse: collapse;margin-left: auto;margin-right: auto;width: 80%\" border=\"0\" width=\"80%\" cellspacing=\"0\" cellpadding=\"0\">\n<tbody>\n<tr style=\"height: 13.50pt\">\n<td style=\"height: 13.50pt;width: 103.50pt\" width=\"138\" height=\"18\">Caracteristic\u0103<\/td>\n<td style=\"width: 186.75pt\" width=\"249\">Detalii<\/td>\n<\/tr>\n<tr style=\"height: 13.50pt\">\n<td style=\"height: 13.50pt\" height=\"18\">Material<\/td>\n<td>Sticl\u0103 de cristal<\/td>\n<\/tr>\n<tr style=\"height: 13.50pt\">\n<td style=\"height: 13.50pt\" height=\"18\">Form\u0103<\/td>\n<td>Dreptunghiular<\/td>\n<\/tr>\n<tr style=\"height: 13.50pt\">\n<td style=\"height: 13.50pt\" height=\"18\">Capacitate<\/td>\n<td>30ml\/50ml\/100ml<\/td>\n<\/tr>\n<tr style=\"height: 13.50pt\">\n<td style=\"height: 13.50pt\" height=\"18\">Tip de \u00eenchidere<\/td>\n<td>\n<article class=\"4ever-article\" data-clipboard-cangjie=\"[&quot;root&quot;,{&quot;copyFrom&quot;:&quot;im-native&quot;},[&quot;p&quot;,{},[&quot;span&quot;,{&quot;data-type&quot;:&quot;text&quot;},[&quot;span&quot;,{&quot;data-type&quot;:&quot;leaf&quot;},&quot;Screw neck&quot;]]]]\">G\u00e2t filetat + Pulverizator<\/article>\n<\/td>\n<\/tr>\n<tr style=\"height: 13.50pt\">\n<td style=\"height: 13.50pt\" height=\"18\">Personalizare<\/td>\n<td>Op\u021biuni complete de culoare disponibile<\/td>\n<\/tr>\n<\/tbody>\n<\/table>\n<h2>Poveste de succes real\u0103<\/h2>\n<p>Exist\u0103 un brand de parfumuri boutique care alege calea rafinat\u0103 \u0219i dore\u0219te s\u0103 creeze un parfum minimalist \u0219i elegant. Au ales sticlu\u021bele noastre de parfum goale drept \u201ep\u00e2nz\u0103\u201d \u0219i au comandat un lot de sticlu\u021be de parfum vrac de 50 ml, care au fost, de asemenea, decorate cu ornamente aurii roz \u0219i tonuri delicate de lavand\u0103, ceea ce le-a f\u0103cut s\u0103 arate foarte luxos! Rezultatul? Acest parfum \u00een edi\u021bie limitat\u0103 a fost epuizat la doar c\u00e2teva s\u0103pt\u0103m\u00e2ni dup\u0103 ce a fost lansat pe rafturi, iar platformele sociale au fost pline de recenzii entuziaste pentru el.<\/p>\n<h2>Sfaturi profesionale<\/h2>\n<p>Dac\u0103 clien\u021bii t\u0103i \u021bint\u0103 iubesc frumuse\u021bea simpl\u0103 a conceptului \u201emai pu\u021bin \u00eenseamn\u0103 mai mult\u201d, po\u021bi alege o sticl\u0103 cu o textur\u0103 mat\u0103 \u0219i tonuri de satura\u021bie sc\u0103zut\u0103; dac\u0103 te adresezi pie\u021bei de lux, po\u021bi ad\u0103uga un capac metalic la sticl\u0103 \u0219i o culoare intens\u0103 a pietrei pre\u021bioase pentru a face impactul vizual complet, iar clien\u021bii nu o vor uita niciodat\u0103 la prima vedere!<\/p>\n<h2>Vrei s\u0103-\u021bi creezi propria sticl\u0103 de parfum?<\/h2>\n<p>Indiferent dac\u0103 lansa\u021bi o nou\u0103 serie de parfumuri sau re\u00eemprosp\u0103ta\u021bi o linie de produse existent\u0103, sticlele noastre de parfum din sticl\u0103 nu numai c\u0103 pot men\u021bine stilul, dar se pot \u0219i \u201eextinde flexibil\u201d odat\u0103 cu v\u00e2nz\u0103rile dvs. De la culoarea sticlei la stilul capacului sticlei, le pute\u021bi personaliza dup\u0103 bunul plac! Atunci c\u00e2nd afacerea dvs. cre\u0219te din ce \u00een ce mai mult \u0219i dori\u021bi s\u0103 v\u0103 extinde\u021bi scara de produc\u021bie, v\u0103 putem ajuta, de asemenea, s\u0103 g\u0103si\u021bi cu u\u0219urin\u021b\u0103 cele mai potrivite sticle de parfum vrac (sticle de parfum pentru loturi) care s\u0103 se potriveasc\u0103 perfect viziunii dvs. de brand~<\/p>\n<p>Vino \u0219i al\u0103tur\u0103-te nou\u0103 pentru a realiza un \u201eproiect de sticl\u0103 de parfum\u201d de neuitat, pentru a face parfumul t\u0103u memorabil chiar din sticl\u0103!<\/p>\n<p>&nbsp;<\/p>","protected":false},"excerpt":{"rendered":"<p>Sticlu\u021be de parfum de \u00eenalt\u0103 calitate, vrac, cu capace elegante aurii. Ideale pentru m\u0103rci de parfumuri, proiecte DIY sau solu\u021bii de ambalare en-gros.<\/p>","protected":false},"featured_media":4277,"comment_status":"open","ping_status":"closed","template":"","meta":{"_acf_changed":false,"site-sidebar-layout":"default","site-content-layout":"","ast-site-content-layout":"default","site-content-style":"default","site-sidebar-style":"default","ast-global-header-display":"","ast-banner-title-visibility":"","ast-main-header-display":"","ast-hfb-above-header-display":"","ast-hfb-below-header-display":"","ast-hfb-mobile-header-display":"","site-post-title":"","ast-breadcrumbs-content":"","ast-featured-img":"","footer-sml-layout":"","ast-disable-related-posts":"","theme-transparent-header-meta":"default","adv-header-id-meta":"","stick-header-meta":"","header-above-stick-meta":"","header-main-stick-meta":"","header-below-stick-meta":"","astra-migrate-meta-layouts":"set","ast-page-background-enabled":"default","ast-page-background-meta":{"desktop":{"background-color":"var(--ast-global-color-5)","background-image":"","background-repeat":"repeat","background-position":"center center","background-size":"auto","background-attachment":"scroll","background-type":"","background-media":"","overlay-type":"","overlay-color":"","overlay-opacity":"","overlay-gradient":""},"tablet":{"background-color":"","background-image":"","background-repeat":"repeat","background-position":"center center","background-size":"auto","background-attachment":"scroll","background-type":"","background-media":"","overlay-type":"","overlay-color":"","overlay-opacity":"","overlay-gradient":""},"mobile":{"background-color":"","background-image":"","background-repeat":"repeat","background-position":"center center","background-size":"auto","background-attachment":"scroll","background-type":"","background-media":"","overlay-type":"","overlay-color":"","overlay-opacity":"","overlay-gradient":""}},"ast-content-background-meta":{"desktop":{"background-color":"var(--ast-global-color-4)","background-image":"","background-repeat":"repeat","background-position":"center center","background-size":"auto","background-attachment":"scroll","background-type":"","background-media":"","overlay-type":"","overlay-color":"","overlay-opacity":"","overlay-gradient":""},"tablet":{"background-color":"var(--ast-global-color-4)","background-image":"","background-repeat":"repeat","background-position":"center center","background-size":"auto","background-attachment":"scroll","background-type":"","background-media":"","overlay-type":"","overlay-color":"","overlay-opacity":"","overlay-gradient":""},"mobile":{"background-color":"var(--ast-global-color-4)","background-image":"","background-repeat":"repeat","background-position":"center center","background-size":"auto","background-attachment":"scroll","background-type":"","background-media":"","overlay-type":"","overlay-color":"","overlay-opacity":"","overlay-gradient":""}}},"product_brand":[],"product_cat":[72,91,41],"product_tag":[],"class_list":{"0":"post-4274","1":"product","2":"type-product","3":"status-publish","4":"has-post-thumbnail","6":"product_cat-cosmetic-packaging","7":"product_cat-custom-perfume-bottles","8":"product_cat-perfume-bottles","9":"desktop-align-left","10":"tablet-align-left","11":"mobile-align-left","13":"first","14":"instock","15":"shipping-taxable","16":"product-type-simple"},"acf":[],"jetpack_sharing_enabled":true,"_links":{"self":[{"href":"https:\/\/theperfumebottles.com\/ro\/wp-json\/wp\/v2\/product\/4274","targetHints":{"allow":["GET"]}}],"collection":[{"href":"https:\/\/theperfumebottles.com\/ro\/wp-json\/wp\/v2\/product"}],"about":[{"href":"https:\/\/theperfumebottles.com\/ro\/wp-json\/wp\/v2\/types\/product"}],"replies":[{"embeddable":true,"href":"https:\/\/theperfumebottles.com\/ro\/wp-json\/wp\/v2\/comments?post=4274"}],"wp:featuredmedia":[{"embeddable":true,"href":"https:\/\/theperfumebottles.com\/ro\/wp-json\/wp\/v2\/media\/4277"}],"wp:attachment":[{"href":"https:\/\/theperfumebottles.com\/ro\/wp-json\/wp\/v2\/media?parent=4274"}],"wp:term":[{"taxonomy":"product_brand","embeddable":true,"href":"https:\/\/theperfumebottles.com\/ro\/wp-json\/wp\/v2\/product_brand?post=4274"},{"taxonomy":"product_cat","embeddable":true,"href":"https:\/\/theperfumebottles.com\/ro\/wp-json\/wp\/v2\/product_cat?post=4274"},{"taxonomy":"product_tag","embeddable":true,"href":"https:\/\/theperfumebottles.com\/ro\/wp-json\/wp\/v2\/product_tag?post=4274"}],"curies":[{"name":"wp","href":"https:\/\/api.w.org\/{rel}","templated":true}]}}