{"id":4453,"date":"2025-07-15T17:33:54","date_gmt":"2025-07-15T09:33:54","guid":{"rendered":"https:\/\/theperfumebottles.com\/?post_type=product&#038;p=4453"},"modified":"2025-07-30T15:56:29","modified_gmt":"2025-07-30T07:56:29","slug":"2oz-4oz-8oz-premium-cosmetic-jars-wholesale","status":"publish","type":"product","link":"https:\/\/theperfumebottles.com\/ro\/produs\/2oz-4oz-8oz-premium-cosmetic-jars-wholesale\/","title":{"rendered":"Borcane cosmetice premium de 2oz, 4oz, 8oz, en-gros"},"content":{"rendered":"<p><span class=\"highlights\" data-v-df95d256=\"\">Borcanele noastre cosmetice sunt concepute pentru a v\u0103 \u00eembun\u0103t\u0103\u021bi experien\u021ba \u00een ambalaje pentru \u00eengrijirea pielii. Indiferent dac\u0103 lansa\u021bi o linie de ambalaje de lux pentru produse cosmetice sau v\u0103 extinde\u021bi pentru v\u00e2nzarea en-gros, aceste borcane de sticl\u0103 combin\u0103 func\u021bionalitatea \u0219i estetica pentru a satisface cerin\u021bele pie\u021bei moderne.<\/span><\/p>\n<h2>Specifica\u021bii cheie<\/h2>\n<table style=\"margin-left: 240px;margin-right: auto;border-collapse: collapse;width: 80%;height: 403px\" border=\"0\" width=\"144\" cellspacing=\"0\" cellpadding=\"0\">\n<tbody>\n<tr style=\"height: 13.50pt\">\n<td style=\"height: 13.50pt;width: 54.00pt\" width=\"72\" height=\"18\">Caracteristic\u0103<\/td>\n<td style=\"width: 54.00pt\" width=\"72\">Detalii<\/td>\n<\/tr>\n<tr style=\"height: 13.50pt\">\n<td style=\"height: 13.50pt\" height=\"18\">Capacitate<\/td>\n<td>2 uncii, 4 uncii, 8 uncii<\/td>\n<\/tr>\n<tr style=\"height: 13.50pt\">\n<td style=\"height: 13.50pt\" height=\"18\">Form\u0103<\/td>\n<td>Cilindru cu muchii drepte<\/td>\n<\/tr>\n<tr style=\"height: 13.50pt\">\n<td style=\"height: 13.50pt\" height=\"18\">Metoda de etan\u0219are<\/td>\n<td>Capac filetat (plastic\/metal)<\/td>\n<\/tr>\n<tr style=\"height: 13.50pt\">\n<td style=\"height: 13.50pt\" height=\"18\">Material<\/td>\n<td>Sticl\u0103 de cristal<\/td>\n<\/tr>\n<tr style=\"height: 13.50pt\">\n<td style=\"height: 13.50pt\" height=\"18\">Culori<\/td>\n<td>Transparent, chihlimbar, negru, verde (personalizabil)<\/td>\n<\/tr>\n<tr style=\"height: 13.50pt\">\n<td style=\"height: 13.50pt\" height=\"18\">Designul de baz\u0103<\/td>\n<td>Fund plat pentru stabilitate<\/td>\n<\/tr>\n<tr style=\"height: 13.50pt\">\n<td style=\"height: 13.50pt\" height=\"18\">Cazuri de utilizare<\/td>\n<td>Crem\u0103 de fa\u021b\u0103, lo\u021biune de corp, crem\u0103 de ochi<\/td>\n<\/tr>\n<\/tbody>\n<\/table>\n<h2><span class=\"highlights\" data-v-df95d256=\"\">Caz de succes<\/span><\/h2>\n<p><span class=\"highlights\" data-v-df95d256=\"\">O firm\u0103 emblematic\u0103 de \u00eengrijire a pielii de lux a folosit borcanele noastre chihlimbar de 113 ml pentru crema sa de fa\u021b\u0103 anti-\u00eemb\u0103tr\u00e2nire. Nuan\u021ba de protec\u021bie UV \u0219i designul minimalist au ajutat produsul lor s\u0103 ias\u0103 \u00een eviden\u021b\u0103 pe dulapuri, cresc\u00e2nd v\u00e2nz\u0103rile cu 40% \u00een trei luni. <\/span><\/p>\n<h2><span class=\"highlights\" data-v-df95d256=\"\">Sugestii de personalizare<\/span><\/h2>\n<ul>\n<li><span class=\"highlights\" data-v-df95d256=\"\"><strong>Culoare \u0219i etichet\u0103:<\/strong> Potrive\u0219te paleta de culori a m\u0103rcii tale cu acoperiri de culori personalizate \u0219i etichete imprimate. <\/span><\/li>\n<li><span class=\"highlights\" data-v-df95d256=\"\"><strong>Op\u021biuni capac:<\/strong> Opteaz\u0103 pentru \u00eenchideri magnetice sau capete de pomp\u0103 pentru o experien\u021b\u0103 de aplicare cu cea\u021b\u0103 fin\u0103. <\/span><\/li>\n<li><span class=\"highlights\" data-v-df95d256=\"\"><strong>Comenzi \u00een vrac:<\/strong> Solu\u021biile noastre de ambalare \u00een vrac asigur\u0103 pre\u021buri en-gros eficiente din punct de vedere al costurilor, f\u0103r\u0103 a sacrifica calitatea.<\/span><\/li>\n<\/ul>","protected":false},"excerpt":{"rendered":"<p>\u00cembun\u0103t\u0103\u021bi\u021bi-v\u0103 experien\u021ba \u00een v\u00e2nzarea en-gros de borcane cosmetice cu ambalaje premium din sticl\u0103. Durabile, personalizabile \u0219i ecologice - ideale pentru ambalaje de lux pentru produse cosmetice.<\/p>","protected":false},"featured_media":4455,"comment_status":"open","ping_status":"closed","template":"","meta":{"_acf_changed":false,"site-sidebar-layout":"default","site-content-layout":"","ast-site-content-layout":"default","site-content-style":"default","site-sidebar-style":"default","ast-global-header-display":"","ast-banner-title-visibility":"","ast-main-header-display":"","ast-hfb-above-header-display":"","ast-hfb-below-header-display":"","ast-hfb-mobile-header-display":"","site-post-title":"","ast-breadcrumbs-content":"","ast-featured-img":"","footer-sml-layout":"","ast-disable-related-posts":"","theme-transparent-header-meta":"default","adv-header-id-meta":"","stick-header-meta":"","header-above-stick-meta":"","header-main-stick-meta":"","header-below-stick-meta":"","astra-migrate-meta-layouts":"set","ast-page-background-enabled":"default","ast-page-background-meta":{"desktop":{"background-color":"var(--ast-global-color-5)","background-image":"","background-repeat":"repeat","background-position":"center center","background-size":"auto","background-attachment":"scroll","background-type":"","background-media":"","overlay-type":"","overlay-color":"","overlay-opacity":"","overlay-gradient":""},"tablet":{"background-color":"","background-image":"","background-repeat":"repeat","background-position":"center center","background-size":"auto","background-attachment":"scroll","background-type":"","background-media":"","overlay-type":"","overlay-color":"","overlay-opacity":"","overlay-gradient":""},"mobile":{"background-color":"","background-image":"","background-repeat":"repeat","background-position":"center center","background-size":"auto","background-attachment":"scroll","background-type":"","background-media":"","overlay-type":"","overlay-color":"","overlay-opacity":"","overlay-gradient":""}},"ast-content-background-meta":{"desktop":{"background-color":"var(--ast-global-color-4)","background-image":"","background-repeat":"repeat","background-position":"center center","background-size":"auto","background-attachment":"scroll","background-type":"","background-media":"","overlay-type":"","overlay-color":"","overlay-opacity":"","overlay-gradient":""},"tablet":{"background-color":"var(--ast-global-color-4)","background-image":"","background-repeat":"repeat","background-position":"center center","background-size":"auto","background-attachment":"scroll","background-type":"","background-media":"","overlay-type":"","overlay-color":"","overlay-opacity":"","overlay-gradient":""},"mobile":{"background-color":"var(--ast-global-color-4)","background-image":"","background-repeat":"repeat","background-position":"center center","background-size":"auto","background-attachment":"scroll","background-type":"","background-media":"","overlay-type":"","overlay-color":"","overlay-opacity":"","overlay-gradient":""}}},"product_brand":[],"product_cat":[72,62,56],"product_tag":[108,107],"class_list":{"0":"post-4453","1":"product","2":"type-product","3":"status-publish","4":"has-post-thumbnail","6":"product_cat-cosmetic-packaging","7":"product_cat-cosmetic-containers","8":"product_cat-cosmetic-jars","9":"product_tag-a-jar-of-face-cream","10":"product_tag-cosmetic-jars-wholesale","11":"desktop-align-left","12":"tablet-align-left","13":"mobile-align-left","15":"first","16":"instock","17":"shipping-taxable","18":"product-type-simple"},"acf":[],"jetpack_sharing_enabled":true,"_links":{"self":[{"href":"https:\/\/theperfumebottles.com\/ro\/wp-json\/wp\/v2\/product\/4453","targetHints":{"allow":["GET"]}}],"collection":[{"href":"https:\/\/theperfumebottles.com\/ro\/wp-json\/wp\/v2\/product"}],"about":[{"href":"https:\/\/theperfumebottles.com\/ro\/wp-json\/wp\/v2\/types\/product"}],"replies":[{"embeddable":true,"href":"https:\/\/theperfumebottles.com\/ro\/wp-json\/wp\/v2\/comments?post=4453"}],"wp:featuredmedia":[{"embeddable":true,"href":"https:\/\/theperfumebottles.com\/ro\/wp-json\/wp\/v2\/media\/4455"}],"wp:attachment":[{"href":"https:\/\/theperfumebottles.com\/ro\/wp-json\/wp\/v2\/media?parent=4453"}],"wp:term":[{"taxonomy":"product_brand","embeddable":true,"href":"https:\/\/theperfumebottles.com\/ro\/wp-json\/wp\/v2\/product_brand?post=4453"},{"taxonomy":"product_cat","embeddable":true,"href":"https:\/\/theperfumebottles.com\/ro\/wp-json\/wp\/v2\/product_cat?post=4453"},{"taxonomy":"product_tag","embeddable":true,"href":"https:\/\/theperfumebottles.com\/ro\/wp-json\/wp\/v2\/product_tag?post=4453"}],"curies":[{"name":"wp","href":"https:\/\/api.w.org\/{rel}","templated":true}]}}