{"id":4463,"date":"2025-07-15T17:46:01","date_gmt":"2025-07-15T09:46:01","guid":{"rendered":"https:\/\/theperfumebottles.com\/?post_type=product&#038;p=4463"},"modified":"2025-07-31T10:58:58","modified_gmt":"2025-07-31T02:58:58","slug":"glass-face-cream-jars-wholesales-custom-skincare-packaging","status":"publish","type":"product","link":"https:\/\/theperfumebottles.com\/ro\/produs\/glass-face-cream-jars-wholesales-custom-skincare-packaging\/","title":{"rendered":"Borcane de crem\u0103 de fa\u021b\u0103 din sticl\u0103 de 100g\/100ml, v\u00e2nzare en-gros \u2013 Ambalaje personalizate pentru \u00eengrijirea pielii"},"content":{"rendered":"<p><span class=\"highlights\" data-v-df95d256=\"\">Borcanele noastre din sticl\u0103 pentru crem\u0103 de fa\u021b\u0103 sunt concepute pentru a v\u0103 inspira \u00een crearea de ambalaje pentru produse cosmetice. Indiferent dac\u0103 sunte\u021bi proprietarul unui logo \u00een c\u0103utarea unor ambalaje personalizate pentru \u00eengrijirea pielii sau un comerciant care caut\u0103 recipiente pentru produse cosmetice \u00een vrac, aceste borcane combin\u0103 capacitatea \u0219i elegan\u021ba.\u00a0<\/span><\/p>\n<h3 data-spm-anchor-id=\"5176.28103460.0.i8.29ab1db83FoVh8\"><strong>Specifica\u021bii cheie<\/strong><\/h3>\n<table style=\"border-collapse: collapse;width: 60%;height: 585px;margin-left: auto;margin-right: auto\" border=\"0\" width=\"144\" cellspacing=\"0\" cellpadding=\"0\">\n<tbody>\n<tr style=\"height: 13.50pt\">\n<td style=\"height: 13.50pt;width: 54.00pt\" width=\"72\" height=\"18\">Caracteristic\u0103<\/td>\n<td style=\"width: 54.00pt\" width=\"72\">Detalii<\/td>\n<\/tr>\n<tr style=\"height: 13.50pt\">\n<td style=\"height: 13.50pt\" height=\"18\">Capacitate<\/td>\n<td>100g \/ 100ml<\/td>\n<\/tr>\n<tr style=\"height: 13.50pt\">\n<td style=\"height: 13.50pt\" height=\"18\">Form\u0103<\/td>\n<td>Laturi drepte<\/td>\n<\/tr>\n<tr style=\"height: 13.50pt\">\n<td style=\"height: 13.50pt\" height=\"18\">Material<\/td>\n<td>Sticl\u0103 de cristal<\/td>\n<\/tr>\n<tr style=\"height: 13.50pt\">\n<td style=\"height: 13.50pt\" height=\"18\">Culori<\/td>\n<td>Verde, transparent, chihlimbar, negru (personalizabil)\u2026<\/td>\n<\/tr>\n<tr style=\"height: 13.50pt\">\n<td style=\"height: 13.50pt\" height=\"18\">Cazuri de utilizare<\/td>\n<td>Crem\u0103 de fa\u021b\u0103, lo\u021biune de corp\u2026<\/td>\n<\/tr>\n<\/tbody>\n<\/table>\n<h2><span class=\"highlights\" data-v-df95d256=\"\">Studiu de caz<\/span><\/h2>\n<p><span class=\"highlights\" data-v-df95d256=\"\">O marc\u0103 de produse de \u00eengrijire a pielii de dimensiuni medii a folosit borcanele noastre verzi de 100 g pentru crema sa anti-\u00eemb\u0103tr\u00e2nire. Designul ecologic \u0219i op\u021biunile de stoc gata de expediere i-au ajutat s\u0103 lanseze produsul \u00een 2 s\u0103pt\u0103m\u00e2ni, cresc\u00e2nd v\u00e2nz\u0103rile de pe pagina principal\u0103 cu 35% \u00een prima lun\u0103.<\/span><\/p>","protected":false},"excerpt":{"rendered":"<p>Descoperi\u021bi borcane de sticl\u0103 pentru crem\u0103 de fa\u021b\u0103 pentru ambalaje personalizate pentru \u00eengrijirea pielii. Durabile, personalizabile \u0219i ecologice - ideale pentru recipiente cosmetice \u00een vrac.<\/p>","protected":false},"featured_media":4464,"comment_status":"open","ping_status":"closed","template":"","meta":{"_acf_changed":false,"site-sidebar-layout":"default","site-content-layout":"","ast-site-content-layout":"default","site-content-style":"default","site-sidebar-style":"default","ast-global-header-display":"","ast-banner-title-visibility":"","ast-main-header-display":"","ast-hfb-above-header-display":"","ast-hfb-below-header-display":"","ast-hfb-mobile-header-display":"","site-post-title":"","ast-breadcrumbs-content":"","ast-featured-img":"","footer-sml-layout":"","ast-disable-related-posts":"","theme-transparent-header-meta":"default","adv-header-id-meta":"","stick-header-meta":"","header-above-stick-meta":"","header-main-stick-meta":"","header-below-stick-meta":"","astra-migrate-meta-layouts":"set","ast-page-background-enabled":"default","ast-page-background-meta":{"desktop":{"background-color":"var(--ast-global-color-5)","background-image":"","background-repeat":"repeat","background-position":"center center","background-size":"auto","background-attachment":"scroll","background-type":"","background-media":"","overlay-type":"","overlay-color":"","overlay-opacity":"","overlay-gradient":""},"tablet":{"background-color":"","background-image":"","background-repeat":"repeat","background-position":"center center","background-size":"auto","background-attachment":"scroll","background-type":"","background-media":"","overlay-type":"","overlay-color":"","overlay-opacity":"","overlay-gradient":""},"mobile":{"background-color":"","background-image":"","background-repeat":"repeat","background-position":"center center","background-size":"auto","background-attachment":"scroll","background-type":"","background-media":"","overlay-type":"","overlay-color":"","overlay-opacity":"","overlay-gradient":""}},"ast-content-background-meta":{"desktop":{"background-color":"var(--ast-global-color-4)","background-image":"","background-repeat":"repeat","background-position":"center center","background-size":"auto","background-attachment":"scroll","background-type":"","background-media":"","overlay-type":"","overlay-color":"","overlay-opacity":"","overlay-gradient":""},"tablet":{"background-color":"var(--ast-global-color-4)","background-image":"","background-repeat":"repeat","background-position":"center center","background-size":"auto","background-attachment":"scroll","background-type":"","background-media":"","overlay-type":"","overlay-color":"","overlay-opacity":"","overlay-gradient":""},"mobile":{"background-color":"var(--ast-global-color-4)","background-image":"","background-repeat":"repeat","background-position":"center center","background-size":"auto","background-attachment":"scroll","background-type":"","background-media":"","overlay-type":"","overlay-color":"","overlay-opacity":"","overlay-gradient":""}}},"product_brand":[],"product_cat":[72,62,56],"product_tag":[109,110],"class_list":{"0":"post-4463","1":"product","2":"type-product","3":"status-publish","4":"has-post-thumbnail","6":"product_cat-cosmetic-packaging","7":"product_cat-cosmetic-containers","8":"product_cat-cosmetic-jars","9":"product_tag-custom-skincare-packaging","10":"product_tag-glass-face-cream-jars","11":"desktop-align-left","12":"tablet-align-left","13":"mobile-align-left","15":"first","16":"instock","17":"shipping-taxable","18":"product-type-simple"},"acf":[],"jetpack_sharing_enabled":true,"_links":{"self":[{"href":"https:\/\/theperfumebottles.com\/ro\/wp-json\/wp\/v2\/product\/4463","targetHints":{"allow":["GET"]}}],"collection":[{"href":"https:\/\/theperfumebottles.com\/ro\/wp-json\/wp\/v2\/product"}],"about":[{"href":"https:\/\/theperfumebottles.com\/ro\/wp-json\/wp\/v2\/types\/product"}],"replies":[{"embeddable":true,"href":"https:\/\/theperfumebottles.com\/ro\/wp-json\/wp\/v2\/comments?post=4463"}],"wp:featuredmedia":[{"embeddable":true,"href":"https:\/\/theperfumebottles.com\/ro\/wp-json\/wp\/v2\/media\/4464"}],"wp:attachment":[{"href":"https:\/\/theperfumebottles.com\/ro\/wp-json\/wp\/v2\/media?parent=4463"}],"wp:term":[{"taxonomy":"product_brand","embeddable":true,"href":"https:\/\/theperfumebottles.com\/ro\/wp-json\/wp\/v2\/product_brand?post=4463"},{"taxonomy":"product_cat","embeddable":true,"href":"https:\/\/theperfumebottles.com\/ro\/wp-json\/wp\/v2\/product_cat?post=4463"},{"taxonomy":"product_tag","embeddable":true,"href":"https:\/\/theperfumebottles.com\/ro\/wp-json\/wp\/v2\/product_tag?post=4463"}],"curies":[{"name":"wp","href":"https:\/\/api.w.org\/{rel}","templated":true}]}}