{"id":4474,"date":"2025-07-15T17:44:31","date_gmt":"2025-07-15T09:44:31","guid":{"rendered":"https:\/\/theperfumebottles.com\/?post_type=product&#038;p=4474"},"modified":"2026-03-30T17:09:12","modified_gmt":"2026-03-30T09:09:12","slug":"cylindrical-skincare-containers-wholesale","status":"publish","type":"product","link":"https:\/\/theperfumebottles.com\/ro\/produs\/cylindrical-skincare-containers-wholesale\/","title":{"rendered":"Recipiente cilindrice pentru \u00eengrijirea pielii de 4oz 8oz, en-gros"},"content":{"rendered":"<p>Aceste recipiente pentru \u00eengrijirea pielii, disponibile en-gros, sunt borcane de culoare chihlimbar care blocheaz\u0103 lumina, borcane de prezentare negre mate \u0219i borcane de prezentare transparente. Borcanele au o form\u0103 cilindric\u0103 elegant\u0103 \u0219i sunt \u00eenso\u021bite de un capac care se potrive\u0219te.<\/p>\n<h2 data-spm-anchor-id=\"5176.28103460.0.i24.29ab1db83FoVh8\"><strong>Specifica\u021bii cheie<\/strong><\/h2>\n<table style=\"border-collapse: collapse; width: 906px; height: 373px; margin-left: 240px;\" border=\"0\" width=\"144\" cellspacing=\"0\" cellpadding=\"0\">\n<tbody>\n<tr style=\"height: 13.50pt;\">\n<td style=\"height: 13.50pt; width: 54.00pt;\" width=\"72\" height=\"18\">Caracteristic\u0103<\/td>\n<td style=\"width: 54.00pt;\" width=\"72\">Detalii<\/td>\n<\/tr>\n<tr style=\"height: 13.50pt;\">\n<td style=\"height: 13.50pt;\" height=\"18\">Capacitate<\/td>\n<td>113 g \/ 237 g<\/td>\n<\/tr>\n<tr style=\"height: 13.50pt;\">\n<td style=\"height: 13.50pt;\" height=\"18\">Form\u0103<\/td>\n<td>Laturi drepte<\/td>\n<\/tr>\n<tr style=\"height: 13.50pt;\">\n<td style=\"height: 13.50pt;\" height=\"18\">Metoda de etan\u0219are<\/td>\n<td>Capac filetat (plastic\/metal\/lemn)<\/td>\n<\/tr>\n<tr style=\"height: 13.50pt;\">\n<td style=\"height: 13.50pt;\" height=\"18\">Material<\/td>\n<td>Sticl\u0103 de cristal<\/td>\n<\/tr>\n<tr style=\"height: 13.50pt;\">\n<td style=\"height: 13.50pt;\" height=\"18\">Culori<\/td>\n<td>Chihlimbar, negru, transparent, verde, albastru (personalizabil)\u2026<\/td>\n<\/tr>\n<tr style=\"height: 13.50pt;\">\n<td style=\"height: 13.50pt;\" height=\"18\">Cazuri de utilizare<\/td>\n<td>Crem\u0103 de fa\u021b\u0103, lo\u021biune de corp, crem\u0103 de ochi<\/td>\n<\/tr>\n<\/tbody>\n<\/table>\n<h2><span class=\"highlights\" data-v-df95d256=\"\">Poveste de succes<\/span><\/h2>\n<p>Ambalajele noastre cosmetice \u00een borcane, o crem\u0103 de noapte cu retinol de culoarea chihlimbarului \u0219i o masc\u0103 cu c\u0103rbune de bambus negru mat, au fost selectate de un brand de produse de wellness integral. Borcanele au modele imprimate individual cu serigrafie pe baz\u0103 de plante. Recipientele din sticl\u0103 de culoarea chihlimbarului utilizate \u00een produsele cu retinol au dus la o cre\u0219tere cu 40% a stabilit\u0103\u021bii produsului, iar recipientele din sticl\u0103 neagr\u0103 mat\u0103 utilizate \u00een crema de noapte au atras un pre\u021b cu 25% mai mare. Brandul a devenit foarte popular \u0219i a comandat apoi \u00eenc\u0103 300.000 de borcane din noua gam\u0103 de lo\u021biuni de corp \u0219i \u00eengrijire a scalpului.<\/p>\n<h2><span class=\"highlights\" data-v-df95d256=\"\">Sugestii de personalizare<\/span><\/h2>\n<ul>\n<li><strong>Stilizare sticl\u0103 \u0219i etichet\u0103:<\/strong> Alege\u021bi sticl\u0103 curat\u0103 cu etichete simple \u0219i minime pentru o estetic\u0103 modern\u0103 sau opta\u021bi pentru sticl\u0103 neagr\u0103 \u0219i elemente metalice distinctive pentru un aspect elegant \u0219i costisitor.<\/li>\n<li><strong>Selec\u021bie capac:<\/strong> Asorta\u021bi-le cu capace de plastic sau metalice pentru un aspect sofisticat \u0219i profesional.<\/li>\n<li><strong>Beneficii en-gros:<\/strong> Beneficia\u021bi de livrare gratuit\u0103 pentru comenzi de produse de \u00eengrijire a pielii \u00een vrac, de minimum 500 de unit\u0103\u021bi.<\/li>\n<\/ul>","protected":false},"excerpt":{"rendered":"<p>Recipiente premium pentru \u00eengrijirea pielii, en-gros, cu finisaje multiple \u0219i capace sigure. Borcane pentru crem\u0103, ambalaje cosmetice pentru branduri. Livrarea rapid\u0103 asigur\u0103 o livrare rapid\u0103.<\/p>","protected":false},"featured_media":4479,"comment_status":"open","ping_status":"closed","template":"","meta":{"_acf_changed":false,"site-sidebar-layout":"default","site-content-layout":"","ast-site-content-layout":"default","site-content-style":"default","site-sidebar-style":"default","ast-global-header-display":"","ast-banner-title-visibility":"","ast-main-header-display":"","ast-hfb-above-header-display":"","ast-hfb-below-header-display":"","ast-hfb-mobile-header-display":"","site-post-title":"","ast-breadcrumbs-content":"","ast-featured-img":"","footer-sml-layout":"","ast-disable-related-posts":"","theme-transparent-header-meta":"default","adv-header-id-meta":"","stick-header-meta":"","header-above-stick-meta":"","header-main-stick-meta":"","header-below-stick-meta":"","astra-migrate-meta-layouts":"set","ast-page-background-enabled":"default","ast-page-background-meta":{"desktop":{"background-color":"var(--ast-global-color-5)","background-image":"","background-repeat":"repeat","background-position":"center center","background-size":"auto","background-attachment":"scroll","background-type":"","background-media":"","overlay-type":"","overlay-color":"","overlay-opacity":"","overlay-gradient":""},"tablet":{"background-color":"","background-image":"","background-repeat":"repeat","background-position":"center center","background-size":"auto","background-attachment":"scroll","background-type":"","background-media":"","overlay-type":"","overlay-color":"","overlay-opacity":"","overlay-gradient":""},"mobile":{"background-color":"","background-image":"","background-repeat":"repeat","background-position":"center center","background-size":"auto","background-attachment":"scroll","background-type":"","background-media":"","overlay-type":"","overlay-color":"","overlay-opacity":"","overlay-gradient":""}},"ast-content-background-meta":{"desktop":{"background-color":"var(--ast-global-color-4)","background-image":"","background-repeat":"repeat","background-position":"center center","background-size":"auto","background-attachment":"scroll","background-type":"","background-media":"","overlay-type":"","overlay-color":"","overlay-opacity":"","overlay-gradient":""},"tablet":{"background-color":"var(--ast-global-color-4)","background-image":"","background-repeat":"repeat","background-position":"center center","background-size":"auto","background-attachment":"scroll","background-type":"","background-media":"","overlay-type":"","overlay-color":"","overlay-opacity":"","overlay-gradient":""},"mobile":{"background-color":"var(--ast-global-color-4)","background-image":"","background-repeat":"repeat","background-position":"center center","background-size":"auto","background-attachment":"scroll","background-type":"","background-media":"","overlay-type":"","overlay-color":"","overlay-opacity":"","overlay-gradient":""}}},"product_brand":[],"product_cat":[56,62,72],"product_tag":[114,113],"class_list":{"0":"post-4474","1":"product","2":"type-product","3":"status-publish","4":"has-post-thumbnail","6":"product_cat-cosmetic-jars","7":"product_cat-cosmetic-containers","8":"product_cat-cosmetic-packaging","9":"product_tag-cream-jars-cosmetic-packaging","10":"product_tag-skincare-containers-wholesale","11":"desktop-align-left","12":"tablet-align-left","13":"mobile-align-left","15":"first","16":"instock","17":"shipping-taxable","18":"product-type-simple"},"acf":[],"jetpack_sharing_enabled":true,"_links":{"self":[{"href":"https:\/\/theperfumebottles.com\/ro\/wp-json\/wp\/v2\/product\/4474","targetHints":{"allow":["GET"]}}],"collection":[{"href":"https:\/\/theperfumebottles.com\/ro\/wp-json\/wp\/v2\/product"}],"about":[{"href":"https:\/\/theperfumebottles.com\/ro\/wp-json\/wp\/v2\/types\/product"}],"replies":[{"embeddable":true,"href":"https:\/\/theperfumebottles.com\/ro\/wp-json\/wp\/v2\/comments?post=4474"}],"wp:featuredmedia":[{"embeddable":true,"href":"https:\/\/theperfumebottles.com\/ro\/wp-json\/wp\/v2\/media\/4479"}],"wp:attachment":[{"href":"https:\/\/theperfumebottles.com\/ro\/wp-json\/wp\/v2\/media?parent=4474"}],"wp:term":[{"taxonomy":"product_brand","embeddable":true,"href":"https:\/\/theperfumebottles.com\/ro\/wp-json\/wp\/v2\/product_brand?post=4474"},{"taxonomy":"product_cat","embeddable":true,"href":"https:\/\/theperfumebottles.com\/ro\/wp-json\/wp\/v2\/product_cat?post=4474"},{"taxonomy":"product_tag","embeddable":true,"href":"https:\/\/theperfumebottles.com\/ro\/wp-json\/wp\/v2\/product_tag?post=4474"}],"curies":[{"name":"wp","href":"https:\/\/api.w.org\/{rel}","templated":true}]}}