{"id":4500,"date":"2025-07-15T17:43:26","date_gmt":"2025-07-15T09:43:26","guid":{"rendered":"https:\/\/theperfumebottles.com\/?post_type=product&#038;p=4500"},"modified":"2026-04-02T17:10:35","modified_gmt":"2026-04-02T09:10:35","slug":"glass-cosmetic-bottles-for-luxury-skincare-packaging","status":"publish","type":"product","link":"https:\/\/theperfumebottles.com\/ro\/produs\/glass-cosmetic-bottles-for-luxury-skincare-packaging\/","title":{"rendered":"Sticle cosmetice din sticl\u0103 de 30 ml, 50 ml, 100 ml, 120 ml pentru ambalaje de lux pentru \u00eengrijirea pielii"},"content":{"rendered":"<p>Ridica\u021bi-v\u0103 logo-ul produselor cosmetice \u00een valoare cu sticlele noastre premium din sticl\u0103, realizate meticulos pentru \u00eengrijirea pielii \u0219i ambalarea produselor cosmetice. Concepute pentru a proteja \u0219i p\u0103stra integritatea produselor dumneavoastr\u0103, sticla de \u00eenalt\u0103 calitate ofer\u0103 o rezisten\u021b\u0103 excelent\u0103 la factorii de mediu, asigur\u00e2nd c\u0103 formulele dumneavoastr\u0103 r\u0103m\u00e2n proaspete \u0219i eficiente. Aceste recipiente adaug\u0103 o not\u0103 de lux liniei dumneavoastr\u0103 de produse, sporind imaginea m\u0103rcii \u0219i cre\u00e2nd o experien\u021b\u0103 rafinat\u0103 \u0219i memorabil\u0103 pentru clien\u021bii dumneavoastr\u0103.<\/p>\n<h2><span class=\"highlights\" data-v-df95d256=\"\">Specifica\u021bii cheie<\/span><\/h2>\n<table style=\"border-collapse: collapse; width: 80%; height: 287px; margin-left: auto; margin-right: auto;\" border=\"0\" width=\"144\" cellspacing=\"0\" cellpadding=\"0\">\n<tbody>\n<tr style=\"height: 13.50pt;\">\n<td style=\"height: 13.50pt; width: 54.00pt;\" width=\"72\" height=\"18\">Caracteristic\u0103<\/td>\n<td style=\"width: 54.00pt;\" width=\"72\">Detalii<\/td>\n<\/tr>\n<tr style=\"height: 13.50pt;\">\n<td style=\"height: 13.50pt;\" height=\"18\">Capacitate<\/td>\n<td>30ml, 50ml, 100ml, 120ml<\/td>\n<\/tr>\n<tr style=\"height: 13.50pt;\">\n<td style=\"height: 13.50pt;\" height=\"18\">Form\u0103<\/td>\n<td>Rund\u0103<\/td>\n<\/tr>\n<tr style=\"height: 13.50pt;\">\n<td style=\"height: 13.50pt;\" height=\"18\">Metoda de etan\u0219are<\/td>\n<td>Capace cu filet (din plastic\/metal)<\/td>\n<\/tr>\n<tr style=\"height: 13.50pt;\">\n<td style=\"height: 13.50pt;\" height=\"18\">Material<\/td>\n<td>Sticl\u0103 de cristal<\/td>\n<\/tr>\n<tr style=\"height: 13.50pt;\">\n<td style=\"height: 13.50pt;\" height=\"18\">Op\u021biuni de culoare<\/td>\n<td>Negru (Personalizabil)<\/td>\n<\/tr>\n<tr style=\"height: 13.50pt;\">\n<td style=\"height: 13.50pt;\" height=\"18\">Utilizare<\/td>\n<td>Lo\u021biune de fa\u021b\u0103, ulei cosmetic\u2026<\/td>\n<\/tr>\n<\/tbody>\n<\/table>\n<h2><span class=\"highlights\" data-v-df95d256=\"\">Poveste de succes<\/span><\/h2>\n<p><span class=\"highlights\" data-v-df95d256=\"\">Un brand de produse de lux pentru \u00eengrijirea pielii a adoptat aceste sticle pentru linia sa de seruri anti-\u00eemb\u0103tr\u00e2nire. Sticlele cosmetice din sticl\u0103 au crescut instantaneu valoarea perceput\u0103 a produsului lor, duc\u00e2nd la o cre\u0219tere de 40% a v\u00e2nz\u0103rilor \u00een decurs de trei luni. <\/span><\/p>\n<h2><span class=\"highlights\" data-v-df95d256=\"\">Sugestii de personalizare<\/span><\/h2>\n<ul>\n<li><strong>Personalizare culori:<\/strong> De\u0219i negrul este aceea\u0219i alegere obi\u0219nuit\u0103, sunt disponibile finisaje personalizate, precum alb mat sau argintiu metalizat, pentru a \u00eembun\u0103t\u0103\u021bi estetica logo-ului t\u0103u.<\/li>\n<li><strong>Servicii de design etichete:<\/strong> Folose\u0219te suportul nostru de ambalare pentru a crea etichete lucioase, minimaliste, care reflect\u0103 sigla ta \u0219i asigur\u0103 un aspect uniform \u0219i profesional.<\/li>\n<li><strong>Op\u021biuni de dimensiune:<\/strong> Combina\u021bi sticle de c\u0103l\u0103torie de 30 ml cu recipiente de 120 ml pentru a face fa\u021b\u0103 at\u00e2t portabilit\u0103\u021bii, c\u00e2t \u0219i utiliz\u0103rii obi\u0219nuite, \u00eendeplinind numeroasele nevoi ale clien\u021bilor.<\/li>\n<\/ul>","protected":false},"excerpt":{"rendered":"<p>Descoperi\u021bi ambalaje de lux pentru \u00eengrijirea pielii cu sticlele noastre cosmetice din sticl\u0103. Personalizabile, etan\u0219e \u0219i elegante - perfecte pentru ambalaje de produse cosmetice \u0219i comenzi en-gros.<\/p>","protected":false},"featured_media":4502,"comment_status":"open","ping_status":"closed","template":"","meta":{"_acf_changed":false,"site-sidebar-layout":"default","site-content-layout":"","ast-site-content-layout":"default","site-content-style":"default","site-sidebar-style":"default","ast-global-header-display":"","ast-banner-title-visibility":"","ast-main-header-display":"","ast-hfb-above-header-display":"","ast-hfb-below-header-display":"","ast-hfb-mobile-header-display":"","site-post-title":"","ast-breadcrumbs-content":"","ast-featured-img":"","footer-sml-layout":"","ast-disable-related-posts":"","theme-transparent-header-meta":"default","adv-header-id-meta":"","stick-header-meta":"","header-above-stick-meta":"","header-main-stick-meta":"","header-below-stick-meta":"","astra-migrate-meta-layouts":"set","ast-page-background-enabled":"default","ast-page-background-meta":{"desktop":{"background-color":"var(--ast-global-color-5)","background-image":"","background-repeat":"repeat","background-position":"center center","background-size":"auto","background-attachment":"scroll","background-type":"","background-media":"","overlay-type":"","overlay-color":"","overlay-opacity":"","overlay-gradient":""},"tablet":{"background-color":"","background-image":"","background-repeat":"repeat","background-position":"center center","background-size":"auto","background-attachment":"scroll","background-type":"","background-media":"","overlay-type":"","overlay-color":"","overlay-opacity":"","overlay-gradient":""},"mobile":{"background-color":"","background-image":"","background-repeat":"repeat","background-position":"center center","background-size":"auto","background-attachment":"scroll","background-type":"","background-media":"","overlay-type":"","overlay-color":"","overlay-opacity":"","overlay-gradient":""}},"ast-content-background-meta":{"desktop":{"background-color":"var(--ast-global-color-4)","background-image":"","background-repeat":"repeat","background-position":"center center","background-size":"auto","background-attachment":"scroll","background-type":"","background-media":"","overlay-type":"","overlay-color":"","overlay-opacity":"","overlay-gradient":""},"tablet":{"background-color":"var(--ast-global-color-4)","background-image":"","background-repeat":"repeat","background-position":"center center","background-size":"auto","background-attachment":"scroll","background-type":"","background-media":"","overlay-type":"","overlay-color":"","overlay-opacity":"","overlay-gradient":""},"mobile":{"background-color":"var(--ast-global-color-4)","background-image":"","background-repeat":"repeat","background-position":"center center","background-size":"auto","background-attachment":"scroll","background-type":"","background-media":"","overlay-type":"","overlay-color":"","overlay-opacity":"","overlay-gradient":""}}},"product_brand":[],"product_cat":[236,72,62],"product_tag":[],"class_list":{"0":"post-4500","1":"product","2":"type-product","3":"status-publish","4":"has-post-thumbnail","6":"product_cat-cosmetic-container-set","7":"product_cat-cosmetic-packaging","8":"product_cat-cosmetic-containers","9":"desktop-align-left","10":"tablet-align-left","11":"mobile-align-left","13":"first","14":"instock","15":"shipping-taxable","16":"product-type-simple"},"acf":[],"jetpack_sharing_enabled":true,"_links":{"self":[{"href":"https:\/\/theperfumebottles.com\/ro\/wp-json\/wp\/v2\/product\/4500","targetHints":{"allow":["GET"]}}],"collection":[{"href":"https:\/\/theperfumebottles.com\/ro\/wp-json\/wp\/v2\/product"}],"about":[{"href":"https:\/\/theperfumebottles.com\/ro\/wp-json\/wp\/v2\/types\/product"}],"replies":[{"embeddable":true,"href":"https:\/\/theperfumebottles.com\/ro\/wp-json\/wp\/v2\/comments?post=4500"}],"wp:featuredmedia":[{"embeddable":true,"href":"https:\/\/theperfumebottles.com\/ro\/wp-json\/wp\/v2\/media\/4502"}],"wp:attachment":[{"href":"https:\/\/theperfumebottles.com\/ro\/wp-json\/wp\/v2\/media?parent=4500"}],"wp:term":[{"taxonomy":"product_brand","embeddable":true,"href":"https:\/\/theperfumebottles.com\/ro\/wp-json\/wp\/v2\/product_brand?post=4500"},{"taxonomy":"product_cat","embeddable":true,"href":"https:\/\/theperfumebottles.com\/ro\/wp-json\/wp\/v2\/product_cat?post=4500"},{"taxonomy":"product_tag","embeddable":true,"href":"https:\/\/theperfumebottles.com\/ro\/wp-json\/wp\/v2\/product_tag?post=4500"}],"curies":[{"name":"wp","href":"https:\/\/api.w.org\/{rel}","templated":true}]}}