{"id":4565,"date":"2025-07-16T17:26:21","date_gmt":"2025-07-16T09:26:21","guid":{"rendered":"https:\/\/theperfumebottles.com\/?post_type=product&#038;p=4565"},"modified":"2025-07-31T11:22:01","modified_gmt":"2025-07-31T03:22:01","slug":"5g-10g-20g-30g-cosmetic-jars-with-lids-custom-empty-cosmetic-containers-wholesale","status":"publish","type":"product","link":"https:\/\/theperfumebottles.com\/ro\/produs\/5g-10g-20g-30g-cosmetic-jars-with-lids-custom-empty-cosmetic-containers-wholesale\/","title":{"rendered":"Borcane cosmetice 5g 10g 20g 30g cu capace \u2013 Recipiente cosmetice goale personalizate en-gros"},"content":{"rendered":"<p><span class=\"highlights\" data-v-df95d256=\"\">Ai nevoie de borcane cosmetice cu capac care s\u0103 echilibreze durabilitatea \u0219i elegan\u021ba? Aceste borcane de sticl\u0103 cu capac sunt solu\u021bia ta. Concepute pentru produse de \u00eengrijire a pielii, cum ar fi creme de fa\u021b\u0103 \u0219i creme de ochi, acestea combin\u0103 capacitatea cu un finisaj elegant \u0219i modern. Perfecte pentru comenzile en-gros, aceste cutii cosmetice sunt ideale pentru brandurile care doresc s\u0103 \u00ee\u0219i ridice str\u0103lucirea ambalajelor, oferind \u00een acela\u0219i timp ambalaje \u00een vrac la pre\u021buri competitive.<\/span><\/p>\n<h2><span class=\"highlights\" data-v-df95d256=\"\">Specifica\u021bii cheie<\/span><\/h2>\n<table style=\"border-collapse: collapse;width: 80%;height: 120px;margin-left: auto;margin-right: auto\" border=\"0\" width=\"432\" cellspacing=\"0\" cellpadding=\"0\">\n<tbody>\n<tr>\n<td width=\"72\">Capacitate<\/td>\n<td width=\"72\">Material<\/td>\n<td width=\"72\">Manipulare la suprafa\u021b\u0103<\/td>\n<td width=\"72\">Op\u021biuni de culoare<\/td>\n<td width=\"72\">Utilizare<\/td>\n<\/tr>\n<tr>\n<td>5g<\/td>\n<td rowspan=\"6\">Sticl\u0103 de cristal<\/td>\n<td rowspan=\"6\">Acoperit, Mat, Etichetat, Serigrafie, \u0218tan\u021bare la cald<\/td>\n<td rowspan=\"6\">Chihlimbar<\/td>\n<td rowspan=\"6\">Crem\u0103 de fa\u021b\u0103, crem\u0103 de corp, crem\u0103 de ochi, crem\u0103 de buze<\/td>\n<\/tr>\n<tr>\n<td>10g<\/td>\n<\/tr>\n<tr>\n<td>15g (0,5 oz)<\/td>\n<\/tr>\n<tr>\n<td>30g (1 uncie)<\/td>\n<\/tr>\n<tr>\n<td>50g<\/td>\n<\/tr>\n<tr>\n<td>60g (2oz)<\/td>\n<\/tr>\n<\/tbody>\n<\/table>\n<h2><span class=\"highlights\" data-v-df95d256=\"\">Caz de succes: Renovarea ambalajului unui brand de produse de lux pentru \u00eengrijirea pielii <\/span><\/h2>\n<p><span class=\"highlights\" data-v-df95d256=\"\">Un brand de produse de \u00eengrijire a pielii \u00een ascensiune avea nevoie de borcane cosmetice cu capace care s\u0103 se potriveasc\u0103 cu atmosfera lor de \u201elux curat\u201d. Am personalizat borcane din sticl\u0103 chihlimbar de 30 g cu capace din lemn negru mat \u0219i logo-uri gravate cu laser. Rezultatul? O cre\u0219tere cu 200% a recenziilor clien\u021bilor \u0219i o cre\u0219tere cu 50% a comenzilor repetate. Sfat: C\u00e2nd recipientele tale cosmetice goale arat\u0103 la fel de bine pe c\u00e2t sunt performante, clien\u021bii nu pot s\u0103 nu observe.<\/span><\/p>\n<h2><span class=\"highlights\" data-v-df95d256=\"\">Sfaturi de personalizare pentru marca dvs. <\/span><\/h2>\n<ul>\n<li><strong>Op\u021biuni capac:<\/strong> Alege un capac din bambus pentru un aspect ierbesc, rustic sau minimalist; sau combin\u0103-l cu finisaje lacate, vopsite sau metalice pentru un impact vizibil rafinat \u0219i la mod\u0103.<\/li>\n<li><strong>Op\u021biuni etichet\u0103:<\/strong> \u00cembun\u0103t\u0103\u021bi\u021bi ambalajele cu sigilii anti-manipulare \u0219i coduri QR pentru a asigura protec\u021bia produsului \u0219i a permite o trasabilitate clar\u0103.<\/li>\n<li><strong>Comand\u0103 \u00een vrac:<\/strong> Achizi\u021bionarea de ambalaje \u00een cantit\u0103\u021bi mari reduce taxele \u0219i scurteaz\u0103 timpii de livrare, oferind o solu\u021bie ecologic\u0103 pentru nevoile dumneavoastr\u0103 privind ambalajele cosmetice.<\/li>\n<\/ul>","protected":false},"excerpt":{"rendered":"<p>Borcane cosmetice durabile cu capace pentru ambalarea produselor de \u00eengrijire a pielii. Personalizabile, ermetice \u0219i gata de livrare. Ideale pentru ambalarea produselor cosmetice en-gros.<\/p>","protected":false},"featured_media":4566,"comment_status":"open","ping_status":"closed","template":"","meta":{"_acf_changed":false,"site-sidebar-layout":"default","site-content-layout":"","ast-site-content-layout":"default","site-content-style":"default","site-sidebar-style":"default","ast-global-header-display":"","ast-banner-title-visibility":"","ast-main-header-display":"","ast-hfb-above-header-display":"","ast-hfb-below-header-display":"","ast-hfb-mobile-header-display":"","site-post-title":"","ast-breadcrumbs-content":"","ast-featured-img":"","footer-sml-layout":"","ast-disable-related-posts":"","theme-transparent-header-meta":"default","adv-header-id-meta":"","stick-header-meta":"","header-above-stick-meta":"","header-main-stick-meta":"","header-below-stick-meta":"","astra-migrate-meta-layouts":"set","ast-page-background-enabled":"default","ast-page-background-meta":{"desktop":{"background-color":"var(--ast-global-color-5)","background-image":"","background-repeat":"repeat","background-position":"center center","background-size":"auto","background-attachment":"scroll","background-type":"","background-media":"","overlay-type":"","overlay-color":"","overlay-opacity":"","overlay-gradient":""},"tablet":{"background-color":"","background-image":"","background-repeat":"repeat","background-position":"center center","background-size":"auto","background-attachment":"scroll","background-type":"","background-media":"","overlay-type":"","overlay-color":"","overlay-opacity":"","overlay-gradient":""},"mobile":{"background-color":"","background-image":"","background-repeat":"repeat","background-position":"center center","background-size":"auto","background-attachment":"scroll","background-type":"","background-media":"","overlay-type":"","overlay-color":"","overlay-opacity":"","overlay-gradient":""}},"ast-content-background-meta":{"desktop":{"background-color":"var(--ast-global-color-4)","background-image":"","background-repeat":"repeat","background-position":"center center","background-size":"auto","background-attachment":"scroll","background-type":"","background-media":"","overlay-type":"","overlay-color":"","overlay-opacity":"","overlay-gradient":""},"tablet":{"background-color":"var(--ast-global-color-4)","background-image":"","background-repeat":"repeat","background-position":"center center","background-size":"auto","background-attachment":"scroll","background-type":"","background-media":"","overlay-type":"","overlay-color":"","overlay-opacity":"","overlay-gradient":""},"mobile":{"background-color":"var(--ast-global-color-4)","background-image":"","background-repeat":"repeat","background-position":"center center","background-size":"auto","background-attachment":"scroll","background-type":"","background-media":"","overlay-type":"","overlay-color":"","overlay-opacity":"","overlay-gradient":""}}},"product_brand":[],"product_cat":[72,62,56],"product_tag":[117,118],"class_list":{"0":"post-4565","1":"product","2":"type-product","3":"status-publish","4":"has-post-thumbnail","6":"product_cat-cosmetic-packaging","7":"product_cat-cosmetic-containers","8":"product_cat-cosmetic-jars","9":"product_tag-cosmetic-jars-with-lids","10":"product_tag-empty-cosmetic-containers","11":"desktop-align-left","12":"tablet-align-left","13":"mobile-align-left","15":"first","16":"instock","17":"shipping-taxable","18":"product-type-simple"},"acf":[],"jetpack_sharing_enabled":true,"_links":{"self":[{"href":"https:\/\/theperfumebottles.com\/ro\/wp-json\/wp\/v2\/product\/4565","targetHints":{"allow":["GET"]}}],"collection":[{"href":"https:\/\/theperfumebottles.com\/ro\/wp-json\/wp\/v2\/product"}],"about":[{"href":"https:\/\/theperfumebottles.com\/ro\/wp-json\/wp\/v2\/types\/product"}],"replies":[{"embeddable":true,"href":"https:\/\/theperfumebottles.com\/ro\/wp-json\/wp\/v2\/comments?post=4565"}],"wp:featuredmedia":[{"embeddable":true,"href":"https:\/\/theperfumebottles.com\/ro\/wp-json\/wp\/v2\/media\/4566"}],"wp:attachment":[{"href":"https:\/\/theperfumebottles.com\/ro\/wp-json\/wp\/v2\/media?parent=4565"}],"wp:term":[{"taxonomy":"product_brand","embeddable":true,"href":"https:\/\/theperfumebottles.com\/ro\/wp-json\/wp\/v2\/product_brand?post=4565"},{"taxonomy":"product_cat","embeddable":true,"href":"https:\/\/theperfumebottles.com\/ro\/wp-json\/wp\/v2\/product_cat?post=4565"},{"taxonomy":"product_tag","embeddable":true,"href":"https:\/\/theperfumebottles.com\/ro\/wp-json\/wp\/v2\/product_tag?post=4565"}],"curies":[{"name":"wp","href":"https:\/\/api.w.org\/{rel}","templated":true}]}}