{"id":4570,"date":"2025-07-16T17:34:20","date_gmt":"2025-07-16T09:34:20","guid":{"rendered":"https:\/\/theperfumebottles.com\/?post_type=product&#038;p=4570"},"modified":"2025-07-16T17:34:21","modified_gmt":"2025-07-16T09:34:21","slug":"cosmetic-packaging-wholesale-lotion-glass-jars-for-skincare","status":"publish","type":"product","link":"https:\/\/theperfumebottles.com\/ro\/produs\/cosmetic-packaging-wholesale-lotion-glass-jars-for-skincare\/","title":{"rendered":"Ambalaje cosmetice en-gros de 1oz 2oz 4oz 8oz \u2013 Borcane de sticl\u0103 pentru lo\u021biuni pentru \u00eengrijirea pielii"},"content":{"rendered":"<p>C\u0103uta\u021bi elemente de ambalare pentru cosmetice care combin\u0103 robuste\u021bea \u0219i elegan\u021ba? Aceste borcane din sticl\u0103 pentru lo\u021biuni sunt concepute pentru produse de \u00eengrijire a pielii, cum ar fi balsamuri de buze, lo\u021biuni \u0219i creme de fa\u021b\u0103. Cu un finisaj chihlimbar pentru a proteja formularea u\u0219or sensibil\u0103 \u0219i un design elegant \u0219i minimalist, sunt ideale pentru ambalaje de produse cosmetice care ies \u00een eviden\u021b\u0103 pe pagina principal\u0103 sau pe raftul magazinului.<\/p>\n<h2 data-spm-anchor-id=\"5176.28103460.0.i19.29ab1db8rVh0h0\"><strong>Specifica\u021bii cheie<\/strong><\/h2>\n<table style=\"border-collapse: collapse;width: 932px;height: 28px;margin-left: 200px\" border=\"0\" width=\"432\" cellspacing=\"0\" cellpadding=\"0\">\n<tbody>\n<tr style=\"height: 13.50pt\">\n<td style=\"height: 13.50pt;width: 54.00pt\" width=\"72\" height=\"18\">Capacitate<\/td>\n<td style=\"width: 54.00pt\" width=\"72\">Form\u0103<\/td>\n<td style=\"width: 54.00pt\" width=\"72\">Metoda de etan\u0219are<\/td>\n<td style=\"width: 54.00pt\" width=\"72\">Material<\/td>\n<td style=\"width: 54.00pt\" width=\"72\">Culoare<\/td>\n<td style=\"width: 54.00pt\" width=\"72\">Caz de utilizare<\/td>\n<\/tr>\n<tr style=\"height: 13.50pt\">\n<td style=\"height: 13.50pt\" height=\"18\">1 uncie \/ 2 uncii \/ 4 uncii \/ 8 uncii<\/td>\n<td>Dright-edge<\/td>\n<td>Filet (capac plastic\/metal)<\/td>\n<td>Sticl\u0103<\/td>\n<td>Chihlimbar (Personalizabil)<\/td>\n<td>Balsam de buze, lo\u021biune, crem\u0103 de fa\u021b\u0103<\/td>\n<\/tr>\n<\/tbody>\n<\/table>\n<h2>Caz de succes: Impulsionarea lans\u0103rii unui nou brand de \u00eengrijire a pielii<\/h2>\n<p>Un brand de produse de \u00eengrijire a pielii la \u00eenceput de drum avea nevoie de borcane de sticl\u0103 pentru lo\u021biunea sa hidratant\u0103 pentru fa\u021b\u0103. Am personalizat borcane de culoarea chihlimbarului de 113 ml cu etichete albe mate \u0219i capace metalice pentru un aspect premium. Rezultatul? O cre\u0219tere cu 150% a precomenzilor \u0219i a recenziilor elogioase care laud\u0103 ambalajele produselor cosmetice. Sfat: C\u00e2nd recipientele cosmeticelor tale sunt la fel de luxoase pe c\u00e2t arat\u0103, clien\u021bii nu pot s\u0103 nu aib\u0103 \u00eencredere \u00een brandul t\u0103u.<\/p>\n<h2>Sfaturi de personalizare pentru marca dvs.<\/h2>\n<ul>\n<li><strong>Op\u021biuni de culoare:<\/strong> Chihlimbar pentru siguran\u021b\u0103, transparent pentru prezentarea m\u0103rfurilor colorate sau nuan\u021be personalizate pentru a se potrivi cu paleta ta de gust.<\/li>\n<li><strong>Designul etichetei:<\/strong> Ad\u0103uga\u021bi sigilii de siguran\u021b\u0103, coduri QR sau text minimalist pentru un finisaj modern.<\/li>\n<li><strong>Materiale capac:<\/strong> Metal pentru rezisten\u021b\u0103 sau plastic pentru ambalaje cosmetice u\u0219oare<\/li>\n<\/ul>","protected":false},"excerpt":{"rendered":"<p>Ambalaje cosmetice en-gros pentru borcane de sticl\u0103 pentru lo\u021biuni \u2013 borcane ermetice de culoarea chihlimbarului, cu livrare \u00een vrac \u0219i branding personalizat. Perfecte pentru m\u0103rci de \u00eengrijire a pielii \u0219i frumuse\u021be.<\/p>","protected":false},"featured_media":4571,"comment_status":"open","ping_status":"closed","template":"","meta":{"_acf_changed":false,"site-sidebar-layout":"default","site-content-layout":"","ast-site-content-layout":"default","site-content-style":"default","site-sidebar-style":"default","ast-global-header-display":"","ast-banner-title-visibility":"","ast-main-header-display":"","ast-hfb-above-header-display":"","ast-hfb-below-header-display":"","ast-hfb-mobile-header-display":"","site-post-title":"","ast-breadcrumbs-content":"","ast-featured-img":"","footer-sml-layout":"","ast-disable-related-posts":"","theme-transparent-header-meta":"default","adv-header-id-meta":"","stick-header-meta":"","header-above-stick-meta":"","header-main-stick-meta":"","header-below-stick-meta":"","astra-migrate-meta-layouts":"set","ast-page-background-enabled":"default","ast-page-background-meta":{"desktop":{"background-color":"var(--ast-global-color-5)","background-image":"","background-repeat":"repeat","background-position":"center center","background-size":"auto","background-attachment":"scroll","background-type":"","background-media":"","overlay-type":"","overlay-color":"","overlay-opacity":"","overlay-gradient":""},"tablet":{"background-color":"","background-image":"","background-repeat":"repeat","background-position":"center center","background-size":"auto","background-attachment":"scroll","background-type":"","background-media":"","overlay-type":"","overlay-color":"","overlay-opacity":"","overlay-gradient":""},"mobile":{"background-color":"","background-image":"","background-repeat":"repeat","background-position":"center center","background-size":"auto","background-attachment":"scroll","background-type":"","background-media":"","overlay-type":"","overlay-color":"","overlay-opacity":"","overlay-gradient":""}},"ast-content-background-meta":{"desktop":{"background-color":"var(--ast-global-color-4)","background-image":"","background-repeat":"repeat","background-position":"center center","background-size":"auto","background-attachment":"scroll","background-type":"","background-media":"","overlay-type":"","overlay-color":"","overlay-opacity":"","overlay-gradient":""},"tablet":{"background-color":"var(--ast-global-color-4)","background-image":"","background-repeat":"repeat","background-position":"center center","background-size":"auto","background-attachment":"scroll","background-type":"","background-media":"","overlay-type":"","overlay-color":"","overlay-opacity":"","overlay-gradient":""},"mobile":{"background-color":"var(--ast-global-color-4)","background-image":"","background-repeat":"repeat","background-position":"center center","background-size":"auto","background-attachment":"scroll","background-type":"","background-media":"","overlay-type":"","overlay-color":"","overlay-opacity":"","overlay-gradient":""}}},"product_brand":[],"product_cat":[72,62,56],"product_tag":[119,120],"class_list":{"0":"post-4570","1":"product","2":"type-product","3":"status-publish","4":"has-post-thumbnail","6":"product_cat-cosmetic-packaging","7":"product_cat-cosmetic-containers","8":"product_cat-cosmetic-jars","9":"product_tag-cosmetic-packaging-wholesale","10":"product_tag-lotion-glass-jar","11":"desktop-align-left","12":"tablet-align-left","13":"mobile-align-left","15":"first","16":"instock","17":"shipping-taxable","18":"product-type-simple"},"acf":[],"jetpack_sharing_enabled":true,"_links":{"self":[{"href":"https:\/\/theperfumebottles.com\/ro\/wp-json\/wp\/v2\/product\/4570","targetHints":{"allow":["GET"]}}],"collection":[{"href":"https:\/\/theperfumebottles.com\/ro\/wp-json\/wp\/v2\/product"}],"about":[{"href":"https:\/\/theperfumebottles.com\/ro\/wp-json\/wp\/v2\/types\/product"}],"replies":[{"embeddable":true,"href":"https:\/\/theperfumebottles.com\/ro\/wp-json\/wp\/v2\/comments?post=4570"}],"wp:featuredmedia":[{"embeddable":true,"href":"https:\/\/theperfumebottles.com\/ro\/wp-json\/wp\/v2\/media\/4571"}],"wp:attachment":[{"href":"https:\/\/theperfumebottles.com\/ro\/wp-json\/wp\/v2\/media?parent=4570"}],"wp:term":[{"taxonomy":"product_brand","embeddable":true,"href":"https:\/\/theperfumebottles.com\/ro\/wp-json\/wp\/v2\/product_brand?post=4570"},{"taxonomy":"product_cat","embeddable":true,"href":"https:\/\/theperfumebottles.com\/ro\/wp-json\/wp\/v2\/product_cat?post=4570"},{"taxonomy":"product_tag","embeddable":true,"href":"https:\/\/theperfumebottles.com\/ro\/wp-json\/wp\/v2\/product_tag?post=4570"}],"curies":[{"name":"wp","href":"https:\/\/api.w.org\/{rel}","templated":true}]}}