{"id":4581,"date":"2025-07-16T17:39:43","date_gmt":"2025-07-16T09:39:43","guid":{"rendered":"https:\/\/theperfumebottles.com\/?post_type=product&#038;p=4581"},"modified":"2025-07-16T17:39:44","modified_gmt":"2025-07-16T09:39:44","slug":"5g-10g-15g-30g-50g-60g-glass-cosmetic-jars-for-lotion-packaging-with-bamboo-lids","status":"publish","type":"product","link":"https:\/\/theperfumebottles.com\/ro\/produs\/5g-10g-15g-30g-50g-60g-glass-cosmetic-jars-for-lotion-packaging-with-bamboo-lids\/","title":{"rendered":"Borcane cosmetice din sticl\u0103 5g 10g 15g 30g 50g 60g pentru ambalarea lo\u021biunilor cu capace din bambus"},"content":{"rendered":"<p><span class=\"highlights\" data-v-df95d256=\"\">Cau\u021bi borcane cosmetice din sticl\u0103 care \u00eembin\u0103 sustenabilitatea cu rafinamentul? Aceste borcane pentru lo\u021biuni sunt create pentru produc\u0103torii de produse de \u00eengrijire a pielii care caut\u0103 ambalaje ecologice, f\u0103r\u0103 a compromite stilul. Sticla chihlimbar\u0103 blocheaz\u0103 lumina UV pentru a re\u021bine formulele sensibile, \u00een timp ce capacul din bambus ofer\u0103 un aspect rustic. Perfect pentru ambalarea \u00een vrac sau pentru a fi expus pe pagina principal\u0103 - acest recipient cosmetic este arma ta secret\u0103 pentru a ie\u0219i \u00een eviden\u021b\u0103.<\/span><\/p>\n<h2><strong data-spm-anchor-id=\"5176.28103460.0.i39.29ab1db8rVh0h0\">Specifica\u021bii cheie<\/strong><\/h2>\n<table style=\"border-collapse: collapse;width: 1060px;height: 88px;margin-left: 160px\" border=\"0\" width=\"432\" cellspacing=\"0\" cellpadding=\"0\">\n<tbody>\n<tr style=\"height: 13.50pt\">\n<td style=\"height: 13.50pt;width: 54.00pt\" width=\"72\" height=\"18\">Capacitate<\/td>\n<td style=\"width: 54.00pt\" width=\"72\">Form\u0103<\/td>\n<td style=\"width: 54.00pt\" width=\"72\">Metoda de etan\u0219are<\/td>\n<td style=\"width: 54.00pt\" width=\"72\">Material<\/td>\n<td style=\"width: 54.00pt\" width=\"72\">Culoare<\/td>\n<td style=\"width: 54.00pt\" width=\"72\">Caz de utilizare<\/td>\n<\/tr>\n<tr style=\"height: 13.50pt\">\n<td style=\"height: 13.50pt\" height=\"18\">5g \/ 10g \/ 15g \/ 30g \/ 50g \/ 60g<\/td>\n<td>Dright-edge<\/td>\n<td>Filet de \u0219urub (capac de bambus)<\/td>\n<td>Sticl\u0103<\/td>\n<td>Chihlimbar (Personalizabil)<\/td>\n<td>Crem\u0103 de fa\u021b\u0103, lo\u021biune de corp, gel de ochi<\/td>\n<\/tr>\n<\/tbody>\n<\/table>\n<h2><span class=\"highlights\" data-v-df95d256=\"\">Caz de succes: Promovarea unui brand de produse naturale pentru \u00eengrijirea pielii <\/span><\/h2>\n<p><span class=\"highlights\" data-v-df95d256=\"\">O marc\u0103 de produse de \u00eengrijire a pielii care vinde geluri organice pentru ochi avea nevoie de borcane cosmetice din sticl\u0103 care s\u0103 se potriveasc\u0103 cu eticile sale ecologice. Am personalizat borcane de culoarea chihlimbarului de 15 g, cu etichete albe mate \u0219i capace din lemn. Rezultatul? O cre\u0219tere cu 180% a comenzilor en-gros \u0219i a laudelor clien\u021bilor pentru ambalajul produselor cosmetice. Sfat: C\u00e2nd recipientul t\u0103u seam\u0103n\u0103 cu un tratament spa, clien\u021bii nu pot s\u0103 nu aib\u0103 \u00eencredere \u00een marca ta.<\/span><\/p>\n<h2><span class=\"highlights\" data-v-df95d256=\"\">Sfaturi de personalizare pentru marca dvs. <\/span><\/h2>\n<ul>\n<li><span class=\"highlights\" data-v-df95d256=\"\"><strong>Op\u021biuni de culoare:<\/strong> Chihlimbar pentru protec\u021bie, transparent pentru eviden\u021bierea texturilor sau nuan\u021be personalizate pentru a se potrivi paletei tale de culori. <\/span><\/li>\n<li><span class=\"highlights\" data-v-df95d256=\"\"><strong>Designul etichetei:<\/strong> Ad\u0103uga\u021bi sigilii de siguran\u021b\u0103, text minimalist sau imagini colorate. <\/span><\/li>\n<li><span class=\"highlights\" data-v-df95d256=\"\"><strong>Materiale capac:<\/strong> Capace din bambus pentru o arom\u0103 vegetal\u0103 sau din plastic\/metalic pentru rezisten\u021b\u0103.<\/span><\/li>\n<\/ul>","protected":false},"excerpt":{"rendered":"<p>Borcane cosmetice din sticl\u0103 cu capace din lemn pentru ambalarea produselor cosmetice. Etichete personalizate, gata de livrare \u00een vrac. Ideale pentru lo\u021biuni \u0219i creme de \u00eengrijire a pielii.<\/p>","protected":false},"featured_media":4582,"comment_status":"open","ping_status":"closed","template":"","meta":{"_acf_changed":false,"site-sidebar-layout":"default","site-content-layout":"","ast-site-content-layout":"default","site-content-style":"default","site-sidebar-style":"default","ast-global-header-display":"","ast-banner-title-visibility":"","ast-main-header-display":"","ast-hfb-above-header-display":"","ast-hfb-below-header-display":"","ast-hfb-mobile-header-display":"","site-post-title":"","ast-breadcrumbs-content":"","ast-featured-img":"","footer-sml-layout":"","ast-disable-related-posts":"","theme-transparent-header-meta":"default","adv-header-id-meta":"","stick-header-meta":"","header-above-stick-meta":"","header-main-stick-meta":"","header-below-stick-meta":"","astra-migrate-meta-layouts":"set","ast-page-background-enabled":"default","ast-page-background-meta":{"desktop":{"background-color":"var(--ast-global-color-5)","background-image":"","background-repeat":"repeat","background-position":"center center","background-size":"auto","background-attachment":"scroll","background-type":"","background-media":"","overlay-type":"","overlay-color":"","overlay-opacity":"","overlay-gradient":""},"tablet":{"background-color":"","background-image":"","background-repeat":"repeat","background-position":"center center","background-size":"auto","background-attachment":"scroll","background-type":"","background-media":"","overlay-type":"","overlay-color":"","overlay-opacity":"","overlay-gradient":""},"mobile":{"background-color":"","background-image":"","background-repeat":"repeat","background-position":"center center","background-size":"auto","background-attachment":"scroll","background-type":"","background-media":"","overlay-type":"","overlay-color":"","overlay-opacity":"","overlay-gradient":""}},"ast-content-background-meta":{"desktop":{"background-color":"var(--ast-global-color-4)","background-image":"","background-repeat":"repeat","background-position":"center center","background-size":"auto","background-attachment":"scroll","background-type":"","background-media":"","overlay-type":"","overlay-color":"","overlay-opacity":"","overlay-gradient":""},"tablet":{"background-color":"var(--ast-global-color-4)","background-image":"","background-repeat":"repeat","background-position":"center center","background-size":"auto","background-attachment":"scroll","background-type":"","background-media":"","overlay-type":"","overlay-color":"","overlay-opacity":"","overlay-gradient":""},"mobile":{"background-color":"var(--ast-global-color-4)","background-image":"","background-repeat":"repeat","background-position":"center center","background-size":"auto","background-attachment":"scroll","background-type":"","background-media":"","overlay-type":"","overlay-color":"","overlay-opacity":"","overlay-gradient":""}}},"product_brand":[],"product_cat":[72,62,56],"product_tag":[123,124],"class_list":{"0":"post-4581","1":"product","2":"type-product","3":"status-publish","4":"has-post-thumbnail","6":"product_cat-cosmetic-packaging","7":"product_cat-cosmetic-containers","8":"product_cat-cosmetic-jars","9":"product_tag-glass-cosmetic-jars","10":"product_tag-lotion-jars","11":"desktop-align-left","12":"tablet-align-left","13":"mobile-align-left","15":"first","16":"instock","17":"shipping-taxable","18":"product-type-simple"},"acf":[],"jetpack_sharing_enabled":true,"_links":{"self":[{"href":"https:\/\/theperfumebottles.com\/ro\/wp-json\/wp\/v2\/product\/4581","targetHints":{"allow":["GET"]}}],"collection":[{"href":"https:\/\/theperfumebottles.com\/ro\/wp-json\/wp\/v2\/product"}],"about":[{"href":"https:\/\/theperfumebottles.com\/ro\/wp-json\/wp\/v2\/types\/product"}],"replies":[{"embeddable":true,"href":"https:\/\/theperfumebottles.com\/ro\/wp-json\/wp\/v2\/comments?post=4581"}],"wp:featuredmedia":[{"embeddable":true,"href":"https:\/\/theperfumebottles.com\/ro\/wp-json\/wp\/v2\/media\/4582"}],"wp:attachment":[{"href":"https:\/\/theperfumebottles.com\/ro\/wp-json\/wp\/v2\/media?parent=4581"}],"wp:term":[{"taxonomy":"product_brand","embeddable":true,"href":"https:\/\/theperfumebottles.com\/ro\/wp-json\/wp\/v2\/product_brand?post=4581"},{"taxonomy":"product_cat","embeddable":true,"href":"https:\/\/theperfumebottles.com\/ro\/wp-json\/wp\/v2\/product_cat?post=4581"},{"taxonomy":"product_tag","embeddable":true,"href":"https:\/\/theperfumebottles.com\/ro\/wp-json\/wp\/v2\/product_tag?post=4581"}],"curies":[{"name":"wp","href":"https:\/\/api.w.org\/{rel}","templated":true}]}}