{"id":4605,"date":"2025-07-17T18:01:05","date_gmt":"2025-07-17T10:01:05","guid":{"rendered":"https:\/\/theperfumebottles.com\/?post_type=product&#038;p=4605"},"modified":"2025-08-01T09:28:18","modified_gmt":"2025-08-01T01:28:18","slug":"custom-glass-makeup-jars-for-skincare-wholesale","status":"publish","type":"product","link":"https:\/\/theperfumebottles.com\/ro\/produs\/custom-glass-makeup-jars-for-skincare-wholesale\/","title":{"rendered":"5g 15g 20g 30g 50g 60g 100g Borcane de machiaj din sticl\u0103 personalizate pentru \u00eengrijirea pielii, en-gros"},"content":{"rendered":"<p><span class=\"highlights\" data-v-df95d256=\"\">Cau\u021bi ambalaje cosmetice care s\u0103 combine capacitatea cu frumuse\u021bea? Borcanele noastre de lo\u021biune din sticl\u0103 verde sunt concepute pentru a spori atractivitatea logo-ului t\u0103u de \u00eengrijire a pielii, asigur\u00e2nd \u00een acela\u0219i timp integritatea produsului. Perfecte pentru creme de fa\u021b\u0103, lo\u021biuni pentru rame \u0219i seruri pentru ochi, aceste recipiente cosmetice \u00eembin\u0103 caracterul practic cu o estetic\u0103 elegant\u0103.<\/span><\/p>\n<h2><span class=\"highlights\" data-v-df95d256=\"\">Specifica\u021bii cheie<\/span><\/h2>\n<p>&nbsp;<\/p>\n<table style=\"border-collapse: collapse;width: 80%;height: 123px;margin-left: auto;margin-right: auto\" border=\"0\" width=\"144\" cellspacing=\"0\" cellpadding=\"0\">\n<tbody>\n<tr style=\"height: 13.50pt\">\n<td style=\"height: 13.50pt;width: 54.00pt\" width=\"72\" height=\"18\">Caracteristic\u0103<\/td>\n<td style=\"width: 54.00pt\" width=\"72\">Detalii<\/td>\n<\/tr>\n<tr style=\"height: 13.50pt\">\n<td style=\"height: 13.50pt\" height=\"18\">Capacitate<\/td>\n<td>5g, 15g, 20g, 30g, 50g, 60g, 100g<\/td>\n<\/tr>\n<tr style=\"height: 13.50pt\">\n<td style=\"height: 13.50pt\" height=\"18\">Form\u0103<\/td>\n<td>Cilindru cu muchii drepte<\/td>\n<\/tr>\n<tr style=\"height: 13.50pt\">\n<td style=\"height: 13.50pt\" height=\"18\">Sigilare<\/td>\n<td>Capac cu filet (metal\/plastic\/lemn)<\/td>\n<\/tr>\n<tr style=\"height: 13.50pt\">\n<td style=\"height: 13.50pt\" height=\"18\">Material<\/td>\n<td>Sticl\u0103 groas\u0103<\/td>\n<\/tr>\n<tr style=\"height: 13.50pt\">\n<td style=\"height: 13.50pt\" height=\"18\">Culoare<\/td>\n<td>Transparent, chihlimbar, negru, verde (personalizabil)<\/td>\n<\/tr>\n<tr style=\"height: 13.50pt\">\n<td style=\"height: 13.50pt\" height=\"18\">Caz de utilizare<\/td>\n<td>Crem\u0103 de fa\u021b\u0103, lo\u021biune de corp, ser pentru ochi<\/td>\n<\/tr>\n<\/tbody>\n<\/table>\n<h2><span class=\"highlights\" data-v-df95d256=\"\">Poveste de succes <\/span><\/h2>\n<p><span class=\"highlights\" data-v-df95d256=\"\">Un startup din domeniul \u00eengrijirii pielii \u0219i-a accelerat c\u00e2\u0219tigurile cu 40% dup\u0103 ce a trecut la borcanele noastre din sticl\u0103 verde. Brandingul minimalist, combinat cu finisajul pe baz\u0103 de plante al borcanelor, a creat o experien\u021b\u0103 de top care a rezonat cu clien\u021bii con\u0219tien\u021bi de mediu.<\/span><\/p>\n<h2><span class=\"highlights\" data-v-df95d256=\"\">Personaliza\u021bi-v\u0103 comanda:<\/span><\/h2>\n<ul>\n<li><span class=\"highlights\" data-v-df95d256=\"\"><strong>Potrivire de culori:<\/strong> Ave\u021bi nevoie de o nuan\u021b\u0103 specific\u0103? Vom modifica nuan\u021ba sticlei pentru a se alinia cu paleta emblemei dumneavoastr\u0103. <\/span><\/li>\n<li><span class=\"highlights\" data-v-df95d256=\"\"><strong>Designul etichetei:<\/strong> Ad\u0103uga\u021bi embleme \u00een relief sau coduri QR pentru o povestire interactiv\u0103 a pachetului. <\/span><\/li>\n<li><strong><span class=\"highlights\" data-v-df95d256=\"\">T.<\/span><\/strong><span class=\"highlights\" data-v-df95d256=\"\"><strong>Op\u021biuni de extrudare \u0219i finisare:<\/strong> Ad\u0103uga\u021bi un finisaj mat, gravat sau mat podelei de sticl\u0103 pentru o senza\u021bie tactil\u0103 unic\u0103.<\/span><\/li>\n<\/ul>","protected":false},"excerpt":{"rendered":"<p>Descoper\u0103 borcane de machiaj \u0219i lo\u021biuni en-gros pentru brandul t\u0103u de \u00eengrijire a pielii. Ambalaje cosmetice premium din sticl\u0103 cu finisaje personalizabile \u0219i \u00eenchideri sigure.<\/p>","protected":false},"featured_media":4606,"comment_status":"open","ping_status":"closed","template":"","meta":{"_acf_changed":false,"site-sidebar-layout":"default","site-content-layout":"","ast-site-content-layout":"default","site-content-style":"default","site-sidebar-style":"default","ast-global-header-display":"","ast-banner-title-visibility":"","ast-main-header-display":"","ast-hfb-above-header-display":"","ast-hfb-below-header-display":"","ast-hfb-mobile-header-display":"","site-post-title":"","ast-breadcrumbs-content":"","ast-featured-img":"","footer-sml-layout":"","ast-disable-related-posts":"","theme-transparent-header-meta":"default","adv-header-id-meta":"","stick-header-meta":"","header-above-stick-meta":"","header-main-stick-meta":"","header-below-stick-meta":"","astra-migrate-meta-layouts":"set","ast-page-background-enabled":"default","ast-page-background-meta":{"desktop":{"background-color":"var(--ast-global-color-5)","background-image":"","background-repeat":"repeat","background-position":"center center","background-size":"auto","background-attachment":"scroll","background-type":"","background-media":"","overlay-type":"","overlay-color":"","overlay-opacity":"","overlay-gradient":""},"tablet":{"background-color":"","background-image":"","background-repeat":"repeat","background-position":"center center","background-size":"auto","background-attachment":"scroll","background-type":"","background-media":"","overlay-type":"","overlay-color":"","overlay-opacity":"","overlay-gradient":""},"mobile":{"background-color":"","background-image":"","background-repeat":"repeat","background-position":"center center","background-size":"auto","background-attachment":"scroll","background-type":"","background-media":"","overlay-type":"","overlay-color":"","overlay-opacity":"","overlay-gradient":""}},"ast-content-background-meta":{"desktop":{"background-color":"var(--ast-global-color-4)","background-image":"","background-repeat":"repeat","background-position":"center center","background-size":"auto","background-attachment":"scroll","background-type":"","background-media":"","overlay-type":"","overlay-color":"","overlay-opacity":"","overlay-gradient":""},"tablet":{"background-color":"var(--ast-global-color-4)","background-image":"","background-repeat":"repeat","background-position":"center center","background-size":"auto","background-attachment":"scroll","background-type":"","background-media":"","overlay-type":"","overlay-color":"","overlay-opacity":"","overlay-gradient":""},"mobile":{"background-color":"var(--ast-global-color-4)","background-image":"","background-repeat":"repeat","background-position":"center center","background-size":"auto","background-attachment":"scroll","background-type":"","background-media":"","overlay-type":"","overlay-color":"","overlay-opacity":"","overlay-gradient":""}}},"product_brand":[],"product_cat":[72,62,56],"product_tag":[126,125],"class_list":{"0":"post-4605","1":"product","2":"type-product","3":"status-publish","4":"has-post-thumbnail","6":"product_cat-cosmetic-packaging","7":"product_cat-cosmetic-containers","8":"product_cat-cosmetic-jars","9":"product_tag-lotion-jars-wholesale","10":"product_tag-makeup-jars","11":"desktop-align-left","12":"tablet-align-left","13":"mobile-align-left","15":"first","16":"instock","17":"shipping-taxable","18":"product-type-simple"},"acf":[],"jetpack_sharing_enabled":true,"_links":{"self":[{"href":"https:\/\/theperfumebottles.com\/ro\/wp-json\/wp\/v2\/product\/4605","targetHints":{"allow":["GET"]}}],"collection":[{"href":"https:\/\/theperfumebottles.com\/ro\/wp-json\/wp\/v2\/product"}],"about":[{"href":"https:\/\/theperfumebottles.com\/ro\/wp-json\/wp\/v2\/types\/product"}],"replies":[{"embeddable":true,"href":"https:\/\/theperfumebottles.com\/ro\/wp-json\/wp\/v2\/comments?post=4605"}],"wp:featuredmedia":[{"embeddable":true,"href":"https:\/\/theperfumebottles.com\/ro\/wp-json\/wp\/v2\/media\/4606"}],"wp:attachment":[{"href":"https:\/\/theperfumebottles.com\/ro\/wp-json\/wp\/v2\/media?parent=4605"}],"wp:term":[{"taxonomy":"product_brand","embeddable":true,"href":"https:\/\/theperfumebottles.com\/ro\/wp-json\/wp\/v2\/product_brand?post=4605"},{"taxonomy":"product_cat","embeddable":true,"href":"https:\/\/theperfumebottles.com\/ro\/wp-json\/wp\/v2\/product_cat?post=4605"},{"taxonomy":"product_tag","embeddable":true,"href":"https:\/\/theperfumebottles.com\/ro\/wp-json\/wp\/v2\/product_tag?post=4605"}],"curies":[{"name":"wp","href":"https:\/\/api.w.org\/{rel}","templated":true}]}}