{"id":4610,"date":"2025-07-17T17:59:27","date_gmt":"2025-07-17T09:59:27","guid":{"rendered":"https:\/\/theperfumebottles.com\/?post_type=product&#038;p=4610"},"modified":"2025-07-18T09:48:04","modified_gmt":"2025-07-18T01:48:04","slug":"amber-glass-cosmetic-containers-wholesale","status":"publish","type":"product","link":"https:\/\/theperfumebottles.com\/ro\/produs\/amber-glass-cosmetic-containers-wholesale\/","title":{"rendered":"5g 10g 15g 20g 30g 50g Recipiente cosmetice din sticl\u0103 chihlimbar pentru \u00eengrijirea pielii, en-gros"},"content":{"rendered":"<p><span class=\"highlights\" data-v-df95d256=\"\">Ave\u021bi nevoie de recipiente din sticl\u0103 pentru ambalarea produselor cosmetice care s\u0103 v\u0103 protejeze produsele \u0219i s\u0103 v\u0103 ridice imaginea de ansamblu asupra m\u0103rcii? Borcanele noastre din sticl\u0103 chihlimbar sunt concepute pentru produc\u0103torii de produse de \u00eengrijire a pielii care caut\u0103 durabilitate, estetic\u0103 \u0219i protec\u021bie UV. Cu un design elegant \u0219i op\u021biuni personalizabile, aceste solu\u021bii de ambalare pentru produse cosmetice sunt ideale pentru creme de fa\u021b\u0103, lo\u021biuni pentru rame \u0219i seruri.<\/span><\/p>\n<h2><span class=\"highlights\" data-v-df95d256=\"\">Specifica\u021bii cheie<\/span><\/h2>\n<table style=\"border-collapse: collapse;width: 738px;height: 382px;margin-left: 280px\" border=\"0\" width=\"144\" cellspacing=\"0\" cellpadding=\"0\">\n<tbody>\n<tr style=\"height: 13.50pt\">\n<td style=\"height: 13.50pt;width: 54.00pt\" width=\"72\" height=\"18\">Caracteristic\u0103<\/td>\n<td style=\"width: 54.00pt\" width=\"72\">Detalii<\/td>\n<\/tr>\n<tr style=\"height: 13.50pt\">\n<td style=\"height: 13.50pt\" height=\"18\">Capacitate<\/td>\n<td>5g, 10g, 15g, 20g, 30g, 50g<\/td>\n<\/tr>\n<tr style=\"height: 13.50pt\">\n<td style=\"height: 13.50pt\" height=\"18\">Form\u0103<\/td>\n<td>Cilindru cu muchii drepte<\/td>\n<\/tr>\n<tr style=\"height: 13.50pt\">\n<td style=\"height: 13.50pt\" height=\"18\">Sigilare<\/td>\n<td>Capac cu filet (plastic\/metal, op\u021biuni personalizate)<\/td>\n<\/tr>\n<tr style=\"height: 13.50pt\">\n<td style=\"height: 13.50pt\" height=\"18\">Material<\/td>\n<td>Sticl\u0103 groas\u0103 de culoarea chihlimbarului<\/td>\n<\/tr>\n<tr style=\"height: 13.50pt\">\n<td style=\"height: 13.50pt\" height=\"18\">Culoare<\/td>\n<td>Chihlimbar (culori personalizate disponibile)<\/td>\n<\/tr>\n<tr style=\"height: 13.50pt\">\n<td style=\"height: 13.50pt\" height=\"18\">Caz de utilizare<\/td>\n<td>Crem\u0103 de fa\u021b\u0103, lo\u021biune de corp, ser pentru ochi<\/td>\n<\/tr>\n<\/tbody>\n<\/table>\n<h2><span class=\"highlights\" data-v-df95d256=\"\">Poveste de succes\u00a0 <\/span><\/h2>\n<p><span class=\"highlights\" data-v-df95d256=\"\">Un brand de produse cosmetice curate \u0219i-a crescut v\u00e2nz\u0103rile pe pagina principal\u0103 cu 35% dup\u0103 ce a trecut la borcanele noastre de culoarea chihlimbarului. Clien\u021bii lor preocupa\u021bi de mediu au apreciat finisajul natural, iar protec\u021bia UV a men\u021binut formulele lor organice proaspete timp de luni de zile. <\/span><\/p>\n<h2>Personaliza\u021bi-v\u0103 comanda<\/h2>\n<ul>\n<li><strong>Culoare \u0219i textur\u0103:<\/strong> Dori\u021bi un borcan mat pentru o not\u0103 luxoas\u0103? Sau o sticl\u0103 texturat\u0103 pentru o aderen\u021b\u0103 mai bun\u0103? Vom modifica finisajul pentru a se potrivi cu ADN-ul brandului dumneavoastr\u0103.<\/li>\n<li><strong>Integrare etichete:<\/strong> Adaug\u0103 eticheta ta unic\u0103 pentru a face ambalajul t\u0103u s\u0103 ias\u0103 \u00een eviden\u021b\u0103 pe raft.<\/li>\n<li><strong>Suplimente ecologice:<\/strong> Alege\u021bi etichete biodegradabile sau reciclabile \u0219i asocia\u021bi cutiile de sticl\u0103 pentru produse cosmetice cu c\u0103ptu\u0219eli reutilizabile pentru borcane.<\/li>\n<\/ul>","protected":false},"excerpt":{"rendered":"<p>Cump\u0103r\u0103 recipiente cosmetice din sticl\u0103 \u0219i borcane de machiaj en-gros pentru linia ta de \u00eengrijire a pielii. Borcane chihlimbar cu protec\u021bie UV, cu \u00eenchidere sigur\u0103 \u0219i op\u021biuni de ambalare personalizate.<\/p>","protected":false},"featured_media":4611,"comment_status":"open","ping_status":"closed","template":"","meta":{"_acf_changed":false,"site-sidebar-layout":"default","site-content-layout":"","ast-site-content-layout":"default","site-content-style":"default","site-sidebar-style":"default","ast-global-header-display":"","ast-banner-title-visibility":"","ast-main-header-display":"","ast-hfb-above-header-display":"","ast-hfb-below-header-display":"","ast-hfb-mobile-header-display":"","site-post-title":"","ast-breadcrumbs-content":"","ast-featured-img":"","footer-sml-layout":"","ast-disable-related-posts":"","theme-transparent-header-meta":"default","adv-header-id-meta":"","stick-header-meta":"","header-above-stick-meta":"","header-main-stick-meta":"","header-below-stick-meta":"","astra-migrate-meta-layouts":"set","ast-page-background-enabled":"default","ast-page-background-meta":{"desktop":{"background-color":"var(--ast-global-color-5)","background-image":"","background-repeat":"repeat","background-position":"center center","background-size":"auto","background-attachment":"scroll","background-type":"","background-media":"","overlay-type":"","overlay-color":"","overlay-opacity":"","overlay-gradient":""},"tablet":{"background-color":"","background-image":"","background-repeat":"repeat","background-position":"center center","background-size":"auto","background-attachment":"scroll","background-type":"","background-media":"","overlay-type":"","overlay-color":"","overlay-opacity":"","overlay-gradient":""},"mobile":{"background-color":"","background-image":"","background-repeat":"repeat","background-position":"center center","background-size":"auto","background-attachment":"scroll","background-type":"","background-media":"","overlay-type":"","overlay-color":"","overlay-opacity":"","overlay-gradient":""}},"ast-content-background-meta":{"desktop":{"background-color":"var(--ast-global-color-4)","background-image":"","background-repeat":"repeat","background-position":"center center","background-size":"auto","background-attachment":"scroll","background-type":"","background-media":"","overlay-type":"","overlay-color":"","overlay-opacity":"","overlay-gradient":""},"tablet":{"background-color":"var(--ast-global-color-4)","background-image":"","background-repeat":"repeat","background-position":"center center","background-size":"auto","background-attachment":"scroll","background-type":"","background-media":"","overlay-type":"","overlay-color":"","overlay-opacity":"","overlay-gradient":""},"mobile":{"background-color":"var(--ast-global-color-4)","background-image":"","background-repeat":"repeat","background-position":"center center","background-size":"auto","background-attachment":"scroll","background-type":"","background-media":"","overlay-type":"","overlay-color":"","overlay-opacity":"","overlay-gradient":""}}},"product_brand":[],"product_cat":[72,62,56],"product_tag":[127,128],"class_list":{"0":"post-4610","1":"product","2":"type-product","3":"status-publish","4":"has-post-thumbnail","6":"product_cat-cosmetic-packaging","7":"product_cat-cosmetic-containers","8":"product_cat-cosmetic-jars","9":"product_tag-glass-cosmetic-containers","10":"product_tag-makeup-jars-wholesale","11":"desktop-align-left","12":"tablet-align-left","13":"mobile-align-left","15":"first","16":"instock","17":"shipping-taxable","18":"product-type-simple"},"acf":[],"jetpack_sharing_enabled":true,"_links":{"self":[{"href":"https:\/\/theperfumebottles.com\/ro\/wp-json\/wp\/v2\/product\/4610","targetHints":{"allow":["GET"]}}],"collection":[{"href":"https:\/\/theperfumebottles.com\/ro\/wp-json\/wp\/v2\/product"}],"about":[{"href":"https:\/\/theperfumebottles.com\/ro\/wp-json\/wp\/v2\/types\/product"}],"replies":[{"embeddable":true,"href":"https:\/\/theperfumebottles.com\/ro\/wp-json\/wp\/v2\/comments?post=4610"}],"wp:featuredmedia":[{"embeddable":true,"href":"https:\/\/theperfumebottles.com\/ro\/wp-json\/wp\/v2\/media\/4611"}],"wp:attachment":[{"href":"https:\/\/theperfumebottles.com\/ro\/wp-json\/wp\/v2\/media?parent=4610"}],"wp:term":[{"taxonomy":"product_brand","embeddable":true,"href":"https:\/\/theperfumebottles.com\/ro\/wp-json\/wp\/v2\/product_brand?post=4610"},{"taxonomy":"product_cat","embeddable":true,"href":"https:\/\/theperfumebottles.com\/ro\/wp-json\/wp\/v2\/product_cat?post=4610"},{"taxonomy":"product_tag","embeddable":true,"href":"https:\/\/theperfumebottles.com\/ro\/wp-json\/wp\/v2\/product_tag?post=4610"}],"curies":[{"name":"wp","href":"https:\/\/api.w.org\/{rel}","templated":true}]}}