{"id":4615,"date":"2025-07-17T18:00:44","date_gmt":"2025-07-17T10:00:44","guid":{"rendered":"https:\/\/theperfumebottles.com\/?post_type=product&#038;p=4615"},"modified":"2026-04-02T17:11:30","modified_gmt":"2026-04-02T09:11:30","slug":"lotion-glass-jar-set-cosmetic-bottle-with-pump-wholesale","status":"publish","type":"product","link":"https:\/\/theperfumebottles.com\/ro\/produs\/lotion-glass-jar-set-cosmetic-bottle-with-pump-wholesale\/","title":{"rendered":"Set borcane din sticl\u0103 pentru lo\u021biune 40ml 120ml \u2013 Sticl\u0103 cosmetic\u0103 cu pomp\u0103, en-gros"},"content":{"rendered":"<p><span class=\"highlights\" data-v-df95d256=\"\">Ai nevoie de ambalaje cosmetice care s\u0103 atrag\u0103 aten\u021bia? Setul nostru de sticle de cosmetice cu pomp\u0103 \u0219i borcan de sticl\u0103 pentru lo\u021biune schimb\u0103 regulile jocului pentru m\u0103rcile de \u00eengrijire a pielii. Designul gradient al sticlei - chihlimbar \u00een partea de jos, turcoaz \u00een partea de sus - creeaz\u0103 un aspect colorat, extrem de fin, \u00een timp ce capacul negru mat ofer\u0103 un finisaj elegant \u0219i modern. Perfect pentru seruri, uleiuri sau creme, acest amestec de ambalaje pentru cosmetice combin\u0103 protec\u021bia UV, echilibrul \u0219i aptitudinea personalizat\u0103.<\/span><\/p>\n<h2>Specifica\u021bii cheie<\/h2>\n<table style=\"border-collapse: collapse; width: 784px; height: 114px; margin-left: 280px;\" border=\"0\" width=\"144\" cellspacing=\"0\" cellpadding=\"0\">\n<tbody>\n<tr style=\"height: 13.50pt;\">\n<td style=\"height: 13.50pt; width: 54.00pt;\" width=\"72\" height=\"18\">Caracteristic\u0103<\/td>\n<td style=\"width: 54.00pt;\" width=\"72\">Detalii<\/td>\n<\/tr>\n<tr style=\"height: 13.50pt;\">\n<td style=\"height: 13.50pt;\" height=\"18\">Capacitate<\/td>\n<td>40 ml, 120 ml<\/td>\n<\/tr>\n<tr style=\"height: 13.50pt;\">\n<td style=\"height: 13.50pt;\" height=\"18\">Form\u0103<\/td>\n<td>Laturi drepte<\/td>\n<\/tr>\n<tr style=\"height: 13.50pt;\">\n<td style=\"height: 13.50pt;\" height=\"18\">Sigilare<\/td>\n<td>Pomp\u0103 sau capac cu filet (personalizabil)<\/td>\n<\/tr>\n<tr style=\"height: 13.50pt;\">\n<td style=\"height: 13.50pt;\" height=\"18\">Material<\/td>\n<td>Cristal glsaa<\/td>\n<\/tr>\n<tr style=\"height: 13.50pt;\">\n<td style=\"height: 13.50pt;\" height=\"18\">Culoare<\/td>\n<td>Gradient verde (culori personalizate disponibile)<\/td>\n<\/tr>\n<tr style=\"height: 13.50pt;\">\n<td style=\"height: 13.50pt;\" height=\"18\">Caz de utilizare<\/td>\n<td>Ser, ulei facial, lo\u021biune de corp\u2026<\/td>\n<\/tr>\n<\/tbody>\n<\/table>\n<h2><span class=\"highlights\" data-v-df95d256=\"\">Poveste de succes<\/span><\/h2>\n<p><span class=\"highlights\" data-v-df95d256=\"\">Un brand de produse de lux pentru \u00eengrijirea pielii \u0219i-a m\u0103rit num\u0103rul de comenzi en-gros cu 50% dup\u0103 ce a prezentat acest set cu gradient pe pagina sa principal\u0103. Contrastul \u00eendr\u0103zne\u021b de culori \u0219i disponibilitatea gata de livrare i-au ajutat s\u0103 ob\u021bin\u0103 comenzi \u00een vrac de la peste 15 comercian\u021bi cu am\u0103nuntul \u00een 3 luni.<\/span><\/p>\n<h2><span class=\"highlights\" data-v-df95d256=\"\">Personaliza\u021bi-v\u0103 comanda<\/span><\/h2>\n<ul>\n<li>\n<div class=\"lRu31\" dir=\"ltr\"><span class=\"HwtZe\" lang=\"en\"><span class=\"jCAhz ChMk0b\"><span class=\"ryNqvb\"><strong>Design de culoare gradient personalizabil:<\/strong> O varietate de op\u021biuni de gradient de culoare sunt disponibile pentru a se potrivi stilului vizual al m\u0103rcii dvs.<\/span><\/span><\/span><\/div>\n<\/li>\n<li>\n<div class=\"lRu31\" dir=\"ltr\"><span class=\"HwtZe\" lang=\"en\"><span class=\"jCAhz\"><span class=\"ryNqvb\"><strong>Diverse op\u021biuni de pompe:<\/strong> Pompele interschimbabile cu pulverizator fin sau capac rabatabil sporesc confortul sticlelor de lo\u021biune.<\/span><\/span> <\/span><\/div>\n<\/li>\n<li>\n<div class=\"lRu31\" dir=\"ltr\">\n<p><span class=\"HwtZe\" lang=\"en\"><span class=\"jCAhz ChMk0b\"><span class=\"ryNqvb\"><strong>Interac\u021biune inteligent\u0103 cu ambalajele:<\/strong> Codurile QR personalizabile permit experien\u021be interactive care conecteaz\u0103 ambalajul cu povestea brandului t\u0103u.<\/span><\/span><\/span><\/p>\n<div class=\"OvtS8d\"><\/div>\n<div id=\"ow35\"><\/div>\n<\/div>\n<div class=\"UdTY9 WdefRb\" aria-hidden=\"true\" data-location=\"2\">\n<div class=\"kO6q6e\"><\/div>\n<\/div>\n<\/li>\n<\/ul>","protected":false},"excerpt":{"rendered":"<p>Cump\u0103r\u0103 seturi de sticle cosmetice cu pomp\u0103 \u0219i borcane din sticl\u0103 pentru lo\u021biune pentru marca ta de \u00eengrijire a pielii. Sticl\u0103 cu gradient de protec\u021bie UV cu op\u021biuni de ambalare personalizate.<\/p>","protected":false},"featured_media":4616,"comment_status":"open","ping_status":"closed","template":"","meta":{"_acf_changed":false,"site-sidebar-layout":"default","site-content-layout":"","ast-site-content-layout":"default","site-content-style":"default","site-sidebar-style":"default","ast-global-header-display":"","ast-banner-title-visibility":"","ast-main-header-display":"","ast-hfb-above-header-display":"","ast-hfb-below-header-display":"","ast-hfb-mobile-header-display":"","site-post-title":"","ast-breadcrumbs-content":"","ast-featured-img":"","footer-sml-layout":"","ast-disable-related-posts":"","theme-transparent-header-meta":"default","adv-header-id-meta":"","stick-header-meta":"","header-above-stick-meta":"","header-main-stick-meta":"","header-below-stick-meta":"","astra-migrate-meta-layouts":"set","ast-page-background-enabled":"default","ast-page-background-meta":{"desktop":{"background-color":"var(--ast-global-color-5)","background-image":"","background-repeat":"repeat","background-position":"center center","background-size":"auto","background-attachment":"scroll","background-type":"","background-media":"","overlay-type":"","overlay-color":"","overlay-opacity":"","overlay-gradient":""},"tablet":{"background-color":"","background-image":"","background-repeat":"repeat","background-position":"center center","background-size":"auto","background-attachment":"scroll","background-type":"","background-media":"","overlay-type":"","overlay-color":"","overlay-opacity":"","overlay-gradient":""},"mobile":{"background-color":"","background-image":"","background-repeat":"repeat","background-position":"center center","background-size":"auto","background-attachment":"scroll","background-type":"","background-media":"","overlay-type":"","overlay-color":"","overlay-opacity":"","overlay-gradient":""}},"ast-content-background-meta":{"desktop":{"background-color":"var(--ast-global-color-4)","background-image":"","background-repeat":"repeat","background-position":"center center","background-size":"auto","background-attachment":"scroll","background-type":"","background-media":"","overlay-type":"","overlay-color":"","overlay-opacity":"","overlay-gradient":""},"tablet":{"background-color":"var(--ast-global-color-4)","background-image":"","background-repeat":"repeat","background-position":"center center","background-size":"auto","background-attachment":"scroll","background-type":"","background-media":"","overlay-type":"","overlay-color":"","overlay-opacity":"","overlay-gradient":""},"mobile":{"background-color":"var(--ast-global-color-4)","background-image":"","background-repeat":"repeat","background-position":"center center","background-size":"auto","background-attachment":"scroll","background-type":"","background-media":"","overlay-type":"","overlay-color":"","overlay-opacity":"","overlay-gradient":""}}},"product_brand":[],"product_cat":[236,62,72],"product_tag":[129,120],"class_list":{"0":"post-4615","1":"product","2":"type-product","3":"status-publish","4":"has-post-thumbnail","6":"product_cat-cosmetic-container-set","7":"product_cat-cosmetic-containers","8":"product_cat-cosmetic-packaging","9":"product_tag-cosmetic-bottle-with-pump","10":"product_tag-lotion-glass-jar","11":"desktop-align-left","12":"tablet-align-left","13":"mobile-align-left","15":"first","16":"instock","17":"shipping-taxable","18":"product-type-simple"},"acf":[],"jetpack_sharing_enabled":true,"_links":{"self":[{"href":"https:\/\/theperfumebottles.com\/ro\/wp-json\/wp\/v2\/product\/4615","targetHints":{"allow":["GET"]}}],"collection":[{"href":"https:\/\/theperfumebottles.com\/ro\/wp-json\/wp\/v2\/product"}],"about":[{"href":"https:\/\/theperfumebottles.com\/ro\/wp-json\/wp\/v2\/types\/product"}],"replies":[{"embeddable":true,"href":"https:\/\/theperfumebottles.com\/ro\/wp-json\/wp\/v2\/comments?post=4615"}],"wp:featuredmedia":[{"embeddable":true,"href":"https:\/\/theperfumebottles.com\/ro\/wp-json\/wp\/v2\/media\/4616"}],"wp:attachment":[{"href":"https:\/\/theperfumebottles.com\/ro\/wp-json\/wp\/v2\/media?parent=4615"}],"wp:term":[{"taxonomy":"product_brand","embeddable":true,"href":"https:\/\/theperfumebottles.com\/ro\/wp-json\/wp\/v2\/product_brand?post=4615"},{"taxonomy":"product_cat","embeddable":true,"href":"https:\/\/theperfumebottles.com\/ro\/wp-json\/wp\/v2\/product_cat?post=4615"},{"taxonomy":"product_tag","embeddable":true,"href":"https:\/\/theperfumebottles.com\/ro\/wp-json\/wp\/v2\/product_tag?post=4615"}],"curies":[{"name":"wp","href":"https:\/\/api.w.org\/{rel}","templated":true}]}}