{"id":4620,"date":"2025-07-17T18:00:24","date_gmt":"2025-07-17T10:00:24","guid":{"rendered":"https:\/\/theperfumebottles.com\/?post_type=product&#038;p=4620"},"modified":"2025-08-01T09:10:06","modified_gmt":"2025-08-01T01:10:06","slug":"face-cream-jars-wholesale-frosted-glass-cosmetic-packaging","status":"publish","type":"product","link":"https:\/\/theperfumebottles.com\/ro\/produs\/face-cream-jars-wholesale-frosted-glass-cosmetic-packaging\/","title":{"rendered":"Borcane de crem\u0103 de fa\u021b\u0103 de 1oz 2oz 4oz 8oz, en-gros \u2013 Ambalaje cosmetice din sticl\u0103 mat\u0103"},"content":{"rendered":"<p><span class=\"highlights\" data-v-df95d256=\"\">Ai nevoie de ambalaje pentru creme cosmetice \u00een borcane care s\u0103 \u00eembine sustenabilitatea cu sofisticarea? Setul nostru en-gros de borcane pentru creme de fa\u021b\u0103 con\u021bine sticle din sticl\u0103 mat\u0103 cu capace din bambus natural, concepute pentru a-\u021bi \u00eembun\u0103t\u0103\u021bi gama de produse de \u00eengrijire a pielii. Finisajul texturat \u0219i accentele p\u0103m\u00e2ntii fac ca aceste op\u021biuni de ambalare pentru cosmetice s\u0103 fie ideale pentru seruri, lo\u021biuni de ochi sau creme hidratante bogate. Perfecte pentru ambalaje de \u00eenfrumuse\u021bare care s\u0103 fie at\u00e2t moderne, c\u00e2t \u0219i respectuoase fa\u021b\u0103 de planet\u0103.<\/span><\/p>\n<h2><span class=\"highlights\" data-v-df95d256=\"\">Specifica\u021bii cheie<\/span><\/h2>\n<table style=\"border-collapse: collapse;width: 759px;height: 153px;margin-left: 280px\" border=\"0\" width=\"144\" cellspacing=\"0\" cellpadding=\"0\">\n<tbody>\n<tr style=\"height: 13.50pt\">\n<td style=\"height: 13.50pt;width: 54.00pt\" width=\"72\" height=\"18\">Caracteristic\u0103<\/td>\n<td style=\"width: 54.00pt\" width=\"72\">Detalii<\/td>\n<\/tr>\n<tr style=\"height: 13.50pt\">\n<td style=\"height: 13.50pt\" height=\"18\">Capacitate<\/td>\n<td>30 ml, 59 ml, 115 ml, 237 ml<\/td>\n<\/tr>\n<tr style=\"height: 13.50pt\">\n<td style=\"height: 13.50pt\" height=\"18\">Form\u0103<\/td>\n<td>Rund\u0103<\/td>\n<\/tr>\n<tr style=\"height: 13.50pt\">\n<td style=\"height: 13.50pt\" height=\"18\">Sigilare<\/td>\n<td>Capace din bambus (personalizabile)<\/td>\n<\/tr>\n<tr style=\"height: 13.50pt\">\n<td style=\"height: 13.50pt\" height=\"18\">Material<\/td>\n<td>Sticl\u0103 mat\u0103<\/td>\n<\/tr>\n<tr style=\"height: 13.50pt\">\n<td style=\"height: 13.50pt\" height=\"18\">Culoare<\/td>\n<td>Silex, mat (personalizabil)<\/td>\n<\/tr>\n<tr style=\"height: 13.50pt\">\n<td style=\"height: 13.50pt\" height=\"18\">Caz de utilizare<\/td>\n<td>Crem\u0103 de ochi, crem\u0103 de fa\u021b\u0103\u2026<\/td>\n<\/tr>\n<\/tbody>\n<\/table>\n<h2><span class=\"highlights\" data-v-df95d256=\"\">Poveste de succes<\/span><\/h2>\n<p><span class=\"highlights\" data-v-df95d256=\"\">Un brand de produse de \u00eengrijire a pielii \u0219i-a m\u0103rit v\u00e2nz\u0103rile en-gros cu 60% dup\u0103 ce a trecut la acest design de borcan pentru crem\u0103 cosmetic\u0103. Pagina lor principal\u0103 a prezentat un videoclip care ar\u0103ta m\u0103iestria capacului din bambus, ceea ce a generat peste 200 de comenzi \u00een vrac \u00eentr-o lun\u0103.<\/span><\/p>\n<h2><span class=\"highlights\" data-v-df95d256=\"\">Personaliza\u021bi-v\u0103 comanda<\/span><\/h2>\n<ul>\n<li><strong>Un fel de finisaje pentru sticl\u0103:<\/strong> Disponibil \u00een sticl\u0103 curat\u0103 sau mat\u0103, cu finisaje \u0219tan\u021bate la cald sau \u00een relief, eviden\u021biind farmecul premium al m\u0103rcii dumneavoastr\u0103.<\/li>\n<li><strong>Alternative ecologice pentru capacele de sticl\u0103:<\/strong> Disponibil din plastic \u0219i bambus sustenabil, echilibr\u00e2nd igiena \u0219i grijile legate de mediu.<\/li>\n<li><strong>Etichetare verde:<\/strong> Utilizarea materialelor \u0219i cernelurilor biodegradabile pentru ambalaje absolut ecologice.<\/li>\n<\/ul>","protected":false},"excerpt":{"rendered":"<p>Cump\u0103ra\u021bi borcane de crem\u0103 de fa\u021b\u0103 en-gros cu capace ecologice din bambus. Seturi de borcane de crem\u0103 cosmetic\u0103 din sticl\u0103 mat\u0103 pentru m\u0103rci de \u00eengrijire a pielii.<\/p>","protected":false},"featured_media":4621,"comment_status":"open","ping_status":"closed","template":"","meta":{"_acf_changed":false,"site-sidebar-layout":"default","site-content-layout":"","ast-site-content-layout":"default","site-content-style":"default","site-sidebar-style":"default","ast-global-header-display":"","ast-banner-title-visibility":"","ast-main-header-display":"","ast-hfb-above-header-display":"","ast-hfb-below-header-display":"","ast-hfb-mobile-header-display":"","site-post-title":"","ast-breadcrumbs-content":"","ast-featured-img":"","footer-sml-layout":"","ast-disable-related-posts":"","theme-transparent-header-meta":"default","adv-header-id-meta":"","stick-header-meta":"","header-above-stick-meta":"","header-main-stick-meta":"","header-below-stick-meta":"","astra-migrate-meta-layouts":"set","ast-page-background-enabled":"default","ast-page-background-meta":{"desktop":{"background-color":"var(--ast-global-color-5)","background-image":"","background-repeat":"repeat","background-position":"center center","background-size":"auto","background-attachment":"scroll","background-type":"","background-media":"","overlay-type":"","overlay-color":"","overlay-opacity":"","overlay-gradient":""},"tablet":{"background-color":"","background-image":"","background-repeat":"repeat","background-position":"center center","background-size":"auto","background-attachment":"scroll","background-type":"","background-media":"","overlay-type":"","overlay-color":"","overlay-opacity":"","overlay-gradient":""},"mobile":{"background-color":"","background-image":"","background-repeat":"repeat","background-position":"center center","background-size":"auto","background-attachment":"scroll","background-type":"","background-media":"","overlay-type":"","overlay-color":"","overlay-opacity":"","overlay-gradient":""}},"ast-content-background-meta":{"desktop":{"background-color":"var(--ast-global-color-4)","background-image":"","background-repeat":"repeat","background-position":"center center","background-size":"auto","background-attachment":"scroll","background-type":"","background-media":"","overlay-type":"","overlay-color":"","overlay-opacity":"","overlay-gradient":""},"tablet":{"background-color":"var(--ast-global-color-4)","background-image":"","background-repeat":"repeat","background-position":"center center","background-size":"auto","background-attachment":"scroll","background-type":"","background-media":"","overlay-type":"","overlay-color":"","overlay-opacity":"","overlay-gradient":""},"mobile":{"background-color":"var(--ast-global-color-4)","background-image":"","background-repeat":"repeat","background-position":"center center","background-size":"auto","background-attachment":"scroll","background-type":"","background-media":"","overlay-type":"","overlay-color":"","overlay-opacity":"","overlay-gradient":""}}},"product_brand":[],"product_cat":[62,72,56],"product_tag":[131,130],"class_list":{"0":"post-4620","1":"product","2":"type-product","3":"status-publish","4":"has-post-thumbnail","6":"product_cat-cosmetic-containers","7":"product_cat-cosmetic-packaging","8":"product_cat-cosmetic-jars","9":"product_tag-cosmetic-cream-jar","10":"product_tag-face-cream-jars-wholesale","11":"desktop-align-left","12":"tablet-align-left","13":"mobile-align-left","15":"first","16":"instock","17":"shipping-taxable","18":"product-type-simple"},"acf":[],"jetpack_sharing_enabled":true,"_links":{"self":[{"href":"https:\/\/theperfumebottles.com\/ro\/wp-json\/wp\/v2\/product\/4620","targetHints":{"allow":["GET"]}}],"collection":[{"href":"https:\/\/theperfumebottles.com\/ro\/wp-json\/wp\/v2\/product"}],"about":[{"href":"https:\/\/theperfumebottles.com\/ro\/wp-json\/wp\/v2\/types\/product"}],"replies":[{"embeddable":true,"href":"https:\/\/theperfumebottles.com\/ro\/wp-json\/wp\/v2\/comments?post=4620"}],"wp:featuredmedia":[{"embeddable":true,"href":"https:\/\/theperfumebottles.com\/ro\/wp-json\/wp\/v2\/media\/4621"}],"wp:attachment":[{"href":"https:\/\/theperfumebottles.com\/ro\/wp-json\/wp\/v2\/media?parent=4620"}],"wp:term":[{"taxonomy":"product_brand","embeddable":true,"href":"https:\/\/theperfumebottles.com\/ro\/wp-json\/wp\/v2\/product_brand?post=4620"},{"taxonomy":"product_cat","embeddable":true,"href":"https:\/\/theperfumebottles.com\/ro\/wp-json\/wp\/v2\/product_cat?post=4620"},{"taxonomy":"product_tag","embeddable":true,"href":"https:\/\/theperfumebottles.com\/ro\/wp-json\/wp\/v2\/product_tag?post=4620"}],"curies":[{"name":"wp","href":"https:\/\/api.w.org\/{rel}","templated":true}]}}