{"id":4644,"date":"2025-07-18T17:49:18","date_gmt":"2025-07-18T09:49:18","guid":{"rendered":"https:\/\/theperfumebottles.com\/?post_type=product&#038;p=4644"},"modified":"2026-03-27T14:30:08","modified_gmt":"2026-03-27T06:30:08","slug":"empty-glass-cosmetic-containers-with-lids-wholesale","status":"publish","type":"product","link":"https:\/\/theperfumebottles.com\/ro\/produs\/empty-glass-cosmetic-containers-with-lids-wholesale\/","title":{"rendered":"Recipiente cosmetice din sticl\u0103 goale de 30g 50g cu capace, en-gros"},"content":{"rendered":"<p>Aceast\u0103 gam\u0103 avansat\u0103 de recipiente cosmetice cu capac reflect\u0103 un profil cilindric modern, care include o baz\u0103 din sticl\u0103 transparent\u0103, o band\u0103 aurie ca untul, cu un finisaj fin auriu \u0219i o selec\u021bie de capace albe sau transparente, mate.<\/p>\n<h2><span class=\"highlights\" data-v-df95d256=\"\">Specifica\u021bii cheie<\/span><\/h2>\n<table style=\"border-collapse: collapse; width: 80%; height: 123px; margin-left: auto; margin-right: auto;\" border=\"0\" width=\"144\" cellspacing=\"0\" cellpadding=\"0\">\n<tbody>\n<tr>\n<td width=\"72\">Capacitate<\/td>\n<td width=\"72\">Form\u0103<\/td>\n<td width=\"72\">Metoda de etan\u0219are<\/td>\n<td width=\"72\">Material<\/td>\n<td width=\"72\">Culoare<\/td>\n<td width=\"72\">Utilizare<\/td>\n<\/tr>\n<tr>\n<td>30g<\/td>\n<td rowspan=\"2\">Laturi drepte<\/td>\n<td rowspan=\"2\">Filetat (plastic\/metal)<\/td>\n<td rowspan=\"2\">Sticl\u0103 de cristal<\/td>\n<td rowspan=\"2\">Mat\u0103 (personalizat\u0103)<\/td>\n<td rowspan=\"2\">Crem\u0103, lo\u021biune pentru ochi\u2026<\/td>\n<\/tr>\n<tr>\n<td>50g<\/td>\n<\/tr>\n<\/tbody>\n<\/table>\n<h2><span class=\"highlights\" data-v-df95d256=\"\">Caz de succes<\/span><\/h2>\n<p>Unul dintre brandurile pariziene de lux a ales recipientele noastre cosmetice de 50 ml cu capac \u0219i a personalizat capacul alb mat \u0219i inelul decorativ placat cu aur roz. Borcanele personalizate pentru lo\u021biune au avut un succes imens: designul lor stratificat special a devenit o parte distinctiv\u0103 a brandului, iar studiile de pia\u021b\u0103 au ar\u0103tat c\u0103 notorietatea brandului a crescut cu 25%. Calitatea texturii \u0219i a materialelor a fost, de asemenea, premium, gener\u00e2nd astfel o cre\u0219tere de 50% a pre\u021bului cremei reparatoare. Pe baza acestui succes, brandul a comandat \u00eenc\u0103 250.000 de recipiente de lo\u021biuni pentru noua sa linie de ulei facial \u0219i crem\u0103 de noapte cu CBD.<\/p>\n<h2><span class=\"highlights\" data-v-df95d256=\"\">Sfaturi de personalizare pentru recipientele de machiaj en-gros<\/span><\/h2>\n<ul>\n<li><strong>Alternative diverse de aspect:<\/strong> Alege\u021bi \u00eentre sticl\u0103 transparent\u0103 sau mat\u0103, cu nuan\u021be gradiente disponibile pentru un efect vizibil sporit.<\/li>\n<li><strong>Material flexibil pentru \u0219epci:<\/strong> Disponibil \u00een plastic sau metal, echilibr\u00e2nd costurile cu un aspect premium.<\/li>\n<li><strong>Personalizarea m\u0103rcii:<\/strong> Emblemele \u00een relief sau codurile QR sunt acceptate pentru a v\u0103 ajuta s\u0103 v\u0103 exprima\u021bi povestea logo-ului.<\/li>\n<\/ul>","protected":false},"excerpt":{"rendered":"<p>Recipiente premium pentru machiaj, en-gros, cu baz\u0103 din sticl\u0103 transparent\u0103 \u0219i inel auriu de lux. Recipientele cosmetice cu capac asigur\u0103 prospe\u021bimea. Livrare rapid\u0103.<\/p>","protected":false},"featured_media":4645,"comment_status":"open","ping_status":"closed","template":"","meta":{"_acf_changed":false,"site-sidebar-layout":"default","site-content-layout":"","ast-site-content-layout":"default","site-content-style":"default","site-sidebar-style":"default","ast-global-header-display":"","ast-banner-title-visibility":"","ast-main-header-display":"","ast-hfb-above-header-display":"","ast-hfb-below-header-display":"","ast-hfb-mobile-header-display":"","site-post-title":"","ast-breadcrumbs-content":"","ast-featured-img":"","footer-sml-layout":"","ast-disable-related-posts":"","theme-transparent-header-meta":"default","adv-header-id-meta":"","stick-header-meta":"","header-above-stick-meta":"","header-main-stick-meta":"","header-below-stick-meta":"","astra-migrate-meta-layouts":"set","ast-page-background-enabled":"default","ast-page-background-meta":{"desktop":{"background-color":"var(--ast-global-color-5)","background-image":"","background-repeat":"repeat","background-position":"center center","background-size":"auto","background-attachment":"scroll","background-type":"","background-media":"","overlay-type":"","overlay-color":"","overlay-opacity":"","overlay-gradient":""},"tablet":{"background-color":"","background-image":"","background-repeat":"repeat","background-position":"center center","background-size":"auto","background-attachment":"scroll","background-type":"","background-media":"","overlay-type":"","overlay-color":"","overlay-opacity":"","overlay-gradient":""},"mobile":{"background-color":"","background-image":"","background-repeat":"repeat","background-position":"center center","background-size":"auto","background-attachment":"scroll","background-type":"","background-media":"","overlay-type":"","overlay-color":"","overlay-opacity":"","overlay-gradient":""}},"ast-content-background-meta":{"desktop":{"background-color":"var(--ast-global-color-4)","background-image":"","background-repeat":"repeat","background-position":"center center","background-size":"auto","background-attachment":"scroll","background-type":"","background-media":"","overlay-type":"","overlay-color":"","overlay-opacity":"","overlay-gradient":""},"tablet":{"background-color":"var(--ast-global-color-4)","background-image":"","background-repeat":"repeat","background-position":"center center","background-size":"auto","background-attachment":"scroll","background-type":"","background-media":"","overlay-type":"","overlay-color":"","overlay-opacity":"","overlay-gradient":""},"mobile":{"background-color":"var(--ast-global-color-4)","background-image":"","background-repeat":"repeat","background-position":"center center","background-size":"auto","background-attachment":"scroll","background-type":"","background-media":"","overlay-type":"","overlay-color":"","overlay-opacity":"","overlay-gradient":""}}},"product_brand":[],"product_cat":[56,62,72],"product_tag":[144,134],"class_list":{"0":"post-4644","1":"product","2":"type-product","3":"status-publish","4":"has-post-thumbnail","6":"product_cat-cosmetic-jars","7":"product_cat-cosmetic-containers","8":"product_cat-cosmetic-packaging","9":"product_tag-lotion-jars-with-lids","10":"product_tag-makeup-containers-wholesale","11":"desktop-align-left","12":"tablet-align-left","13":"mobile-align-left","15":"first","16":"instock","17":"shipping-taxable","18":"product-type-simple"},"acf":[],"jetpack_sharing_enabled":true,"_links":{"self":[{"href":"https:\/\/theperfumebottles.com\/ro\/wp-json\/wp\/v2\/product\/4644","targetHints":{"allow":["GET"]}}],"collection":[{"href":"https:\/\/theperfumebottles.com\/ro\/wp-json\/wp\/v2\/product"}],"about":[{"href":"https:\/\/theperfumebottles.com\/ro\/wp-json\/wp\/v2\/types\/product"}],"replies":[{"embeddable":true,"href":"https:\/\/theperfumebottles.com\/ro\/wp-json\/wp\/v2\/comments?post=4644"}],"wp:featuredmedia":[{"embeddable":true,"href":"https:\/\/theperfumebottles.com\/ro\/wp-json\/wp\/v2\/media\/4645"}],"wp:attachment":[{"href":"https:\/\/theperfumebottles.com\/ro\/wp-json\/wp\/v2\/media?parent=4644"}],"wp:term":[{"taxonomy":"product_brand","embeddable":true,"href":"https:\/\/theperfumebottles.com\/ro\/wp-json\/wp\/v2\/product_brand?post=4644"},{"taxonomy":"product_cat","embeddable":true,"href":"https:\/\/theperfumebottles.com\/ro\/wp-json\/wp\/v2\/product_cat?post=4644"},{"taxonomy":"product_tag","embeddable":true,"href":"https:\/\/theperfumebottles.com\/ro\/wp-json\/wp\/v2\/product_tag?post=4644"}],"curies":[{"name":"wp","href":"https:\/\/api.w.org\/{rel}","templated":true}]}}