{"id":4650,"date":"2025-07-18T17:55:14","date_gmt":"2025-07-18T09:55:14","guid":{"rendered":"https:\/\/theperfumebottles.com\/?post_type=product&#038;p=4650"},"modified":"2025-08-01T10:05:03","modified_gmt":"2025-08-01T02:05:03","slug":"5g-15g0-5oz-30g1oz-50g-100g-wholesale-cosmetic-jars-with-lids-glass-makeup-jars-for-skincare-packaging","status":"publish","type":"product","link":"https:\/\/theperfumebottles.com\/ro\/produs\/5g-15g0-5oz-30g1oz-50g-100g-wholesale-cosmetic-jars-with-lids-glass-makeup-jars-for-skincare-packaging\/","title":{"rendered":"5g 15g (0,5 oz) 30g (1 oz) 50g 100g Borcane cosmetice en-gros cu capace \u2013 Borcane de machiaj din sticl\u0103 pentru ambalarea \u00eengrijirii pielii"},"content":{"rendered":"<p><span class=\"highlights\" data-v-df95d256=\"\">C\u0103uta\u021bi borcane de machiaj din sticl\u0103 care combin\u0103 sustenabilitatea cu ambalaje elegante? Aceste borcane de \u00eenfrumuse\u021bare cu capace sunt concepute pentru brandurile care dezvolt\u0103 produse de \u00eengrijire a pielii, cum ar fi creme de fa\u021b\u0103, creme de corp sau tratamente pentru ochi. \u00cen calitate de furnizor de ambalaje cosmetice, oferim recipiente din sticl\u0103 cu capace din bambus \u0219i un finisaj fin de cea\u021b\u0103. Indiferent dac\u0103 achizi\u021biona\u021bi ambalaje cosmetice \u00een vrac sau ave\u021bi nevoie de solu\u021bii gata de livrare, acest produs inspir\u0103 \u00eencredere \u00een designul ambalajului dumneavoastr\u0103.<\/span><\/p>\n<h2><strong>Specifica\u021bii cheie<\/strong><\/h2>\n<table style=\"border-collapse: collapse;width: 80%pt;margin-left: auto;margin-right: auto\" border=\"0\" width=\"432\" cellspacing=\"0\" cellpadding=\"0\">\n<tbody>\n<tr style=\"height: 13.50pt\">\n<td style=\"height: 13.50pt;width: 54.00pt\" width=\"72\" height=\"18\">Capacitate<\/td>\n<td style=\"width: 54.00pt\" width=\"72\">Form\u0103<\/td>\n<td style=\"width: 54.00pt\" width=\"72\">Metode de etan\u0219are<\/td>\n<td style=\"width: 54.00pt\" width=\"72\">Material<\/td>\n<td style=\"width: 54.00pt\" width=\"72\">Op\u021biuni de culoare<\/td>\n<td style=\"width: 54.00pt\" width=\"72\">Utilizare<\/td>\n<\/tr>\n<tr style=\"height: 13.50pt\">\n<td style=\"height: 13.50pt\" height=\"18\">5g<\/td>\n<td class=\"et2\" rowspan=\"5\">Margine dreapt\u0103<\/td>\n<td class=\"et2\" rowspan=\"5\">Filetat cu capac din bambus<\/td>\n<td class=\"et2\" rowspan=\"5\">Sticl\u0103 de cristal<\/td>\n<td class=\"et2\" rowspan=\"5\">Transparent\/Mat<\/td>\n<td class=\"et2\" rowspan=\"5\">Crem\u0103 de fa\u021b\u0103, lo\u021biune de corp, crem\u0103 de ochi, crem\u0103 de buze\u2026<\/td>\n<\/tr>\n<tr style=\"height: 13.50pt\">\n<td style=\"height: 13.50pt\" height=\"18\">15g (0,5 oz)<\/td>\n<\/tr>\n<tr style=\"height: 13.50pt\">\n<td style=\"height: 13.50pt\" height=\"18\">30g (1 uncie)<\/td>\n<\/tr>\n<tr style=\"height: 13.50pt\">\n<td style=\"height: 13.50pt\" height=\"18\">50g<\/td>\n<\/tr>\n<tr style=\"height: 13.50pt\">\n<td style=\"height: 13.50pt\" height=\"18\">100g<\/td>\n<\/tr>\n<\/tbody>\n<\/table>\n<h2><span class=\"highlights\" data-v-df95d256=\"\">Caz de succes: Renovarea ambalajului unui brand de produse naturale pentru \u00eengrijirea pielii <\/span><\/h2>\n<p><span class=\"highlights\" data-v-df95d256=\"\">Un brand de produse de \u00eengrijire a pielii avea nevoie de borcane cosmetice en-gros cu capace pentru noua sa linie organic\u0103. Am personalizat borcane de machiaj din sticl\u0103 de 30 g cu capace din bambus \u0219i finisaj mat, pentru a se potrivi cu atmosfera lor ecologic\u0103. Rezultatul? O cre\u0219tere cu 200% a v\u00e2nz\u0103rilor de ambalaje cosmetice \u0219i recenzii de 4,8 stele care laud\u0103 textura fin\u0103 a ce\u021bii.\u00a0<\/span><\/p>","protected":false},"excerpt":{"rendered":"<p>Borcane cosmetice en-gros, durabile, personalizabile \u0219i ecologice, cu capace. Ideale pentru ambalarea produselor de \u00eengrijire a pielii \u0219i pentru comenzi \u00een vrac. Gata de livrare.<\/p>","protected":false},"featured_media":4651,"comment_status":"open","ping_status":"closed","template":"","meta":{"_acf_changed":false,"site-sidebar-layout":"default","site-content-layout":"","ast-site-content-layout":"default","site-content-style":"default","site-sidebar-style":"default","ast-global-header-display":"","ast-banner-title-visibility":"","ast-main-header-display":"","ast-hfb-above-header-display":"","ast-hfb-below-header-display":"","ast-hfb-mobile-header-display":"","site-post-title":"","ast-breadcrumbs-content":"","ast-featured-img":"","footer-sml-layout":"","ast-disable-related-posts":"","theme-transparent-header-meta":"default","adv-header-id-meta":"","stick-header-meta":"","header-above-stick-meta":"","header-main-stick-meta":"","header-below-stick-meta":"","astra-migrate-meta-layouts":"set","ast-page-background-enabled":"default","ast-page-background-meta":{"desktop":{"background-color":"var(--ast-global-color-5)","background-image":"","background-repeat":"repeat","background-position":"center center","background-size":"auto","background-attachment":"scroll","background-type":"","background-media":"","overlay-type":"","overlay-color":"","overlay-opacity":"","overlay-gradient":""},"tablet":{"background-color":"","background-image":"","background-repeat":"repeat","background-position":"center center","background-size":"auto","background-attachment":"scroll","background-type":"","background-media":"","overlay-type":"","overlay-color":"","overlay-opacity":"","overlay-gradient":""},"mobile":{"background-color":"","background-image":"","background-repeat":"repeat","background-position":"center center","background-size":"auto","background-attachment":"scroll","background-type":"","background-media":"","overlay-type":"","overlay-color":"","overlay-opacity":"","overlay-gradient":""}},"ast-content-background-meta":{"desktop":{"background-color":"var(--ast-global-color-4)","background-image":"","background-repeat":"repeat","background-position":"center center","background-size":"auto","background-attachment":"scroll","background-type":"","background-media":"","overlay-type":"","overlay-color":"","overlay-opacity":"","overlay-gradient":""},"tablet":{"background-color":"var(--ast-global-color-4)","background-image":"","background-repeat":"repeat","background-position":"center center","background-size":"auto","background-attachment":"scroll","background-type":"","background-media":"","overlay-type":"","overlay-color":"","overlay-opacity":"","overlay-gradient":""},"mobile":{"background-color":"var(--ast-global-color-4)","background-image":"","background-repeat":"repeat","background-position":"center center","background-size":"auto","background-attachment":"scroll","background-type":"","background-media":"","overlay-type":"","overlay-color":"","overlay-opacity":"","overlay-gradient":""}}},"product_brand":[],"product_cat":[72,62,56],"product_tag":[137,136],"class_list":{"0":"post-4650","1":"product","2":"type-product","3":"status-publish","4":"has-post-thumbnail","6":"product_cat-cosmetic-packaging","7":"product_cat-cosmetic-containers","8":"product_cat-cosmetic-jars","9":"product_tag-glass-makeup-jars","10":"product_tag-wholesale-cosmetic-jars-with-lids","11":"desktop-align-left","12":"tablet-align-left","13":"mobile-align-left","15":"first","16":"instock","17":"shipping-taxable","18":"product-type-simple"},"acf":[],"jetpack_sharing_enabled":true,"_links":{"self":[{"href":"https:\/\/theperfumebottles.com\/ro\/wp-json\/wp\/v2\/product\/4650","targetHints":{"allow":["GET"]}}],"collection":[{"href":"https:\/\/theperfumebottles.com\/ro\/wp-json\/wp\/v2\/product"}],"about":[{"href":"https:\/\/theperfumebottles.com\/ro\/wp-json\/wp\/v2\/types\/product"}],"replies":[{"embeddable":true,"href":"https:\/\/theperfumebottles.com\/ro\/wp-json\/wp\/v2\/comments?post=4650"}],"wp:featuredmedia":[{"embeddable":true,"href":"https:\/\/theperfumebottles.com\/ro\/wp-json\/wp\/v2\/media\/4651"}],"wp:attachment":[{"href":"https:\/\/theperfumebottles.com\/ro\/wp-json\/wp\/v2\/media?parent=4650"}],"wp:term":[{"taxonomy":"product_brand","embeddable":true,"href":"https:\/\/theperfumebottles.com\/ro\/wp-json\/wp\/v2\/product_brand?post=4650"},{"taxonomy":"product_cat","embeddable":true,"href":"https:\/\/theperfumebottles.com\/ro\/wp-json\/wp\/v2\/product_cat?post=4650"},{"taxonomy":"product_tag","embeddable":true,"href":"https:\/\/theperfumebottles.com\/ro\/wp-json\/wp\/v2\/product_tag?post=4650"}],"curies":[{"name":"wp","href":"https:\/\/api.w.org\/{rel}","templated":true}]}}