{"id":4655,"date":"2025-07-18T17:51:02","date_gmt":"2025-07-18T09:51:02","guid":{"rendered":"https:\/\/theperfumebottles.com\/?post_type=product&#038;p=4655"},"modified":"2025-08-01T09:51:27","modified_gmt":"2025-08-01T01:51:27","slug":"lotion-glass-jars-cosmetic-makeup-jars-wholesale","status":"publish","type":"product","link":"https:\/\/theperfumebottles.com\/ro\/produs\/lotion-glass-jars-cosmetic-makeup-jars-wholesale\/","title":{"rendered":"Borcane din sticl\u0103 pentru lo\u021biuni 5g 10g 15g 30g 50g 60g 100g 120g 250g \u2013 Borcane pentru cosmetice \u0219i machiaj en-gros"},"content":{"rendered":"<p><span class=\"highlights\" data-v-df95d256=\"\">Ave\u021bi nevoie de borcane de machiaj din sticl\u0103 care s\u0103 combine sustenabilitatea cu ambalajele pentru produse cosmetice? Aceste borcane de lo\u021biune din sticl\u0103 sunt concepute pentru m\u0103rcile de \u00eengrijire a pielii care creeaz\u0103 creme de fa\u021b\u0103, lo\u021biuni de corp sau tratamente pentru ochi. \u00cen calitate de furnizor de ambalaje cosmetice, oferim recipiente din sticl\u0103 cu finisaj fin, gata de livrare \u00een vrac. Indiferent dac\u0103 c\u0103uta\u021bi recipiente cosmetice pentru designul ambalajelor sau ave\u021bi nevoie de solu\u021bii angro, acest produs v\u0103 inspir\u0103 \u00eencredere \u00een ambalajul cosmetic.<\/span><\/p>\n<h2 data-spm-anchor-id=\"5176.28103460.0.i21.29ab1db8HEnSHX\"><strong data-spm-anchor-id=\"5176.28103460.0.i22.29ab1db8HEnSHX\">Specifica\u021bii cheie<\/strong><\/h2>\n<table style=\"margin-left: auto;margin-right: auto;border-collapse: collapse;width: 80%\" border=\"0\" width=\"432\" cellspacing=\"0\" cellpadding=\"0\">\n<tbody>\n<tr style=\"height: 13.50pt\">\n<td style=\"height: 13.50pt;width: 54.00pt\" width=\"72\" height=\"18\">Capacitate<\/td>\n<td style=\"width: 54.00pt\" width=\"72\">Form\u0103<\/td>\n<td style=\"width: 54.00pt\" width=\"72\">Metoda de etan\u0219are<\/td>\n<td style=\"width: 54.00pt\" width=\"72\">Material<\/td>\n<td style=\"width: 54.00pt\" width=\"72\">Culoare<\/td>\n<td style=\"width: 54.00pt\" width=\"72\">Caz de utilizare<\/td>\n<\/tr>\n<tr style=\"height: 13.50pt\">\n<td style=\"height: 13.50pt\" height=\"18\">5g 10g 15g 30g 50g 60g 100g 120g 250g<\/td>\n<td>Straight Sided<\/td>\n<td>Filetat (plastic\/metal), conform cerin\u021belor dumneavoastr\u0103<\/td>\n<td>Sticl\u0103 de cristal<\/td>\n<td>Mat\u0103, personalizat\u0103..<\/td>\n<td>Crem\u0103 de ochi, lo\u021biune\u2026<\/td>\n<\/tr>\n<\/tbody>\n<\/table>\n<h2><span class=\"highlights\" data-v-df95d256=\"\">Caz de succes: Renovarea ambalajului unui brand de produse naturale pentru \u00eengrijirea pielii <\/span><\/h2>\n<p><span class=\"highlights\" data-v-df95d256=\"\">Un brand de produse de \u00eengrijire a pielii avea nevoie de borcane de sticl\u0103 pentru lo\u021biuni pentru noua sa linie organic\u0103. Am personalizat borcane de machiaj din sticl\u0103 de 100 g cu capace de plastic negru \u0219i finisaj mat, pentru a se potrivi cu atmosfera lor ecologic\u0103. Rezultatul? O cre\u0219tere cu 250% a v\u00e2nz\u0103rilor de ambalaje cosmetice \u0219i recenzii de 5 stele care laud\u0103 textura fin\u0103 a ce\u021bii.<\/span><\/p>","protected":false},"excerpt":{"rendered":"<p>Borcane de sticl\u0103 pentru lo\u021biuni, durabile, personalizabile \u0219i ecologice, destinate ambal\u0103rii cosmeticelor. Ideale pentru produse de \u00eengrijire a pielii \u0219i gata de livrare \u00een vrac.<\/p>","protected":false},"featured_media":4659,"comment_status":"open","ping_status":"closed","template":"","meta":{"_acf_changed":false,"site-sidebar-layout":"default","site-content-layout":"","ast-site-content-layout":"default","site-content-style":"default","site-sidebar-style":"default","ast-global-header-display":"","ast-banner-title-visibility":"","ast-main-header-display":"","ast-hfb-above-header-display":"","ast-hfb-below-header-display":"","ast-hfb-mobile-header-display":"","site-post-title":"","ast-breadcrumbs-content":"","ast-featured-img":"","footer-sml-layout":"","ast-disable-related-posts":"","theme-transparent-header-meta":"default","adv-header-id-meta":"","stick-header-meta":"","header-above-stick-meta":"","header-main-stick-meta":"","header-below-stick-meta":"","astra-migrate-meta-layouts":"set","ast-page-background-enabled":"default","ast-page-background-meta":{"desktop":{"background-color":"var(--ast-global-color-5)","background-image":"","background-repeat":"repeat","background-position":"center center","background-size":"auto","background-attachment":"scroll","background-type":"","background-media":"","overlay-type":"","overlay-color":"","overlay-opacity":"","overlay-gradient":""},"tablet":{"background-color":"","background-image":"","background-repeat":"repeat","background-position":"center center","background-size":"auto","background-attachment":"scroll","background-type":"","background-media":"","overlay-type":"","overlay-color":"","overlay-opacity":"","overlay-gradient":""},"mobile":{"background-color":"","background-image":"","background-repeat":"repeat","background-position":"center center","background-size":"auto","background-attachment":"scroll","background-type":"","background-media":"","overlay-type":"","overlay-color":"","overlay-opacity":"","overlay-gradient":""}},"ast-content-background-meta":{"desktop":{"background-color":"var(--ast-global-color-4)","background-image":"","background-repeat":"repeat","background-position":"center center","background-size":"auto","background-attachment":"scroll","background-type":"","background-media":"","overlay-type":"","overlay-color":"","overlay-opacity":"","overlay-gradient":""},"tablet":{"background-color":"var(--ast-global-color-4)","background-image":"","background-repeat":"repeat","background-position":"center center","background-size":"auto","background-attachment":"scroll","background-type":"","background-media":"","overlay-type":"","overlay-color":"","overlay-opacity":"","overlay-gradient":""},"mobile":{"background-color":"var(--ast-global-color-4)","background-image":"","background-repeat":"repeat","background-position":"center center","background-size":"auto","background-attachment":"scroll","background-type":"","background-media":"","overlay-type":"","overlay-color":"","overlay-opacity":"","overlay-gradient":""}}},"product_brand":[],"product_cat":[72,62,56],"product_tag":[137,120],"class_list":{"0":"post-4655","1":"product","2":"type-product","3":"status-publish","4":"has-post-thumbnail","6":"product_cat-cosmetic-packaging","7":"product_cat-cosmetic-containers","8":"product_cat-cosmetic-jars","9":"product_tag-glass-makeup-jars","10":"product_tag-lotion-glass-jar","11":"desktop-align-left","12":"tablet-align-left","13":"mobile-align-left","15":"first","16":"instock","17":"shipping-taxable","18":"product-type-simple"},"acf":[],"jetpack_sharing_enabled":true,"_links":{"self":[{"href":"https:\/\/theperfumebottles.com\/ro\/wp-json\/wp\/v2\/product\/4655","targetHints":{"allow":["GET"]}}],"collection":[{"href":"https:\/\/theperfumebottles.com\/ro\/wp-json\/wp\/v2\/product"}],"about":[{"href":"https:\/\/theperfumebottles.com\/ro\/wp-json\/wp\/v2\/types\/product"}],"replies":[{"embeddable":true,"href":"https:\/\/theperfumebottles.com\/ro\/wp-json\/wp\/v2\/comments?post=4655"}],"wp:featuredmedia":[{"embeddable":true,"href":"https:\/\/theperfumebottles.com\/ro\/wp-json\/wp\/v2\/media\/4659"}],"wp:attachment":[{"href":"https:\/\/theperfumebottles.com\/ro\/wp-json\/wp\/v2\/media?parent=4655"}],"wp:term":[{"taxonomy":"product_brand","embeddable":true,"href":"https:\/\/theperfumebottles.com\/ro\/wp-json\/wp\/v2\/product_brand?post=4655"},{"taxonomy":"product_cat","embeddable":true,"href":"https:\/\/theperfumebottles.com\/ro\/wp-json\/wp\/v2\/product_cat?post=4655"},{"taxonomy":"product_tag","embeddable":true,"href":"https:\/\/theperfumebottles.com\/ro\/wp-json\/wp\/v2\/product_tag?post=4655"}],"curies":[{"name":"wp","href":"https:\/\/api.w.org\/{rel}","templated":true}]}}