{"id":4660,"date":"2025-07-18T17:50:16","date_gmt":"2025-07-18T09:50:16","guid":{"rendered":"https:\/\/theperfumebottles.com\/?post_type=product&#038;p=4660"},"modified":"2025-08-01T09:48:21","modified_gmt":"2025-08-01T01:48:21","slug":"1-oz-makeup-containers-wholesale-skincare-packaging","status":"publish","type":"product","link":"https:\/\/theperfumebottles.com\/ro\/produs\/1-oz-makeup-containers-wholesale-skincare-packaging\/","title":{"rendered":"Recipiente de machiaj de 28 g \u2013 Ambalaje en-gros pentru \u00eengrijirea pielii"},"content":{"rendered":"<p><span class=\"highlights\" data-v-df95d256=\"\">C\u0103uta\u021bi ambalaje en-gros pentru \u00eengrijirea pielii, care \u00eembin\u0103 ambalajele pentru produse cosmetice cu un design ecologic? Aceste recipiente de machiaj de 28 ml sunt create pentru m\u0103rcile de \u00eengrijire a pielii care caut\u0103 ambalaje cosmetice care s\u0103 ias\u0103 \u00een eviden\u021b\u0103. Indiferent dac\u0103 ambala\u021bi lo\u021biuni, creme de fa\u021b\u0103 sau ser pentru ochi, aceste borcane de sticl\u0103 combin\u0103 un finisaj fin, asem\u0103n\u0103tor unei aburiri, cu eficien\u021ba de livrare. Perfecte pentru ambalarea \u00een vrac, acestea sunt arma secret\u0103 pentru a inspira loialitatea clien\u021bilor \u0219i a \u00eembun\u0103t\u0103\u021bi ofertele de pe pagina dvs. principal\u0103.<\/span><\/p>\n<h2><span class=\"highlights\" data-v-df95d256=\"\">Specifica\u021bii cheie<\/span><\/h2>\n<table style=\"border-collapse: collapse;width: 80%;height: 21px;margin-left: auto;margin-right: auto\" border=\"0\" width=\"432\" cellspacing=\"0\" cellpadding=\"0\">\n<tbody>\n<tr style=\"height: 13.50pt\">\n<td style=\"height: 13.50pt;width: 54.00pt\" width=\"72\" height=\"18\">Capacitate<\/td>\n<td style=\"width: 54.00pt\" width=\"72\">Form\u0103<\/td>\n<td style=\"width: 54.00pt\" width=\"72\">Metode de etan\u0219are<\/td>\n<td style=\"width: 54.00pt\" width=\"72\">Material<\/td>\n<td style=\"width: 54.00pt\" width=\"72\">Op\u021biuni de culoare<\/td>\n<td style=\"width: 54.00pt\" width=\"72\">Utilizare<\/td>\n<\/tr>\n<tr style=\"height: 13.50pt\">\n<td style=\"height: 13.50pt\" height=\"18\">30g (1 uncie)<\/td>\n<td>Margine dreapt\u0103<\/td>\n<td>Filetat cu capac din bambus<\/td>\n<td>Sticl\u0103 de cristal<\/td>\n<td>\u00cenghe\u021bat<\/td>\n<td>Crem\u0103 de fa\u021b\u0103, crem\u0103 de corp, crem\u0103 de ochi, crem\u0103 de buze\u2026<\/td>\n<\/tr>\n<\/tbody>\n<\/table>\n<h2><span class=\"highlights\" data-v-df95d256=\"\">Caz de succes: Transformarea ambalajului unui brand de produse cosmetice curate <\/span><\/h2>\n<p><span class=\"highlights\" data-v-df95d256=\"\">Un startup de produse cosmetice organice avea nevoie de recipiente de machiaj de 28 ml pentru noua sa linie de produse cosmetice organice. Am personalizat borcane de sticl\u0103 cu capace din bambus \u0219i finisaj mat, pentru a se potrivi cu eticile lor ecologice. Rezultatul? O cre\u0219tere de 300% a v\u00e2nz\u0103rilor en-gros de ambalaje pentru \u00eengrijirea pielii \u0219i recenzii elogioase care laud\u0103 textura fin\u0103 a spray-ului.\u00a0<\/span><\/p>","protected":false},"excerpt":{"rendered":"<p>Recipiente de machiaj sustenabile de 28 g pentru ambalaje en-gros pentru \u00eengrijirea pielii. Borcane din sticl\u0103 mat\u0103 cu capace din bambus, gata de livrare \u0219i complet personalizabile.<\/p>","protected":false},"featured_media":4661,"comment_status":"open","ping_status":"closed","template":"","meta":{"_acf_changed":false,"site-sidebar-layout":"default","site-content-layout":"","ast-site-content-layout":"default","site-content-style":"default","site-sidebar-style":"default","ast-global-header-display":"","ast-banner-title-visibility":"","ast-main-header-display":"","ast-hfb-above-header-display":"","ast-hfb-below-header-display":"","ast-hfb-mobile-header-display":"","site-post-title":"","ast-breadcrumbs-content":"","ast-featured-img":"","footer-sml-layout":"","ast-disable-related-posts":"","theme-transparent-header-meta":"default","adv-header-id-meta":"","stick-header-meta":"","header-above-stick-meta":"","header-main-stick-meta":"","header-below-stick-meta":"","astra-migrate-meta-layouts":"set","ast-page-background-enabled":"default","ast-page-background-meta":{"desktop":{"background-color":"var(--ast-global-color-5)","background-image":"","background-repeat":"repeat","background-position":"center center","background-size":"auto","background-attachment":"scroll","background-type":"","background-media":"","overlay-type":"","overlay-color":"","overlay-opacity":"","overlay-gradient":""},"tablet":{"background-color":"","background-image":"","background-repeat":"repeat","background-position":"center center","background-size":"auto","background-attachment":"scroll","background-type":"","background-media":"","overlay-type":"","overlay-color":"","overlay-opacity":"","overlay-gradient":""},"mobile":{"background-color":"","background-image":"","background-repeat":"repeat","background-position":"center center","background-size":"auto","background-attachment":"scroll","background-type":"","background-media":"","overlay-type":"","overlay-color":"","overlay-opacity":"","overlay-gradient":""}},"ast-content-background-meta":{"desktop":{"background-color":"var(--ast-global-color-4)","background-image":"","background-repeat":"repeat","background-position":"center center","background-size":"auto","background-attachment":"scroll","background-type":"","background-media":"","overlay-type":"","overlay-color":"","overlay-opacity":"","overlay-gradient":""},"tablet":{"background-color":"var(--ast-global-color-4)","background-image":"","background-repeat":"repeat","background-position":"center center","background-size":"auto","background-attachment":"scroll","background-type":"","background-media":"","overlay-type":"","overlay-color":"","overlay-opacity":"","overlay-gradient":""},"mobile":{"background-color":"var(--ast-global-color-4)","background-image":"","background-repeat":"repeat","background-position":"center center","background-size":"auto","background-attachment":"scroll","background-type":"","background-media":"","overlay-type":"","overlay-color":"","overlay-opacity":"","overlay-gradient":""}}},"product_brand":[],"product_cat":[72,62,56],"product_tag":[139,138],"class_list":{"0":"post-4660","1":"product","2":"type-product","3":"status-publish","4":"has-post-thumbnail","6":"product_cat-cosmetic-packaging","7":"product_cat-cosmetic-containers","8":"product_cat-cosmetic-jars","9":"product_tag-1-oz-makeup-containers","10":"product_tag-wholesale-skincare-packaging","11":"desktop-align-left","12":"tablet-align-left","13":"mobile-align-left","15":"first","16":"instock","17":"shipping-taxable","18":"product-type-simple"},"acf":[],"jetpack_sharing_enabled":true,"_links":{"self":[{"href":"https:\/\/theperfumebottles.com\/ro\/wp-json\/wp\/v2\/product\/4660","targetHints":{"allow":["GET"]}}],"collection":[{"href":"https:\/\/theperfumebottles.com\/ro\/wp-json\/wp\/v2\/product"}],"about":[{"href":"https:\/\/theperfumebottles.com\/ro\/wp-json\/wp\/v2\/types\/product"}],"replies":[{"embeddable":true,"href":"https:\/\/theperfumebottles.com\/ro\/wp-json\/wp\/v2\/comments?post=4660"}],"wp:featuredmedia":[{"embeddable":true,"href":"https:\/\/theperfumebottles.com\/ro\/wp-json\/wp\/v2\/media\/4661"}],"wp:attachment":[{"href":"https:\/\/theperfumebottles.com\/ro\/wp-json\/wp\/v2\/media?parent=4660"}],"wp:term":[{"taxonomy":"product_brand","embeddable":true,"href":"https:\/\/theperfumebottles.com\/ro\/wp-json\/wp\/v2\/product_brand?post=4660"},{"taxonomy":"product_cat","embeddable":true,"href":"https:\/\/theperfumebottles.com\/ro\/wp-json\/wp\/v2\/product_cat?post=4660"},{"taxonomy":"product_tag","embeddable":true,"href":"https:\/\/theperfumebottles.com\/ro\/wp-json\/wp\/v2\/product_tag?post=4660"}],"curies":[{"name":"wp","href":"https:\/\/api.w.org\/{rel}","templated":true}]}}