{"id":4670,"date":"2025-07-18T17:54:50","date_gmt":"2025-07-18T09:54:50","guid":{"rendered":"https:\/\/theperfumebottles.com\/?post_type=product&#038;p=4670"},"modified":"2025-07-18T17:54:51","modified_gmt":"2025-07-18T09:54:51","slug":"wholesale-beauty-containers-cosmetic-glass-jar-lotion","status":"publish","type":"product","link":"https:\/\/theperfumebottles.com\/ro\/produs\/wholesale-beauty-containers-cosmetic-glass-jar-lotion\/","title":{"rendered":"5g 10g 15g 30g 50g 60g Recipiente cosmetice en-gros \u2013 Lo\u021biune din sticl\u0103 pentru cosmetice"},"content":{"rendered":"<p><span class=\"highlights\" data-v-df95d256=\"\">C\u0103uta\u021bi recipiente cosmetice en-gros care \u00eembin\u0103 elegan\u021ba ambalajelor cosmetice cu caracterul practic? Aceste sticle de lo\u021biune tip borcan sunt create pentru m\u0103rcile de \u00eengrijire a pielii care au nevoie de recipiente cosmetice care s\u0103 protejeze ingredientele sensibile \u0219i s\u0103 le \u00eembun\u0103t\u0103\u021beasc\u0103 performan\u021ba \u00een ambalaje cosmetice. Cu op\u021biuni de capacitate de la 5g la 60g, sticl\u0103 chihlimbar pentru protec\u021bie UV \u0219i capace filetate din plastic\/metal, acestea sunt arma secret\u0103 pentru a inspira loialitatea clien\u021bilor.<\/span><\/p>\n<h2><span class=\"highlights\" data-v-df95d256=\"\">Specifica\u021bii cheie<\/span><\/h2>\n<table style=\"border-collapse: collapse;width: 1086px;height: 218px;margin-left: 120px\" border=\"0\" width=\"432\" cellspacing=\"0\" cellpadding=\"0\">\n<tbody>\n<tr style=\"height: 13.50pt\">\n<td style=\"height: 13.50pt;width: 54.00pt\" width=\"72\" height=\"18\">Capacitate<\/td>\n<td style=\"width: 54.00pt\" width=\"72\">Form\u0103<\/td>\n<td style=\"width: 54.00pt\" width=\"72\">Metoda de etan\u0219are<\/td>\n<td style=\"width: 54.00pt\" width=\"72\">Material<\/td>\n<td style=\"width: 54.00pt\" width=\"72\">Culoare<\/td>\n<td style=\"width: 54.00pt\" width=\"72\">Caz de utilizare<\/td>\n<\/tr>\n<tr style=\"height: 13.50pt\">\n<td style=\"height: 13.50pt\" height=\"18\">5g<\/td>\n<td>Margine dreapt\u0103<\/td>\n<td>Filetat (plastic\/metal)<\/td>\n<td>Sticl\u0103<\/td>\n<td>Chihlimbar<\/td>\n<td>Crem\u0103 de fa\u021b\u0103 mostr\u0103<\/td>\n<\/tr>\n<tr style=\"height: 13.50pt\">\n<td style=\"height: 13.50pt\" height=\"18\">10g<\/td>\n<td>Margine dreapt\u0103<\/td>\n<td>Filetat (plastic\/metal)<\/td>\n<td>Sticl\u0103<\/td>\n<td>Chihlimbar<\/td>\n<td>Mini lo\u021biune de corp<\/td>\n<\/tr>\n<tr style=\"height: 13.50pt\">\n<td style=\"height: 13.50pt\" height=\"18\">15g (0,5oz)<\/td>\n<td>Margine dreapt\u0103<\/td>\n<td>Filetat (plastic\/metal)<\/td>\n<td>Sticl\u0103<\/td>\n<td>Chihlimbar<\/td>\n<td>Ser pentru ochi de c\u0103l\u0103torie<\/td>\n<\/tr>\n<tr style=\"height: 13.50pt\">\n<td style=\"height: 13.50pt\" height=\"18\">30g (1 uncie)<\/td>\n<td>Margine dreapt\u0103<\/td>\n<td>Filetat (plastic\/metal)<\/td>\n<td>Sticl\u0103<\/td>\n<td>Chihlimbar<\/td>\n<td>Crem\u0103 de fa\u021b\u0103 standard<\/td>\n<\/tr>\n<tr style=\"height: 13.50pt\">\n<td style=\"height: 13.50pt\" height=\"18\">50g<\/td>\n<td>Margine dreapt\u0103<\/td>\n<td>Filetat (plastic\/metal)<\/td>\n<td>Sticl\u0103<\/td>\n<td>Chihlimbar<\/td>\n<td>Lo\u021biune de corp de dimensiuni normale<\/td>\n<\/tr>\n<tr style=\"height: 13.50pt\">\n<td style=\"height: 13.50pt\" height=\"18\">60g (2oz)<\/td>\n<td>Margine dreapt\u0103<\/td>\n<td>Filetat (plastic\/metal)<\/td>\n<td>Sticl\u0103<\/td>\n<td>Chihlimbar (Personalizat)<\/td>\n<td>Ser de lux sau crem\u0103 medicamentoas\u0103<\/td>\n<\/tr>\n<\/tbody>\n<\/table>\n<p>&nbsp;<\/p>\n<h2><span class=\"highlights\" data-v-df95d256=\"\">Caz de succes: Transformarea ambalajelor de lux ale unui brand de \u00eengrijire a pielii <\/span><\/h2>\n<p><span class=\"highlights\" data-v-df95d256=\"\">Un startup din domeniul \u00eengrijirii pielii avea nevoie de sticle de lo\u021biune tip borcan pentru noua lor linie de seruri cosmetice cu textur\u0103 fin\u0103, cearat\u0103. Am personalizat borcane de culoarea chihlimbarului de 30 g, cu capace metalice \u0219i etichete cu finisaj mat. Rezultatul? O cre\u0219tere de 400% a v\u00e2nz\u0103rilor en-gros de recipiente pentru produse cosmetice \u0219i recenzii entuziaste despre senza\u021bia de lux. Sfat: C\u00e2nd recipientul t\u0103u arat\u0103 ca un suvenir de la spa, clien\u021bii nu vor s\u0103 plece.<\/span><\/p>\n<h2><span class=\"highlights\" data-v-df95d256=\"\">Sfaturi de personalizare pentru marca dvs. <\/span><\/h2>\n<ul>\n<li><span class=\"highlights\" data-v-df95d256=\"\"><strong>Culoare \u0219i finisaj:<\/strong> Alege chihlimbar pentru protec\u021bie UV sau adaug\u0103 sticl\u0103 mat\u0103 pentru o textur\u0103 fin\u0103, asem\u0103n\u0103toare unei ce\u021bi. <\/span><\/li>\n<li><span class=\"highlights\" data-v-df95d256=\"\"><strong>Op\u021biuni capac:<\/strong> Opteaz\u0103 pentru metal pentru un ambalaj premium pentru produse cosmetice sau pentru plastic pentru ambalaje eficiente din punct de vedere al costurilor, \u00een vrac.<\/span><\/li>\n<li><span class=\"highlights\" data-v-df95d256=\"\"><strong>Designul etichetei:<\/strong> Folose\u0219te fonturi minimaliste pentru ambalajele cosmetice care \u0219optesc elegan\u021b\u0103 sau fonturi \u00eendr\u0103zne\u021be pentru borcane statement.<\/span><\/li>\n<\/ul>","protected":false},"excerpt":{"rendered":"<p>Borcane rezistente din sticl\u0103 chihlimbar pentru lo\u021biuni la borcan, disponibile en-gros. Perfecte pentru m\u0103rcile de \u00eengrijire a pielii care caut\u0103 recipiente ecologice \u0219i personalizabile pentru produse cosmetice, en-gros.<\/p>","protected":false},"featured_media":4671,"comment_status":"open","ping_status":"closed","template":"","meta":{"_acf_changed":false,"site-sidebar-layout":"default","site-content-layout":"","ast-site-content-layout":"default","site-content-style":"default","site-sidebar-style":"default","ast-global-header-display":"","ast-banner-title-visibility":"","ast-main-header-display":"","ast-hfb-above-header-display":"","ast-hfb-below-header-display":"","ast-hfb-mobile-header-display":"","site-post-title":"","ast-breadcrumbs-content":"","ast-featured-img":"","footer-sml-layout":"","ast-disable-related-posts":"","theme-transparent-header-meta":"default","adv-header-id-meta":"","stick-header-meta":"","header-above-stick-meta":"","header-main-stick-meta":"","header-below-stick-meta":"","astra-migrate-meta-layouts":"set","ast-page-background-enabled":"default","ast-page-background-meta":{"desktop":{"background-color":"var(--ast-global-color-5)","background-image":"","background-repeat":"repeat","background-position":"center center","background-size":"auto","background-attachment":"scroll","background-type":"","background-media":"","overlay-type":"","overlay-color":"","overlay-opacity":"","overlay-gradient":""},"tablet":{"background-color":"","background-image":"","background-repeat":"repeat","background-position":"center center","background-size":"auto","background-attachment":"scroll","background-type":"","background-media":"","overlay-type":"","overlay-color":"","overlay-opacity":"","overlay-gradient":""},"mobile":{"background-color":"","background-image":"","background-repeat":"repeat","background-position":"center center","background-size":"auto","background-attachment":"scroll","background-type":"","background-media":"","overlay-type":"","overlay-color":"","overlay-opacity":"","overlay-gradient":""}},"ast-content-background-meta":{"desktop":{"background-color":"var(--ast-global-color-4)","background-image":"","background-repeat":"repeat","background-position":"center center","background-size":"auto","background-attachment":"scroll","background-type":"","background-media":"","overlay-type":"","overlay-color":"","overlay-opacity":"","overlay-gradient":""},"tablet":{"background-color":"var(--ast-global-color-4)","background-image":"","background-repeat":"repeat","background-position":"center center","background-size":"auto","background-attachment":"scroll","background-type":"","background-media":"","overlay-type":"","overlay-color":"","overlay-opacity":"","overlay-gradient":""},"mobile":{"background-color":"var(--ast-global-color-4)","background-image":"","background-repeat":"repeat","background-position":"center center","background-size":"auto","background-attachment":"scroll","background-type":"","background-media":"","overlay-type":"","overlay-color":"","overlay-opacity":"","overlay-gradient":""}}},"product_brand":[],"product_cat":[56,72,62],"product_tag":[145,142],"class_list":{"0":"post-4670","1":"product","2":"type-product","3":"status-publish","4":"has-post-thumbnail","6":"product_cat-cosmetic-jars","7":"product_cat-cosmetic-packaging","8":"product_cat-cosmetic-containers","9":"product_tag-cosmetic-cream-containers","10":"product_tag-wholesale-beauty-containers","11":"desktop-align-left","12":"tablet-align-left","13":"mobile-align-left","15":"first","16":"instock","17":"shipping-taxable","18":"product-type-simple"},"acf":[],"jetpack_sharing_enabled":true,"_links":{"self":[{"href":"https:\/\/theperfumebottles.com\/ro\/wp-json\/wp\/v2\/product\/4670","targetHints":{"allow":["GET"]}}],"collection":[{"href":"https:\/\/theperfumebottles.com\/ro\/wp-json\/wp\/v2\/product"}],"about":[{"href":"https:\/\/theperfumebottles.com\/ro\/wp-json\/wp\/v2\/types\/product"}],"replies":[{"embeddable":true,"href":"https:\/\/theperfumebottles.com\/ro\/wp-json\/wp\/v2\/comments?post=4670"}],"wp:featuredmedia":[{"embeddable":true,"href":"https:\/\/theperfumebottles.com\/ro\/wp-json\/wp\/v2\/media\/4671"}],"wp:attachment":[{"href":"https:\/\/theperfumebottles.com\/ro\/wp-json\/wp\/v2\/media?parent=4670"}],"wp:term":[{"taxonomy":"product_brand","embeddable":true,"href":"https:\/\/theperfumebottles.com\/ro\/wp-json\/wp\/v2\/product_brand?post=4670"},{"taxonomy":"product_cat","embeddable":true,"href":"https:\/\/theperfumebottles.com\/ro\/wp-json\/wp\/v2\/product_cat?post=4670"},{"taxonomy":"product_tag","embeddable":true,"href":"https:\/\/theperfumebottles.com\/ro\/wp-json\/wp\/v2\/product_tag?post=4670"}],"curies":[{"name":"wp","href":"https:\/\/api.w.org\/{rel}","templated":true}]}}