{"id":4702,"date":"2025-07-21T17:51:13","date_gmt":"2025-07-21T09:51:13","guid":{"rendered":"https:\/\/theperfumebottles.com\/?post_type=product&#038;p=4702"},"modified":"2025-08-01T10:23:11","modified_gmt":"2025-08-01T02:23:11","slug":"empty-makeup-containers-wholesale-skincare-jars","status":"publish","type":"product","link":"https:\/\/theperfumebottles.com\/ro\/produs\/empty-makeup-containers-wholesale-skincare-jars\/","title":{"rendered":"Recipiente goale pentru machiaj de 1oz, 2oz, 4oz, 8oz \u2013 Borcane en-gros pentru \u00eengrijirea pielii"},"content":{"rendered":"<p><span class=\"highlights\" data-v-df95d256=\"\">Cau\u021bi recipiente goale pentru machiaj care combin\u0103 elegan\u021ba \u0219i func\u021bionalitatea? Aceste recipiente en-gros pentru \u00eengrijirea pielii sunt concepute pentru a inspira ambalajele tale pentru produse cosmetice. \u00cen calitate de furnizor de materiale pentru ambalaje cosmetice, confec\u021bion\u0103m borcane de sticl\u0103 cu capace cu filet argintii pentru m\u0103rcile de \u00eengrijire a pielii care au nevoie de recipiente cosmetice str\u0103lucitoare. Perfecte pentru crem\u0103 de fa\u021b\u0103, lo\u021biuni de corp sau seruri pentru ochi - \u0219i da, sunt gata de livrare \u00een vrac.<\/span><\/p>\n<h2><span class=\"highlights\" data-v-df95d256=\"\">Specifica\u021bii cheie<\/span><\/h2>\n<table style=\"border-collapse: collapse;width: 80%;margin-left: auto;margin-right: auto\" border=\"0\" width=\"432\" cellspacing=\"0\" cellpadding=\"0\">\n<tbody>\n<tr style=\"height: 13.50pt\">\n<td style=\"height: 13.50pt;width: 54.00pt\" width=\"72\" height=\"18\">Capacitate<\/td>\n<td style=\"width: 54.00pt\" width=\"72\">Form\u0103<\/td>\n<td style=\"width: 54.00pt\" width=\"72\">Metode de etan\u0219are<\/td>\n<td style=\"width: 54.00pt\" width=\"72\">Material<\/td>\n<td style=\"width: 54.00pt\" width=\"72\">Op\u021biuni de culoare<\/td>\n<td style=\"width: 54.00pt\" width=\"72\">Utilizare<\/td>\n<\/tr>\n<tr style=\"height: 13.50pt\">\n<td style=\"height: 13.50pt\" height=\"18\">5g<\/td>\n<td class=\"et2\" rowspan=\"8\">Cilindric<\/td>\n<td class=\"et2\" rowspan=\"8\">Capac cu filet (plastic\/metal)<\/td>\n<td class=\"et2\" rowspan=\"8\">Sticl\u0103 de cristal<\/td>\n<td class=\"et2\" rowspan=\"8\">Clar, Chihlimbar, Negru, Verde, Albastru, Mat Client<\/td>\n<td class=\"et2\" rowspan=\"8\">Crem\u0103 de fa\u021b\u0103, crem\u0103 de corp, crem\u0103 de ochi, crem\u0103 de buze\u2026<\/td>\n<\/tr>\n<tr style=\"height: 13.50pt\">\n<td style=\"height: 13.50pt\" height=\"18\">15g (0,5 oz)<\/td>\n<\/tr>\n<tr style=\"height: 13.50pt\">\n<td style=\"height: 13.50pt\" height=\"18\">30g (1 uncie)<\/td>\n<\/tr>\n<tr style=\"height: 13.50pt\">\n<td style=\"height: 13.50pt\" height=\"18\">50g<\/td>\n<\/tr>\n<tr style=\"height: 13.50pt\">\n<td style=\"height: 13.50pt\" height=\"18\">60g (2oz)<\/td>\n<\/tr>\n<tr style=\"height: 13.50pt\">\n<td style=\"height: 13.50pt\" height=\"18\">100g<\/td>\n<\/tr>\n<tr style=\"height: 13.50pt\">\n<td style=\"height: 13.50pt\" height=\"18\">120g<\/td>\n<\/tr>\n<tr style=\"height: 13.50pt\">\n<td style=\"height: 13.50pt\" height=\"18\">250g<\/td>\n<\/tr>\n<\/tbody>\n<\/table>\n<h2><span class=\"highlights\" data-v-df95d256=\"\">Caz de succes: Renovarea ambalajului unui brand de produse de lux pentru \u00eengrijirea pielii <\/span><\/h2>\n<p><span class=\"highlights\" data-v-df95d256=\"\">O linie de produse de lux pentru \u00eengrijirea pielii avea nevoie de recipiente goale de machiaj care s\u0103 se potriveasc\u0103 cu estetica lor de \u201elux curat\u201d. Am furnizat borcane de culoarea chihlimbarului de 100 g, cu etichete negre mate \u0219i capace argintii. Rezultatul? O cre\u0219tere de 250% a v\u00e2nz\u0103rilor en-gros de recipiente pentru \u00eengrijirea pielii \u0219i recenzii elogioase privind designul minimalist al ambalajelor cosmetice.<\/span><\/p>\n<h2>Sfaturi de personalizare pentru marca dvs.<\/h2>\n<ul>\n<li><strong>Psihologia culorilor:<\/strong> Albastrul confer\u0103 un efect relaxant, fiind potrivit pentru seruri calmante; chihlimbarul este ideal pentru lo\u021biuni anti-\u00eemb\u0103tr\u00e2nire, transmi\u021b\u00e2nd o experien\u021b\u0103 de c\u0103ldur\u0103 \u0219i recuperare.<\/li>\n<li><strong>Aspectul etichetei:<\/strong> Alege fonturi minimaliste sau folie aurie pentru un impact vizibil \u0219i elegant.<\/li>\n<li><strong>Cap\u0103t de suprafa\u021b\u0103:<\/strong> Un cap\u0103t mat sau o emblem\u0103 gravat\u0103 \u00eembun\u0103t\u0103\u021be\u0219te experien\u021ba de calitate superioar\u0103 a ambalajului.<\/li>\n<\/ul>","protected":false},"excerpt":{"rendered":"<p>Recipiente goale \u0219i durabile pentru machiaj, destinate \u00eengro\u0219\u0103rii \u00een produse pentru \u00eengrijirea pielii \u2013 ambalaje cosmetice personalizabile \u00een vrac.<\/p>","protected":false},"featured_media":4703,"comment_status":"open","ping_status":"closed","template":"","meta":{"_acf_changed":false,"site-sidebar-layout":"default","site-content-layout":"","ast-site-content-layout":"default","site-content-style":"default","site-sidebar-style":"default","ast-global-header-display":"","ast-banner-title-visibility":"","ast-main-header-display":"","ast-hfb-above-header-display":"","ast-hfb-below-header-display":"","ast-hfb-mobile-header-display":"","site-post-title":"","ast-breadcrumbs-content":"","ast-featured-img":"","footer-sml-layout":"","ast-disable-related-posts":"","theme-transparent-header-meta":"default","adv-header-id-meta":"","stick-header-meta":"","header-above-stick-meta":"","header-main-stick-meta":"","header-below-stick-meta":"","astra-migrate-meta-layouts":"set","ast-page-background-enabled":"default","ast-page-background-meta":{"desktop":{"background-color":"var(--ast-global-color-5)","background-image":"","background-repeat":"repeat","background-position":"center center","background-size":"auto","background-attachment":"scroll","background-type":"","background-media":"","overlay-type":"","overlay-color":"","overlay-opacity":"","overlay-gradient":""},"tablet":{"background-color":"","background-image":"","background-repeat":"repeat","background-position":"center center","background-size":"auto","background-attachment":"scroll","background-type":"","background-media":"","overlay-type":"","overlay-color":"","overlay-opacity":"","overlay-gradient":""},"mobile":{"background-color":"","background-image":"","background-repeat":"repeat","background-position":"center center","background-size":"auto","background-attachment":"scroll","background-type":"","background-media":"","overlay-type":"","overlay-color":"","overlay-opacity":"","overlay-gradient":""}},"ast-content-background-meta":{"desktop":{"background-color":"var(--ast-global-color-4)","background-image":"","background-repeat":"repeat","background-position":"center center","background-size":"auto","background-attachment":"scroll","background-type":"","background-media":"","overlay-type":"","overlay-color":"","overlay-opacity":"","overlay-gradient":""},"tablet":{"background-color":"var(--ast-global-color-4)","background-image":"","background-repeat":"repeat","background-position":"center center","background-size":"auto","background-attachment":"scroll","background-type":"","background-media":"","overlay-type":"","overlay-color":"","overlay-opacity":"","overlay-gradient":""},"mobile":{"background-color":"var(--ast-global-color-4)","background-image":"","background-repeat":"repeat","background-position":"center center","background-size":"auto","background-attachment":"scroll","background-type":"","background-media":"","overlay-type":"","overlay-color":"","overlay-opacity":"","overlay-gradient":""}}},"product_brand":[],"product_cat":[72,62,56],"product_tag":[146,147],"class_list":{"0":"post-4702","1":"product","2":"type-product","3":"status-publish","4":"has-post-thumbnail","6":"product_cat-cosmetic-packaging","7":"product_cat-cosmetic-containers","8":"product_cat-cosmetic-jars","9":"product_tag-empty-makeup-containers","10":"product_tag-wholesale-skincare-containers","11":"desktop-align-left","12":"tablet-align-left","13":"mobile-align-left","15":"first","16":"instock","17":"shipping-taxable","18":"product-type-simple"},"acf":[],"jetpack_sharing_enabled":true,"_links":{"self":[{"href":"https:\/\/theperfumebottles.com\/ro\/wp-json\/wp\/v2\/product\/4702","targetHints":{"allow":["GET"]}}],"collection":[{"href":"https:\/\/theperfumebottles.com\/ro\/wp-json\/wp\/v2\/product"}],"about":[{"href":"https:\/\/theperfumebottles.com\/ro\/wp-json\/wp\/v2\/types\/product"}],"replies":[{"embeddable":true,"href":"https:\/\/theperfumebottles.com\/ro\/wp-json\/wp\/v2\/comments?post=4702"}],"wp:featuredmedia":[{"embeddable":true,"href":"https:\/\/theperfumebottles.com\/ro\/wp-json\/wp\/v2\/media\/4703"}],"wp:attachment":[{"href":"https:\/\/theperfumebottles.com\/ro\/wp-json\/wp\/v2\/media?parent=4702"}],"wp:term":[{"taxonomy":"product_brand","embeddable":true,"href":"https:\/\/theperfumebottles.com\/ro\/wp-json\/wp\/v2\/product_brand?post=4702"},{"taxonomy":"product_cat","embeddable":true,"href":"https:\/\/theperfumebottles.com\/ro\/wp-json\/wp\/v2\/product_cat?post=4702"},{"taxonomy":"product_tag","embeddable":true,"href":"https:\/\/theperfumebottles.com\/ro\/wp-json\/wp\/v2\/product_tag?post=4702"}],"curies":[{"name":"wp","href":"https:\/\/api.w.org\/{rel}","templated":true}]}}