{"id":4707,"date":"2025-07-21T17:54:25","date_gmt":"2025-07-21T09:54:25","guid":{"rendered":"https:\/\/theperfumebottles.com\/?post_type=product&#038;p=4707"},"modified":"2026-04-02T17:19:07","modified_gmt":"2026-04-02T09:19:07","slug":"skincare-set-50g-40ml-100ml-120ml-cosmetic-pump-bottles-wholesale","status":"publish","type":"product","link":"https:\/\/theperfumebottles.com\/ro\/produs\/skincare-set-50g-40ml-100ml-120ml-cosmetic-pump-bottles-wholesale\/","title":{"rendered":"Set de \u00eengrijire a pielii 50g 40ml 100ml 120ml Sticle cu pomp\u0103 cosmetic\u0103 en-gros"},"content":{"rendered":"<p><span class=\"highlights\" data-v-df95d256=\"\">Cau\u021bi sticle cu pomp\u0103 pentru produse cosmetice care \u00eembin\u0103 stilul \u0219i func\u021bionalitatea? Aceste sticle en-gros pentru \u00eengrijirea pielii sunt concepute pentru a inspira ambalajele tale pentru produse cosmetice. \u00cen calitate de furnizor de materiale pentru ambalaje cosmetice, confec\u021bion\u0103m sticle de sticl\u0103 cu capace cu filet \u0219i capete de pomp\u0103 pentru m\u0103rcile de \u00eengrijire a pielii care au nevoie de recipiente cosmetice str\u0103lucitoare. Perfecte pentru uleiuri de fa\u021b\u0103, seruri sau creme hidratante - \u0219i da, sunt gata de livrare \u00een vrac.<\/span><\/p>\n<h2><strong>Specifica\u021bii cheie<\/strong><\/h2>\n<table style=\"border-collapse: collapse; width: 80%; margin-left: auto; margin-right: auto;\" border=\"0\" width=\"360\" cellspacing=\"0\" cellpadding=\"0\">\n<tbody>\n<tr style=\"height: 13.50pt;\">\n<td style=\"height: 13.50pt; width: 54.00pt;\" width=\"72\" height=\"18\">Capacitate<\/td>\n<td style=\"width: 54.00pt;\" width=\"72\">Form\u0103<\/td>\n<td style=\"width: 54.00pt;\" width=\"72\">Metode de etan\u0219are<\/td>\n<td style=\"width: 54.00pt;\" width=\"72\">Material<\/td>\n<td style=\"width: 54.00pt;\" width=\"72\">Utilizare<\/td>\n<\/tr>\n<tr style=\"height: 13.50pt;\">\n<td style=\"height: 13.50pt;\" height=\"18\">50g<\/td>\n<td class=\"et2\" rowspan=\"4\">Cilindric<\/td>\n<td class=\"et2\" rowspan=\"4\">Capul pompei\/capacul cu filet<\/td>\n<td class=\"et2\" rowspan=\"4\">Sticl\u0103 de cristal<\/td>\n<td class=\"et2\" rowspan=\"4\">Lo\u021biune de fa\u021b\u0103, ulei cosmetic\u2026<\/td>\n<\/tr>\n<tr style=\"height: 13.50pt;\">\n<td style=\"height: 13.50pt;\" height=\"18\">40 ml<\/td>\n<\/tr>\n<tr style=\"height: 13.50pt;\">\n<td style=\"height: 13.50pt;\" height=\"18\">100 ml<\/td>\n<\/tr>\n<tr style=\"height: 13.50pt;\">\n<td style=\"height: 13.50pt;\" height=\"18\">120 ml<\/td>\n<\/tr>\n<\/tbody>\n<\/table>\n<h2><span class=\"highlights\" data-v-df95d256=\"\">Caz de succes: Renovarea ambalajului unui brand de produse de lux pentru \u00eengrijirea pielii <\/span><\/h2>\n<p><span class=\"highlights\" data-v-df95d256=\"\">O linie de produse cosmetice de lux pentru \u00eengrijirea pielii avea nevoie de sticle cu pomp\u0103 care s\u0103 se potriveasc\u0103 cu estetica lor de \u201elux curat\u201d. Am furnizat sticle de 100 ml de culoarea chihlimbarului, cu etichete negre mate \u0219i capete de pomp\u0103 aurii. Rezultatul? O cre\u0219tere de 250% a v\u00e2nz\u0103rilor en-gros de sticle pentru \u00eengrijirea pielii \u0219i recenzii elogioase privind designul minimalist al ambalajelor cosmetice.<\/span><\/p>\n<p>&nbsp;<\/p>","protected":false},"excerpt":{"rendered":"<p>Sticle elegante cu pomp\u0103 pentru produse cosmetice, en-gros - ambalaje cosmetice personalizabile \u00een vrac.<\/p>","protected":false},"featured_media":4710,"comment_status":"open","ping_status":"closed","template":"","meta":{"_acf_changed":false,"site-sidebar-layout":"default","site-content-layout":"","ast-site-content-layout":"default","site-content-style":"default","site-sidebar-style":"default","ast-global-header-display":"","ast-banner-title-visibility":"","ast-main-header-display":"","ast-hfb-above-header-display":"","ast-hfb-below-header-display":"","ast-hfb-mobile-header-display":"","site-post-title":"","ast-breadcrumbs-content":"","ast-featured-img":"","footer-sml-layout":"","ast-disable-related-posts":"","theme-transparent-header-meta":"default","adv-header-id-meta":"","stick-header-meta":"","header-above-stick-meta":"","header-main-stick-meta":"","header-below-stick-meta":"","astra-migrate-meta-layouts":"set","ast-page-background-enabled":"default","ast-page-background-meta":{"desktop":{"background-color":"var(--ast-global-color-5)","background-image":"","background-repeat":"repeat","background-position":"center center","background-size":"auto","background-attachment":"scroll","background-type":"","background-media":"","overlay-type":"","overlay-color":"","overlay-opacity":"","overlay-gradient":""},"tablet":{"background-color":"","background-image":"","background-repeat":"repeat","background-position":"center center","background-size":"auto","background-attachment":"scroll","background-type":"","background-media":"","overlay-type":"","overlay-color":"","overlay-opacity":"","overlay-gradient":""},"mobile":{"background-color":"","background-image":"","background-repeat":"repeat","background-position":"center center","background-size":"auto","background-attachment":"scroll","background-type":"","background-media":"","overlay-type":"","overlay-color":"","overlay-opacity":"","overlay-gradient":""}},"ast-content-background-meta":{"desktop":{"background-color":"var(--ast-global-color-4)","background-image":"","background-repeat":"repeat","background-position":"center center","background-size":"auto","background-attachment":"scroll","background-type":"","background-media":"","overlay-type":"","overlay-color":"","overlay-opacity":"","overlay-gradient":""},"tablet":{"background-color":"var(--ast-global-color-4)","background-image":"","background-repeat":"repeat","background-position":"center center","background-size":"auto","background-attachment":"scroll","background-type":"","background-media":"","overlay-type":"","overlay-color":"","overlay-opacity":"","overlay-gradient":""},"mobile":{"background-color":"var(--ast-global-color-4)","background-image":"","background-repeat":"repeat","background-position":"center center","background-size":"auto","background-attachment":"scroll","background-type":"","background-media":"","overlay-type":"","overlay-color":"","overlay-opacity":"","overlay-gradient":""}}},"product_brand":[],"product_cat":[236,62,72],"product_tag":[148,149],"class_list":{"0":"post-4707","1":"product","2":"type-product","3":"status-publish","4":"has-post-thumbnail","6":"product_cat-cosmetic-container-set","7":"product_cat-cosmetic-containers","8":"product_cat-cosmetic-packaging","9":"product_tag-cosmetic-pump-bottles","10":"product_tag-wholesale-skincare-bottles","11":"desktop-align-left","12":"tablet-align-left","13":"mobile-align-left","15":"first","16":"instock","17":"shipping-taxable","18":"product-type-simple"},"acf":[],"jetpack_sharing_enabled":true,"_links":{"self":[{"href":"https:\/\/theperfumebottles.com\/ro\/wp-json\/wp\/v2\/product\/4707","targetHints":{"allow":["GET"]}}],"collection":[{"href":"https:\/\/theperfumebottles.com\/ro\/wp-json\/wp\/v2\/product"}],"about":[{"href":"https:\/\/theperfumebottles.com\/ro\/wp-json\/wp\/v2\/types\/product"}],"replies":[{"embeddable":true,"href":"https:\/\/theperfumebottles.com\/ro\/wp-json\/wp\/v2\/comments?post=4707"}],"wp:featuredmedia":[{"embeddable":true,"href":"https:\/\/theperfumebottles.com\/ro\/wp-json\/wp\/v2\/media\/4710"}],"wp:attachment":[{"href":"https:\/\/theperfumebottles.com\/ro\/wp-json\/wp\/v2\/media?parent=4707"}],"wp:term":[{"taxonomy":"product_brand","embeddable":true,"href":"https:\/\/theperfumebottles.com\/ro\/wp-json\/wp\/v2\/product_brand?post=4707"},{"taxonomy":"product_cat","embeddable":true,"href":"https:\/\/theperfumebottles.com\/ro\/wp-json\/wp\/v2\/product_cat?post=4707"},{"taxonomy":"product_tag","embeddable":true,"href":"https:\/\/theperfumebottles.com\/ro\/wp-json\/wp\/v2\/product_tag?post=4707"}],"curies":[{"name":"wp","href":"https:\/\/api.w.org\/{rel}","templated":true}]}}