{"id":4712,"date":"2025-07-21T18:02:54","date_gmt":"2025-07-21T10:02:54","guid":{"rendered":"https:\/\/theperfumebottles.com\/?post_type=product&#038;p=4712"},"modified":"2026-04-02T17:20:50","modified_gmt":"2026-04-02T09:20:50","slug":"skincare-set-50g-40ml-120ml-glass-airless-pump-bottles-small-lotion-jars-wholesale","status":"publish","type":"product","link":"https:\/\/theperfumebottles.com\/ro\/produs\/skincare-set-50g-40ml-120ml-glass-airless-pump-bottles-small-lotion-jars-wholesale\/","title":{"rendered":"Set de \u00eengrijire a pielii 50g 40ml 120ml Sticle de sticl\u0103 cu pomp\u0103 f\u0103r\u0103 aer \u2013 Borcane mici pentru lo\u021biune en-gros"},"content":{"rendered":"<p><span class=\"highlights\" data-v-df95d256=\"\">Ave\u021bi nevoie de sticle cu pomp\u0103 airless din sticl\u0103 care \u00eembin\u0103 elegan\u021ba cu eficien\u021ba? Borcanele noastre mici pentru lo\u021biuni sunt concepute pentru a v\u0103 inspira ambalajele cosmetice. \u00cen calitate de exper\u021bi \u00een ambalaje pentru produse cosmetice, cre\u0103m recipiente din sticl\u0103 cu capace cu filet \u0219i capete de pomp\u0103 pentru m\u0103rcile de \u00eengrijire a pielii care au nevoie de ambalaje cosmetice str\u0103lucitoare. Perfecte pentru uleiuri de fa\u021b\u0103, seruri sau creme hidratante - \u0219i da, sunt gata de livrare \u00een vrac.<\/span><\/p>\n<h2><strong>Specifica\u021bii cheie<\/strong><\/h2>\n<table style=\"border-collapse: collapse; width: 1003px; height: 283px; margin-left: 160px;\" border=\"0\" width=\"432\" cellspacing=\"0\" cellpadding=\"0\">\n<tbody>\n<tr style=\"height: 13.50pt;\">\n<td style=\"height: 13.50pt; width: 54.00pt;\" width=\"72\" height=\"18\">Capacitate<\/td>\n<td style=\"width: 54.00pt;\" width=\"72\">Form\u0103<\/td>\n<td style=\"width: 54.00pt;\" width=\"72\">Sigilare<\/td>\n<td style=\"width: 54.00pt;\" width=\"72\">Material<\/td>\n<td style=\"width: 54.00pt;\" width=\"72\">Op\u021biuni de culoare<\/td>\n<td style=\"width: 54.00pt;\" width=\"72\">Utilizare pentru<\/td>\n<\/tr>\n<tr style=\"height: 13.50pt;\">\n<td style=\"height: 13.50pt;\" height=\"18\">50g<\/td>\n<td>Cilindric<\/td>\n<td>Cap de pomp\u0103 + capac filetat<\/td>\n<td>Sticl\u0103<\/td>\n<td>Negru mat, transparent, chihlimbar<\/td>\n<td>Ulei de fa\u021b\u0103, ser<\/td>\n<\/tr>\n<tr style=\"height: 13.50pt;\">\n<td style=\"height: 13.50pt;\" height=\"18\">40 ml<\/td>\n<td>Cilindric<\/td>\n<td>Cap de pomp\u0103 + capac filetat<\/td>\n<td>Sticl\u0103<\/td>\n<td>Negru mat, transparent, chihlimbar<\/td>\n<td>Crem\u0103 hidratant\u0103 de c\u0103l\u0103torie<\/td>\n<\/tr>\n<tr style=\"height: 13.50pt;\">\n<td style=\"height: 13.50pt;\" height=\"18\">120 ml<\/td>\n<td>Cilindric<\/td>\n<td>Cap de pomp\u0103 + capac filetat<\/td>\n<td>Sticl\u0103<\/td>\n<td>Negru mat, transparent, chihlimbar<\/td>\n<td>Ulei de fa\u021b\u0103 de dimensiuni normale<\/td>\n<\/tr>\n<\/tbody>\n<\/table>\n<h2><span class=\"highlights\" data-v-df95d256=\"\">Caz de succes: Renovarea ambalajului unui brand de produse de lux pentru \u00eengrijirea pielii <\/span><\/h2>\n<p><span class=\"highlights\" data-v-df95d256=\"\">O linie de produse cosmetice de lux avea nevoie de sticle cu pomp\u0103 airless din sticl\u0103 care s\u0103 se potriveasc\u0103 cu estetica lor de \u201elux curat\u201d. Am furnizat sticle de 120 ml de culoarea chihlimbarului, cu etichete negre mate \u0219i capete de pomp\u0103 aurii. Rezultatul? O cre\u0219tere cu 250% a v\u00e2nz\u0103rilor de borcane mici de lo\u021biune \u0219i recenzii elogioase privind designul minimalist al ambalajelor cosmetice.<\/span><\/p>\n<h2><span class=\"highlights\" data-v-df95d256=\"\">Sfaturi de personalizare pentru brandul t\u0103u <\/span><\/h2>\n<ul>\n<li><span class=\"highlights\" data-v-df95d256=\"\"><strong>Psihologia culorilor:<\/strong> Folose\u0219te negru mat pentru seruri premium sau chihlimbar pentru uleiuri anti-\u00eemb\u0103tr\u00e2nire. <\/span><\/li>\n<li><span class=\"highlights\" data-v-df95d256=\"\"><strong>Designul etichetei:<\/strong> Opteaz\u0103 pentru fonturi minimaliste sau finisaje elegante cu folie aurie. <\/span><\/li>\n<li><span class=\"highlights\" data-v-df95d256=\"\"><strong>Op\u021biuni de finisare:<\/strong> Ad\u0103uga\u021bi texturi mate sau logo-uri gravate pentru o not\u0103 premium.<\/span><\/li>\n<\/ul>","protected":false},"excerpt":{"rendered":"<p>Sticle premium cu pomp\u0103 airless din sticl\u0103 \u0219i borcane mici pentru lo\u021biuni pentru ambalarea produselor cosmetice. Personaliza\u021bi culorile, etichetele \u0219i comenzile \u00een vrac.<\/p>","protected":false},"featured_media":4714,"comment_status":"open","ping_status":"closed","template":"","meta":{"_acf_changed":false,"site-sidebar-layout":"default","site-content-layout":"","ast-site-content-layout":"default","site-content-style":"default","site-sidebar-style":"default","ast-global-header-display":"","ast-banner-title-visibility":"","ast-main-header-display":"","ast-hfb-above-header-display":"","ast-hfb-below-header-display":"","ast-hfb-mobile-header-display":"","site-post-title":"","ast-breadcrumbs-content":"","ast-featured-img":"","footer-sml-layout":"","ast-disable-related-posts":"","theme-transparent-header-meta":"default","adv-header-id-meta":"","stick-header-meta":"","header-above-stick-meta":"","header-main-stick-meta":"","header-below-stick-meta":"","astra-migrate-meta-layouts":"set","ast-page-background-enabled":"default","ast-page-background-meta":{"desktop":{"background-color":"var(--ast-global-color-5)","background-image":"","background-repeat":"repeat","background-position":"center center","background-size":"auto","background-attachment":"scroll","background-type":"","background-media":"","overlay-type":"","overlay-color":"","overlay-opacity":"","overlay-gradient":""},"tablet":{"background-color":"","background-image":"","background-repeat":"repeat","background-position":"center center","background-size":"auto","background-attachment":"scroll","background-type":"","background-media":"","overlay-type":"","overlay-color":"","overlay-opacity":"","overlay-gradient":""},"mobile":{"background-color":"","background-image":"","background-repeat":"repeat","background-position":"center center","background-size":"auto","background-attachment":"scroll","background-type":"","background-media":"","overlay-type":"","overlay-color":"","overlay-opacity":"","overlay-gradient":""}},"ast-content-background-meta":{"desktop":{"background-color":"var(--ast-global-color-4)","background-image":"","background-repeat":"repeat","background-position":"center center","background-size":"auto","background-attachment":"scroll","background-type":"","background-media":"","overlay-type":"","overlay-color":"","overlay-opacity":"","overlay-gradient":""},"tablet":{"background-color":"var(--ast-global-color-4)","background-image":"","background-repeat":"repeat","background-position":"center center","background-size":"auto","background-attachment":"scroll","background-type":"","background-media":"","overlay-type":"","overlay-color":"","overlay-opacity":"","overlay-gradient":""},"mobile":{"background-color":"var(--ast-global-color-4)","background-image":"","background-repeat":"repeat","background-position":"center center","background-size":"auto","background-attachment":"scroll","background-type":"","background-media":"","overlay-type":"","overlay-color":"","overlay-opacity":"","overlay-gradient":""}}},"product_brand":[],"product_cat":[71,62,72],"product_tag":[150,151],"class_list":{"0":"post-4712","1":"product","2":"type-product","3":"status-publish","4":"has-post-thumbnail","6":"product_cat-glass-lotion-bottles","7":"product_cat-cosmetic-containers","8":"product_cat-cosmetic-packaging","9":"product_tag-glass-airless-pump-bottles","10":"product_tag-small-lotion-jars","11":"desktop-align-left","12":"tablet-align-left","13":"mobile-align-left","15":"first","16":"instock","17":"shipping-taxable","18":"product-type-simple"},"acf":[],"jetpack_sharing_enabled":true,"_links":{"self":[{"href":"https:\/\/theperfumebottles.com\/ro\/wp-json\/wp\/v2\/product\/4712","targetHints":{"allow":["GET"]}}],"collection":[{"href":"https:\/\/theperfumebottles.com\/ro\/wp-json\/wp\/v2\/product"}],"about":[{"href":"https:\/\/theperfumebottles.com\/ro\/wp-json\/wp\/v2\/types\/product"}],"replies":[{"embeddable":true,"href":"https:\/\/theperfumebottles.com\/ro\/wp-json\/wp\/v2\/comments?post=4712"}],"wp:featuredmedia":[{"embeddable":true,"href":"https:\/\/theperfumebottles.com\/ro\/wp-json\/wp\/v2\/media\/4714"}],"wp:attachment":[{"href":"https:\/\/theperfumebottles.com\/ro\/wp-json\/wp\/v2\/media?parent=4712"}],"wp:term":[{"taxonomy":"product_brand","embeddable":true,"href":"https:\/\/theperfumebottles.com\/ro\/wp-json\/wp\/v2\/product_brand?post=4712"},{"taxonomy":"product_cat","embeddable":true,"href":"https:\/\/theperfumebottles.com\/ro\/wp-json\/wp\/v2\/product_cat?post=4712"},{"taxonomy":"product_tag","embeddable":true,"href":"https:\/\/theperfumebottles.com\/ro\/wp-json\/wp\/v2\/product_tag?post=4712"}],"curies":[{"name":"wp","href":"https:\/\/api.w.org\/{rel}","templated":true}]}}