{"id":4717,"date":"2025-07-21T18:02:38","date_gmt":"2025-07-21T10:02:38","guid":{"rendered":"https:\/\/theperfumebottles.com\/?post_type=product&#038;p=4717"},"modified":"2026-04-02T17:12:44","modified_gmt":"2026-04-02T09:12:44","slug":"skincare-set-30ml-50ml-100ml-120ml-wholesale-cosmetic-jars-with-lids-lotion-bottles","status":"publish","type":"product","link":"https:\/\/theperfumebottles.com\/ro\/produs\/skincare-set-30ml-50ml-100ml-120ml-wholesale-cosmetic-jars-with-lids-lotion-bottles\/","title":{"rendered":"Set de \u00eengrijire a pielii 30ml 50ml 100ml 120ml Borcane cosmetice en-gros cu capace \u0219i sticle de lo\u021biune"},"content":{"rendered":"<p><span class=\"highlights\" data-v-df95d256=\"\">Cau\u021bi sticle de lo\u021biune din sticl\u0103 en-gros care s\u0103 atrag\u0103 aten\u021bia asupra luxului? Aceste borcane cosmetice en-gros cu capace \u00eembin\u0103 sticla neagr\u0103 \u0219i finisajele aurii \u00eentr-un design elegant \u0219i modern. Perfecte pentru m\u0103rcile de \u00eengrijire a pielii care au nevoie de ambalaje cosmetice la fel de func\u021bionale pe c\u00e2t sunt de atr\u0103g\u0103toare. De la creme de fa\u021b\u0103 la seruri, ambalajele tale pentru produse cosmetice vor ie\u0219i \u00een eviden\u021b\u0103 cu op\u021biuni de pomp\u0103 fin\u0103, gata de pulverizare, \u0219i comenzi vrac gata de expediere.<\/span><\/p>\n<h2><span class=\"highlights\" data-v-df95d256=\"\">Specifica\u021bii cheie<\/span><\/h2>\n<table style=\"border-collapse: collapse; width: 80%; margin-left: auto; margin-right: auto;\" border=\"0\" width=\"432\" cellspacing=\"0\" cellpadding=\"0\">\n<tbody>\n<tr style=\"height: 13.50pt;\">\n<td style=\"height: 13.50pt; width: 54.00pt;\" width=\"72\" height=\"18\">Capacitate<\/td>\n<td style=\"width: 54.00pt;\" width=\"72\">Form\u0103<\/td>\n<td style=\"width: 54.00pt;\" width=\"72\">Metode de etan\u0219are<\/td>\n<td style=\"width: 54.00pt;\" width=\"72\">Material<\/td>\n<td style=\"width: 54.00pt;\" width=\"72\">Op\u021biuni de culoare<\/td>\n<td style=\"width: 54.00pt;\" width=\"72\">Utilizare<\/td>\n<\/tr>\n<tr style=\"height: 13.50pt;\">\n<td style=\"height: 13.50pt;\" height=\"18\">30 ml<\/td>\n<td class=\"et2\" rowspan=\"4\">Cu laturi drepte<\/td>\n<td class=\"et2\" rowspan=\"4\">Cap de pomp\u0103 + capac cu filet auriu<\/td>\n<td class=\"et2\" rowspan=\"4\">Sticl\u0103<\/td>\n<td class=\"et2\" rowspan=\"4\">Negru mat<\/td>\n<td class=\"et2\" rowspan=\"4\">Lo\u021biune de fa\u021b\u0103, ulei cosmetic<\/td>\n<\/tr>\n<tr style=\"height: 13.50pt;\">\n<td style=\"height: 13.50pt;\" height=\"18\">50 ml<\/td>\n<\/tr>\n<tr style=\"height: 13.50pt;\">\n<td style=\"height: 13.50pt;\" height=\"18\">100 ml<\/td>\n<\/tr>\n<tr style=\"height: 13.50pt;\">\n<td style=\"height: 13.50pt;\" height=\"18\">120 ml<\/td>\n<\/tr>\n<\/tbody>\n<\/table>\n<h2><span class=\"highlights\" data-v-df95d256=\"\">Caz de succes: Transformarea ambalajului unui brand de produse cosmetice curate <\/span><\/h2>\n<p><span class=\"highlights\" data-v-df95d256=\"\">Un startup de produse cosmetice curate avea nevoie de sticle de lo\u021biune din sticl\u0103 en-gros care s\u0103 se potriveasc\u0103 cu atmosfera lor de \u201elux minimalist\u201d. Am livrat borcane de clepsidr\u0103 de 100 ml cu capace aurii \u0219i etichete albe personalizate. Rezultatul? O cre\u0219tere de 300% a v\u00e2nz\u0103rilor en-gros de borcane cosmetice cu capace, care au fost prezentate pe un blog de top despre ambalaje pentru produse cosmetice.<\/span><\/p>\n<h2><span class=\"highlights\" data-v-df95d256=\"\">Sfaturi de personalizare pentru marca dvs. <\/span><\/h2>\n<ul>\n<li><span class=\"highlights\" data-v-df95d256=\"\"><strong>Designul logo-ului:<\/strong> Opteaz\u0103 pentru finisaje mate sau lucioase pentru a se potrivi cu caracterul logo-ului t\u0103u. <\/span><\/li>\n<li><span class=\"highlights\" data-v-df95d256=\"\"><strong>Varia\u021bii ale pompei:<\/strong> Alege\u021bi capete de pomp\u0103 pentru o aplicare pl\u0103cut\u0103 prin pulverizare sau capace cu filet pentru formule mai groase.<\/span><\/li>\n<\/ul>","protected":false},"excerpt":{"rendered":"<p>Descoper\u0103 borcane cosmetice en-gros cu capace \u0219i sticle de lo\u021biune din sticl\u0103 pentru linia ta de \u00eengrijire a pielii. Etichete personalizate, livrare rapid\u0103 \u0219i design ecologic.<\/p>","protected":false},"featured_media":4720,"comment_status":"open","ping_status":"closed","template":"","meta":{"_acf_changed":false,"site-sidebar-layout":"default","site-content-layout":"","ast-site-content-layout":"default","site-content-style":"default","site-sidebar-style":"default","ast-global-header-display":"","ast-banner-title-visibility":"","ast-main-header-display":"","ast-hfb-above-header-display":"","ast-hfb-below-header-display":"","ast-hfb-mobile-header-display":"","site-post-title":"","ast-breadcrumbs-content":"","ast-featured-img":"","footer-sml-layout":"","ast-disable-related-posts":"","theme-transparent-header-meta":"default","adv-header-id-meta":"","stick-header-meta":"","header-above-stick-meta":"","header-main-stick-meta":"","header-below-stick-meta":"","astra-migrate-meta-layouts":"set","ast-page-background-enabled":"default","ast-page-background-meta":{"desktop":{"background-color":"var(--ast-global-color-5)","background-image":"","background-repeat":"repeat","background-position":"center center","background-size":"auto","background-attachment":"scroll","background-type":"","background-media":"","overlay-type":"","overlay-color":"","overlay-opacity":"","overlay-gradient":""},"tablet":{"background-color":"","background-image":"","background-repeat":"repeat","background-position":"center center","background-size":"auto","background-attachment":"scroll","background-type":"","background-media":"","overlay-type":"","overlay-color":"","overlay-opacity":"","overlay-gradient":""},"mobile":{"background-color":"","background-image":"","background-repeat":"repeat","background-position":"center center","background-size":"auto","background-attachment":"scroll","background-type":"","background-media":"","overlay-type":"","overlay-color":"","overlay-opacity":"","overlay-gradient":""}},"ast-content-background-meta":{"desktop":{"background-color":"var(--ast-global-color-4)","background-image":"","background-repeat":"repeat","background-position":"center center","background-size":"auto","background-attachment":"scroll","background-type":"","background-media":"","overlay-type":"","overlay-color":"","overlay-opacity":"","overlay-gradient":""},"tablet":{"background-color":"var(--ast-global-color-4)","background-image":"","background-repeat":"repeat","background-position":"center center","background-size":"auto","background-attachment":"scroll","background-type":"","background-media":"","overlay-type":"","overlay-color":"","overlay-opacity":"","overlay-gradient":""},"mobile":{"background-color":"var(--ast-global-color-4)","background-image":"","background-repeat":"repeat","background-position":"center center","background-size":"auto","background-attachment":"scroll","background-type":"","background-media":"","overlay-type":"","overlay-color":"","overlay-opacity":"","overlay-gradient":""}}},"product_brand":[],"product_cat":[236,62,72],"product_tag":[152,136],"class_list":{"0":"post-4717","1":"product","2":"type-product","3":"status-publish","4":"has-post-thumbnail","6":"product_cat-cosmetic-container-set","7":"product_cat-cosmetic-containers","8":"product_cat-cosmetic-packaging","9":"product_tag-glass-lotion-bottles-wholesale","10":"product_tag-wholesale-cosmetic-jars-with-lids","11":"desktop-align-left","12":"tablet-align-left","13":"mobile-align-left","15":"first","16":"instock","17":"shipping-taxable","18":"product-type-simple"},"acf":[],"jetpack_sharing_enabled":true,"_links":{"self":[{"href":"https:\/\/theperfumebottles.com\/ro\/wp-json\/wp\/v2\/product\/4717","targetHints":{"allow":["GET"]}}],"collection":[{"href":"https:\/\/theperfumebottles.com\/ro\/wp-json\/wp\/v2\/product"}],"about":[{"href":"https:\/\/theperfumebottles.com\/ro\/wp-json\/wp\/v2\/types\/product"}],"replies":[{"embeddable":true,"href":"https:\/\/theperfumebottles.com\/ro\/wp-json\/wp\/v2\/comments?post=4717"}],"wp:featuredmedia":[{"embeddable":true,"href":"https:\/\/theperfumebottles.com\/ro\/wp-json\/wp\/v2\/media\/4720"}],"wp:attachment":[{"href":"https:\/\/theperfumebottles.com\/ro\/wp-json\/wp\/v2\/media?parent=4717"}],"wp:term":[{"taxonomy":"product_brand","embeddable":true,"href":"https:\/\/theperfumebottles.com\/ro\/wp-json\/wp\/v2\/product_brand?post=4717"},{"taxonomy":"product_cat","embeddable":true,"href":"https:\/\/theperfumebottles.com\/ro\/wp-json\/wp\/v2\/product_cat?post=4717"},{"taxonomy":"product_tag","embeddable":true,"href":"https:\/\/theperfumebottles.com\/ro\/wp-json\/wp\/v2\/product_tag?post=4717"}],"curies":[{"name":"wp","href":"https:\/\/api.w.org\/{rel}","templated":true}]}}