{"id":4727,"date":"2025-07-21T18:01:50","date_gmt":"2025-07-21T10:01:50","guid":{"rendered":"https:\/\/theperfumebottles.com\/?post_type=product&#038;p=4727"},"modified":"2026-03-26T17:11:04","modified_gmt":"2026-03-26T09:11:04","slug":"bulk-cosmetic-containers-for-skincare-packaging","status":"publish","type":"product","link":"https:\/\/theperfumebottles.com\/ro\/produs\/bulk-cosmetic-containers-for-skincare-packaging\/","title":{"rendered":"Recipiente cosmetice vrac pentru ambalarea produselor de \u00eengrijire a pielii 20g"},"content":{"rendered":"<p>Acest recipient cosmetic sofisticat \u0219i distinctiv are un design sferic, cu un fund luxos din sticl\u0103 cristalin\u0103 \u0219i un capac auriu mat, bogat texturat, \u00eencoronat cu un buton sferic fin.<\/p>\n<h2><span class=\"highlights\" data-v-df95d256=\"\">Specifica\u021bii cheie<\/span><\/h2>\n<table style=\"border-collapse: collapse; width: 80%; height: 24px; margin-left: auto; margin-right: auto;\" border=\"0\" width=\"432\" cellspacing=\"0\" cellpadding=\"0\">\n<tbody>\n<tr style=\"height: 13.50pt;\">\n<td style=\"height: 13.50pt; width: 54.00pt;\" width=\"72\" height=\"18\">Capacitate<\/td>\n<td style=\"width: 54.00pt;\" width=\"72\">Form\u0103<\/td>\n<td style=\"width: 54.00pt;\" width=\"72\">Sigilare<\/td>\n<td style=\"width: 54.00pt;\" width=\"72\">Material<\/td>\n<td style=\"width: 54.00pt;\" width=\"72\">Op\u021biuni de culoare<\/td>\n<td style=\"width: 54.00pt;\" width=\"72\">Utilizare pentru<\/td>\n<\/tr>\n<tr style=\"height: 13.50pt;\">\n<td style=\"height: 13.50pt;\" height=\"18\">20g<\/td>\n<td>Rund\u0103<\/td>\n<td>Capac cu filet + metal\/plastic<\/td>\n<td>Sticl\u0103<\/td>\n<td>Culori clare, personalizate<\/td>\n<td>Crem\u0103 de ochi, ser facial<\/td>\n<\/tr>\n<\/tbody>\n<\/table>\n<h2><span class=\"highlights\" data-v-df95d256=\"\">Caz de succes<\/span><\/h2>\n<p>O companie de produse de lux pentru \u00eengrijirea pielii, cu sediul central \u00een Orientul Mijlociu, a adoptat ambalajul nostru cosmetic exclusiv, unic, de 50 ml, cu un capac metalic personalizat, auriu-roz mat, \u0219i un model sculptat ornamental pe buton. Marketingul lor s-a concentrat pe aceast\u0103 sticl\u0103, iar compania a \u00eenregistrat o interac\u021biune de 300% pe re\u021belele sociale \u0219i o rat\u0103 de v\u00e2nz\u0103ri de 95% \u00een magazinele universale de lux. Acest succes masiv al m\u0103rcii a determinat o alt\u0103 comand\u0103 de 250.000 de sticle ca ambalaj exclusiv pentru urm\u0103toarea lor colec\u021bie de trei ani - Icon.<\/p>\n<h2><span class=\"highlights\" data-v-df95d256=\"\">Sfaturi de personalizare pentru recipientele cosmetice \u00een vrac<\/span><\/h2>\n<ul>\n<li><span class=\"highlights\" data-v-df95d256=\"\"><strong>Designul logo-ului:<\/strong> Folose\u0219te fonturi minimaliste pentru o estetic\u0103 curat\u0103 sau fotografii vibrante pentru un branding ambi\u021bios. <\/span><\/li>\n<li><span class=\"highlights\" data-v-df95d256=\"\"><strong>Op\u021biuni de finisare:<\/strong> Ad\u0103uga\u021bi m\u0103rci comerciale gravate sau sticl\u0103 colorat\u0103 pentru a \u00eembun\u0103t\u0103\u021bi aspectul cutiei.<\/span><\/li>\n<\/ul>","protected":false},"excerpt":{"rendered":"<p>Recipiente cosmetice sferice de lux, cu capac auriu. Ambalaje cosmetice unice pentru m\u0103rci premium. Op\u021biuni personalizate disponibile pentru branding.<\/p>","protected":false},"featured_media":4728,"comment_status":"open","ping_status":"closed","template":"","meta":{"_acf_changed":false,"site-sidebar-layout":"default","site-content-layout":"","ast-site-content-layout":"default","site-content-style":"default","site-sidebar-style":"default","ast-global-header-display":"","ast-banner-title-visibility":"","ast-main-header-display":"","ast-hfb-above-header-display":"","ast-hfb-below-header-display":"","ast-hfb-mobile-header-display":"","site-post-title":"","ast-breadcrumbs-content":"","ast-featured-img":"","footer-sml-layout":"","ast-disable-related-posts":"","theme-transparent-header-meta":"default","adv-header-id-meta":"","stick-header-meta":"","header-above-stick-meta":"","header-main-stick-meta":"","header-below-stick-meta":"","astra-migrate-meta-layouts":"set","ast-page-background-enabled":"default","ast-page-background-meta":{"desktop":{"background-color":"var(--ast-global-color-5)","background-image":"","background-repeat":"repeat","background-position":"center center","background-size":"auto","background-attachment":"scroll","background-type":"","background-media":"","overlay-type":"","overlay-color":"","overlay-opacity":"","overlay-gradient":""},"tablet":{"background-color":"","background-image":"","background-repeat":"repeat","background-position":"center center","background-size":"auto","background-attachment":"scroll","background-type":"","background-media":"","overlay-type":"","overlay-color":"","overlay-opacity":"","overlay-gradient":""},"mobile":{"background-color":"","background-image":"","background-repeat":"repeat","background-position":"center center","background-size":"auto","background-attachment":"scroll","background-type":"","background-media":"","overlay-type":"","overlay-color":"","overlay-opacity":"","overlay-gradient":""}},"ast-content-background-meta":{"desktop":{"background-color":"var(--ast-global-color-4)","background-image":"","background-repeat":"repeat","background-position":"center center","background-size":"auto","background-attachment":"scroll","background-type":"","background-media":"","overlay-type":"","overlay-color":"","overlay-opacity":"","overlay-gradient":""},"tablet":{"background-color":"var(--ast-global-color-4)","background-image":"","background-repeat":"repeat","background-position":"center center","background-size":"auto","background-attachment":"scroll","background-type":"","background-media":"","overlay-type":"","overlay-color":"","overlay-opacity":"","overlay-gradient":""},"mobile":{"background-color":"var(--ast-global-color-4)","background-image":"","background-repeat":"repeat","background-position":"center center","background-size":"auto","background-attachment":"scroll","background-type":"","background-media":"","overlay-type":"","overlay-color":"","overlay-opacity":"","overlay-gradient":""}}},"product_brand":[],"product_cat":[56,62,72],"product_tag":[155,156],"class_list":{"0":"post-4727","1":"product","2":"type-product","3":"status-publish","4":"has-post-thumbnail","6":"product_cat-cosmetic-jars","7":"product_cat-cosmetic-containers","8":"product_cat-cosmetic-packaging","9":"product_tag-bulk-cosmetic-containers","10":"product_tag-unique-cosmetic-packaging","11":"desktop-align-left","12":"tablet-align-left","13":"mobile-align-left","15":"first","16":"instock","17":"shipping-taxable","18":"product-type-simple"},"acf":[],"jetpack_sharing_enabled":true,"_links":{"self":[{"href":"https:\/\/theperfumebottles.com\/ro\/wp-json\/wp\/v2\/product\/4727","targetHints":{"allow":["GET"]}}],"collection":[{"href":"https:\/\/theperfumebottles.com\/ro\/wp-json\/wp\/v2\/product"}],"about":[{"href":"https:\/\/theperfumebottles.com\/ro\/wp-json\/wp\/v2\/types\/product"}],"replies":[{"embeddable":true,"href":"https:\/\/theperfumebottles.com\/ro\/wp-json\/wp\/v2\/comments?post=4727"}],"wp:featuredmedia":[{"embeddable":true,"href":"https:\/\/theperfumebottles.com\/ro\/wp-json\/wp\/v2\/media\/4728"}],"wp:attachment":[{"href":"https:\/\/theperfumebottles.com\/ro\/wp-json\/wp\/v2\/media?parent=4727"}],"wp:term":[{"taxonomy":"product_brand","embeddable":true,"href":"https:\/\/theperfumebottles.com\/ro\/wp-json\/wp\/v2\/product_brand?post=4727"},{"taxonomy":"product_cat","embeddable":true,"href":"https:\/\/theperfumebottles.com\/ro\/wp-json\/wp\/v2\/product_cat?post=4727"},{"taxonomy":"product_tag","embeddable":true,"href":"https:\/\/theperfumebottles.com\/ro\/wp-json\/wp\/v2\/product_tag?post=4727"}],"curies":[{"name":"wp","href":"https:\/\/api.w.org\/{rel}","templated":true}]}}