{"id":4762,"date":"2025-07-22T17:44:55","date_gmt":"2025-07-22T09:44:55","guid":{"rendered":"https:\/\/theperfumebottles.com\/?post_type=product&#038;p=4762"},"modified":"2026-04-01T15:02:00","modified_gmt":"2026-04-01T07:02:00","slug":"custom-cosmetic-jars-makeup-pump-bottles-wholesale","status":"publish","type":"product","link":"https:\/\/theperfumebottles.com\/ro\/produs\/custom-cosmetic-jars-makeup-pump-bottles-wholesale\/","title":{"rendered":"Borcane cosmetice personalizate 50g 30ml 40ml 100ml 120ml \u2013 Sticle cu pomp\u0103 de machiaj en-gros"},"content":{"rendered":"<p>C\u0103uta\u021bi borcane personalizate pentru cosmetice care \u00eembin\u0103 elegan\u021ba cu caracterul practic? Aceast\u0103 colec\u021bie de recipiente din sticl\u0103 Splendor prezint\u0103 corpuri din sticl\u0103 alb\u0103 mat\u0103 sau curat\u0103, completate de capace elegante placate cu argint. Creat\u0103 pentru produc\u0103torii de produse de \u00eengrijire a pielii, aceasta include borcane pentru crem\u0103 de fa\u021b\u0103, sticlu\u021be pentru ser \u0219i sticlu\u021be cu pomp\u0103 pentru machiaj - ideale pentru ambalaje de produse cosmetice remarcabile \u0219i de mare impact.<\/p>\n<h2><span class=\"highlights\" data-v-df95d256=\"\">Specifica\u021bii cheie<\/span><\/h2>\n<table style=\"margin-left: auto; margin-right: auto; border-collapse: collapse; width: 80%; height: 290px;\" border=\"0\" width=\"360\" cellspacing=\"0\" cellpadding=\"0\">\n<tbody>\n<tr style=\"height: 13.50pt;\">\n<td style=\"height: 13.50pt; width: 54.00pt;\" width=\"72\" height=\"18\">Capacitate<\/td>\n<td style=\"width: 54.00pt;\" width=\"72\">Sigilare<\/td>\n<td style=\"width: 54.00pt;\" width=\"72\">Material<\/td>\n<td style=\"width: 54.00pt;\" width=\"72\">Op\u021biuni de culoare<\/td>\n<td style=\"width: 54.00pt;\" width=\"72\">Utilizare<\/td>\n<\/tr>\n<tr style=\"height: 13.50pt;\">\n<td style=\"height: 13.50pt;\" height=\"18\">30 ml<\/td>\n<td class=\"et2\" rowspan=\"4\">Capul pompei sau capacul cu filet<\/td>\n<td class=\"et2\" rowspan=\"5\">Sticl\u0103 sodo-calcoas\u0103<\/td>\n<td class=\"et2\" rowspan=\"5\">Alb, transparent, negru, chihlimbar, dup\u0103 cum solicita\u021bi<\/td>\n<td class=\"et2\" rowspan=\"5\">Lo\u021biune de fa\u021b\u0103, ulei cosmetic\u2026<\/td>\n<\/tr>\n<tr style=\"height: 13.50pt;\">\n<td style=\"height: 13.50pt;\" height=\"18\">40 ml<\/td>\n<\/tr>\n<tr style=\"height: 13.50pt;\">\n<td style=\"height: 13.50pt;\" height=\"18\">100 ml<\/td>\n<\/tr>\n<tr style=\"height: 13.50pt;\">\n<td style=\"height: 13.50pt;\" height=\"18\">120 ml<\/td>\n<\/tr>\n<tr style=\"height: 13.50pt;\">\n<td style=\"height: 13.50pt;\" height=\"18\">50g<\/td>\n<td>Capac cu filet + capac din plastic\/metal<\/td>\n<\/tr>\n<\/tbody>\n<\/table>\n<h2><span class=\"highlights\" data-v-df95d256=\"\">Caz de succes: Renovarea ambalajului unui brand de produse de \u00eengrijire a pielii de lux <\/span><\/h2>\n<p><span class=\"highlights\" data-v-df95d256=\"\">O linie de produse cosmetice de lux avea nevoie de borcane personalizate pentru cosmetice, care s\u0103 se potriveasc\u0103 cu tema lor de \u201eelegan\u021b\u0103 pur\u0103\u201d. Am furnizat borcane de 100 ml, alb mat, cu capace cu filet placate cu argint \u0219i etichete personalizate aurii. Rezultatul? O cre\u0219tere cu 300% a v\u00e2nz\u0103rilor de flacoane cu pomp\u0103 pentru machiaj \u0219i un articol \u00eentr-o revist\u0103 de top de ambalaje pentru produse cosmetice.<\/span><\/p>\n<h2><span class=\"highlights\" data-v-df95d256=\"\">Sfaturi de personalizare pentru marca dvs. <\/span><\/h2>\n<ul>\n<li><span class=\"highlights\" data-v-df95d256=\"\"><strong>Op\u021biuni de culoare:<\/strong> \u00cencepe\u021bi cu alb mat pentru simplitate sau trece\u021bi la sticl\u0103 chihlimbar pentru un aspect de ser cu aerosoli fini. <\/span><\/li>\n<li><span class=\"highlights\" data-v-df95d256=\"\"><strong>Designul logo-ului:<\/strong> Folose\u0219te fonturi minimaliste pentru o senza\u021bie premium sau grafic\u0103 vibrant\u0103 pentru un branding \u00eendr\u0103zne\u021b. <\/span><\/li>\n<li><span aria-hidden=\"true\"><strong>Func\u021bii de personalizare:<\/strong> Pute\u021bi personaliza recipientele prin metode precum logo-uri gravate cu laser sau sticl\u0103 colorat\u0103.<\/span><\/li>\n<\/ul>","protected":false},"excerpt":{"rendered":"<p>Borcane cosmetice personalizate premium \u0219i sticle cu pomp\u0103 pentru machiaj, pentru ambalarea produselor de \u00eengrijire a pielii. Ecologice, gata de livrare \u00een vrac, cu etichete personalizate. Descoperi\u021bi pe pagina noastr\u0103 principal\u0103!<\/p>","protected":false},"featured_media":4763,"comment_status":"open","ping_status":"closed","template":"","meta":{"_acf_changed":false,"site-sidebar-layout":"default","site-content-layout":"","ast-site-content-layout":"default","site-content-style":"default","site-sidebar-style":"default","ast-global-header-display":"","ast-banner-title-visibility":"","ast-main-header-display":"","ast-hfb-above-header-display":"","ast-hfb-below-header-display":"","ast-hfb-mobile-header-display":"","site-post-title":"","ast-breadcrumbs-content":"","ast-featured-img":"","footer-sml-layout":"","ast-disable-related-posts":"","theme-transparent-header-meta":"default","adv-header-id-meta":"","stick-header-meta":"","header-above-stick-meta":"","header-main-stick-meta":"","header-below-stick-meta":"","astra-migrate-meta-layouts":"set","ast-page-background-enabled":"default","ast-page-background-meta":{"desktop":{"background-color":"var(--ast-global-color-5)","background-image":"","background-repeat":"repeat","background-position":"center center","background-size":"auto","background-attachment":"scroll","background-type":"","background-media":"","overlay-type":"","overlay-color":"","overlay-opacity":"","overlay-gradient":""},"tablet":{"background-color":"","background-image":"","background-repeat":"repeat","background-position":"center center","background-size":"auto","background-attachment":"scroll","background-type":"","background-media":"","overlay-type":"","overlay-color":"","overlay-opacity":"","overlay-gradient":""},"mobile":{"background-color":"","background-image":"","background-repeat":"repeat","background-position":"center center","background-size":"auto","background-attachment":"scroll","background-type":"","background-media":"","overlay-type":"","overlay-color":"","overlay-opacity":"","overlay-gradient":""}},"ast-content-background-meta":{"desktop":{"background-color":"var(--ast-global-color-4)","background-image":"","background-repeat":"repeat","background-position":"center center","background-size":"auto","background-attachment":"scroll","background-type":"","background-media":"","overlay-type":"","overlay-color":"","overlay-opacity":"","overlay-gradient":""},"tablet":{"background-color":"var(--ast-global-color-4)","background-image":"","background-repeat":"repeat","background-position":"center center","background-size":"auto","background-attachment":"scroll","background-type":"","background-media":"","overlay-type":"","overlay-color":"","overlay-opacity":"","overlay-gradient":""},"mobile":{"background-color":"var(--ast-global-color-4)","background-image":"","background-repeat":"repeat","background-position":"center center","background-size":"auto","background-attachment":"scroll","background-type":"","background-media":"","overlay-type":"","overlay-color":"","overlay-opacity":"","overlay-gradient":""}}},"product_brand":[],"product_cat":[236,62,72],"product_tag":[159,160],"class_list":{"0":"post-4762","1":"product","2":"type-product","3":"status-publish","4":"has-post-thumbnail","6":"product_cat-cosmetic-container-set","7":"product_cat-cosmetic-containers","8":"product_cat-cosmetic-packaging","9":"product_tag-custom-cosmetic-jars","10":"product_tag-makeup-pump-bottle","11":"desktop-align-left","12":"tablet-align-left","13":"mobile-align-left","15":"first","16":"instock","17":"shipping-taxable","18":"product-type-simple"},"acf":[],"jetpack_sharing_enabled":true,"_links":{"self":[{"href":"https:\/\/theperfumebottles.com\/ro\/wp-json\/wp\/v2\/product\/4762","targetHints":{"allow":["GET"]}}],"collection":[{"href":"https:\/\/theperfumebottles.com\/ro\/wp-json\/wp\/v2\/product"}],"about":[{"href":"https:\/\/theperfumebottles.com\/ro\/wp-json\/wp\/v2\/types\/product"}],"replies":[{"embeddable":true,"href":"https:\/\/theperfumebottles.com\/ro\/wp-json\/wp\/v2\/comments?post=4762"}],"wp:featuredmedia":[{"embeddable":true,"href":"https:\/\/theperfumebottles.com\/ro\/wp-json\/wp\/v2\/media\/4763"}],"wp:attachment":[{"href":"https:\/\/theperfumebottles.com\/ro\/wp-json\/wp\/v2\/media?parent=4762"}],"wp:term":[{"taxonomy":"product_brand","embeddable":true,"href":"https:\/\/theperfumebottles.com\/ro\/wp-json\/wp\/v2\/product_brand?post=4762"},{"taxonomy":"product_cat","embeddable":true,"href":"https:\/\/theperfumebottles.com\/ro\/wp-json\/wp\/v2\/product_cat?post=4762"},{"taxonomy":"product_tag","embeddable":true,"href":"https:\/\/theperfumebottles.com\/ro\/wp-json\/wp\/v2\/product_tag?post=4762"}],"curies":[{"name":"wp","href":"https:\/\/api.w.org\/{rel}","templated":true}]}}