{"id":4779,"date":"2025-07-22T17:54:09","date_gmt":"2025-07-22T09:54:09","guid":{"rendered":"https:\/\/theperfumebottles.com\/?post_type=product&#038;p=4779"},"modified":"2026-03-27T16:41:05","modified_gmt":"2026-03-27T08:41:05","slug":"amber-tincture-bottles-with-dropper-glass-bottles-supplier","status":"publish","type":"product","link":"https:\/\/theperfumebottles.com\/ro\/produs\/amber-tincture-bottles-with-dropper-glass-bottles-supplier\/","title":{"rendered":"Sticlu\u021be de tinctur\u0103 de chihlimbar cu pipet\u0103 | Sticlu\u021be de sticl\u0103 de 15 ml - 120 ml"},"content":{"rendered":"<p>Seria de sticle de tinctur\u0103 de chihlimbar are o form\u0103 rotund\u0103 clasic\u0103, cu un corp drept \u0219i umeri \u00eenclina\u021bi pentru a forma un contur neted \u00eentre corp \u0219i g\u00e2t, oferindu-i un aspect curat \u0219i profesional. Aceste sticle din sticl\u0103 chihlimbar sunt fabricate din sticl\u0103 chihlimbar de calitate superioar\u0103, care ofer\u0103 o bun\u0103 protec\u021bie UV produselor sensibile la lumin\u0103. G\u00e2tul filetat este standard \u0219i este compatibil cu diverse \u00eenchideri, cum ar fi pipetele din aluminiu, plastic sau bambus, capete de pulverizare \u0219i dozatoare cu pomp\u0103. Aceast\u0103 serie este disponibil\u0103 \u0219i \u00een capacit\u0103\u021bi de 15 ml, 30 ml, 60 ml, 100 ml \u0219i 120 ml, ceea ce ajut\u0103 la crearea de linii de produse flexibile \u0219i la branding.<\/p>\n<h2><span class=\"highlights\" data-v-df95d256=\"\">Specifica\u021bii cheie<\/span><\/h2>\n<table style=\"border-collapse: collapse; width: 879px; height: 272px; margin-left: 200px;\" border=\"0\" width=\"144\" cellspacing=\"0\" cellpadding=\"0\">\n<tbody>\n<tr style=\"height: 13.50pt;\">\n<td style=\"height: 13.50pt; width: 30%;\" width=\"72\" height=\"18\">Produs<\/td>\n<td style=\"width: 54.00pt;\" width=\"72\">Sticl\u0103 chihlimbar\u0103 cu pipet\u0103<\/td>\n<\/tr>\n<tr style=\"height: 13.50pt;\">\n<td style=\"height: 13.50pt;\" height=\"18\">Capacitate<\/td>\n<td>15ml, 30ml, 60ml, 100ml, 120ml<\/td>\n<\/tr>\n<tr style=\"height: 13.50pt;\">\n<td style=\"height: 13.50pt;\" height=\"18\">Form\u0103<\/td>\n<td>Design cu margini drepte pentru o estetic\u0103 modern\u0103<\/td>\n<\/tr>\n<tr style=\"height: 13.50pt;\">\n<td style=\"height: 13.50pt;\" height=\"18\">Op\u021biuni de accesorii<\/td>\n<td>Pomp\u0103 de lo\u021biune, pulverizator de aerosoli, pipet\u0103, capac cu filet<\/td>\n<\/tr>\n<tr style=\"height: 13.50pt;\">\n<td style=\"height: 13.50pt;\" height=\"18\">Material<\/td>\n<td>Sticl\u0103 sodo-calcoas\u0103<\/td>\n<\/tr>\n<tr style=\"height: 13.50pt;\">\n<td style=\"height: 13.50pt;\" height=\"18\">Culoare<\/td>\n<td>Chihlimbar (nuan\u021b\u0103 de protec\u021bie UV)<\/td>\n<\/tr>\n<tr style=\"height: 13.50pt;\">\n<td style=\"height: 13.50pt;\" height=\"18\">Utilizare principal\u0103<\/td>\n<td>Spray-uri de fa\u021b\u0103, tonere, uleiuri de corp \u0219i consumabile pentru ambalaje cosmetice<\/td>\n<\/tr>\n<\/tbody>\n<\/table>\n<h2>Aplica\u021bie<\/h2>\n<p>Astfel de sticle de tinctur\u0103 de culoarea chihlimbarului \u00ee\u0219i g\u0103sesc aplica\u021bii pe scar\u0103 larg\u0103 \u00een sectorul farmaceutic, cosmetic \u0219i de wellness. Sunt perfecte atunci c\u00e2nd vine vorba de ambalarea uleiurilor esen\u021biale, tincturilor, serurilor, extractelor din plante \u0219i lichidelor pentru \u00eengrijirea pielii. Pot fi utilizate \u00een aplica\u021bii de v\u00e2nzare cu am\u0103nuntul, etichetare intern\u0103 \u0219i aprovizionare \u00een vrac, cu mai multe metode de dozare: dozare de precizie, pulverizare sau pompare pentru a asigura protec\u021bia produsului, precum \u0219i accesul facil de c\u0103tre utilizatorul final.<\/p>\n<h2><span class=\"highlights\" data-v-df95d256=\"\">Poveste de succes: Un brand cu dozatoare personalizate <\/span><\/h2>\n<p><span class=\"highlights\" data-v-df95d256=\"\">Un startup \u00een ascensiune din domeniul \u00eengrijirii pielii a colaborat cu noi pentru a proiecta dozatoare cu pomp\u0103 pentru noul lor ser cu acid hialuronic. Au ales sticle de sticl\u0103 chihlimbar de 100 ml, cu pulverizatoare fine, pentru o aplicare u\u0219oar\u0103. Comand\u00e2nd en-gros sticle cu pulverizator pentru produse cosmetice, au redus costurile cu 25% \u0219i au lansat o campanie \u201egata de livrare\u201d care le-a sporit vizibilitatea pe pagina principal\u0103 de pe Amazon. V\u00e2nz\u0103rile au crescut cu 40% \u00een doar dou\u0103 luni!<\/span><\/p>\n<h2><span class=\"highlights\" data-v-df95d256=\"\">Sfaturi de personalizare pentru dvs. <\/span><\/h2>\n<ul>\n<li><span class=\"highlights\" data-v-df95d256=\"\"><strong>Consisten\u021ba culorii:<\/strong> Sticla chihlimbar\u0103 nu este doar elegant\u0103 - protejeaz\u0103 \u00eempotriva degrad\u0103rii cauzate de lumin\u0103. Alege\u021bi-o pentru formulele sensibile. <\/span><\/li>\n<li><span class=\"highlights\" data-v-df95d256=\"\"><strong>Etichet\u0103 Love:<\/strong> Ad\u0103uga\u021bi logo-uri \u00een relief sau coduri QR pe \u200b\u200bcolet pentru o not\u0103 premium. <\/span><\/li>\n<li><span class=\"highlights\" data-v-df95d256=\"\"><strong>Fine\u021bea finisajului:<\/strong> Mat vs. Elegant? Potrive\u0219te finisajul \u00een func\u021bie de atmosfera brandului t\u0103u - mat pentru linii minimaliste, elegant pentru lux.<\/span><\/li>\n<\/ul>","protected":false},"excerpt":{"rendered":"<p>Sticle de tinctur\u0103 de chihlimbar, vrac, cu op\u021biuni de pipet\u0103, spray sau pomp\u0103. Ideale pentru ambalarea uleiurilor, serurilor \u0219i extractelor, prin etichet\u0103 privat\u0103, en-gros \u0219i OEM.<\/p>","protected":false},"featured_media":7490,"comment_status":"open","ping_status":"closed","template":"","meta":{"_acf_changed":false,"site-sidebar-layout":"default","site-content-layout":"","ast-site-content-layout":"default","site-content-style":"default","site-sidebar-style":"default","ast-global-header-display":"","ast-banner-title-visibility":"","ast-main-header-display":"","ast-hfb-above-header-display":"","ast-hfb-below-header-display":"","ast-hfb-mobile-header-display":"","site-post-title":"","ast-breadcrumbs-content":"","ast-featured-img":"","footer-sml-layout":"","ast-disable-related-posts":"","theme-transparent-header-meta":"default","adv-header-id-meta":"","stick-header-meta":"","header-above-stick-meta":"","header-main-stick-meta":"","header-below-stick-meta":"","astra-migrate-meta-layouts":"set","ast-page-background-enabled":"default","ast-page-background-meta":{"desktop":{"background-color":"var(--ast-global-color-5)","background-image":"","background-repeat":"repeat","background-position":"center center","background-size":"auto","background-attachment":"scroll","background-type":"","background-media":"","overlay-type":"","overlay-color":"","overlay-opacity":"","overlay-gradient":""},"tablet":{"background-color":"","background-image":"","background-repeat":"repeat","background-position":"center center","background-size":"auto","background-attachment":"scroll","background-type":"","background-media":"","overlay-type":"","overlay-color":"","overlay-opacity":"","overlay-gradient":""},"mobile":{"background-color":"","background-image":"","background-repeat":"repeat","background-position":"center center","background-size":"auto","background-attachment":"scroll","background-type":"","background-media":"","overlay-type":"","overlay-color":"","overlay-opacity":"","overlay-gradient":""}},"ast-content-background-meta":{"desktop":{"background-color":"var(--ast-global-color-4)","background-image":"","background-repeat":"repeat","background-position":"center center","background-size":"auto","background-attachment":"scroll","background-type":"","background-media":"","overlay-type":"","overlay-color":"","overlay-opacity":"","overlay-gradient":""},"tablet":{"background-color":"var(--ast-global-color-4)","background-image":"","background-repeat":"repeat","background-position":"center center","background-size":"auto","background-attachment":"scroll","background-type":"","background-media":"","overlay-type":"","overlay-color":"","overlay-opacity":"","overlay-gradient":""},"mobile":{"background-color":"var(--ast-global-color-4)","background-image":"","background-repeat":"repeat","background-position":"center center","background-size":"auto","background-attachment":"scroll","background-type":"","background-media":"","overlay-type":"","overlay-color":"","overlay-opacity":"","overlay-gradient":""}}},"product_brand":[],"product_cat":[59,62,72,57],"product_tag":[165,166],"class_list":{"0":"post-4779","1":"product","2":"type-product","3":"status-publish","4":"has-post-thumbnail","6":"product_cat-glass-dropper-bottles","7":"product_cat-cosmetic-containers","8":"product_cat-cosmetic-packaging","9":"product_cat-essential-oil-bottles","10":"product_tag-cosmetic-pump-dispenser","11":"product_tag-cosmetic-spray-bottles-wholesale","12":"desktop-align-left","13":"tablet-align-left","14":"mobile-align-left","16":"first","17":"instock","18":"shipping-taxable","19":"product-type-simple"},"acf":[],"jetpack_sharing_enabled":true,"_links":{"self":[{"href":"https:\/\/theperfumebottles.com\/ro\/wp-json\/wp\/v2\/product\/4779","targetHints":{"allow":["GET"]}}],"collection":[{"href":"https:\/\/theperfumebottles.com\/ro\/wp-json\/wp\/v2\/product"}],"about":[{"href":"https:\/\/theperfumebottles.com\/ro\/wp-json\/wp\/v2\/types\/product"}],"replies":[{"embeddable":true,"href":"https:\/\/theperfumebottles.com\/ro\/wp-json\/wp\/v2\/comments?post=4779"}],"wp:featuredmedia":[{"embeddable":true,"href":"https:\/\/theperfumebottles.com\/ro\/wp-json\/wp\/v2\/media\/7490"}],"wp:attachment":[{"href":"https:\/\/theperfumebottles.com\/ro\/wp-json\/wp\/v2\/media?parent=4779"}],"wp:term":[{"taxonomy":"product_brand","embeddable":true,"href":"https:\/\/theperfumebottles.com\/ro\/wp-json\/wp\/v2\/product_brand?post=4779"},{"taxonomy":"product_cat","embeddable":true,"href":"https:\/\/theperfumebottles.com\/ro\/wp-json\/wp\/v2\/product_cat?post=4779"},{"taxonomy":"product_tag","embeddable":true,"href":"https:\/\/theperfumebottles.com\/ro\/wp-json\/wp\/v2\/product_tag?post=4779"}],"curies":[{"name":"wp","href":"https:\/\/api.w.org\/{rel}","templated":true}]}}