{"id":4824,"date":"2025-07-23T15:48:46","date_gmt":"2025-07-23T07:48:46","guid":{"rendered":"https:\/\/theperfumebottles.com\/?post_type=product&#038;p=4824"},"modified":"2025-07-23T15:49:28","modified_gmt":"2025-07-23T07:49:28","slug":"1-oz-cosmetic-glass-jars-with-lids-small-cosmetic-containers-for-skincare-bulk","status":"publish","type":"product","link":"https:\/\/theperfumebottles.com\/ro\/produs\/1-oz-cosmetic-glass-jars-with-lids-small-cosmetic-containers-for-skincare-bulk\/","title":{"rendered":"Borcane cosmetice din sticl\u0103 de 28 g cu capac \u2013 Recipiente cosmetice mici pentru \u00eengrijirea pielii \u00een vrac"},"content":{"rendered":"<p><span class=\"highlights\" data-v-df95d256=\"\">Ai nevoie de un recipient elegant \u0219i func\u021bional pentru produsele tale de \u00eengrijire a pielii sau de \u00eenfrumuse\u021bare? Aceste borcane cosmetice din sticl\u0103 de 28 ml cu capac sunt concepute pentru a te inspira. <\/span><\/p>\n<h2><span class=\"highlights\" data-v-df95d256=\"\">Specifica\u021bii cheie<\/span><\/h2>\n<table style=\"border-collapse: collapse; width: 588px; height: 159px; margin-left: 360px;\" border=\"0\" width=\"144\" cellspacing=\"0\" cellpadding=\"0\">\n<tbody>\n<tr style=\"height: 13.50pt;\">\n<td style=\"height: 13.50pt; width: 54.00pt;\" width=\"72\" height=\"18\">Caracteristic\u0103<\/td>\n<td style=\"width: 54.00pt;\" width=\"72\">Detaliu<\/td>\n<\/tr>\n<tr style=\"height: 13.50pt;\">\n<td style=\"height: 13.50pt;\" height=\"18\">Capacitate<\/td>\n<td>30 ml (1 oz)<\/td>\n<\/tr>\n<tr style=\"height: 13.50pt;\">\n<td style=\"height: 13.50pt;\" height=\"18\">Form\u0103<\/td>\n<td>Laturi drepte<\/td>\n<\/tr>\n<tr style=\"height: 13.50pt;\">\n<td style=\"height: 13.50pt;\" height=\"18\">Sigilare<\/td>\n<td>Capac filetat + capac din plastic (personalizabil)<\/td>\n<\/tr>\n<tr style=\"height: 13.50pt;\">\n<td style=\"height: 13.50pt;\" height=\"18\">Material<\/td>\n<td>Sticl\u0103 cristalin\u0103 groas\u0103 \u0219i transparent\u0103<\/td>\n<\/tr>\n<tr style=\"height: 13.50pt;\">\n<td style=\"height: 13.50pt;\" height=\"18\">Op\u021biuni de culoare<\/td>\n<td>Transparent (culori personalizate disponibile)<\/td>\n<\/tr>\n<tr style=\"height: 13.50pt;\">\n<td style=\"height: 13.50pt;\" height=\"18\">Cazuri de utilizare<\/td>\n<td>Ambalaje pentru balsamuri, lo\u021biuni \u0219i creme de buze<\/td>\n<\/tr>\n<\/tbody>\n<\/table>\n<h2>Poveste de succes<\/h2>\n<p>O \u00eentreprindere de produse cosmetice de dimensiuni medii a ales borcanele noastre din sticl\u0103 de 30 ml cu capac pentru cosmetice, la lansarea unei game de balsamuri de buze ecologice. Designul simplu, combinat cu o etichet\u0103 mat\u0103 personalizat\u0103, i-a ajutat s\u0103 ias\u0103 \u00een eviden\u021b\u0103 pe o pia\u021b\u0103 competitiv\u0103. \u201eTrecerea la ambalaje cosmetice din sticl\u0103 nu numai c\u0103 a sporit senza\u021bia de calitate a logo-ului nostru, dar a redus \u0219i rata de returnare cu 30%\u201d, a declarat fondatorul lor.<\/p>\n<h2>Sfaturi de personalizare pentru dvs.<\/h2>\n<ul>\n<li><strong>Culoare pop:<\/strong> \u00cenlocui\u021bi sticla transparent\u0103 cu nuan\u021be pastelate pentru a crea o palet\u0103 coerent\u0103 de ambalaje pentru produse cosmetice.<\/li>\n<li><strong>Magia etichetei:<\/strong> Folose\u0219te finisaje mate sau curate pentru a scoate \u00een eviden\u021b\u0103 ingredientele cheie.<\/li>\n<li><strong>\u00cembun\u0103t\u0103\u021biri ecologice:<\/strong>Ad\u0103uga\u021bi o not\u0103 sustenabil\u0103 ambalajelor produselor cosmetice opt\u00e2nd pentru etichete biodegradabile.<\/li>\n<\/ul>","protected":false},"excerpt":{"rendered":"<p>Borcanele cosmetice din sticl\u0103 de 28 g cu capace sunt ideale pentru ambalarea produselor pentru \u00eengrijirea pielii, recipiente cosmetice mici premium en-gros cu op\u021biuni personalizate. Gata de livrare!<\/p>","protected":false},"featured_media":4828,"comment_status":"open","ping_status":"closed","template":"","meta":{"_acf_changed":false,"site-sidebar-layout":"default","site-content-layout":"","ast-site-content-layout":"default","site-content-style":"default","site-sidebar-style":"default","ast-global-header-display":"","ast-banner-title-visibility":"","ast-main-header-display":"","ast-hfb-above-header-display":"","ast-hfb-below-header-display":"","ast-hfb-mobile-header-display":"","site-post-title":"","ast-breadcrumbs-content":"","ast-featured-img":"","footer-sml-layout":"","ast-disable-related-posts":"","theme-transparent-header-meta":"default","adv-header-id-meta":"","stick-header-meta":"","header-above-stick-meta":"","header-main-stick-meta":"","header-below-stick-meta":"","astra-migrate-meta-layouts":"set","ast-page-background-enabled":"default","ast-page-background-meta":{"desktop":{"background-color":"var(--ast-global-color-5)","background-image":"","background-repeat":"repeat","background-position":"center center","background-size":"auto","background-attachment":"scroll","background-type":"","background-media":"","overlay-type":"","overlay-color":"","overlay-opacity":"","overlay-gradient":""},"tablet":{"background-color":"","background-image":"","background-repeat":"repeat","background-position":"center center","background-size":"auto","background-attachment":"scroll","background-type":"","background-media":"","overlay-type":"","overlay-color":"","overlay-opacity":"","overlay-gradient":""},"mobile":{"background-color":"","background-image":"","background-repeat":"repeat","background-position":"center center","background-size":"auto","background-attachment":"scroll","background-type":"","background-media":"","overlay-type":"","overlay-color":"","overlay-opacity":"","overlay-gradient":""}},"ast-content-background-meta":{"desktop":{"background-color":"var(--ast-global-color-4)","background-image":"","background-repeat":"repeat","background-position":"center center","background-size":"auto","background-attachment":"scroll","background-type":"","background-media":"","overlay-type":"","overlay-color":"","overlay-opacity":"","overlay-gradient":""},"tablet":{"background-color":"var(--ast-global-color-4)","background-image":"","background-repeat":"repeat","background-position":"center center","background-size":"auto","background-attachment":"scroll","background-type":"","background-media":"","overlay-type":"","overlay-color":"","overlay-opacity":"","overlay-gradient":""},"mobile":{"background-color":"var(--ast-global-color-4)","background-image":"","background-repeat":"repeat","background-position":"center center","background-size":"auto","background-attachment":"scroll","background-type":"","background-media":"","overlay-type":"","overlay-color":"","overlay-opacity":"","overlay-gradient":""}}},"product_brand":[],"product_cat":[72,62,56],"product_tag":[175,176],"class_list":{"0":"post-4824","1":"product","2":"type-product","3":"status-publish","4":"has-post-thumbnail","6":"product_cat-cosmetic-packaging","7":"product_cat-cosmetic-containers","8":"product_cat-cosmetic-jars","9":"product_tag-1-oz-cosmetic-glass-jars-with-lids","10":"product_tag-small-cosmetic-containers","11":"desktop-align-left","12":"tablet-align-left","13":"mobile-align-left","15":"first","16":"instock","17":"shipping-taxable","18":"product-type-simple"},"acf":[],"jetpack_sharing_enabled":true,"_links":{"self":[{"href":"https:\/\/theperfumebottles.com\/ro\/wp-json\/wp\/v2\/product\/4824","targetHints":{"allow":["GET"]}}],"collection":[{"href":"https:\/\/theperfumebottles.com\/ro\/wp-json\/wp\/v2\/product"}],"about":[{"href":"https:\/\/theperfumebottles.com\/ro\/wp-json\/wp\/v2\/types\/product"}],"replies":[{"embeddable":true,"href":"https:\/\/theperfumebottles.com\/ro\/wp-json\/wp\/v2\/comments?post=4824"}],"wp:featuredmedia":[{"embeddable":true,"href":"https:\/\/theperfumebottles.com\/ro\/wp-json\/wp\/v2\/media\/4828"}],"wp:attachment":[{"href":"https:\/\/theperfumebottles.com\/ro\/wp-json\/wp\/v2\/media?parent=4824"}],"wp:term":[{"taxonomy":"product_brand","embeddable":true,"href":"https:\/\/theperfumebottles.com\/ro\/wp-json\/wp\/v2\/product_brand?post=4824"},{"taxonomy":"product_cat","embeddable":true,"href":"https:\/\/theperfumebottles.com\/ro\/wp-json\/wp\/v2\/product_cat?post=4824"},{"taxonomy":"product_tag","embeddable":true,"href":"https:\/\/theperfumebottles.com\/ro\/wp-json\/wp\/v2\/product_tag?post=4824"}],"curies":[{"name":"wp","href":"https:\/\/api.w.org\/{rel}","templated":true}]}}