{"id":4829,"date":"2025-07-23T15:52:08","date_gmt":"2025-07-23T07:52:08","guid":{"rendered":"https:\/\/theperfumebottles.com\/?post_type=product&#038;p=4829"},"modified":"2026-03-27T14:56:33","modified_gmt":"2026-03-27T06:56:33","slug":"glass-cosmetic-packaging-containers-50ml-skincare-jars-wholesale","status":"publish","type":"product","link":"https:\/\/theperfumebottles.com\/ro\/produs\/glass-cosmetic-packaging-containers-50ml-skincare-jars-wholesale\/","title":{"rendered":"Recipiente din sticl\u0103 pentru ambalaje cosmetice \u2013 Borcane de 50 ml pentru \u00eengrijirea pielii, en-gros"},"content":{"rendered":"<p>Aceste recipiente pentru cosmetice au un borcan din sticl\u0103 mat\u0103 de culoare alb\u0103, cu un capac din metal neted sau argintiu. Marginile lor sunt rulate foarte fin, ceea ce le face perfecte pentru expunerea cremelor, balsamurilor de buze, precum \u0219i a produselor de lux pentru \u00eengrijirea pielii.<\/p>\n<h2>Specifica\u021bii cheie<\/h2>\n<table style=\"border-collapse: collapse; width: 580px; height: 135px; margin-left: 360px;\" border=\"0\" width=\"144\" cellspacing=\"0\" cellpadding=\"0\">\n<tbody>\n<tr style=\"height: 13.50pt;\">\n<td style=\"height: 13.50pt; width: 54.00pt;\" width=\"72\" height=\"18\">Caracteristic\u0103<\/td>\n<td style=\"width: 54.00pt;\" width=\"72\">Detaliu<\/td>\n<\/tr>\n<tr style=\"height: 13.50pt;\">\n<td style=\"height: 13.50pt;\" height=\"18\">Capacitate<\/td>\n<td>50 ml<\/td>\n<\/tr>\n<tr style=\"height: 13.50pt;\">\n<td style=\"height: 13.50pt;\" height=\"18\">Form\u0103<\/td>\n<td>Rund\u0103<\/td>\n<\/tr>\n<tr style=\"height: 13.50pt;\">\n<td style=\"height: 13.50pt;\" height=\"18\">Sigilare<\/td>\n<td>Capac filetat + aluminiu<\/td>\n<\/tr>\n<tr style=\"height: 13.50pt;\">\n<td style=\"height: 13.50pt;\" height=\"18\">Material<\/td>\n<td>Sticl\u0103<\/td>\n<\/tr>\n<tr style=\"height: 13.50pt;\">\n<td style=\"height: 13.50pt;\" height=\"18\">Culori<\/td>\n<td>Transparent mat (op\u021biuni personalizate)<\/td>\n<\/tr>\n<tr style=\"height: 13.50pt;\">\n<td style=\"height: 13.50pt;\" height=\"18\">Cazuri de utilizare<\/td>\n<td>Crem\u0103 de ochi, ambalaj lo\u021biune mostr\u0103<\/td>\n<\/tr>\n<\/tbody>\n<\/table>\n<h2>Poveste de succes: Rebrandingul unui brand european de \u00eengrijire a pielii<\/h2>\n<p>Ambalajul nostru cosmetic din sticl\u0103 mat\u0103 de 50 ml a fost selectat de un brand european de \u00eengrijire a pielii, iar capacul argintiu a fost periat \u0219i imprimat \u00een relief cu logo-ul brandului. Suprafa\u021ba acoperit\u0103 a redus la minimum expunerea la lumin\u0103 cu 40%. Senza\u021bia tactil\u0103 a ambalajului a fost \u00eembun\u0103t\u0103\u021bit\u0103 (cu 60 de puncte) \u00een ceea ce prive\u0219te satisfac\u021bia clien\u021bilor. Brandul a avut mare succes \u0219i ulterior a comandat un alt lot de 300.000 de borcane din noua sa linie de seruri \u0219i creme pentru ochi.<\/p>\n<h2>Sfaturi pentru personalizare<\/h2>\n<ul>\n<li><strong>Combin\u0103 \u0219i potrive\u0219te:<\/strong> Asocia\u021bi aceste borcane cu pulverizatoare cu cea\u021b\u0103 fin\u0103 pentru un pachet coerent.<\/li>\n<li><strong>Eticheteaz\u0103 ca un profesionist:<\/strong> Folose\u0219te text \u00een relief sau accente holografice pentru a face containerul s\u0103 ias\u0103 \u00een eviden\u021b\u0103 pe pagina principal\u0103.<\/li>\n<li><strong>Mergi verde:<\/strong>Ad\u0103uga\u021bi o not\u0103 ecologic\u0103 prin utilizarea etichetelor de h\u00e2rtie pentru semin\u021be pe borcanele dvs. - clien\u021bii le pot planta dup\u0103 utilizare pentru a cultiva flori s\u0103lbatice sau ierburi aromatice.<\/li>\n<\/ul>","protected":false},"excerpt":{"rendered":"<p>Ambalaj cosmetic din sticl\u0103 de 50 ml cu capace argintii pentru ambalaje premium pentru produse cosmetice. Ideal pentru crem\u0103 de ochi, ambalaje pentru mostre \u0219i recipiente pentru ambalaje cosmetice. Gata de livrare!<\/p>","protected":false},"featured_media":4830,"comment_status":"open","ping_status":"closed","template":"","meta":{"_acf_changed":false,"site-sidebar-layout":"default","site-content-layout":"","ast-site-content-layout":"default","site-content-style":"default","site-sidebar-style":"default","ast-global-header-display":"","ast-banner-title-visibility":"","ast-main-header-display":"","ast-hfb-above-header-display":"","ast-hfb-below-header-display":"","ast-hfb-mobile-header-display":"","site-post-title":"","ast-breadcrumbs-content":"","ast-featured-img":"","footer-sml-layout":"","ast-disable-related-posts":"","theme-transparent-header-meta":"default","adv-header-id-meta":"","stick-header-meta":"","header-above-stick-meta":"","header-main-stick-meta":"","header-below-stick-meta":"","astra-migrate-meta-layouts":"set","ast-page-background-enabled":"default","ast-page-background-meta":{"desktop":{"background-color":"var(--ast-global-color-5)","background-image":"","background-repeat":"repeat","background-position":"center center","background-size":"auto","background-attachment":"scroll","background-type":"","background-media":"","overlay-type":"","overlay-color":"","overlay-opacity":"","overlay-gradient":""},"tablet":{"background-color":"","background-image":"","background-repeat":"repeat","background-position":"center center","background-size":"auto","background-attachment":"scroll","background-type":"","background-media":"","overlay-type":"","overlay-color":"","overlay-opacity":"","overlay-gradient":""},"mobile":{"background-color":"","background-image":"","background-repeat":"repeat","background-position":"center center","background-size":"auto","background-attachment":"scroll","background-type":"","background-media":"","overlay-type":"","overlay-color":"","overlay-opacity":"","overlay-gradient":""}},"ast-content-background-meta":{"desktop":{"background-color":"var(--ast-global-color-4)","background-image":"","background-repeat":"repeat","background-position":"center center","background-size":"auto","background-attachment":"scroll","background-type":"","background-media":"","overlay-type":"","overlay-color":"","overlay-opacity":"","overlay-gradient":""},"tablet":{"background-color":"var(--ast-global-color-4)","background-image":"","background-repeat":"repeat","background-position":"center center","background-size":"auto","background-attachment":"scroll","background-type":"","background-media":"","overlay-type":"","overlay-color":"","overlay-opacity":"","overlay-gradient":""},"mobile":{"background-color":"var(--ast-global-color-4)","background-image":"","background-repeat":"repeat","background-position":"center center","background-size":"auto","background-attachment":"scroll","background-type":"","background-media":"","overlay-type":"","overlay-color":"","overlay-opacity":"","overlay-gradient":""}}},"product_brand":[],"product_cat":[56,62,72],"product_tag":[178,177],"class_list":{"0":"post-4829","1":"product","2":"type-product","3":"status-publish","4":"has-post-thumbnail","6":"product_cat-cosmetic-jars","7":"product_cat-cosmetic-containers","8":"product_cat-cosmetic-packaging","9":"product_tag-cosmetic-packaging-containers","10":"product_tag-glass-cosmetic-packaging","11":"desktop-align-left","12":"tablet-align-left","13":"mobile-align-left","15":"first","16":"instock","17":"shipping-taxable","18":"product-type-simple"},"acf":[],"jetpack_sharing_enabled":true,"_links":{"self":[{"href":"https:\/\/theperfumebottles.com\/ro\/wp-json\/wp\/v2\/product\/4829","targetHints":{"allow":["GET"]}}],"collection":[{"href":"https:\/\/theperfumebottles.com\/ro\/wp-json\/wp\/v2\/product"}],"about":[{"href":"https:\/\/theperfumebottles.com\/ro\/wp-json\/wp\/v2\/types\/product"}],"replies":[{"embeddable":true,"href":"https:\/\/theperfumebottles.com\/ro\/wp-json\/wp\/v2\/comments?post=4829"}],"wp:featuredmedia":[{"embeddable":true,"href":"https:\/\/theperfumebottles.com\/ro\/wp-json\/wp\/v2\/media\/4830"}],"wp:attachment":[{"href":"https:\/\/theperfumebottles.com\/ro\/wp-json\/wp\/v2\/media?parent=4829"}],"wp:term":[{"taxonomy":"product_brand","embeddable":true,"href":"https:\/\/theperfumebottles.com\/ro\/wp-json\/wp\/v2\/product_brand?post=4829"},{"taxonomy":"product_cat","embeddable":true,"href":"https:\/\/theperfumebottles.com\/ro\/wp-json\/wp\/v2\/product_cat?post=4829"},{"taxonomy":"product_tag","embeddable":true,"href":"https:\/\/theperfumebottles.com\/ro\/wp-json\/wp\/v2\/product_tag?post=4829"}],"curies":[{"name":"wp","href":"https:\/\/api.w.org\/{rel}","templated":true}]}}