{"id":4856,"date":"2025-07-24T17:18:58","date_gmt":"2025-07-24T09:18:58","guid":{"rendered":"https:\/\/theperfumebottles.com\/?post_type=product&#038;p=4856"},"modified":"2025-07-24T17:37:27","modified_gmt":"2025-07-24T09:37:27","slug":"cream-jars-wholesale-custom-glass-makeup-containers","status":"publish","type":"product","link":"https:\/\/theperfumebottles.com\/ro\/produs\/cream-jars-wholesale-custom-glass-makeup-containers\/","title":{"rendered":"Borcane de crem\u0103 de 2oz, 4oz, 8oz, en-gros \u2013 Recipiente de machiaj din sticl\u0103 personalizate"},"content":{"rendered":"<p>Sticlele noastre de cristal de crem\u0103 de la 60g\u2013250g sunt concepute pentru a inspira m\u0103rci \u00een timp ce ofer\u0103 practicitate.<\/p>\n<h2>Specifica\u021bii cheie<\/h2>\n<table style=\"border-collapse: collapse; width: 607px; height: 190px; margin-left: 320px;\" border=\"0\" width=\"144\" cellspacing=\"0\" cellpadding=\"0\">\n<tbody>\n<tr style=\"height: 13.50pt;\">\n<td style=\"height: 13.50pt; width: 54.00pt;\" width=\"72\" height=\"18\">Caracteristic\u0103<\/td>\n<td style=\"width: 54.00pt;\" width=\"72\">Detalii<\/td>\n<\/tr>\n<tr style=\"height: 13.50pt;\">\n<td style=\"height: 13.50pt;\" height=\"18\">Capacitate<\/td>\n<td>60g (2oz), 120g (4oz), 250g (8oz)<\/td>\n<\/tr>\n<tr style=\"height: 13.50pt;\">\n<td style=\"height: 13.50pt;\" height=\"18\">Form\u0103<\/td>\n<td>Laturi drepte<\/td>\n<\/tr>\n<tr style=\"height: 13.50pt;\">\n<td style=\"height: 13.50pt;\" height=\"18\">Sigilare<\/td>\n<td>Cap\u0103t metalic\u0103 cu \u00eenchidere (op\u021biuni personalizabile)<\/td>\n<\/tr>\n<tr style=\"height: 13.50pt;\">\n<td style=\"height: 13.50pt;\" height=\"18\">Material<\/td>\n<td>Sticl\u0103 de cristal<\/td>\n<\/tr>\n<tr style=\"height: 13.50pt;\">\n<td style=\"height: 13.50pt;\" height=\"18\">Op\u021biuni de culoare<\/td>\n<td>Clar, Cereri personalizate<\/td>\n<\/tr>\n<tr style=\"height: 13.50pt;\">\n<td style=\"height: 13.50pt;\" height=\"18\">Cazuri de utilizare<\/td>\n<td>Crem\u0103 pentru fa\u021b\u0103, exfoliant pentru corp, balsam pentru buze, crem\u0103 pentru ochi<\/td>\n<\/tr>\n<\/tbody>\n<\/table>\n<p>&nbsp;<\/p>\n<h2>Poveste de Succes: Cum s\u0103 Cre\u0219ti V\u00e2nz\u0103rile<\/h2>\n<p>C\u00e2nd o mic\u0103 marc\u0103 de \u00eengrijire a pielii a schimbat sticla sa de v\u00e2nzare de 120g pentru toner \u00een ambalajul nostru, recenziile clien\u021bilor au explodat. \u201eSticlele de cosmetic\u0103 din cristal dau produselor noastre un sentiment de lux!\u201d<\/p>\n<h2>Sfaturi personalizate pentru dvs.:<\/h2>\n<ul>\n<li><strong>Aveti nevoie de cantit\u0103\u021bi mari?<\/strong> Comanda\u021bi ambalaj \u00een cantit\u0103\u021bi mari cu stocul nostru gata s\u0103 fie expediat.<\/li>\n<li><strong>Dori\u021bi unicitate?<\/strong> \u00cencerca\u021bi sticlele de cristal \u00eengropate sau capete \u00eenscrise pentru a fi deosebite.<\/li>\n<li><strong>G\u00e2ndi\u021bi-v\u0103 la viitor?<\/strong> P\u0103ra\u021bi aceste sticle cu sursele noastre de ambalaj cosmetic (pompe, etichete) pentru o solu\u021bie complet\u0103.<\/li>\n<\/ul>","protected":false},"excerpt":{"rendered":"<p>\u00cembun\u0103t\u0103\u021be\u0219te brandul t\u0103u de frumuse\u021be cu sticlele noastre de crem\u0103 de sticl\u0103 la pre\u021buri de v\u00e2nzare \u00een mas\u0103. Materialuri de ambalaj cosmetic personalizabil pentru produse de \u00eengrijire a pielii, gata s\u0103 fie expediate \u00een cantit\u0103\u021bi mari.<\/p>","protected":false},"featured_media":4857,"comment_status":"open","ping_status":"closed","template":"","meta":{"_acf_changed":false,"site-sidebar-layout":"default","site-content-layout":"","ast-site-content-layout":"default","site-content-style":"default","site-sidebar-style":"default","ast-global-header-display":"","ast-banner-title-visibility":"","ast-main-header-display":"","ast-hfb-above-header-display":"","ast-hfb-below-header-display":"","ast-hfb-mobile-header-display":"","site-post-title":"","ast-breadcrumbs-content":"","ast-featured-img":"","footer-sml-layout":"","ast-disable-related-posts":"","theme-transparent-header-meta":"default","adv-header-id-meta":"","stick-header-meta":"","header-above-stick-meta":"","header-main-stick-meta":"","header-below-stick-meta":"","astra-migrate-meta-layouts":"set","ast-page-background-enabled":"default","ast-page-background-meta":{"desktop":{"background-color":"var(--ast-global-color-5)","background-image":"","background-repeat":"repeat","background-position":"center center","background-size":"auto","background-attachment":"scroll","background-type":"","background-media":"","overlay-type":"","overlay-color":"","overlay-opacity":"","overlay-gradient":""},"tablet":{"background-color":"","background-image":"","background-repeat":"repeat","background-position":"center center","background-size":"auto","background-attachment":"scroll","background-type":"","background-media":"","overlay-type":"","overlay-color":"","overlay-opacity":"","overlay-gradient":""},"mobile":{"background-color":"","background-image":"","background-repeat":"repeat","background-position":"center center","background-size":"auto","background-attachment":"scroll","background-type":"","background-media":"","overlay-type":"","overlay-color":"","overlay-opacity":"","overlay-gradient":""}},"ast-content-background-meta":{"desktop":{"background-color":"var(--ast-global-color-4)","background-image":"","background-repeat":"repeat","background-position":"center center","background-size":"auto","background-attachment":"scroll","background-type":"","background-media":"","overlay-type":"","overlay-color":"","overlay-opacity":"","overlay-gradient":""},"tablet":{"background-color":"var(--ast-global-color-4)","background-image":"","background-repeat":"repeat","background-position":"center center","background-size":"auto","background-attachment":"scroll","background-type":"","background-media":"","overlay-type":"","overlay-color":"","overlay-opacity":"","overlay-gradient":""},"mobile":{"background-color":"var(--ast-global-color-4)","background-image":"","background-repeat":"repeat","background-position":"center center","background-size":"auto","background-attachment":"scroll","background-type":"","background-media":"","overlay-type":"","overlay-color":"","overlay-opacity":"","overlay-gradient":""}}},"product_brand":[],"product_cat":[72,62,56],"product_tag":[179,180],"class_list":{"0":"post-4856","1":"product","2":"type-product","3":"status-publish","4":"has-post-thumbnail","6":"product_cat-cosmetic-packaging","7":"product_cat-cosmetic-containers","8":"product_cat-cosmetic-jars","9":"product_tag-cream-jars-wholesale","10":"product_tag-glass-makeup-containers","11":"desktop-align-left","12":"tablet-align-left","13":"mobile-align-left","15":"first","16":"instock","17":"shipping-taxable","18":"product-type-simple"},"acf":[],"jetpack_sharing_enabled":true,"_links":{"self":[{"href":"https:\/\/theperfumebottles.com\/ro\/wp-json\/wp\/v2\/product\/4856","targetHints":{"allow":["GET"]}}],"collection":[{"href":"https:\/\/theperfumebottles.com\/ro\/wp-json\/wp\/v2\/product"}],"about":[{"href":"https:\/\/theperfumebottles.com\/ro\/wp-json\/wp\/v2\/types\/product"}],"replies":[{"embeddable":true,"href":"https:\/\/theperfumebottles.com\/ro\/wp-json\/wp\/v2\/comments?post=4856"}],"wp:featuredmedia":[{"embeddable":true,"href":"https:\/\/theperfumebottles.com\/ro\/wp-json\/wp\/v2\/media\/4857"}],"wp:attachment":[{"href":"https:\/\/theperfumebottles.com\/ro\/wp-json\/wp\/v2\/media?parent=4856"}],"wp:term":[{"taxonomy":"product_brand","embeddable":true,"href":"https:\/\/theperfumebottles.com\/ro\/wp-json\/wp\/v2\/product_brand?post=4856"},{"taxonomy":"product_cat","embeddable":true,"href":"https:\/\/theperfumebottles.com\/ro\/wp-json\/wp\/v2\/product_cat?post=4856"},{"taxonomy":"product_tag","embeddable":true,"href":"https:\/\/theperfumebottles.com\/ro\/wp-json\/wp\/v2\/product_tag?post=4856"}],"curies":[{"name":"wp","href":"https:\/\/api.w.org\/{rel}","templated":true}]}}